{"id":10426,"date":"2016-03-08T14:58:31","date_gmt":"2016-03-08T14:58:31","guid":{"rendered":"https:\/\/fortiseyewear.co.uk\/?page_id=10426"},"modified":"2020-02-12T14:08:51","modified_gmt":"2020-02-12T14:08:51","slug":"frederik-lorentzen","status":"publish","type":"page","link":"https:\/\/fortiseyewear.co.uk\/cs\/collective\/frederik-lorentzen\/","title":{"rendered":"Frederik Lorentzen"},"content":{"rendered":"<p><img decoding=\"async\" class=\"size-full wp-image-10034\" src=\"https:\/\/fortiseyewear.co.uk\/wp-content\/uploads\/2016\/03\/Header-Fred.jpg\" alt=\"Frederik Lorentzen\" width=\"680\" height=\"226\" \/><\/p>\n<h3>Dole u \u0159eky<\/h3>\n<p>Ne ka\u017ed\u00fd den se setk\u00e1te s opravdov\u00fdm aktivistou, kter\u00fd v\u00e1\u0161niv\u011b chr\u00e1n\u00ed \u017eivotn\u00ed prost\u0159ed\u00ed, v n\u011bm\u017e \u017eijeme, ale Frederik Lorentzen je jedn\u00edm z t\u011bch, kte\u0159\u00ed se jen tak nevzd\u00e1vaj\u00ed. Ned\u00e1vno jsme zastihli Freda, kter\u00fd n\u00e1m dal nahl\u00e9dnout do sv\u00e9ho sv\u011bta...<\/p>\n<p>\"V listopadu jsem zalo\u017eil facebookovou skupinu, abych bojoval proti vl\u00e1d\u011b, kter\u00e1 se sna\u017e\u00ed pomoci zem\u011bd\u011blc\u016fm t\u00edm, \u017ee ni\u010d\u00ed d\u00e1nskou p\u0159\u00edrodu a zejm\u00e9na vodn\u00ed prost\u0159ed\u00ed. Nyn\u00ed m\u00e1 14 000 \u010dlen\u016f a j\u00e1 jsem jmenoval 5 administr\u00e1tor\u016f, kte\u0159\u00ed mi pom\u00e1haj\u00ed. Dost\u00e1v\u00e1me pozv\u00e1nky do televizn\u00edch po\u0159ad\u016f, kontaktuj\u00ed n\u00e1s politici a tisk, tak\u017ee spousta pr\u00e1ce a st\u00e1le se d\u011bj\u00ed nov\u00e9 v\u011bci. Dos\u00e1hli jsme n\u011bkolika mal\u00fdch v\u00edt\u011bzstv\u00ed, ale bohu\u017eel nevyhrajeme. Je to velmi smutn\u00e9 pro ryby a \u017eivotn\u00ed prost\u0159ed\u00ed obecn\u011b, ale budeme pokra\u010dovat d\u00e1l.<\/p>\n<p>Nicm\u00e9n\u011b, n\u011bco m\u00e1lo o m\u00e9m osobn\u00edm ryba\u0159en\u00ed... Vyr\u016fstal jsem u vody, s otcem, kter\u00fd stav\u011bl plachetnice, tak\u017ee bylo p\u0159irozen\u00e9 vz\u00edt do ruky prut a za\u010d\u00edt ryba\u0159it, a kdy\u017e mi bylo 11 let, m\u016fj str\u00fdc mi dal m\u016fj prvn\u00ed mu\u0161ka\u0159sk\u00fd prut. Ryba\u0159il jsem v podstat\u011b cel\u00fd \u017eivot, ale v pubert\u011b mi kamar\u00e1d daroval skateboard a skateboarding mi pak ukradl 18 let \u017eivota, v\u00edce ne\u017e 10 let jsem pracoval ve skateboardov\u00e9m pr\u016fmyslu. Jednoho dne m\u011b m\u016fj b\u00fdval\u00fd otec vzal na d\u00e1nsk\u00e9 pob\u0159e\u017e\u00ed na ryby, kde jsem chytal pstruhy poto\u010dn\u00ed, a j\u00e1 byl op\u011bt z\u00e1visl\u00fd. Pomalu mi ryba\u0159en\u00ed p\u0159ebilo \u010das str\u00e1ven\u00fd na prkn\u011b a za\u010dal jsem ho dokumentovat, jak jsem byl zvykl\u00fd ze skateboardingu, a ve velmi kr\u00e1tk\u00e9 dob\u011b jsem z\u00edskal prvn\u00ed pr\u00e1ci p\u0159i nat\u00e1\u010den\u00ed kr\u00e1tk\u00e9ho filmu pro obchod s ryb\u00e1\u0159sk\u00fdmi pot\u0159ebami. Dnes pracuji jako fotograf a kameraman na voln\u00e9 noze v oblasti mu\u0161ka\u0159en\u00ed, p\u00ed\u0161u \u010dl\u00e1nky a fot\u00edm pro ryb\u00e1\u0159sk\u00e9 \u010dasopisy a d\u011bl\u00e1m spoustu r\u016fzn\u00fdch filmov\u00fdch projekt\u016f po cel\u00e9m sv\u011bt\u011b.\"<\/p>\n<p>Pod\u00edvejte se na Fred\u016fv profil na soci\u00e1ln\u00edch s\u00edt\u00edch jeho spole\u010dnosti InWadersMedia.<br \/>\nNa sn\u00edmc\u00edch je Peter Christensen, nato\u010dil Frederik.<\/p>\n<p>Webov\u00e9 str\u00e1nky: <a href=\"https:\/\/www.inwadersmedia.com\">www.inwadersmedia.com<\/a><br \/>\nInstagram: Inwadersmedia<br \/>\nFacebook: <a href=\"https:\/\/www.facebook.com\/InwadersMedia\/\" target=\"_blank\" rel=\"noopener noreferrer\">https:\/\/www.facebook.com\/InwadersMedia\/<\/a><\/p>\n<p>Pod\u00edvejte se na n\u011bkter\u00e9 jejich pr\u00e1ce zde:\u00a0<a href=\"https:\/\/vimeo.com\/140532462\" target=\"_blank\" rel=\"noopener noreferrer\">https:\/\/vimeo.com\/140532462<\/a><\/p>\n[shareprints gallery_id=\"10442\u2033 gallery_type=\"masonry\" gallery_position=\"pos_center\" gallery_width=\"width_100\u2033 image_size=\"medium\" image_padding=\"10\u2033 theme=\"dark\" image_hover=\"colortosepia\" lightbox_type=\"slide\" titles=\"true\" captions=\"true\" descriptions=\"true\" comments=\"false\" sharing=\"false\"]","protected":false},"excerpt":{"rendered":"<p>Dole u \u0159eky Ne ka\u017ed\u00fd den potk\u00e1te skute\u010dn\u00e9ho aktivistu, kter\u00fd v\u00e1\u0161niv\u011b chr\u00e1n\u00ed \u017eivotn\u00ed prost\u0159ed\u00ed, v n\u011bm\u017e \u017eijeme, ale Frederik Lorentzen je jedn\u00edm z t\u011bch, kte\u0159\u00ed se jen tak nevzd\u00e1vaj\u00ed. Ned\u00e1vno jsme zastihli Freda, kter\u00fd n\u00e1m poskytl mal\u00fd vhled do sv\u00e9ho sv\u011bta... \"Zalo\u017eil jsem facebookovou str\u00e1nku<\/p>","protected":false},"author":11,"featured_media":0,"parent":67,"menu_order":0,"comment_status":"closed","ping_status":"open","template":"","meta":{"_acf_changed":false,"footnotes":""},"class_list":["post-10426","page","type-page","status-publish","hentry","prodpage-classic"],"acf":[],"yoast_head":"<!-- This site is optimized with the Yoast SEO Premium plugin v26.7 (Yoast SEO v26.7) - https:\/\/yoast.com\/wordpress\/plugins\/seo\/ -->\n<title>Frederik Lorentzen - Fortis Eyewear<\/title>\n<meta name=\"robots\" content=\"index, follow, max-snippet:-1, max-image-preview:large, max-video-preview:-1\" \/>\n<link rel=\"canonical\" href=\"https:\/\/fortiseyewear.co.uk\/cs\/collective\/frederik-lorentzen\/\" \/>\n<meta property=\"og:locale\" content=\"cs_CZ\" \/>\n<meta property=\"og:type\" content=\"article\" \/>\n<meta property=\"og:title\" content=\"Frederik Lorentzen\" \/>\n<meta property=\"og:description\" content=\"Down by the River It&#8217;s not every day you meet a true activist, passionately protecting the environment in which we live and angle but Frederik Lorentzen is one of those guys who doesn&#8217;t give up easily. We caught up with Fred recently who gave us a little insight into his world&#8230; &#8220;I started a facebook\" \/>\n<meta property=\"og:url\" content=\"https:\/\/fortiseyewear.co.uk\/cs\/collective\/frederik-lorentzen\/\" \/>\n<meta property=\"og:site_name\" content=\"Fortis Eyewear\" \/>\n<meta property=\"article:publisher\" content=\"https:\/\/www.facebook.com\/FortisEyewear\" \/>\n<meta property=\"article:modified_time\" content=\"2020-02-12T14:08:51+00:00\" \/>\n<meta property=\"og:image\" content=\"https:\/\/fortiseyewear.co.uk\/wp-content\/uploads\/2016\/03\/Header-Fred.jpg\" \/>\n<meta name=\"twitter:card\" content=\"summary_large_image\" \/>\n<meta name=\"twitter:site\" content=\"@fortiseyewear\" \/>\n<meta name=\"twitter:label1\" content=\"Odhadovan\u00e1 doba \u010dten\u00ed\" \/>\n\t<meta name=\"twitter:data1\" content=\"2 minuty\" \/>\n<!-- \/ Yoast SEO Premium plugin. -->","yoast_head_json":{"title":"Frederik Lorentzen - Fortis Eyewear","robots":{"index":"index","follow":"follow","max-snippet":"max-snippet:-1","max-image-preview":"max-image-preview:large","max-video-preview":"max-video-preview:-1"},"canonical":"https:\/\/fortiseyewear.co.uk\/cs\/collective\/frederik-lorentzen\/","og_locale":"cs_CZ","og_type":"article","og_title":"Frederik Lorentzen","og_description":"Down by the River It&#8217;s not every day you meet a true activist, passionately protecting the environment in which we live and angle but Frederik Lorentzen is one of those guys who doesn&#8217;t give up easily. We caught up with Fred recently who gave us a little insight into his world&#8230; &#8220;I started a facebook","og_url":"https:\/\/fortiseyewear.co.uk\/cs\/collective\/frederik-lorentzen\/","og_site_name":"Fortis Eyewear","article_publisher":"https:\/\/www.facebook.com\/FortisEyewear","article_modified_time":"2020-02-12T14:08:51+00:00","og_image":[{"url":"https:\/\/fortiseyewear.co.uk\/wp-content\/uploads\/2016\/03\/Header-Fred.jpg","type":"","width":"","height":""}],"twitter_card":"summary_large_image","twitter_site":"@fortiseyewear","twitter_misc":{"Odhadovan\u00e1 doba \u010dten\u00ed":"2 minuty"},"schema":{"@context":"https:\/\/schema.org","@graph":[{"@type":"WebPage","@id":"https:\/\/fortiseyewear.co.uk\/collective\/frederik-lorentzen\/","url":"https:\/\/fortiseyewear.co.uk\/collective\/frederik-lorentzen\/","name":"Frederik Lorentzen - Fortis Eyewear","isPartOf":{"@id":"https:\/\/fortiseyewear.co.uk\/#website"},"primaryImageOfPage":{"@id":"https:\/\/fortiseyewear.co.uk\/collective\/frederik-lorentzen\/#primaryimage"},"image":{"@id":"https:\/\/fortiseyewear.co.uk\/collective\/frederik-lorentzen\/#primaryimage"},"thumbnailUrl":"https:\/\/fortiseyewear.co.uk\/wp-content\/uploads\/2016\/03\/Header-Fred.jpg","datePublished":"2016-03-08T14:58:31+00:00","dateModified":"2020-02-12T14:08:51+00:00","breadcrumb":{"@id":"https:\/\/fortiseyewear.co.uk\/collective\/frederik-lorentzen\/#breadcrumb"},"inLanguage":"cs","potentialAction":[{"@type":"ReadAction","target":["https:\/\/fortiseyewear.co.uk\/collective\/frederik-lorentzen\/"]}]},{"@type":"ImageObject","inLanguage":"cs","@id":"https:\/\/fortiseyewear.co.uk\/collective\/frederik-lorentzen\/#primaryimage","url":"https:\/\/fortiseyewear.co.uk\/wp-content\/uploads\/2016\/03\/Header-Fred.jpg","contentUrl":"https:\/\/fortiseyewear.co.uk\/wp-content\/uploads\/2016\/03\/Header-Fred.jpg"},{"@type":"BreadcrumbList","@id":"https:\/\/fortiseyewear.co.uk\/collective\/frederik-lorentzen\/#breadcrumb","itemListElement":[{"@type":"ListItem","position":1,"name":"Home","item":"https:\/\/fortiseyewear.co.uk\/"},{"@type":"ListItem","position":2,"name":"The Collective","item":"https:\/\/fortiseyewear.co.uk\/collective\/"},{"@type":"ListItem","position":3,"name":"Frederik Lorentzen"}]},{"@type":"WebSite","@id":"https:\/\/fortiseyewear.co.uk\/#website","url":"https:\/\/fortiseyewear.co.uk\/","name":"Br\u00fdle Fortis","description":"Polarizovan\u00e9 ryb\u00e1\u0159sk\u00e9 slune\u010dn\u00ed br\u00fdle","publisher":{"@id":"https:\/\/fortiseyewear.co.uk\/#organization"},"alternateName":"Fortis","potentialAction":[{"@type":"SearchAction","target":{"@type":"EntryPoint","urlTemplate":"https:\/\/fortiseyewear.co.uk\/?s={search_term_string}"},"query-input":{"@type":"PropertyValueSpecification","valueRequired":true,"valueName":"search_term_string"}}],"inLanguage":"cs"},{"@type":"Organization","@id":"https:\/\/fortiseyewear.co.uk\/#organization","name":"Br\u00fdle Fortis","alternateName":"Fortis","url":"https:\/\/fortiseyewear.co.uk\/","logo":{"@type":"ImageObject","inLanguage":"cs","@id":"https:\/\/fortiseyewear.co.uk\/#\/schema\/logo\/image\/","url":"https:\/\/fortiseyewear.co.uk\/wp-content\/uploads\/2019\/05\/1.FinalLogoMOBILE.jpg","contentUrl":"https:\/\/fortiseyewear.co.uk\/wp-content\/uploads\/2019\/05\/1.FinalLogoMOBILE.jpg","width":766,"height":541,"caption":"Fortis Eyewear"},"image":{"@id":"https:\/\/fortiseyewear.co.uk\/#\/schema\/logo\/image\/"},"sameAs":["https:\/\/www.facebook.com\/FortisEyewear","https:\/\/x.com\/fortiseyewear","https:\/\/www.instagram.com\/FortisEyewear","https:\/\/www.youtube.com\/channel\/UC5uI6lYx37ltUVATG5skJLw"]}]}},"_links":{"self":[{"href":"https:\/\/fortiseyewear.co.uk\/cs\/wp-json\/wp\/v2\/pages\/10426","targetHints":{"allow":["GET"]}}],"collection":[{"href":"https:\/\/fortiseyewear.co.uk\/cs\/wp-json\/wp\/v2\/pages"}],"about":[{"href":"https:\/\/fortiseyewear.co.uk\/cs\/wp-json\/wp\/v2\/types\/page"}],"author":[{"embeddable":true,"href":"https:\/\/fortiseyewear.co.uk\/cs\/wp-json\/wp\/v2\/users\/11"}],"replies":[{"embeddable":true,"href":"https:\/\/fortiseyewear.co.uk\/cs\/wp-json\/wp\/v2\/comments?post=10426"}],"version-history":[{"count":0,"href":"https:\/\/fortiseyewear.co.uk\/cs\/wp-json\/wp\/v2\/pages\/10426\/revisions"}],"up":[{"embeddable":true,"href":"https:\/\/fortiseyewear.co.uk\/cs\/wp-json\/wp\/v2\/pages\/67"}],"wp:attachment":[{"href":"https:\/\/fortiseyewear.co.uk\/cs\/wp-json\/wp\/v2\/media?parent=10426"}],"curies":[{"name":"wp","href":"https:\/\/api.w.org\/{rel}","templated":true}]}}