{"id":1119,"date":"2013-05-01T11:30:50","date_gmt":"2013-05-01T11:30:50","guid":{"rendered":"https:\/\/fortiseyewear.co.uk\/?page_id=1119"},"modified":"2014-11-13T09:51:02","modified_gmt":"2014-11-13T09:51:02","slug":"stephan-dombaj","status":"publish","type":"page","link":"https:\/\/fortiseyewear.co.uk\/cs\/collective\/stephan-dombaj\/","title":{"rendered":"Stephan Dombaj"},"content":{"rendered":"<h3><img decoding=\"async\" class=\"alignnone size-full wp-image-4493\" src=\"https:\/\/fortiseyewear.co.uk\/wp-content\/uploads\/2013\/05\/StephanDombajHeader.jpg\" alt=\"StephanDombajHeader\" width=\"680\" height=\"226\" srcset=\"https:\/\/fortiseyewear.co.uk\/wp-content\/uploads\/2013\/05\/StephanDombajHeader.jpg 680w, https:\/\/fortiseyewear.co.uk\/wp-content\/uploads\/2013\/05\/StephanDombajHeader-300x100.jpg 300w, https:\/\/fortiseyewear.co.uk\/wp-content\/uploads\/2013\/05\/StephanDombajHeader-600x199.jpg 600w, https:\/\/fortiseyewear.co.uk\/wp-content\/uploads\/2013\/05\/StephanDombajHeader-640x213.jpg 640w, https:\/\/fortiseyewear.co.uk\/wp-content\/uploads\/2013\/05\/StephanDombajHeader-150x50.jpg 150w, https:\/\/fortiseyewear.co.uk\/wp-content\/uploads\/2013\/05\/StephanDombajHeader-280x93.jpg 280w, https:\/\/fortiseyewear.co.uk\/wp-content\/uploads\/2013\/05\/StephanDombajHeader-160x53.jpg 160w, https:\/\/fortiseyewear.co.uk\/wp-content\/uploads\/2013\/05\/StephanDombajHeader-320x106.jpg 320w, https:\/\/fortiseyewear.co.uk\/wp-content\/uploads\/2013\/05\/StephanDombajHeader-480x160.jpg 480w\" sizes=\"(max-width: 680px) 100vw, 680px\" \/><\/h3>\n<h3>Celosv\u011btov\u00e9 hled\u00e1n\u00ed<\/h3>\n<p>V\u00edt\u00e1me Stephana Dombaje v kolektivu Fortis. Stephan je \u010dlenem Pro Team Loop, fotografem a sv\u011btob\u011b\u017en\u00edkem, kter\u00fd jako jeden z m\u00e1la naz\u00fdv\u00e1 svou v\u00e1\u0161e\u0148 profes\u00ed. Od chv\u00edle, kdy se \"kdysi\" za\u010dal oh\u00e1n\u011bt mu\u0161ka\u0159sk\u00fdm prutem, se mu zrodily sny o cestov\u00e1n\u00ed po sv\u011bt\u011b, o chyt\u00e1n\u00ed t\u011bch nejv\u011bt\u0161\u00edch a nejsiln\u011bj\u0161\u00edch ryb. Dnes jich Stephan na sv\u00e9m seznamu ji\u017e n\u011bkolik od\u0161krtl. V\u017edy vybaven fotoapar\u00e1tem, kter\u00fd se mu mot\u00e1 kolem krku, v\u00e1s dok\u00e1\u017ee zaujmout neoceniteln\u00fdmi vzpom\u00ednkami z cel\u00e9ho sv\u011bta, a\u0165 u\u017e se jedn\u00e1 o lososa v Rusku, ob\u0159\u00edho sekavce v Argentin\u011b nebo sk\u00e1kaj\u00edc\u00edho tarpona v karibsk\u00fdch vod\u00e1ch.[toggle_basic title=\"Read More\"]\n<p>Jeho dosavadn\u00ed destinace zahrnuj\u00ed Koreu, Rusko, Venezuelu, Portoriko, Kubu, Argentinu, Island, Kanadu, Norsko, Slovinsko, \u0160v\u00e9dsko, Chorvatsko, Bosnu, Rakousko, D\u00e1nsko a dal\u0161\u00ed, d\u00edky \u010demu\u017e m\u00e1 Stephan pov\u011bst velmi doporu\u010dovan\u00e9ho a znal\u00e9ho vyslance sportovn\u00edho rybolovu ve st\u0159edn\u00ed Evrop\u011b. Krom\u011b toho nasb\u00edral p\u011bt sez\u00f3n zku\u0161enost\u00ed jako pr\u016fvodce pro searunsk\u00e9 a rezidentn\u00ed hn\u011bd\u00e9 ryby v Las Buitreras Lodge v ji\u017en\u00ed Patagonii v Argentin\u011b, kde v letech 2011\/12 p\u016fsobil jako lodgemanager a byl nejmlad\u0161\u00edm v historii Gallegos. Jeho rozs\u00e1hl\u00e9 znalosti o praktick\u00fdch i teoretick\u00fdch aspektech mu\u0161ka\u0159en\u00ed z n\u011bj d\u011blaj\u00ed nepostradateln\u00e9ho \u010dlena t\u00fdmu.<\/p>\n<p>\u0160irok\u00e1 \u0161k\u00e1la druh\u016f a jeho profesion\u00e1ln\u00ed p\u0159\u00edstup k rybolovu nezb\u00fdv\u00e1 prostor pro nestandardn\u00ed mise. Vytvo\u0159en\u00edm \"<a title=\"Fly Fishing Nation\" href=\"https:\/\/www.flyfishingnation.de\" target=\"_blank\">N\u00e1rod mu\u0161ka\u0159\u016f<\/a>\" v roce 2006 a beta verzi v roce 2010 posunul tuto prioritu na novou \u00farove\u0148 a na\u0161el s\u00ed\u0165 mlad\u00fdch a ambici\u00f3zn\u00edch mu\u0161ka\u0159\u016f, kte\u0159\u00ed reprezentuj\u00ed svou v\u00e1\u0161e\u0148 v modern\u00edch m\u00e9di\u00edch.<\/p>\n<p>Nespo\u010det mezin\u00e1rodn\u00edch klient\u016f, \u010dasopis\u016f, grafick\u00fdch aplikac\u00ed, expozic a p\u0159edv\u00e1d\u011bc\u00edch akc\u00ed podtrhuje jeho pov\u011bst mu\u0161ka\u0159e, k\u00e1stera a fotografa.<\/p>\n<p>Jeho sn\u00edmky byly publikov\u00e1ny v mnoha n\u00e1rodn\u00edch i mezin\u00e1rodn\u00edch \u010dasopisech, mimo jin\u00e9:<br \/>\n- \u010casopis Chasing Silver (mezin\u00e1rodn\u00ed)<br \/>\n- Pohjolan Perho Kalastaia (Finsko)<br \/>\n- The Atlantic Salmon Journal (Kanada)<br \/>\n- Allt Om Fiske (Norsko)<br \/>\n- Fisk og Fri (D\u00e1nsko)<br \/>\n- H2o Magazine (It\u00e1lie\/mezin\u00e1rodn\u00ed)<br \/>\n- Sportski Ribolov (Chorvatsko)<br \/>\n- Spin &amp; Fly (Balk\u00e1n)<br \/>\n- Sportveidibladid (Island)<br \/>\n- Fisch &amp; Fliege (N\u011bmecko)<br \/>\n- Fly &amp; Tie (N\u011bmecko\/mezin\u00e1rodn\u00ed)<br \/>\n- Fliegenfischen (N\u011bmecko)<br \/>\n- \u010casopis Saltwater Sportfishing (Mezin\u00e1rodn\u00ed\/USA)<br \/>\n- Blinker (N\u011bmecko)<br \/>\n- The Tarpon &amp; Bonefish Trust<\/p>\n<p>Reklamy:<br \/>\n- Konstrukce smy\u010dky<br \/>\n- Solidn\u00ed dobrodru\u017estv\u00ed<br \/>\n- Produkty Rio<br \/>\n- Huben\u00e1 vodn\u00ed kultura<br \/>\n- Rakousk\u00e9 outdoorov\u00e9 sporty<br \/>\n- Smy\u010dka NL\/DE\/A\/SE\/INT<br \/>\n- Pr\u016fvodce mu\u0161ka\u0159en\u00edm UK<br \/>\n- Hranice<br \/>\n- Nerv\u00f3zn\u00ed vody<br \/>\n- Spole\u010dnost Ponoi River<br \/>\n- Spole\u010dnost Atlantic Rivers Outfitting Company<br \/>\n- Rio Gallegos River Company<\/p>\n<p>Stephin syrov\u00fd talent, v\u00e1\u0161e\u0148 a styl jsou atributy, kter\u00e9 zt\u011bles\u0148uj\u00ed to, o \u010dem je n\u00e1\u0161 kolektiv...[\/toggle_basic]\n[shareprints gallery_id=\"4415\u2033 gallery_type=\"masonry\" gallery_position=\"pos_center\" gallery_width=\"width_100\u2033 image_size=\"medium\" image_padding=\"5\u2033 theme=\"dark\" image_hover=\"colortosepia\" lightbox_type=\"slide\" titles=\"true\" captions=\"true\" descriptions=\"true\" comments=\"false\" sharing=\"true\"]","protected":false},"excerpt":{"rendered":"<p>Celosv\u011btov\u00e9 hled\u00e1n\u00ed V\u00edt\u00e1me Stephana Dombaje v kolektivu Fortis. Stephan je \u010dlenem Pro Team Loop, fotografem a sv\u011btob\u011b\u017en\u00edkem, kter\u00fd jako jeden z m\u00e1la naz\u00fdv\u00e1 svou v\u00e1\u0161e\u0148 profes\u00ed. Od chv\u00edle, kdy se \"kdysi\" za\u010dal oh\u00e1n\u011bt mu\u0161ka\u0159sk\u00fdm prutem, se v n\u011bm objevovaly sny o cestov\u00e1n\u00ed po sv\u011bt\u011b, o tom, jak se<\/p>","protected":false},"author":11,"featured_media":0,"parent":67,"menu_order":0,"comment_status":"closed","ping_status":"open","template":"","meta":{"_acf_changed":false,"footnotes":""},"class_list":["post-1119","page","type-page","status-publish","hentry","prodpage-classic"],"acf":[],"yoast_head":"<!-- This site is optimized with the Yoast SEO Premium plugin v26.7 (Yoast SEO v26.7) - https:\/\/yoast.com\/wordpress\/plugins\/seo\/ -->\n<title>Polarised Fishing Sunglasses Fortis Eyewear Stephan Dombaj Europe<\/title>\n<meta name=\"description\" content=\"International fly angler Stephan Dombaj wears Fortis Eyewear sunglasses to eliminate surface glare from the sun, our polarised fishing sunglasses are tested by the best anglers in the world\" \/>\n<meta name=\"robots\" content=\"index, follow, max-snippet:-1, max-image-preview:large, max-video-preview:-1\" \/>\n<link rel=\"canonical\" href=\"https:\/\/fortiseyewear.co.uk\/cs\/collective\/stephan-dombaj\/\" \/>\n<meta property=\"og:locale\" content=\"cs_CZ\" \/>\n<meta property=\"og:type\" content=\"article\" \/>\n<meta property=\"og:title\" content=\"Stephan Dombaj\" \/>\n<meta property=\"og:description\" content=\"International fly angler Stephan Dombaj wears Fortis Eyewear sunglasses to eliminate surface glare from the sun, our polarised fishing sunglasses are tested by the best anglers in the world\" \/>\n<meta property=\"og:url\" content=\"https:\/\/fortiseyewear.co.uk\/cs\/collective\/stephan-dombaj\/\" \/>\n<meta property=\"og:site_name\" content=\"Fortis Eyewear\" \/>\n<meta property=\"article:publisher\" content=\"https:\/\/www.facebook.com\/FortisEyewear\" \/>\n<meta property=\"article:modified_time\" content=\"2014-11-13T09:51:02+00:00\" \/>\n<meta property=\"og:image\" content=\"https:\/\/fortiseyewear.co.uk\/wp-content\/uploads\/2013\/05\/StephanDombajHeader.jpg\" \/>\n<meta name=\"twitter:card\" content=\"summary_large_image\" \/>\n<meta name=\"twitter:site\" content=\"@fortiseyewear\" \/>\n<meta name=\"twitter:label1\" content=\"Odhadovan\u00e1 doba \u010dten\u00ed\" \/>\n\t<meta name=\"twitter:data1\" content=\"2 minuty\" \/>\n<!-- \/ Yoast SEO Premium plugin. -->","yoast_head_json":{"title":"Polarised Fishing Sunglasses Fortis Eyewear Stephan Dombaj Europe","description":"International fly angler Stephan Dombaj wears Fortis Eyewear sunglasses to eliminate surface glare from the sun, our polarised fishing sunglasses are tested by the best anglers in the world","robots":{"index":"index","follow":"follow","max-snippet":"max-snippet:-1","max-image-preview":"max-image-preview:large","max-video-preview":"max-video-preview:-1"},"canonical":"https:\/\/fortiseyewear.co.uk\/cs\/collective\/stephan-dombaj\/","og_locale":"cs_CZ","og_type":"article","og_title":"Stephan Dombaj","og_description":"International fly angler Stephan Dombaj wears Fortis Eyewear sunglasses to eliminate surface glare from the sun, our polarised fishing sunglasses are tested by the best anglers in the world","og_url":"https:\/\/fortiseyewear.co.uk\/cs\/collective\/stephan-dombaj\/","og_site_name":"Fortis Eyewear","article_publisher":"https:\/\/www.facebook.com\/FortisEyewear","article_modified_time":"2014-11-13T09:51:02+00:00","og_image":[{"url":"https:\/\/fortiseyewear.co.uk\/wp-content\/uploads\/2013\/05\/StephanDombajHeader.jpg","type":"","width":"","height":""}],"twitter_card":"summary_large_image","twitter_site":"@fortiseyewear","twitter_misc":{"Odhadovan\u00e1 doba \u010dten\u00ed":"2 minuty"},"schema":{"@context":"https:\/\/schema.org","@graph":[{"@type":"WebPage","@id":"https:\/\/fortiseyewear.co.uk\/collective\/stephan-dombaj\/","url":"https:\/\/fortiseyewear.co.uk\/collective\/stephan-dombaj\/","name":"Polarised Fishing Sunglasses Fortis Eyewear Stephan Dombaj Europe","isPartOf":{"@id":"https:\/\/fortiseyewear.co.uk\/#website"},"primaryImageOfPage":{"@id":"https:\/\/fortiseyewear.co.uk\/collective\/stephan-dombaj\/#primaryimage"},"image":{"@id":"https:\/\/fortiseyewear.co.uk\/collective\/stephan-dombaj\/#primaryimage"},"thumbnailUrl":"https:\/\/fortiseyewear.co.uk\/wp-content\/uploads\/2013\/05\/StephanDombajHeader.jpg","datePublished":"2013-05-01T11:30:50+00:00","dateModified":"2014-11-13T09:51:02+00:00","description":"International fly angler Stephan Dombaj wears Fortis Eyewear sunglasses to eliminate surface glare from the sun, our polarised fishing sunglasses are tested by the best anglers in the world","breadcrumb":{"@id":"https:\/\/fortiseyewear.co.uk\/collective\/stephan-dombaj\/#breadcrumb"},"inLanguage":"cs","potentialAction":[{"@type":"ReadAction","target":["https:\/\/fortiseyewear.co.uk\/collective\/stephan-dombaj\/"]}]},{"@type":"ImageObject","inLanguage":"cs","@id":"https:\/\/fortiseyewear.co.uk\/collective\/stephan-dombaj\/#primaryimage","url":"https:\/\/fortiseyewear.co.uk\/wp-content\/uploads\/2013\/05\/StephanDombajHeader.jpg","contentUrl":"https:\/\/fortiseyewear.co.uk\/wp-content\/uploads\/2013\/05\/StephanDombajHeader.jpg"},{"@type":"BreadcrumbList","@id":"https:\/\/fortiseyewear.co.uk\/collective\/stephan-dombaj\/#breadcrumb","itemListElement":[{"@type":"ListItem","position":1,"name":"Home","item":"https:\/\/fortiseyewear.co.uk\/"},{"@type":"ListItem","position":2,"name":"The Collective","item":"https:\/\/fortiseyewear.co.uk\/collective\/"},{"@type":"ListItem","position":3,"name":"Stephan Dombaj"}]},{"@type":"WebSite","@id":"https:\/\/fortiseyewear.co.uk\/#website","url":"https:\/\/fortiseyewear.co.uk\/","name":"Br\u00fdle Fortis","description":"Polarizovan\u00e9 ryb\u00e1\u0159sk\u00e9 slune\u010dn\u00ed br\u00fdle","publisher":{"@id":"https:\/\/fortiseyewear.co.uk\/#organization"},"alternateName":"Fortis","potentialAction":[{"@type":"SearchAction","target":{"@type":"EntryPoint","urlTemplate":"https:\/\/fortiseyewear.co.uk\/?s={search_term_string}"},"query-input":{"@type":"PropertyValueSpecification","valueRequired":true,"valueName":"search_term_string"}}],"inLanguage":"cs"},{"@type":"Organization","@id":"https:\/\/fortiseyewear.co.uk\/#organization","name":"Br\u00fdle Fortis","alternateName":"Fortis","url":"https:\/\/fortiseyewear.co.uk\/","logo":{"@type":"ImageObject","inLanguage":"cs","@id":"https:\/\/fortiseyewear.co.uk\/#\/schema\/logo\/image\/","url":"https:\/\/fortiseyewear.co.uk\/wp-content\/uploads\/2019\/05\/1.FinalLogoMOBILE.jpg","contentUrl":"https:\/\/fortiseyewear.co.uk\/wp-content\/uploads\/2019\/05\/1.FinalLogoMOBILE.jpg","width":766,"height":541,"caption":"Fortis Eyewear"},"image":{"@id":"https:\/\/fortiseyewear.co.uk\/#\/schema\/logo\/image\/"},"sameAs":["https:\/\/www.facebook.com\/FortisEyewear","https:\/\/x.com\/fortiseyewear","https:\/\/www.instagram.com\/FortisEyewear","https:\/\/www.youtube.com\/channel\/UC5uI6lYx37ltUVATG5skJLw"]}]}},"_links":{"self":[{"href":"https:\/\/fortiseyewear.co.uk\/cs\/wp-json\/wp\/v2\/pages\/1119","targetHints":{"allow":["GET"]}}],"collection":[{"href":"https:\/\/fortiseyewear.co.uk\/cs\/wp-json\/wp\/v2\/pages"}],"about":[{"href":"https:\/\/fortiseyewear.co.uk\/cs\/wp-json\/wp\/v2\/types\/page"}],"author":[{"embeddable":true,"href":"https:\/\/fortiseyewear.co.uk\/cs\/wp-json\/wp\/v2\/users\/11"}],"replies":[{"embeddable":true,"href":"https:\/\/fortiseyewear.co.uk\/cs\/wp-json\/wp\/v2\/comments?post=1119"}],"version-history":[{"count":0,"href":"https:\/\/fortiseyewear.co.uk\/cs\/wp-json\/wp\/v2\/pages\/1119\/revisions"}],"up":[{"embeddable":true,"href":"https:\/\/fortiseyewear.co.uk\/cs\/wp-json\/wp\/v2\/pages\/67"}],"wp:attachment":[{"href":"https:\/\/fortiseyewear.co.uk\/cs\/wp-json\/wp\/v2\/media?parent=1119"}],"curies":[{"name":"wp","href":"https:\/\/api.w.org\/{rel}","templated":true}]}}