{"id":13031,"date":"2017-11-10T11:21:11","date_gmt":"2017-11-10T11:21:11","guid":{"rendered":"https:\/\/fortiseyewear.co.uk\/?page_id=13031"},"modified":"2020-02-12T13:57:32","modified_gmt":"2020-02-12T13:57:32","slug":"myles-gibson","status":"publish","type":"page","link":"https:\/\/fortiseyewear.co.uk\/cs\/collective\/myles-gibson\/","title":{"rendered":"Myles Gibson"},"content":{"rendered":"<p><img decoding=\"async\" class=\"size-full wp-image-10034\" src=\"https:\/\/fortiseyewear.co.uk\/wp-content\/uploads\/2015\/09\/AndreasTatzreiterHeader.jpg\" alt=\"Myles Gibson\" width=\"680\" height=\"226\" srcset=\"https:\/\/fortiseyewear.co.uk\/wp-content\/uploads\/2015\/09\/AndreasTatzreiterHeader.jpg 680w, https:\/\/fortiseyewear.co.uk\/wp-content\/uploads\/2015\/09\/AndreasTatzreiterHeader-300x100.jpg 300w, https:\/\/fortiseyewear.co.uk\/wp-content\/uploads\/2015\/09\/AndreasTatzreiterHeader-600x199.jpg 600w, https:\/\/fortiseyewear.co.uk\/wp-content\/uploads\/2015\/09\/AndreasTatzreiterHeader-640x213.jpg 640w, https:\/\/fortiseyewear.co.uk\/wp-content\/uploads\/2015\/09\/AndreasTatzreiterHeader-150x50.jpg 150w, https:\/\/fortiseyewear.co.uk\/wp-content\/uploads\/2015\/09\/AndreasTatzreiterHeader-280x93.jpg 280w, https:\/\/fortiseyewear.co.uk\/wp-content\/uploads\/2015\/09\/AndreasTatzreiterHeader-160x53.jpg 160w, https:\/\/fortiseyewear.co.uk\/wp-content\/uploads\/2015\/09\/AndreasTatzreiterHeader-320x106.jpg 320w, https:\/\/fortiseyewear.co.uk\/wp-content\/uploads\/2015\/09\/AndreasTatzreiterHeader-480x160.jpg 480w\" sizes=\"(max-width: 680px) 100vw, 680px\" \/><\/p>\n<h3>GURU zn\u00e1m\u00fd jako Myles<\/h3>\n<p>Myles Gibson je jedn\u00edm z nejkonzistentn\u011bj\u0161\u00edch lovc\u016f velk\u00fdch ryb. Vyrostl na severoz\u00e1pad\u011b USA, kde si vyl\u00e1mal zuby na notoricky obt\u00ed\u017en\u00fdch meres a od t\u00e9 doby se neohl\u00e9dl zp\u011bt! Mylesovo odhodl\u00e1n\u00ed a hou\u017eevnatost znamenaj\u00ed, \u017ee bez ohledu na to, jak t\u011b\u017ek\u00e1 je voda, \u017e\u00e1dn\u00fd kapr nen\u00ed v bezpe\u010d\u00ed. Kdy\u017e za\u010dal lovit v Redesmere, kde Myles chytil svou prvn\u00ed t\u0159ic\u00edtku, rybu dvakr\u00e1t star\u0161\u00ed ne\u017e on a zn\u00e1mou jako \"Pretty One\", za\u010dalo to b\u00fdt opravdu zaj\u00edmav\u00e9. V\u011bt\u0161ina jeho ryb\u00e1\u0159sk\u00fdch aktivit v posledn\u00edch zhruba osmi letech v\u0161ak zahrnovala spoustu cestov\u00e1n\u00ed. Od vod v Midlands, Cotswolds, Oxfordu, p\u0159es Cambridge a\u017e po nejdel\u0161\u00ed cestu do Readingu. Myles se v\u011bt\u0161inou sna\u017e\u00ed ryba\u0159it t\u0159i noci v t\u00fddnu a zbyl\u00e9 \u010dty\u0159i dny pracuje v obchod\u011b s ryb\u00e1\u0159sk\u00fdmi pot\u0159ebami.<\/p>\n<p>\"Takhle lov\u00edm u\u017e dlouho, co si pamatuji, ten drajv a bzukot je st\u00e1le siln\u011bj\u0161\u00ed, Je to jako droga, ka\u017ed\u00fd speci\u00e1ln\u00ed \u00falovek je obrovsk\u00fd pocit euforie! Ale kdy\u017e je to \u00falovek, kter\u00fd si vy\u017e\u00e1dal roky d\u0159iny nebo pro kter\u00fd jste museli ud\u011blat n\u011bjakou tu m\u00edli nav\u00edc, ka\u017ed\u00fd biggun m\u00e1 sv\u016fj vlastn\u00ed p\u0159\u00edb\u011bh a pr\u00e1v\u011b to dobrodru\u017estv\u00ed na cest\u011b miluji. Na t\u00e9to cest\u011b jsem potkal n\u011bkolik p\u0159\u00e1tel na cel\u00fd \u017eivot.\"<\/p>\n[shareprints gallery_id=\"13035\u2033 gallery_type=\"masonry\" gallery_position=\"pos_center\" gallery_width=\"width_100\u2033 image_size=\"medium\" image_padding=\"10\u2033 theme=\"dark\" image_hover=\"colortosepia\" lightbox_type=\"slide\" titles=\"true\" captions=\"true\" descriptions=\"true\" comments=\"false\" sharing=\"false\"]","protected":false},"excerpt":{"rendered":"<p>GURU zn\u00e1m\u00fd jako Myles Myles Gibson je jedn\u00edm z nejkonzistentn\u011bj\u0161\u00edch lovc\u016f velk\u00fdch ryb. Vyrostl na severoz\u00e1pad\u011b zem\u011b, kde si vyl\u00e1mal zuby na notoricky obt\u00ed\u017en\u00fdch meres a od t\u00e9 doby se neohl\u00e9dl zp\u011bt! Mylesovo odhodl\u00e1n\u00ed a hou\u017eevnatost znamenaj\u00ed, \u017ee bez ohledu na to, jak t\u011b\u017ek\u00e1 je voda, \u017e\u00e1dn\u00fd kapr nen\u00ed v bezpe\u010d\u00ed. Bylo to tehdy, kdy\u017e<\/p>","protected":false},"author":11,"featured_media":0,"parent":67,"menu_order":0,"comment_status":"closed","ping_status":"open","template":"","meta":{"_acf_changed":false,"footnotes":""},"class_list":["post-13031","page","type-page","status-publish","hentry","prodpage-classic"],"acf":[],"yoast_head":"<!-- This site is optimized with the Yoast SEO Premium plugin v26.7 (Yoast SEO v26.7) - https:\/\/yoast.com\/wordpress\/plugins\/seo\/ -->\n<title>Myles Gibson - Fortis Eyewear<\/title>\n<meta name=\"robots\" content=\"index, follow, max-snippet:-1, max-image-preview:large, max-video-preview:-1\" \/>\n<link rel=\"canonical\" href=\"https:\/\/fortiseyewear.co.uk\/cs\/collective\/myles-gibson\/\" \/>\n<meta property=\"og:locale\" content=\"cs_CZ\" \/>\n<meta property=\"og:type\" content=\"article\" \/>\n<meta property=\"og:title\" content=\"Myles Gibson\" \/>\n<meta property=\"og:description\" content=\"The GURU known as Myles Myles Gibson is one of the most consistent big fish catchers out there. Bred in the North West, he cut his teeth on the notoriously difficult meres and hasn\u2019t looked back since! Myles\u2019 determination and resilience mean no matter how tough the water, no Carp is safe. It was when\" \/>\n<meta property=\"og:url\" content=\"https:\/\/fortiseyewear.co.uk\/cs\/collective\/myles-gibson\/\" \/>\n<meta property=\"og:site_name\" content=\"Fortis Eyewear\" \/>\n<meta property=\"article:publisher\" content=\"https:\/\/www.facebook.com\/FortisEyewear\" \/>\n<meta property=\"article:modified_time\" content=\"2020-02-12T13:57:32+00:00\" \/>\n<meta property=\"og:image\" content=\"https:\/\/fortiseyewear.co.uk\/wp-content\/uploads\/2015\/09\/AndreasTatzreiterHeader.jpg\" \/>\n<meta name=\"twitter:card\" content=\"summary_large_image\" \/>\n<meta name=\"twitter:site\" content=\"@fortiseyewear\" \/>\n<meta name=\"twitter:label1\" content=\"Odhadovan\u00e1 doba \u010dten\u00ed\" \/>\n\t<meta name=\"twitter:data1\" content=\"1 minuta\" \/>\n<!-- \/ Yoast SEO Premium plugin. -->","yoast_head_json":{"title":"Myles Gibson - Fortis Eyewear","robots":{"index":"index","follow":"follow","max-snippet":"max-snippet:-1","max-image-preview":"max-image-preview:large","max-video-preview":"max-video-preview:-1"},"canonical":"https:\/\/fortiseyewear.co.uk\/cs\/collective\/myles-gibson\/","og_locale":"cs_CZ","og_type":"article","og_title":"Myles Gibson","og_description":"The GURU known as Myles Myles Gibson is one of the most consistent big fish catchers out there. Bred in the North West, he cut his teeth on the notoriously difficult meres and hasn\u2019t looked back since! Myles\u2019 determination and resilience mean no matter how tough the water, no Carp is safe. It was when","og_url":"https:\/\/fortiseyewear.co.uk\/cs\/collective\/myles-gibson\/","og_site_name":"Fortis Eyewear","article_publisher":"https:\/\/www.facebook.com\/FortisEyewear","article_modified_time":"2020-02-12T13:57:32+00:00","og_image":[{"url":"https:\/\/fortiseyewear.co.uk\/wp-content\/uploads\/2015\/09\/AndreasTatzreiterHeader.jpg","type":"","width":"","height":""}],"twitter_card":"summary_large_image","twitter_site":"@fortiseyewear","twitter_misc":{"Odhadovan\u00e1 doba \u010dten\u00ed":"1 minuta"},"schema":{"@context":"https:\/\/schema.org","@graph":[{"@type":"WebPage","@id":"https:\/\/fortiseyewear.co.uk\/collective\/myles-gibson\/","url":"https:\/\/fortiseyewear.co.uk\/collective\/myles-gibson\/","name":"Myles Gibson - Fortis Eyewear","isPartOf":{"@id":"https:\/\/fortiseyewear.co.uk\/#website"},"primaryImageOfPage":{"@id":"https:\/\/fortiseyewear.co.uk\/collective\/myles-gibson\/#primaryimage"},"image":{"@id":"https:\/\/fortiseyewear.co.uk\/collective\/myles-gibson\/#primaryimage"},"thumbnailUrl":"https:\/\/fortiseyewear.co.uk\/wp-content\/uploads\/2015\/09\/AndreasTatzreiterHeader.jpg","datePublished":"2017-11-10T11:21:11+00:00","dateModified":"2020-02-12T13:57:32+00:00","breadcrumb":{"@id":"https:\/\/fortiseyewear.co.uk\/collective\/myles-gibson\/#breadcrumb"},"inLanguage":"cs","potentialAction":[{"@type":"ReadAction","target":["https:\/\/fortiseyewear.co.uk\/collective\/myles-gibson\/"]}]},{"@type":"ImageObject","inLanguage":"cs","@id":"https:\/\/fortiseyewear.co.uk\/collective\/myles-gibson\/#primaryimage","url":"https:\/\/fortiseyewear.co.uk\/wp-content\/uploads\/2015\/09\/AndreasTatzreiterHeader.jpg","contentUrl":"https:\/\/fortiseyewear.co.uk\/wp-content\/uploads\/2015\/09\/AndreasTatzreiterHeader.jpg"},{"@type":"BreadcrumbList","@id":"https:\/\/fortiseyewear.co.uk\/collective\/myles-gibson\/#breadcrumb","itemListElement":[{"@type":"ListItem","position":1,"name":"Home","item":"https:\/\/fortiseyewear.co.uk\/"},{"@type":"ListItem","position":2,"name":"The Collective","item":"https:\/\/fortiseyewear.co.uk\/collective\/"},{"@type":"ListItem","position":3,"name":"Myles Gibson"}]},{"@type":"WebSite","@id":"https:\/\/fortiseyewear.co.uk\/#website","url":"https:\/\/fortiseyewear.co.uk\/","name":"Br\u00fdle Fortis","description":"Polarizovan\u00e9 ryb\u00e1\u0159sk\u00e9 slune\u010dn\u00ed br\u00fdle","publisher":{"@id":"https:\/\/fortiseyewear.co.uk\/#organization"},"alternateName":"Fortis","potentialAction":[{"@type":"SearchAction","target":{"@type":"EntryPoint","urlTemplate":"https:\/\/fortiseyewear.co.uk\/?s={search_term_string}"},"query-input":{"@type":"PropertyValueSpecification","valueRequired":true,"valueName":"search_term_string"}}],"inLanguage":"cs"},{"@type":"Organization","@id":"https:\/\/fortiseyewear.co.uk\/#organization","name":"Br\u00fdle Fortis","alternateName":"Fortis","url":"https:\/\/fortiseyewear.co.uk\/","logo":{"@type":"ImageObject","inLanguage":"cs","@id":"https:\/\/fortiseyewear.co.uk\/#\/schema\/logo\/image\/","url":"https:\/\/fortiseyewear.co.uk\/wp-content\/uploads\/2019\/05\/1.FinalLogoMOBILE.jpg","contentUrl":"https:\/\/fortiseyewear.co.uk\/wp-content\/uploads\/2019\/05\/1.FinalLogoMOBILE.jpg","width":766,"height":541,"caption":"Fortis Eyewear"},"image":{"@id":"https:\/\/fortiseyewear.co.uk\/#\/schema\/logo\/image\/"},"sameAs":["https:\/\/www.facebook.com\/FortisEyewear","https:\/\/x.com\/fortiseyewear","https:\/\/www.instagram.com\/FortisEyewear","https:\/\/www.youtube.com\/channel\/UC5uI6lYx37ltUVATG5skJLw"]}]}},"_links":{"self":[{"href":"https:\/\/fortiseyewear.co.uk\/cs\/wp-json\/wp\/v2\/pages\/13031","targetHints":{"allow":["GET"]}}],"collection":[{"href":"https:\/\/fortiseyewear.co.uk\/cs\/wp-json\/wp\/v2\/pages"}],"about":[{"href":"https:\/\/fortiseyewear.co.uk\/cs\/wp-json\/wp\/v2\/types\/page"}],"author":[{"embeddable":true,"href":"https:\/\/fortiseyewear.co.uk\/cs\/wp-json\/wp\/v2\/users\/11"}],"replies":[{"embeddable":true,"href":"https:\/\/fortiseyewear.co.uk\/cs\/wp-json\/wp\/v2\/comments?post=13031"}],"version-history":[{"count":0,"href":"https:\/\/fortiseyewear.co.uk\/cs\/wp-json\/wp\/v2\/pages\/13031\/revisions"}],"up":[{"embeddable":true,"href":"https:\/\/fortiseyewear.co.uk\/cs\/wp-json\/wp\/v2\/pages\/67"}],"wp:attachment":[{"href":"https:\/\/fortiseyewear.co.uk\/cs\/wp-json\/wp\/v2\/media?parent=13031"}],"curies":[{"name":"wp","href":"https:\/\/api.w.org\/{rel}","templated":true}]}}