{"id":13297,"date":"2018-08-15T14:44:10","date_gmt":"2018-08-15T14:44:10","guid":{"rendered":"https:\/\/fortiseyewear.co.uk\/?page_id=13297"},"modified":"2020-02-12T13:49:07","modified_gmt":"2020-02-12T13:49:07","slug":"simon-bater","status":"publish","type":"page","link":"https:\/\/fortiseyewear.co.uk\/cs\/collective\/simon-bater\/","title":{"rendered":"Simon Bater"},"content":{"rendered":"<p><img decoding=\"async\" class=\"size-full wp-image-10034\" src=\"https:\/\/fortiseyewear.co.uk\/wp-content\/uploads\/2018\/08\/Header-Simon.jpg\" alt=\"Simon Bater\" width=\"680\" height=\"226\" \/><\/p>\n<h3>Dlouh\u00fd \u017eivot<\/h3>\n<p>Si poch\u00e1z\u00ed z Favershamu a je z rodu vytrval\u00fdch ryb\u00e1\u0159\u016f z Kentu, kte\u0159\u00ed si vyl\u00e1mali zuby na n\u011bkter\u00fdch notoricky zn\u00e1m\u00fdch z\u00e1ludn\u00fdch jam\u00e1ch v \u00fadol\u00ed Stour. Milton... Swan... Tonford a nesm\u00edme zapomenout na mocn\u00fd Conningbrook, kde Simon ulovil Two Tone s rekordn\u00edm v\u00fdkonem 65,14, to v\u0161e za sebou zanechal. Od t\u00e9 doby se Simon dr\u017e\u00ed v pozad\u00ed a u\u017e\u00edv\u00e1 si pron\u00e1sledov\u00e1n\u00ed t\u011bch nejlep\u0161\u00edch kapr\u016f, kte\u0159\u00ed kdy plavali.  Po dobyt\u00ed Kentu bylo dal\u0161\u00ed na \u0159ad\u011b \u00fadol\u00ed Colne Valley a ryby jako Black Mirror, Daisy a Chertsey big un s v\u00e1hou p\u0159es 60 liber ud\u011blaly ze Simona prvn\u00edho ryb\u00e1\u0159e, kter\u00fd zdolal dv\u011b r\u016fzn\u00e9 (po\u0159\u00e1dn\u00e9) britsk\u00e9 ryby s v\u00e1hou p\u0159es 60 liber. Na hran\u011b... dlouho... z lodi... jen dny... ve v\u011btru nebo v intimit\u011b a s odhodl\u00e1n\u00edm a hou\u017eevnatost\u00ed, jakou nem\u00e1 \u017e\u00e1dn\u00fd ryb\u00e1\u0159 v okol\u00ed, \u017e\u00e1dn\u00fd kapr nen\u00ed v bezpe\u010d\u00ed...<\/p>\n[shareprints gallery_id=\"13333\u2033 gallery_type=\"masonry\" gallery_position=\"pos_center\" gallery_width=\"width_100\u2033 image_size=\"medium\" image_padding=\"10\u2033 theme=\"dark\" image_hover=\"colortosepia\" lightbox_type=\"slide\" titles=\"true\" captions=\"true\" descriptions=\"true\" comments=\"false\" sharing=\"false\"]","protected":false},"excerpt":{"rendered":"<p>Dlouh\u00fd \u017eivot Si poch\u00e1z\u00ed z Favershamu a je z rodu odoln\u00fdch ryb\u00e1\u0159\u016f z Kentu, kte\u0159\u00ed si vyl\u00e1mali zuby na n\u011bkter\u00fdch notoricky zn\u00e1m\u00fdch z\u00e1ludn\u00fdch jam\u00e1ch v \u00fadol\u00ed Stour. Milton... Swan... Tonford a nesm\u00edme zapomenout na mocn\u00fd Conningbrook, kde Simon ulovil Two Tone s rekordn\u00edm v\u00fdkonem 65,14, to v\u0161e za sebou zanechal. Od t\u00e9 doby<\/p>","protected":false},"author":11,"featured_media":0,"parent":67,"menu_order":0,"comment_status":"closed","ping_status":"open","template":"","meta":{"_acf_changed":false,"footnotes":""},"class_list":["post-13297","page","type-page","status-publish","hentry","prodpage-classic"],"acf":[],"yoast_head":"<!-- This site is optimized with the Yoast SEO Premium plugin v26.7 (Yoast SEO v26.7) - https:\/\/yoast.com\/wordpress\/plugins\/seo\/ -->\n<title>Simon Bater - Fortis Eyewear<\/title>\n<meta name=\"robots\" content=\"index, follow, max-snippet:-1, max-image-preview:large, max-video-preview:-1\" \/>\n<link rel=\"canonical\" href=\"https:\/\/fortiseyewear.co.uk\/cs\/collective\/simon-bater\/\" \/>\n<meta property=\"og:locale\" content=\"cs_CZ\" \/>\n<meta property=\"og:type\" content=\"article\" \/>\n<meta property=\"og:title\" content=\"Simon Bater\" \/>\n<meta property=\"og:description\" content=\"Life Long Hailing from Faversham, Si is from a breed of hardy Kent anglers who cut his teeth on some notoriously tricky pits in The Stour Valley. Milton\u2026 Swan&#8230; Tonford and not forgetting the mighty Conningbrook, where Simon landed Two Tone from at a record breaking 65.14, have all be left in his wake. Since\" \/>\n<meta property=\"og:url\" content=\"https:\/\/fortiseyewear.co.uk\/cs\/collective\/simon-bater\/\" \/>\n<meta property=\"og:site_name\" content=\"Fortis Eyewear\" \/>\n<meta property=\"article:publisher\" content=\"https:\/\/www.facebook.com\/FortisEyewear\" \/>\n<meta property=\"article:modified_time\" content=\"2020-02-12T13:49:07+00:00\" \/>\n<meta property=\"og:image\" content=\"https:\/\/fortiseyewear.co.uk\/wp-content\/uploads\/2018\/08\/Header-Simon.jpg\" \/>\n<meta name=\"twitter:card\" content=\"summary_large_image\" \/>\n<meta name=\"twitter:site\" content=\"@fortiseyewear\" \/>\n<meta name=\"twitter:label1\" content=\"Odhadovan\u00e1 doba \u010dten\u00ed\" \/>\n\t<meta name=\"twitter:data1\" content=\"1 minuta\" \/>\n<!-- \/ Yoast SEO Premium plugin. -->","yoast_head_json":{"title":"Simon Bater - Fortis Eyewear","robots":{"index":"index","follow":"follow","max-snippet":"max-snippet:-1","max-image-preview":"max-image-preview:large","max-video-preview":"max-video-preview:-1"},"canonical":"https:\/\/fortiseyewear.co.uk\/cs\/collective\/simon-bater\/","og_locale":"cs_CZ","og_type":"article","og_title":"Simon Bater","og_description":"Life Long Hailing from Faversham, Si is from a breed of hardy Kent anglers who cut his teeth on some notoriously tricky pits in The Stour Valley. Milton\u2026 Swan&#8230; Tonford and not forgetting the mighty Conningbrook, where Simon landed Two Tone from at a record breaking 65.14, have all be left in his wake. Since","og_url":"https:\/\/fortiseyewear.co.uk\/cs\/collective\/simon-bater\/","og_site_name":"Fortis Eyewear","article_publisher":"https:\/\/www.facebook.com\/FortisEyewear","article_modified_time":"2020-02-12T13:49:07+00:00","og_image":[{"url":"https:\/\/fortiseyewear.co.uk\/wp-content\/uploads\/2018\/08\/Header-Simon.jpg","type":"","width":"","height":""}],"twitter_card":"summary_large_image","twitter_site":"@fortiseyewear","twitter_misc":{"Odhadovan\u00e1 doba \u010dten\u00ed":"1 minuta"},"schema":{"@context":"https:\/\/schema.org","@graph":[{"@type":"WebPage","@id":"https:\/\/fortiseyewear.co.uk\/collective\/simon-bater\/","url":"https:\/\/fortiseyewear.co.uk\/collective\/simon-bater\/","name":"Simon Bater - Fortis Eyewear","isPartOf":{"@id":"https:\/\/fortiseyewear.co.uk\/#website"},"primaryImageOfPage":{"@id":"https:\/\/fortiseyewear.co.uk\/collective\/simon-bater\/#primaryimage"},"image":{"@id":"https:\/\/fortiseyewear.co.uk\/collective\/simon-bater\/#primaryimage"},"thumbnailUrl":"https:\/\/fortiseyewear.co.uk\/wp-content\/uploads\/2018\/08\/Header-Simon.jpg","datePublished":"2018-08-15T14:44:10+00:00","dateModified":"2020-02-12T13:49:07+00:00","breadcrumb":{"@id":"https:\/\/fortiseyewear.co.uk\/collective\/simon-bater\/#breadcrumb"},"inLanguage":"cs","potentialAction":[{"@type":"ReadAction","target":["https:\/\/fortiseyewear.co.uk\/collective\/simon-bater\/"]}]},{"@type":"ImageObject","inLanguage":"cs","@id":"https:\/\/fortiseyewear.co.uk\/collective\/simon-bater\/#primaryimage","url":"https:\/\/fortiseyewear.co.uk\/wp-content\/uploads\/2018\/08\/Header-Simon.jpg","contentUrl":"https:\/\/fortiseyewear.co.uk\/wp-content\/uploads\/2018\/08\/Header-Simon.jpg"},{"@type":"BreadcrumbList","@id":"https:\/\/fortiseyewear.co.uk\/collective\/simon-bater\/#breadcrumb","itemListElement":[{"@type":"ListItem","position":1,"name":"Home","item":"https:\/\/fortiseyewear.co.uk\/"},{"@type":"ListItem","position":2,"name":"The Collective","item":"https:\/\/fortiseyewear.co.uk\/collective\/"},{"@type":"ListItem","position":3,"name":"Simon Bater"}]},{"@type":"WebSite","@id":"https:\/\/fortiseyewear.co.uk\/#website","url":"https:\/\/fortiseyewear.co.uk\/","name":"Br\u00fdle Fortis","description":"Polarizovan\u00e9 ryb\u00e1\u0159sk\u00e9 slune\u010dn\u00ed br\u00fdle","publisher":{"@id":"https:\/\/fortiseyewear.co.uk\/#organization"},"alternateName":"Fortis","potentialAction":[{"@type":"SearchAction","target":{"@type":"EntryPoint","urlTemplate":"https:\/\/fortiseyewear.co.uk\/?s={search_term_string}"},"query-input":{"@type":"PropertyValueSpecification","valueRequired":true,"valueName":"search_term_string"}}],"inLanguage":"cs"},{"@type":"Organization","@id":"https:\/\/fortiseyewear.co.uk\/#organization","name":"Br\u00fdle Fortis","alternateName":"Fortis","url":"https:\/\/fortiseyewear.co.uk\/","logo":{"@type":"ImageObject","inLanguage":"cs","@id":"https:\/\/fortiseyewear.co.uk\/#\/schema\/logo\/image\/","url":"https:\/\/fortiseyewear.co.uk\/wp-content\/uploads\/2019\/05\/1.FinalLogoMOBILE.jpg","contentUrl":"https:\/\/fortiseyewear.co.uk\/wp-content\/uploads\/2019\/05\/1.FinalLogoMOBILE.jpg","width":766,"height":541,"caption":"Fortis Eyewear"},"image":{"@id":"https:\/\/fortiseyewear.co.uk\/#\/schema\/logo\/image\/"},"sameAs":["https:\/\/www.facebook.com\/FortisEyewear","https:\/\/x.com\/fortiseyewear","https:\/\/www.instagram.com\/FortisEyewear","https:\/\/www.youtube.com\/channel\/UC5uI6lYx37ltUVATG5skJLw"]}]}},"_links":{"self":[{"href":"https:\/\/fortiseyewear.co.uk\/cs\/wp-json\/wp\/v2\/pages\/13297","targetHints":{"allow":["GET"]}}],"collection":[{"href":"https:\/\/fortiseyewear.co.uk\/cs\/wp-json\/wp\/v2\/pages"}],"about":[{"href":"https:\/\/fortiseyewear.co.uk\/cs\/wp-json\/wp\/v2\/types\/page"}],"author":[{"embeddable":true,"href":"https:\/\/fortiseyewear.co.uk\/cs\/wp-json\/wp\/v2\/users\/11"}],"replies":[{"embeddable":true,"href":"https:\/\/fortiseyewear.co.uk\/cs\/wp-json\/wp\/v2\/comments?post=13297"}],"version-history":[{"count":0,"href":"https:\/\/fortiseyewear.co.uk\/cs\/wp-json\/wp\/v2\/pages\/13297\/revisions"}],"up":[{"embeddable":true,"href":"https:\/\/fortiseyewear.co.uk\/cs\/wp-json\/wp\/v2\/pages\/67"}],"wp:attachment":[{"href":"https:\/\/fortiseyewear.co.uk\/cs\/wp-json\/wp\/v2\/media?parent=13297"}],"curies":[{"name":"wp","href":"https:\/\/api.w.org\/{rel}","templated":true}]}}