{"id":13485,"date":"2018-02-12T14:54:06","date_gmt":"2018-02-12T14:54:06","guid":{"rendered":"https:\/\/fortiseyewear.co.uk\/contact-2\/"},"modified":"2025-12-04T15:23:02","modified_gmt":"2025-12-04T15:23:02","slug":"contact","status":"publish","type":"page","link":"https:\/\/fortiseyewear.co.uk\/cs\/contact\/","title":{"rendered":"Kontakt"},"content":{"rendered":"<p>&nbsp;<\/p>","protected":false},"excerpt":{"rendered":"<p>&nbsp;<\/p>","protected":false},"author":11,"featured_media":0,"parent":0,"menu_order":0,"comment_status":"closed","ping_status":"open","template":"","meta":{"_acf_changed":false,"footnotes":""},"class_list":["post-13485","page","type-page","status-publish","hentry","prodpage-classic"],"acf":[],"yoast_head":"<!-- This site is optimized with the Yoast SEO Premium plugin v26.7 (Yoast SEO v26.7) - https:\/\/yoast.com\/wordpress\/plugins\/seo\/ -->\n<title>Contact Fortis Eyewear | General Enquiries, Product Advice &amp; Support<\/title>\n<meta name=\"description\" content=\"Get in touch with Fortis Eyewear. For general enquiries, product advice, sizing help or stockist information, use the form or contact us by phone or email. For warranty or returns, please see our Warranty page.\" \/>\n<meta name=\"robots\" content=\"index, follow, max-snippet:-1, max-image-preview:large, max-video-preview:-1\" \/>\n<link rel=\"canonical\" href=\"https:\/\/fortiseyewear.co.uk\/cs\/contact\/\" \/>\n<meta property=\"og:locale\" content=\"cs_CZ\" \/>\n<meta property=\"og:type\" content=\"article\" \/>\n<meta property=\"og:title\" content=\"Contact\" \/>\n<meta property=\"og:description\" content=\"Get in touch with Fortis Eyewear. For general enquiries, product advice, sizing help or stockist information, use the form or contact us by phone or email. For warranty or returns, please see our Warranty page.\" \/>\n<meta property=\"og:url\" content=\"https:\/\/fortiseyewear.co.uk\/cs\/contact\/\" \/>\n<meta property=\"og:site_name\" content=\"Fortis Eyewear\" \/>\n<meta property=\"article:publisher\" content=\"https:\/\/www.facebook.com\/FortisEyewear\" \/>\n<meta property=\"article:modified_time\" content=\"2025-12-04T15:23:02+00:00\" \/>\n<meta property=\"og:image\" content=\"https:\/\/fortiseyewear.co.uk\/wp-content\/uploads\/2023\/05\/Fallback-Image.jpg\" \/>\n\t<meta property=\"og:image:width\" content=\"1200\" \/>\n\t<meta property=\"og:image:height\" content=\"675\" \/>\n\t<meta property=\"og:image:type\" content=\"image\/jpeg\" \/>\n<meta name=\"twitter:card\" content=\"summary_large_image\" \/>\n<meta name=\"twitter:site\" content=\"@fortiseyewear\" \/>\n<meta name=\"twitter:label1\" content=\"Odhadovan\u00e1 doba \u010dten\u00ed\" \/>\n\t<meta name=\"twitter:data1\" content=\"1 minuta\" \/>\n<!-- \/ Yoast SEO Premium plugin. -->","yoast_head_json":{"title":"Contact Fortis Eyewear | General Enquiries, Product Advice & Support","description":"Get in touch with Fortis Eyewear. For general enquiries, product advice, sizing help or stockist information, use the form or contact us by phone or email. For warranty or returns, please see our Warranty page.","robots":{"index":"index","follow":"follow","max-snippet":"max-snippet:-1","max-image-preview":"max-image-preview:large","max-video-preview":"max-video-preview:-1"},"canonical":"https:\/\/fortiseyewear.co.uk\/cs\/contact\/","og_locale":"cs_CZ","og_type":"article","og_title":"Contact","og_description":"Get in touch with Fortis Eyewear. For general enquiries, product advice, sizing help or stockist information, use the form or contact us by phone or email. For warranty or returns, please see our Warranty page.","og_url":"https:\/\/fortiseyewear.co.uk\/cs\/contact\/","og_site_name":"Fortis Eyewear","article_publisher":"https:\/\/www.facebook.com\/FortisEyewear","article_modified_time":"2025-12-04T15:23:02+00:00","og_image":[{"width":1200,"height":675,"url":"https:\/\/fortiseyewear.co.uk\/wp-content\/uploads\/2023\/05\/Fallback-Image.jpg","type":"image\/jpeg"}],"twitter_card":"summary_large_image","twitter_site":"@fortiseyewear","twitter_misc":{"Odhadovan\u00e1 doba \u010dten\u00ed":"1 minuta"},"schema":{"@context":"https:\/\/schema.org","@graph":[{"@type":"WebPage","@id":"https:\/\/fortiseyewear.co.uk\/contact\/","url":"https:\/\/fortiseyewear.co.uk\/contact\/","name":"Contact Fortis Eyewear | General Enquiries, Product Advice & Support","isPartOf":{"@id":"https:\/\/fortiseyewear.co.uk\/#website"},"datePublished":"2018-02-12T14:54:06+00:00","dateModified":"2025-12-04T15:23:02+00:00","description":"Get in touch with Fortis Eyewear. For general enquiries, product advice, sizing help or stockist information, use the form or contact us by phone or email. For warranty or returns, please see our Warranty page.","breadcrumb":{"@id":"https:\/\/fortiseyewear.co.uk\/contact\/#breadcrumb"},"inLanguage":"cs","potentialAction":[{"@type":"ReadAction","target":["https:\/\/fortiseyewear.co.uk\/contact\/"]}]},{"@type":"BreadcrumbList","@id":"https:\/\/fortiseyewear.co.uk\/contact\/#breadcrumb","itemListElement":[{"@type":"ListItem","position":1,"name":"Home","item":"https:\/\/fortiseyewear.co.uk\/"},{"@type":"ListItem","position":2,"name":"Contact"}]},{"@type":"WebSite","@id":"https:\/\/fortiseyewear.co.uk\/#website","url":"https:\/\/fortiseyewear.co.uk\/","name":"Br\u00fdle Fortis","description":"Polarizovan\u00e9 ryb\u00e1\u0159sk\u00e9 slune\u010dn\u00ed br\u00fdle","publisher":{"@id":"https:\/\/fortiseyewear.co.uk\/#organization"},"alternateName":"Fortis","potentialAction":[{"@type":"SearchAction","target":{"@type":"EntryPoint","urlTemplate":"https:\/\/fortiseyewear.co.uk\/?s={search_term_string}"},"query-input":{"@type":"PropertyValueSpecification","valueRequired":true,"valueName":"search_term_string"}}],"inLanguage":"cs"},{"@type":"Organization","@id":"https:\/\/fortiseyewear.co.uk\/#organization","name":"Br\u00fdle Fortis","alternateName":"Fortis","url":"https:\/\/fortiseyewear.co.uk\/","logo":{"@type":"ImageObject","inLanguage":"cs","@id":"https:\/\/fortiseyewear.co.uk\/#\/schema\/logo\/image\/","url":"https:\/\/fortiseyewear.co.uk\/wp-content\/uploads\/2019\/05\/1.FinalLogoMOBILE.jpg","contentUrl":"https:\/\/fortiseyewear.co.uk\/wp-content\/uploads\/2019\/05\/1.FinalLogoMOBILE.jpg","width":766,"height":541,"caption":"Fortis Eyewear"},"image":{"@id":"https:\/\/fortiseyewear.co.uk\/#\/schema\/logo\/image\/"},"sameAs":["https:\/\/www.facebook.com\/FortisEyewear","https:\/\/x.com\/fortiseyewear","https:\/\/www.instagram.com\/FortisEyewear","https:\/\/www.youtube.com\/channel\/UC5uI6lYx37ltUVATG5skJLw"]}]}},"_links":{"self":[{"href":"https:\/\/fortiseyewear.co.uk\/cs\/wp-json\/wp\/v2\/pages\/13485","targetHints":{"allow":["GET"]}}],"collection":[{"href":"https:\/\/fortiseyewear.co.uk\/cs\/wp-json\/wp\/v2\/pages"}],"about":[{"href":"https:\/\/fortiseyewear.co.uk\/cs\/wp-json\/wp\/v2\/types\/page"}],"author":[{"embeddable":true,"href":"https:\/\/fortiseyewear.co.uk\/cs\/wp-json\/wp\/v2\/users\/11"}],"replies":[{"embeddable":true,"href":"https:\/\/fortiseyewear.co.uk\/cs\/wp-json\/wp\/v2\/comments?post=13485"}],"version-history":[{"count":5,"href":"https:\/\/fortiseyewear.co.uk\/cs\/wp-json\/wp\/v2\/pages\/13485\/revisions"}],"predecessor-version":[{"id":57686,"href":"https:\/\/fortiseyewear.co.uk\/cs\/wp-json\/wp\/v2\/pages\/13485\/revisions\/57686"}],"wp:attachment":[{"href":"https:\/\/fortiseyewear.co.uk\/cs\/wp-json\/wp\/v2\/media?parent=13485"}],"curies":[{"name":"wp","href":"https:\/\/api.w.org\/{rel}","templated":true}]}}