{"id":2015,"date":"2013-11-15T14:29:42","date_gmt":"2013-11-15T14:29:42","guid":{"rendered":"https:\/\/fortiseyewear.co.uk\/?page_id=2015"},"modified":"2025-06-13T10:46:05","modified_gmt":"2025-06-13T10:46:05","slug":"returns-policy","status":"publish","type":"page","link":"https:\/\/fortiseyewear.co.uk\/cs\/returns-policy\/","title":{"rendered":"Pravidla pro vracen\u00ed zbo\u017e\u00ed"},"content":{"rendered":"<h3>NA\u0160E Z\u00c1SADY VRACEN\u00cd ZBO\u017d\u00cd<\/h3>\n<p><b>NEJLEP\u0160\u00cd ZP\u016eSOBY, JAK N\u00c1S KONTAKTOVAT PRO VR\u00c1CEN\u00cd ZBO\u017d\u00cd<\/b><\/p>\n<p><b><\/b>M\u016f\u017eete n\u00e1s kontaktovat telefonicky (0208 460 7597) od pond\u011bl\u00ed do p\u00e1tku od 9 do 17 hodin (v sobotu, ned\u011bli a o sv\u00e1tc\u00edch je zav\u0159eno).<br \/>\nV p\u0159\u00edpad\u011b dotaz\u016f mimo pracovn\u00ed dobu nebo pokud je pro v\u00e1s pohodln\u011bj\u0161\u00ed poslat e-mail, m\u016f\u017eete n\u00e1s kontaktovat na adrese: info@test.fortiseyewear.co.uk.<\/p>\n<p>Na v\u0161echny e-maily na\u0161ich z\u00e1kazn\u00edk\u016f se sna\u017e\u00edme odpov\u00eddat do 24 hodin a r\u00e1di v\u00e1m zavol\u00e1me i v \u00fa\u0159edn\u00edch hodin\u00e1ch v \u010dase, kter\u00fd v\u00e1m bude v\u00edce vyhovovat. <b>P\u0159ed schv\u00e1len\u00edm vr\u00e1cen\u00ed je nutn\u00e9 telefonicky si promluvit.<\/b> (viz n\u00ed\u017ee).<\/p>\n<p><b>PODM\u00cdNKY VR\u00c1CEN\u00cd ZBO\u017d\u00cd (PRO BRITSK\u00c9 Z\u00c1KAZN\u00cdKY)<\/b><\/p>\n<p>Pokud v\u00e1m br\u00fdle z jak\u00e9hokoli d\u016fvodu nevyhovuj\u00ed, m\u016f\u017eete je vr\u00e1tit, vym\u011bnit nebo v\u00e1m budou vr\u00e1ceny pen\u00edze za p\u0159edpokladu, \u017ee jsou spln\u011bny n\u00e1sleduj\u00edc\u00ed podm\u00ednky:<\/p>\n<p>Obvykle je t\u0159eba d\u00e1t n\u00e1m v\u011bd\u011bt do sedmi dn\u016f po jejich odesl\u00e1n\u00ed. Vr\u00e1cen\u00e9 br\u00fdle n\u00e1m mus\u00ed b\u00fdt doru\u010deny do 14 dn\u016f od p\u016fvodn\u00edho data odesl\u00e1n\u00ed.<br \/>\nK bal\u00ed\u010dku s vr\u00e1cen\u00fdm zbo\u017e\u00edm p\u0159ilo\u017e\u00edte formul\u00e1\u0159 pro autorizaci vr\u00e1cen\u00ed (za\u0161leme v\u00e1m jej e-mailem pot\u00e9, co n\u00e1m zavol\u00e1te).<br \/>\nVr\u00e1cen\u00e9 zbo\u017e\u00ed mus\u00ed b\u00fdt v p\u016fvodn\u00edm stavu a s ve\u0161ker\u00fdm p\u0159\u00edslu\u0161enstv\u00edm, kter\u00e9 je sou\u010d\u00e1st\u00ed balen\u00ed (nap\u0159. pouzdra a had\u0159\u00edky).<br \/>\nP\u0159i n\u00e1kupu jste nebyli upozorn\u011bni (na\u0161imi optiky nebo informacemi na webov\u00fdch str\u00e1nk\u00e1ch), \u017ee va\u0161e p\u016fvodn\u00ed objedn\u00e1vka neodpov\u00edd\u00e1 va\u0161im pot\u0159eb\u00e1m.<\/p>\n<p>P\u0159i vracen\u00ed produktu doporu\u010dujeme z\u00edskat od po\u0161ty doklad o odesl\u00e1n\u00ed, proto\u017ee. <b>nem\u016f\u017eeme p\u0159evz\u00edt odpov\u011bdnost za z\u00e1silky ztracen\u00e9 na po\u0161t\u011b.<\/b> Va\u0161e z\u00e1konn\u00e1 pr\u00e1va na vr\u00e1cen\u00ed zbo\u017e\u00ed a vr\u00e1cen\u00ed pen\u011bz t\u00edm nejsou dot\u010dena.<\/p>\n<p><b>MEZIN\u00c1RODN\u00cd N\u00c1VRATY<\/b><\/p>\n<p>V p\u0159\u00edpad\u011b vr\u00e1cen\u00ed z <b>mimo Spojen\u00e9 kr\u00e1lovstv\u00ed<\/b> Nab\u00edz\u00edme n\u00e1sleduj\u00edc\u00ed pravidla pro vr\u00e1cen\u00ed zbo\u017e\u00ed:<\/p>\n<p>Jsme si v\u011bdomi toho, \u017ee doru\u010den\u00ed objedn\u00e1vky na mezin\u00e1rodn\u00ed adresu m\u016f\u017ee trvat o n\u011bco d\u00e9le, a proto p\u0159ij\u00edm\u00e1me vr\u00e1cen\u00e9 zbo\u017e\u00ed za p\u0159edpokladu, \u017ee m\u00e1te. <b>n\u00e1s kontaktoval do 14 dn\u016f<\/b> od odesl\u00e1n\u00ed va\u0161\u00ed objedn\u00e1vky, abyste informovali o ozn\u00e1men\u00ed o vr\u00e1cen\u00ed. Va\u0161e br\u00fdle by pak m\u011bly b\u00fdt vr\u00e1ceny na adresu <b>n\u00e1m doru\u010dit nejpozd\u011bji do dal\u0161\u00edch 10 dn\u016f.<\/b> od upozorn\u011bn\u00ed.<\/p>\n<p>K bal\u00ed\u010dku s vr\u00e1cen\u00fdm zbo\u017e\u00edm je t\u0159eba p\u0159ilo\u017eit formul\u00e1\u0159 pro autorizaci vr\u00e1cen\u00ed (za\u0161leme v\u00e1m jej e-mailem pot\u00e9, co n\u00e1m zavol\u00e1te).<br \/>\nVr\u00e1cen\u00e9 zbo\u017e\u00ed mus\u00ed b\u00fdt v p\u016fvodn\u00edm stavu a s ve\u0161ker\u00fdm p\u0159\u00edslu\u0161enstv\u00edm, kter\u00e9 je sou\u010d\u00e1st\u00ed balen\u00ed (nap\u0159. pouzdra a had\u0159\u00edky).<br \/>\nP\u0159\u00edpadn\u00e9 po\u0161tovn\u00e9 za vr\u00e1cen\u00ed br\u00fdl\u00ed n\u00e1m mus\u00ed uhradit odes\u00edlatel.<br \/>\nVa\u0161e vr\u00e1cen\u00ed bude p\u0159ijato za p\u0159edpokladu, \u017ee jste p\u0159i n\u00e1kupu nebyli upozorn\u011bni (na\u0161imi optiky nebo informacemi na webov\u00fdch str\u00e1nk\u00e1ch), \u017ee va\u0161e p\u016fvodn\u00ed objedn\u00e1vka je nevhodn\u00e1 pro va\u0161e pot\u0159eby.<\/p>\n<p>P\u0159i vracen\u00ed br\u00fdl\u00ed doporu\u010dujeme z\u00edskat doklad o odesl\u00e1n\u00ed nebo vyu\u017e\u00edt doporu\u010denou z\u00e1silku prost\u0159ednictv\u00edm kur\u00fdrn\u00ed spole\u010dnosti, proto\u017ee. <b>nem\u016f\u017eeme p\u0159evz\u00edt odpov\u011bdnost za z\u00e1silky ztracen\u00e9 na po\u0161t\u011b.<\/b> Va\u0161e z\u00e1konn\u00e1 pr\u00e1va na vr\u00e1cen\u00ed zbo\u017e\u00ed a vr\u00e1cen\u00ed pen\u011bz t\u00edm nejsou dot\u010dena.<\/p>","protected":false},"excerpt":{"rendered":"<p>NA\u0160E Z\u00c1SADY VR\u00c1CEN\u00cd ZBO\u017d\u00cd NEJLEP\u0160\u00cd ZP\u016eSOBY, JAK N\u00c1S KONTAKTOVAT PRO VR\u00c1CEN\u00cd ZBO\u017d\u00cd M\u016f\u017eete n\u00e1s kontaktovat telefonicky (0208 460 7597) od pond\u011bl\u00ed do p\u00e1tku od 9:00 do 17:00 (v sobotu, ned\u011bli a o sv\u00e1tc\u00edch zav\u0159eno). V p\u0159\u00edpad\u011b dotaz\u016f mimo pracovn\u00ed dobu, nebo pokud je pro v\u00e1s pohodln\u011bj\u0161\u00ed napsat e-mail, n\u00e1s m\u016f\u017eete kontaktovat na adrese: info@test.fortiseyewear.co.uk. Na\u0161\u00edm c\u00edlem je<\/p>","protected":false},"author":11,"featured_media":0,"parent":0,"menu_order":0,"comment_status":"closed","ping_status":"open","template":"","meta":{"_acf_changed":false,"footnotes":""},"class_list":["post-2015","page","type-page","status-publish","hentry","prodpage-classic"],"acf":[],"yoast_head":"<!-- This site is optimized with the Yoast SEO Premium plugin v26.7 (Yoast SEO v26.7) - https:\/\/yoast.com\/wordpress\/plugins\/seo\/ -->\n<title>Returns Policy - Fortis Eyewear<\/title>\n<meta name=\"description\" content=\"Need to return your polarised fishing sunglasses by Fortis Eyewear? These glasses enable fisherman to find fish in the water, using our X Bloc lens technology to eliminate surface glare from the sun\" \/>\n<meta name=\"robots\" content=\"index, follow, max-snippet:-1, max-image-preview:large, max-video-preview:-1\" \/>\n<link rel=\"canonical\" href=\"https:\/\/fortiseyewear.co.uk\/cs\/returns-policy\/\" \/>\n<meta property=\"og:locale\" content=\"cs_CZ\" \/>\n<meta property=\"og:type\" content=\"article\" \/>\n<meta property=\"og:title\" content=\"Returns Policy\" \/>\n<meta property=\"og:description\" content=\"Need to return your polarised fishing sunglasses by Fortis Eyewear? These glasses enable fisherman to find fish in the water, using our X Bloc lens technology to eliminate surface glare from the sun\" \/>\n<meta property=\"og:url\" content=\"https:\/\/fortiseyewear.co.uk\/cs\/returns-policy\/\" \/>\n<meta property=\"og:site_name\" content=\"Fortis Eyewear\" \/>\n<meta property=\"article:publisher\" content=\"https:\/\/www.facebook.com\/FortisEyewear\" \/>\n<meta property=\"article:modified_time\" content=\"2025-06-13T10:46:05+00:00\" \/>\n<meta property=\"og:image\" content=\"https:\/\/fortiseyewear.co.uk\/wp-content\/uploads\/2023\/05\/Fallback-Image.jpg\" \/>\n\t<meta property=\"og:image:width\" content=\"1200\" \/>\n\t<meta property=\"og:image:height\" content=\"675\" \/>\n\t<meta property=\"og:image:type\" content=\"image\/jpeg\" \/>\n<meta name=\"twitter:card\" content=\"summary_large_image\" \/>\n<meta name=\"twitter:site\" content=\"@fortiseyewear\" \/>\n<meta name=\"twitter:label1\" content=\"Odhadovan\u00e1 doba \u010dten\u00ed\" \/>\n\t<meta name=\"twitter:data1\" content=\"2 minuty\" \/>\n<!-- \/ Yoast SEO Premium plugin. -->","yoast_head_json":{"title":"Pravidla pro vr\u00e1cen\u00ed zbo\u017e\u00ed - Fortis Eyewear","description":"Pot\u0159ebujete vr\u00e1tit polariza\u010dn\u00ed ryb\u00e1\u0159sk\u00e9 br\u00fdle Fortis Eyewear? Tyto br\u00fdle umo\u017e\u0148uj\u00ed ryb\u00e1\u0159\u016fm naj\u00edt ryby ve vod\u011b d\u00edky na\u0161\u00ed technologii \u010do\u010dek X Bloc, kter\u00e1 eliminuje povrchov\u00e9 osln\u011bn\u00ed od slunce.","robots":{"index":"index","follow":"follow","max-snippet":"max-snippet:-1","max-image-preview":"max-image-preview:large","max-video-preview":"max-video-preview:-1"},"canonical":"https:\/\/fortiseyewear.co.uk\/cs\/returns-policy\/","og_locale":"cs_CZ","og_type":"article","og_title":"Returns Policy","og_description":"Need to return your polarised fishing sunglasses by Fortis Eyewear? These glasses enable fisherman to find fish in the water, using our X Bloc lens technology to eliminate surface glare from the sun","og_url":"https:\/\/fortiseyewear.co.uk\/cs\/returns-policy\/","og_site_name":"Fortis Eyewear","article_publisher":"https:\/\/www.facebook.com\/FortisEyewear","article_modified_time":"2025-06-13T10:46:05+00:00","og_image":[{"width":1200,"height":675,"url":"https:\/\/fortiseyewear.co.uk\/wp-content\/uploads\/2023\/05\/Fallback-Image.jpg","type":"image\/jpeg"}],"twitter_card":"summary_large_image","twitter_site":"@fortiseyewear","twitter_misc":{"Odhadovan\u00e1 doba \u010dten\u00ed":"2 minuty"},"schema":{"@context":"https:\/\/schema.org","@graph":[{"@type":"WebPage","@id":"https:\/\/fortiseyewear.co.uk\/returns-policy\/","url":"https:\/\/fortiseyewear.co.uk\/returns-policy\/","name":"Pravidla pro vr\u00e1cen\u00ed zbo\u017e\u00ed - Fortis Eyewear","isPartOf":{"@id":"https:\/\/fortiseyewear.co.uk\/#website"},"datePublished":"2013-11-15T14:29:42+00:00","dateModified":"2025-06-13T10:46:05+00:00","description":"Pot\u0159ebujete vr\u00e1tit polariza\u010dn\u00ed ryb\u00e1\u0159sk\u00e9 br\u00fdle Fortis Eyewear? Tyto br\u00fdle umo\u017e\u0148uj\u00ed ryb\u00e1\u0159\u016fm naj\u00edt ryby ve vod\u011b d\u00edky na\u0161\u00ed technologii \u010do\u010dek X Bloc, kter\u00e1 eliminuje povrchov\u00e9 osln\u011bn\u00ed od slunce.","breadcrumb":{"@id":"https:\/\/fortiseyewear.co.uk\/returns-policy\/#breadcrumb"},"inLanguage":"cs","potentialAction":[{"@type":"ReadAction","target":["https:\/\/fortiseyewear.co.uk\/returns-policy\/"]}]},{"@type":"BreadcrumbList","@id":"https:\/\/fortiseyewear.co.uk\/returns-policy\/#breadcrumb","itemListElement":[{"@type":"ListItem","position":1,"name":"Home","item":"https:\/\/fortiseyewear.co.uk\/"},{"@type":"ListItem","position":2,"name":"Returns Policy"}]},{"@type":"WebSite","@id":"https:\/\/fortiseyewear.co.uk\/#website","url":"https:\/\/fortiseyewear.co.uk\/","name":"Br\u00fdle Fortis","description":"Polarizovan\u00e9 ryb\u00e1\u0159sk\u00e9 slune\u010dn\u00ed br\u00fdle","publisher":{"@id":"https:\/\/fortiseyewear.co.uk\/#organization"},"alternateName":"Fortis","potentialAction":[{"@type":"SearchAction","target":{"@type":"EntryPoint","urlTemplate":"https:\/\/fortiseyewear.co.uk\/?s={search_term_string}"},"query-input":{"@type":"PropertyValueSpecification","valueRequired":true,"valueName":"search_term_string"}}],"inLanguage":"cs"},{"@type":"Organization","@id":"https:\/\/fortiseyewear.co.uk\/#organization","name":"Br\u00fdle Fortis","alternateName":"Fortis","url":"https:\/\/fortiseyewear.co.uk\/","logo":{"@type":"ImageObject","inLanguage":"cs","@id":"https:\/\/fortiseyewear.co.uk\/#\/schema\/logo\/image\/","url":"https:\/\/fortiseyewear.co.uk\/wp-content\/uploads\/2019\/05\/1.FinalLogoMOBILE.jpg","contentUrl":"https:\/\/fortiseyewear.co.uk\/wp-content\/uploads\/2019\/05\/1.FinalLogoMOBILE.jpg","width":766,"height":541,"caption":"Fortis Eyewear"},"image":{"@id":"https:\/\/fortiseyewear.co.uk\/#\/schema\/logo\/image\/"},"sameAs":["https:\/\/www.facebook.com\/FortisEyewear","https:\/\/x.com\/fortiseyewear","https:\/\/www.instagram.com\/FortisEyewear","https:\/\/www.youtube.com\/channel\/UC5uI6lYx37ltUVATG5skJLw"]}]}},"_links":{"self":[{"href":"https:\/\/fortiseyewear.co.uk\/cs\/wp-json\/wp\/v2\/pages\/2015","targetHints":{"allow":["GET"]}}],"collection":[{"href":"https:\/\/fortiseyewear.co.uk\/cs\/wp-json\/wp\/v2\/pages"}],"about":[{"href":"https:\/\/fortiseyewear.co.uk\/cs\/wp-json\/wp\/v2\/types\/page"}],"author":[{"embeddable":true,"href":"https:\/\/fortiseyewear.co.uk\/cs\/wp-json\/wp\/v2\/users\/11"}],"replies":[{"embeddable":true,"href":"https:\/\/fortiseyewear.co.uk\/cs\/wp-json\/wp\/v2\/comments?post=2015"}],"version-history":[{"count":5,"href":"https:\/\/fortiseyewear.co.uk\/cs\/wp-json\/wp\/v2\/pages\/2015\/revisions"}],"predecessor-version":[{"id":54534,"href":"https:\/\/fortiseyewear.co.uk\/cs\/wp-json\/wp\/v2\/pages\/2015\/revisions\/54534"}],"wp:attachment":[{"href":"https:\/\/fortiseyewear.co.uk\/cs\/wp-json\/wp\/v2\/media?parent=2015"}],"curies":[{"name":"wp","href":"https:\/\/api.w.org\/{rel}","templated":true}]}}