{"id":2083,"date":"2014-01-15T13:37:34","date_gmt":"2014-01-15T13:37:34","guid":{"rendered":"https:\/\/fortiseyewear.co.uk\/?page_id=2083"},"modified":"2020-02-12T14:03:57","modified_gmt":"2020-02-12T14:03:57","slug":"etienne-gebel","status":"publish","type":"page","link":"https:\/\/fortiseyewear.co.uk\/cs\/collective\/etienne-gebel\/","title":{"rendered":"Etienne Gebel"},"content":{"rendered":"<h3><img decoding=\"async\" class=\"alignnone size-full wp-image-4545\" src=\"https:\/\/fortiseyewear.co.uk\/wp-content\/uploads\/2014\/01\/EtienneGebelHeader.jpg\" alt=\"EtienneGebelHeader\" width=\"680\" height=\"226\" srcset=\"https:\/\/fortiseyewear.co.uk\/wp-content\/uploads\/2014\/01\/EtienneGebelHeader.jpg 680w, https:\/\/fortiseyewear.co.uk\/wp-content\/uploads\/2014\/01\/EtienneGebelHeader-300x100.jpg 300w, https:\/\/fortiseyewear.co.uk\/wp-content\/uploads\/2014\/01\/EtienneGebelHeader-600x199.jpg 600w, https:\/\/fortiseyewear.co.uk\/wp-content\/uploads\/2014\/01\/EtienneGebelHeader-640x213.jpg 640w, https:\/\/fortiseyewear.co.uk\/wp-content\/uploads\/2014\/01\/EtienneGebelHeader-150x50.jpg 150w, https:\/\/fortiseyewear.co.uk\/wp-content\/uploads\/2014\/01\/EtienneGebelHeader-280x93.jpg 280w, https:\/\/fortiseyewear.co.uk\/wp-content\/uploads\/2014\/01\/EtienneGebelHeader-160x53.jpg 160w, https:\/\/fortiseyewear.co.uk\/wp-content\/uploads\/2014\/01\/EtienneGebelHeader-320x106.jpg 320w, https:\/\/fortiseyewear.co.uk\/wp-content\/uploads\/2014\/01\/EtienneGebelHeader-480x160.jpg 480w\" sizes=\"(max-width: 680px) 100vw, 680px\" \/><\/h3>\n<h3>V krvi...<\/h3>\n<p>S velk\u00fdm pot\u011b\u0161en\u00edm v\u00edt\u00e1me Etienna Gebela v kolektivu Fortis Collective. Etienne poch\u00e1z\u00ed z N\u011bmecka a projevuje obrovskou v\u00e1\u0161e\u0148 pro na\u0161i milovanou z\u00e1bavu, kter\u00e1 skute\u010dn\u011b odr\u00e1\u017e\u00ed \u00e9tos Fortisu, tedy objevov\u00e1n\u00ed p\u0159\u00edrody. Etienne m\u00e1 vynikaj\u00edc\u00ed znalosti a pochopen\u00ed toho, co znamen\u00e1 lovit velk\u00e9 ryby, a je pro kolektiv skute\u010dn\u00fdm p\u0159\u00ednosem. Setkali jsme se s Etiennem, kter\u00fd n\u00e1m o sob\u011b n\u011bco m\u00e1lo pov\u011bd\u011bl...<\/p>\n<p>Ryba\u0159en\u00ed je m\u016fj \u017eivot, u\u017e\u00edv\u00e1m si p\u0159\u00edrody a pro\u017e\u00edv\u00e1m dobrodru\u017estv\u00ed. Lov kapr\u016f je pro m\u011b nesm\u00edrn\u011b d\u016fle\u017eit\u00fd, jen jedna v\u011bc mi le\u017e\u00ed na srdci v\u00edc, a to je moje rodina. Moje \u017eena Janine a syn Maximilian![toggle_basic title=\"Read More\"]\n<p>S ryba\u0159en\u00edm jsem za\u010dal jako mal\u00fd kluk v roce 1981. P\u0159\u00edmo jsem poc\u00edtil vztah k matce p\u0159\u00edrod\u011b a tvor\u016fm, kte\u0159\u00ed ji ob\u00fdvaj\u00ed. Velmi rychle jsem narazil na velmi zvl\u00e1\u0161tn\u00ed rybu, kapra! Za\u010dal jsem k nim budovat obdiv a od t\u00e9 chv\u00edle jsem je za\u010dal lovit. Od t\u00e9 doby mi z\u016fstali v hlav\u011b a\u017e do dne\u0161n\u00edho dne.<\/p>\n<p>V posledn\u00edch letech lov\u00edm v\u011bt\u0161\u00ed kapry v mohutn\u00fdch \u010dist\u00fdch jezerech s n\u00edzkou obs\u00e1dkou pobl\u00ed\u017e \u0159eky R\u00fdn, kde \u017eiji. Je to a byla to tvrd\u00e1 pr\u00e1ce. Na tyto plach\u00e9 ryby je t\u0159eba vyt\u00e1hnout v\u0161echny triky z krabi\u010dky. NIKDY nepodce\u0148ujte to, co ryby vid\u00ed, sly\u0161\u00ed a c\u00edt\u00ed!<\/p>\n<p>Nau\u010dila jsem se, \u017ee kl\u00ed\u010dov\u00e9 je pozorovat je a b\u00fdt sou\u010d\u00e1st\u00ed prost\u0159ed\u00ed! Za v\u0161echno \u00fasil\u00ed, kter\u00e9 jsem musel vynalo\u017eit, jsem byl odm\u011bn\u011bn mnoha obrovsk\u00fdmi a jedine\u010dn\u00fdmi rybami. M\u00e1lokdy v\u0161ak mluv\u00edm o hmotnosti ryb. Sp\u00ed\u0161e mluv\u00edm, p\u00ed\u0161u a fotografuji z\u00e1\u017eitky a situace, kter\u00e9 m\u011b na m\u00e9 cest\u011b potkaly. Z\u00e1\u017eitky se po\u010d\u00edtaj\u00ed...<br \/>\nNem\u016f\u017eeme ne\u017e souhlasit...[\/toggle_basic]\n[shareprints gallery_id=\"4543\u2033 gallery_type=\"masonry\" gallery_position=\"pos_center\" gallery_width=\"width_100\u2033 image_size=\"medium\" image_padding=\"5\u2033 theme=\"dark\" image_hover=\"colortosepia\" lightbox_type=\"slide\" titles=\"true\" captions=\"true\" descriptions=\"true\" comments=\"false\" sharing=\"true\"]","protected":false},"excerpt":{"rendered":"<p>V krvi... S velk\u00fdm pot\u011b\u0161en\u00edm v\u00edt\u00e1me Etienna Gebela v kolektivu Fortis Collective. Etienne poch\u00e1z\u00ed z N\u011bmecka a projevuje obrovskou v\u00e1\u0161e\u0148 pro na\u0161i milovanou z\u00e1bavu, kter\u00e1 skute\u010dn\u011b odr\u00e1\u017e\u00ed \u00e9tos Fortisu, tedy objevov\u00e1n\u00ed p\u0159\u00edrody. Etienne m\u00e1 vynikaj\u00edc\u00ed znalosti a pochopen\u00ed toho, co znamen\u00e1 lovit velk\u00e9 ryby a co je to lovit.<\/p>","protected":false},"author":11,"featured_media":0,"parent":67,"menu_order":0,"comment_status":"closed","ping_status":"open","template":"","meta":{"_acf_changed":false,"footnotes":""},"class_list":["post-2083","page","type-page","status-publish","hentry","prodpage-classic"],"acf":[],"yoast_head":"<!-- This site is optimized with the Yoast SEO Premium plugin v26.7 (Yoast SEO v26.7) - https:\/\/yoast.com\/wordpress\/plugins\/seo\/ -->\n<title>Fortis Eyewear Etienne Gebel Carp Angler Germany<\/title>\n<meta name=\"robots\" content=\"index, follow, max-snippet:-1, max-image-preview:large, max-video-preview:-1\" \/>\n<link rel=\"canonical\" href=\"https:\/\/fortiseyewear.co.uk\/cs\/collective\/etienne-gebel\/\" \/>\n<meta property=\"og:locale\" content=\"cs_CZ\" \/>\n<meta property=\"og:type\" content=\"article\" \/>\n<meta property=\"og:title\" content=\"Etienne Gebel\" \/>\n<meta property=\"og:description\" content=\"In the Blood&#8230; It is with great pleasure that we welcome Etienne Gebel to the Fortis Collective. Hailing from Germany, Etienne displays enormous passion for our beloved pastime, which really reflects the Fortis ethos of exploring the great outdoors. Etienne has a superb knowledge and understanding of what it means to hunt large fish and\" \/>\n<meta property=\"og:url\" content=\"https:\/\/fortiseyewear.co.uk\/cs\/collective\/etienne-gebel\/\" \/>\n<meta property=\"og:site_name\" content=\"Fortis Eyewear\" \/>\n<meta property=\"article:publisher\" content=\"https:\/\/www.facebook.com\/FortisEyewear\" \/>\n<meta property=\"article:modified_time\" content=\"2020-02-12T14:03:57+00:00\" \/>\n<meta property=\"og:image\" content=\"https:\/\/fortiseyewear.co.uk\/wp-content\/uploads\/2014\/01\/EtienneGebelHeader.jpg\" \/>\n<meta name=\"twitter:card\" content=\"summary_large_image\" \/>\n<meta name=\"twitter:site\" content=\"@fortiseyewear\" \/>\n<meta name=\"twitter:label1\" content=\"Odhadovan\u00e1 doba \u010dten\u00ed\" \/>\n\t<meta name=\"twitter:data1\" content=\"2 minuty\" \/>\n<!-- \/ Yoast SEO Premium plugin. -->","yoast_head_json":{"title":"Fortis Eyewear Etienne Gebel Carp Angler Germany","robots":{"index":"index","follow":"follow","max-snippet":"max-snippet:-1","max-image-preview":"max-image-preview:large","max-video-preview":"max-video-preview:-1"},"canonical":"https:\/\/fortiseyewear.co.uk\/cs\/collective\/etienne-gebel\/","og_locale":"cs_CZ","og_type":"article","og_title":"Etienne Gebel","og_description":"In the Blood&#8230; It is with great pleasure that we welcome Etienne Gebel to the Fortis Collective. Hailing from Germany, Etienne displays enormous passion for our beloved pastime, which really reflects the Fortis ethos of exploring the great outdoors. Etienne has a superb knowledge and understanding of what it means to hunt large fish and","og_url":"https:\/\/fortiseyewear.co.uk\/cs\/collective\/etienne-gebel\/","og_site_name":"Fortis Eyewear","article_publisher":"https:\/\/www.facebook.com\/FortisEyewear","article_modified_time":"2020-02-12T14:03:57+00:00","og_image":[{"url":"https:\/\/fortiseyewear.co.uk\/wp-content\/uploads\/2014\/01\/EtienneGebelHeader.jpg","type":"","width":"","height":""}],"twitter_card":"summary_large_image","twitter_site":"@fortiseyewear","twitter_misc":{"Odhadovan\u00e1 doba \u010dten\u00ed":"2 minuty"},"schema":{"@context":"https:\/\/schema.org","@graph":[{"@type":"WebPage","@id":"https:\/\/fortiseyewear.co.uk\/collective\/etienne-gebel\/","url":"https:\/\/fortiseyewear.co.uk\/collective\/etienne-gebel\/","name":"Fortis Eyewear Etienne Gebel Carp Angler Germany","isPartOf":{"@id":"https:\/\/fortiseyewear.co.uk\/#website"},"primaryImageOfPage":{"@id":"https:\/\/fortiseyewear.co.uk\/collective\/etienne-gebel\/#primaryimage"},"image":{"@id":"https:\/\/fortiseyewear.co.uk\/collective\/etienne-gebel\/#primaryimage"},"thumbnailUrl":"https:\/\/fortiseyewear.co.uk\/wp-content\/uploads\/2014\/01\/EtienneGebelHeader.jpg","datePublished":"2014-01-15T13:37:34+00:00","dateModified":"2020-02-12T14:03:57+00:00","breadcrumb":{"@id":"https:\/\/fortiseyewear.co.uk\/collective\/etienne-gebel\/#breadcrumb"},"inLanguage":"cs","potentialAction":[{"@type":"ReadAction","target":["https:\/\/fortiseyewear.co.uk\/collective\/etienne-gebel\/"]}]},{"@type":"ImageObject","inLanguage":"cs","@id":"https:\/\/fortiseyewear.co.uk\/collective\/etienne-gebel\/#primaryimage","url":"https:\/\/fortiseyewear.co.uk\/wp-content\/uploads\/2014\/01\/EtienneGebelHeader.jpg","contentUrl":"https:\/\/fortiseyewear.co.uk\/wp-content\/uploads\/2014\/01\/EtienneGebelHeader.jpg"},{"@type":"BreadcrumbList","@id":"https:\/\/fortiseyewear.co.uk\/collective\/etienne-gebel\/#breadcrumb","itemListElement":[{"@type":"ListItem","position":1,"name":"Home","item":"https:\/\/fortiseyewear.co.uk\/"},{"@type":"ListItem","position":2,"name":"The Collective","item":"https:\/\/fortiseyewear.co.uk\/collective\/"},{"@type":"ListItem","position":3,"name":"Etienne Gebel"}]},{"@type":"WebSite","@id":"https:\/\/fortiseyewear.co.uk\/#website","url":"https:\/\/fortiseyewear.co.uk\/","name":"Br\u00fdle Fortis","description":"Polarizovan\u00e9 ryb\u00e1\u0159sk\u00e9 slune\u010dn\u00ed br\u00fdle","publisher":{"@id":"https:\/\/fortiseyewear.co.uk\/#organization"},"alternateName":"Fortis","potentialAction":[{"@type":"SearchAction","target":{"@type":"EntryPoint","urlTemplate":"https:\/\/fortiseyewear.co.uk\/?s={search_term_string}"},"query-input":{"@type":"PropertyValueSpecification","valueRequired":true,"valueName":"search_term_string"}}],"inLanguage":"cs"},{"@type":"Organization","@id":"https:\/\/fortiseyewear.co.uk\/#organization","name":"Br\u00fdle Fortis","alternateName":"Fortis","url":"https:\/\/fortiseyewear.co.uk\/","logo":{"@type":"ImageObject","inLanguage":"cs","@id":"https:\/\/fortiseyewear.co.uk\/#\/schema\/logo\/image\/","url":"https:\/\/fortiseyewear.co.uk\/wp-content\/uploads\/2019\/05\/1.FinalLogoMOBILE.jpg","contentUrl":"https:\/\/fortiseyewear.co.uk\/wp-content\/uploads\/2019\/05\/1.FinalLogoMOBILE.jpg","width":766,"height":541,"caption":"Fortis Eyewear"},"image":{"@id":"https:\/\/fortiseyewear.co.uk\/#\/schema\/logo\/image\/"},"sameAs":["https:\/\/www.facebook.com\/FortisEyewear","https:\/\/x.com\/fortiseyewear","https:\/\/www.instagram.com\/FortisEyewear","https:\/\/www.youtube.com\/channel\/UC5uI6lYx37ltUVATG5skJLw"]}]}},"_links":{"self":[{"href":"https:\/\/fortiseyewear.co.uk\/cs\/wp-json\/wp\/v2\/pages\/2083","targetHints":{"allow":["GET"]}}],"collection":[{"href":"https:\/\/fortiseyewear.co.uk\/cs\/wp-json\/wp\/v2\/pages"}],"about":[{"href":"https:\/\/fortiseyewear.co.uk\/cs\/wp-json\/wp\/v2\/types\/page"}],"author":[{"embeddable":true,"href":"https:\/\/fortiseyewear.co.uk\/cs\/wp-json\/wp\/v2\/users\/11"}],"replies":[{"embeddable":true,"href":"https:\/\/fortiseyewear.co.uk\/cs\/wp-json\/wp\/v2\/comments?post=2083"}],"version-history":[{"count":0,"href":"https:\/\/fortiseyewear.co.uk\/cs\/wp-json\/wp\/v2\/pages\/2083\/revisions"}],"up":[{"embeddable":true,"href":"https:\/\/fortiseyewear.co.uk\/cs\/wp-json\/wp\/v2\/pages\/67"}],"wp:attachment":[{"href":"https:\/\/fortiseyewear.co.uk\/cs\/wp-json\/wp\/v2\/media?parent=2083"}],"curies":[{"name":"wp","href":"https:\/\/api.w.org\/{rel}","templated":true}]}}