{"id":2227,"date":"2014-02-18T13:27:19","date_gmt":"2014-02-18T13:27:19","guid":{"rendered":"https:\/\/fortiseyewear.co.uk\/?page_id=2227"},"modified":"2020-02-12T14:05:49","modified_gmt":"2020-02-12T14:05:49","slug":"roy-alofs","status":"publish","type":"page","link":"https:\/\/fortiseyewear.co.uk\/cs\/collective\/roy-alofs\/","title":{"rendered":"Roy Alofs"},"content":{"rendered":"<h3><img decoding=\"async\" class=\"alignnone size-full wp-image-4399\" src=\"https:\/\/fortiseyewear.co.uk\/wp-content\/uploads\/2014\/02\/RoyAlofsHeader.jpg\" alt=\"RoyAlofsHeader\" width=\"680\" height=\"226\" srcset=\"https:\/\/fortiseyewear.co.uk\/wp-content\/uploads\/2014\/02\/RoyAlofsHeader.jpg 680w, https:\/\/fortiseyewear.co.uk\/wp-content\/uploads\/2014\/02\/RoyAlofsHeader-300x100.jpg 300w, https:\/\/fortiseyewear.co.uk\/wp-content\/uploads\/2014\/02\/RoyAlofsHeader-600x199.jpg 600w, https:\/\/fortiseyewear.co.uk\/wp-content\/uploads\/2014\/02\/RoyAlofsHeader-640x213.jpg 640w, https:\/\/fortiseyewear.co.uk\/wp-content\/uploads\/2014\/02\/RoyAlofsHeader-150x50.jpg 150w, https:\/\/fortiseyewear.co.uk\/wp-content\/uploads\/2014\/02\/RoyAlofsHeader-280x93.jpg 280w, https:\/\/fortiseyewear.co.uk\/wp-content\/uploads\/2014\/02\/RoyAlofsHeader-160x53.jpg 160w, https:\/\/fortiseyewear.co.uk\/wp-content\/uploads\/2014\/02\/RoyAlofsHeader-320x106.jpg 320w, https:\/\/fortiseyewear.co.uk\/wp-content\/uploads\/2014\/02\/RoyAlofsHeader-480x160.jpg 480w\" sizes=\"(max-width: 680px) 100vw, 680px\" \/><\/h3>\n<h3>See Deeper<\/h3>\n<p>Rest, dream and enjoy. These are a few key words for my experience in fishing. Experience nature in a pure way. For a moment no people around me. Fled from reality but also fled from the busy life with the associated responsibilities. A time to put things in perspective. But the most important: the experience of absolute freedom. But of course with one goal: to catch a carp. Where carp swims, I want to catch them. It is a drive. A hunting instinct. Preferably in an environment where I am myself appointed. Because I am a loner when I\u2019m out fishing.<\/p>\n<blockquote class=\"\"><p>The road of life twists and turns and no two directions are ever the same. Yet our lessons come from the journey, not the destination<\/p><\/blockquote>(Don Williams, Jr.)<\/p>\n[shareprints gallery_id=&#8221;4323&#8243; gallery_type=&#8221;masonry&#8221; gallery_position=&#8221;pos_center&#8221; gallery_width=&#8221;width_100&#8243; image_size=&#8221;medium&#8221; image_padding=&#8221;5&#8243; theme=&#8221;dark&#8221; image_hover=&#8221;colortosepia&#8221; lightbox_type=&#8221;slide&#8221; titles=&#8221;true&#8221; captions=&#8221;true&#8221; descriptions=&#8221;true&#8221; comments=&#8221;false&#8221; sharing=&#8221;true&#8221;]\n","protected":false},"excerpt":{"rendered":"<p>Pod\u00edvejte se na Deeper Rest, sn\u011bte a u\u017e\u00edvejte si. To je n\u011bkolik kl\u00ed\u010dov\u00fdch slov pro m\u00e9 zku\u0161enosti s ryba\u0159en\u00edm. Za\u017eijte p\u0159\u00edrodu \u010dist\u00fdm zp\u016fsobem. Na chv\u00edli \u017e\u00e1dn\u00ed lid\u00e9 kolem m\u011b. \u00dat\u011bk od reality, ale tak\u00e9 \u00fat\u011bk od ru\u0161n\u00e9ho \u017eivota a s n\u00edm spojen\u00fdch povinnost\u00ed. \u010cas na to, abych se na v\u011bci pod\u00edval z nadhledu. Ale to nejd\u016fle\u017eit\u011bj\u0161\u00ed:<\/p>","protected":false},"author":11,"featured_media":0,"parent":67,"menu_order":0,"comment_status":"closed","ping_status":"open","template":"","meta":{"_acf_changed":false,"footnotes":""},"class_list":["post-2227","page","type-page","status-publish","hentry","prodpage-classic"],"acf":[],"yoast_head":"<!-- This site is optimized with the Yoast SEO Premium plugin v27.5 (Yoast SEO v27.5) - https:\/\/yoast.com\/product\/yoast-seo-premium-wordpress\/ -->\n<title>Polarised Fishing Sunglasses Fortis Eyewear Roy Alofs Europe<\/title>\n<meta name=\"description\" content=\"Angler\u2019s such as Roy Alofs use polarised fishing sunglasses by Fortis Eyewear will help you catch more fish. Lens technology eliminates surface glare from the sun will put more fish on the bank\" \/>\n<meta name=\"robots\" content=\"index, follow, max-snippet:-1, max-image-preview:large, max-video-preview:-1\" \/>\n<link rel=\"canonical\" href=\"https:\/\/fortiseyewear.co.uk\/cs\/collective\/roy-alofs\/\" \/>\n<meta property=\"og:locale\" content=\"cs_CZ\" \/>\n<meta property=\"og:type\" content=\"article\" \/>\n<meta property=\"og:title\" content=\"Roy Alofs\" \/>\n<meta property=\"og:description\" content=\"Angler\u2019s such as Roy Alofs use polarised fishing sunglasses by Fortis Eyewear will help you catch more fish. Lens technology eliminates surface glare from the sun will put more fish on the bank\" \/>\n<meta property=\"og:url\" content=\"https:\/\/fortiseyewear.co.uk\/cs\/collective\/roy-alofs\/\" \/>\n<meta property=\"og:site_name\" content=\"Fortis Eyewear\" \/>\n<meta property=\"article:publisher\" content=\"https:\/\/www.facebook.com\/FortisEyewear\" \/>\n<meta property=\"article:modified_time\" content=\"2020-02-12T14:05:49+00:00\" \/>\n<meta property=\"og:image\" content=\"https:\/\/fortiseyewear.co.uk\/wp-content\/uploads\/2014\/02\/RoyAlofsHeader.jpg\" \/>\n<meta name=\"twitter:card\" content=\"summary_large_image\" \/>\n<meta name=\"twitter:site\" content=\"@fortiseyewear\" \/>\n<meta name=\"twitter:label1\" content=\"Odhadovan\u00e1 doba \u010dten\u00ed\" \/>\n\t<meta name=\"twitter:data1\" content=\"1 minuta\" \/>\n<!-- \/ Yoast SEO Premium plugin. -->","yoast_head_json":{"title":"Polarised Fishing Sunglasses Fortis Eyewear Roy Alofs Europe","description":"Angler\u2019s such as Roy Alofs use polarised fishing sunglasses by Fortis Eyewear will help you catch more fish. Lens technology eliminates surface glare from the sun will put more fish on the bank","robots":{"index":"index","follow":"follow","max-snippet":"max-snippet:-1","max-image-preview":"max-image-preview:large","max-video-preview":"max-video-preview:-1"},"canonical":"https:\/\/fortiseyewear.co.uk\/cs\/collective\/roy-alofs\/","og_locale":"cs_CZ","og_type":"article","og_title":"Roy Alofs","og_description":"Angler\u2019s such as Roy Alofs use polarised fishing sunglasses by Fortis Eyewear will help you catch more fish. Lens technology eliminates surface glare from the sun will put more fish on the bank","og_url":"https:\/\/fortiseyewear.co.uk\/cs\/collective\/roy-alofs\/","og_site_name":"Fortis Eyewear","article_publisher":"https:\/\/www.facebook.com\/FortisEyewear","article_modified_time":"2020-02-12T14:05:49+00:00","og_image":[{"url":"https:\/\/fortiseyewear.co.uk\/wp-content\/uploads\/2014\/02\/RoyAlofsHeader.jpg","type":"","width":"","height":""}],"twitter_card":"summary_large_image","twitter_site":"@fortiseyewear","twitter_misc":{"Odhadovan\u00e1 doba \u010dten\u00ed":"1 minuta"},"schema":{"@context":"https:\/\/schema.org","@graph":[{"@type":"WebPage","@id":"https:\/\/fortiseyewear.co.uk\/collective\/roy-alofs\/","url":"https:\/\/fortiseyewear.co.uk\/collective\/roy-alofs\/","name":"Polarised Fishing Sunglasses Fortis Eyewear Roy Alofs Europe","isPartOf":{"@id":"https:\/\/fortiseyewear.co.uk\/#website"},"primaryImageOfPage":{"@id":"https:\/\/fortiseyewear.co.uk\/collective\/roy-alofs\/#primaryimage"},"image":{"@id":"https:\/\/fortiseyewear.co.uk\/collective\/roy-alofs\/#primaryimage"},"thumbnailUrl":"https:\/\/fortiseyewear.co.uk\/wp-content\/uploads\/2014\/02\/RoyAlofsHeader.jpg","datePublished":"2014-02-18T13:27:19+00:00","dateModified":"2020-02-12T14:05:49+00:00","description":"Angler\u2019s such as Roy Alofs use polarised fishing sunglasses by Fortis Eyewear will help you catch more fish. Lens technology eliminates surface glare from the sun will put more fish on the bank","breadcrumb":{"@id":"https:\/\/fortiseyewear.co.uk\/collective\/roy-alofs\/#breadcrumb"},"inLanguage":"cs","potentialAction":[{"@type":"ReadAction","target":["https:\/\/fortiseyewear.co.uk\/collective\/roy-alofs\/"]}]},{"@type":"ImageObject","inLanguage":"cs","@id":"https:\/\/fortiseyewear.co.uk\/collective\/roy-alofs\/#primaryimage","url":"https:\/\/fortiseyewear.co.uk\/wp-content\/uploads\/2014\/02\/RoyAlofsHeader.jpg","contentUrl":"https:\/\/fortiseyewear.co.uk\/wp-content\/uploads\/2014\/02\/RoyAlofsHeader.jpg"},{"@type":"BreadcrumbList","@id":"https:\/\/fortiseyewear.co.uk\/collective\/roy-alofs\/#breadcrumb","itemListElement":[{"@type":"ListItem","position":1,"name":"Home","item":"https:\/\/fortiseyewear.co.uk\/"},{"@type":"ListItem","position":2,"name":"The Collective","item":"https:\/\/fortiseyewear.co.uk\/collective\/"},{"@type":"ListItem","position":3,"name":"Roy Alofs"}]},{"@type":"WebSite","@id":"https:\/\/fortiseyewear.co.uk\/#website","url":"https:\/\/fortiseyewear.co.uk\/","name":"Br\u00fdle Fortis","description":"Polarizovan\u00e9 ryb\u00e1\u0159sk\u00e9 slune\u010dn\u00ed br\u00fdle","publisher":{"@id":"https:\/\/fortiseyewear.co.uk\/#organization"},"alternateName":"Fortis","potentialAction":[{"@type":"SearchAction","target":{"@type":"EntryPoint","urlTemplate":"https:\/\/fortiseyewear.co.uk\/?s={search_term_string}"},"query-input":{"@type":"PropertyValueSpecification","valueRequired":true,"valueName":"search_term_string"}}],"inLanguage":"cs"},{"@type":"Organization","@id":"https:\/\/fortiseyewear.co.uk\/#organization","name":"Br\u00fdle Fortis","alternateName":"Fortis","url":"https:\/\/fortiseyewear.co.uk\/","logo":{"@type":"ImageObject","inLanguage":"cs","@id":"https:\/\/fortiseyewear.co.uk\/#\/schema\/logo\/image\/","url":"https:\/\/fortiseyewear.co.uk\/wp-content\/uploads\/2019\/05\/1.FinalLogoMOBILE.jpg","contentUrl":"https:\/\/fortiseyewear.co.uk\/wp-content\/uploads\/2019\/05\/1.FinalLogoMOBILE.jpg","width":766,"height":541,"caption":"Fortis Eyewear"},"image":{"@id":"https:\/\/fortiseyewear.co.uk\/#\/schema\/logo\/image\/"},"sameAs":["https:\/\/www.facebook.com\/FortisEyewear","https:\/\/x.com\/fortiseyewear","https:\/\/www.instagram.com\/FortisEyewear","https:\/\/www.youtube.com\/channel\/UC5uI6lYx37ltUVATG5skJLw"]}]}},"_links":{"self":[{"href":"https:\/\/fortiseyewear.co.uk\/cs\/wp-json\/wp\/v2\/pages\/2227","targetHints":{"allow":["GET"]}}],"collection":[{"href":"https:\/\/fortiseyewear.co.uk\/cs\/wp-json\/wp\/v2\/pages"}],"about":[{"href":"https:\/\/fortiseyewear.co.uk\/cs\/wp-json\/wp\/v2\/types\/page"}],"author":[{"embeddable":true,"href":"https:\/\/fortiseyewear.co.uk\/cs\/wp-json\/wp\/v2\/users\/11"}],"replies":[{"embeddable":true,"href":"https:\/\/fortiseyewear.co.uk\/cs\/wp-json\/wp\/v2\/comments?post=2227"}],"version-history":[{"count":0,"href":"https:\/\/fortiseyewear.co.uk\/cs\/wp-json\/wp\/v2\/pages\/2227\/revisions"}],"up":[{"embeddable":true,"href":"https:\/\/fortiseyewear.co.uk\/cs\/wp-json\/wp\/v2\/pages\/67"}],"wp:attachment":[{"href":"https:\/\/fortiseyewear.co.uk\/cs\/wp-json\/wp\/v2\/media?parent=2227"}],"curies":[{"name":"wp","href":"https:\/\/api.w.org\/{rel}","templated":true}]}}