{"id":2385,"date":"2014-03-26T16:24:26","date_gmt":"2014-03-26T16:24:26","guid":{"rendered":"https:\/\/fortiseyewear.co.uk\/?page_id=2385"},"modified":"2020-02-12T14:02:42","modified_gmt":"2020-02-12T14:02:42","slug":"dennis-de-wilde","status":"publish","type":"page","link":"https:\/\/fortiseyewear.co.uk\/cs\/collective\/dennis-de-wilde\/","title":{"rendered":"Dennis De Wilde"},"content":{"rendered":"<h3><img decoding=\"async\" class=\"alignnone size-full wp-image-4711\" src=\"https:\/\/fortiseyewear.co.uk\/wp-content\/uploads\/2014\/03\/DennisDeWildeHeader.jpg\" alt=\"DennisDeWildeHeader\" width=\"680\" height=\"226\" \/><\/h3>\n<h3>Cesta...<\/h3>\n<p>Ryba\u0159en\u00ed jsem m\u011bl v\u017edy v krvi, zd\u011bdil jsem ho po d\u011bde\u010dkovi a jako jedin\u00fd v rodin\u011b jsem sd\u00edlel jeho v\u00e1\u0161e\u0148.\u00a0<span style=\"line-height: 1.5em;\">Ka\u017ed\u00e9 letn\u00ed pr\u00e1zdniny jsem tr\u00e1vil dva t\u00fddny u prarodi\u010d\u016f a ka\u017ed\u00e9 r\u00e1no jsem chodil s d\u011bde\u010dkem na ryby. M\u011bl jsem tam mal\u00e9 kolo a ryb\u00e1\u0159sk\u00fd prut a za soumraku jsme jezdili k m\u00edstn\u00edm rybn\u00edk\u016fm a kan\u00e1l\u016fm. Dodnes c\u00edt\u00edm tu v\u016fni rann\u00edho vzduchu a z\u016fstane se mnou p\u0159i ka\u017ed\u00e9m sezen\u00ed, a\u0165 u\u017e jdu kamkoli.[toggle_basic title=\"Read More\"]<\/span><\/p>\n<p>Od t\u011bch dob se ryba\u0159en\u00ed stalo m\u00fdm hlavn\u00edm kon\u00ed\u010dkem, kter\u00fd se po objeven\u00ed kapra pomalu stal posedlost\u00ed. Posedlost se trochu zpomalila pot\u00e9, co jsem poznal svou p\u0159\u00edtelkyni, a je\u0161t\u011b v\u00edce, kdy\u017e jsme se vzali a po\u0159\u00eddili si dv\u011b kr\u00e1sn\u00e9 d\u011bti. Ale to je podle m\u00e9ho n\u00e1zoru logick\u00e9, proto\u017ee tomu prost\u011b mus\u00edte v\u011bnovat \u010das, kter\u00fd m\u00e1te, a je to f\u00e9r v\u016f\u010di va\u0161\u00ed rodin\u011b. A kdy\u017e se z kon\u00ed\u010dka stala pr\u00e1ce, \u0161lo je\u0161t\u011b v\u00edce \u010dasu na ryba\u0159en\u00ed stranou... Tak\u017ee kdy\u017e m\u00e1m vz\u00e1cnou p\u0159\u00edle\u017eitost j\u00edt na ryby, je to st\u00e1le stejn\u011b vzru\u0161uj\u00edc\u00ed jako p\u0159ed lety. To o\u010dek\u00e1v\u00e1n\u00ed a radost p\u0159ed zasednut\u00edm m\u011b st\u00e1le tak vzru\u0161uje.<\/p>\n<p>Kdosi kdysi \u0159ekl: \"Soust\u0159e\u010fte se na cestu, ne na c\u00edl. Radost nenajdete v dokon\u010den\u00ed \u010dinnosti, ale v jej\u00edm vykon\u00e1v\u00e1n\u00ed.\" A p\u0159esn\u011b tak to c\u00edt\u00edm i j\u00e1. Dok\u00e1\u017eu se do sezen\u00ed opravdu t\u011b\u0161it, a to mi hodn\u011b usnad\u0148uje, kdy\u017e Im nen\u00ed schopen d\u011blat p\u0159es\u010dasy, kter\u00e9 jsem d\u0159\u00edv d\u011blal. Mus\u00edm si zkr\u00e1tka napl\u00e1novat rok dop\u0159edu, abych si byl jist\u00fd, \u017ee na ryby pojedu, jinak skon\u010d\u00edm tak, \u017ee jsem si v\u016fbec nezaryba\u0159il. Tak\u017ee zhruba na za\u010d\u00e1tku roku v\u00edm, kdy a kam pojedu ryba\u0159it, v\u011bt\u0161inou na zahrani\u010dn\u00ed v\u00fdpravy do Francie, Belgie nebo Velk\u00e9 Brit\u00e1nie. A m\u00e1m velk\u00e9 \u0161t\u011bst\u00ed, \u017ee mohu ryba\u0159it na velmi v\u00fdjime\u010dn\u00fdch m\u00edstech, co\u017e mi vynahrad\u00ed nedostatek \u010dasu na ryba\u0159en\u00ed.<\/p>\n<p>Pamatujte si, \u017ee cesta je mnohem d\u016fle\u017eit\u011bj\u0161\u00ed ne\u017e c\u00edl![\/toggle_basic]\n[shareprints gallery_id=\"4709\u2033 gallery_type=\"masonry\" gallery_position=\"pos_center\" gallery_width=\"width_100\u2033 image_size=\"medium\" image_padding=\"5\u2033 theme=\"dark\" image_hover=\"colortosepia\" lightbox_type=\"slide\" titles=\"true\" captions=\"true\" descriptions=\"true\" comments=\"false\" sharing=\"true\"]","protected":false},"excerpt":{"rendered":"<p>Cesta... Ryba\u0159en\u00ed jsem m\u011bl v\u017edy v krvi, zd\u011bdil jsem ho po d\u011bde\u010dkovi a jako jedin\u00fd v rodin\u011b jsem sd\u00edlel jeho v\u00e1\u0161e\u0148. Ka\u017ed\u00e9 letn\u00ed pr\u00e1zdniny jsme tr\u00e1vili dva t\u00fddny u prarodi\u010d\u016f a ka\u017ed\u00e9 r\u00e1no jsem s d\u011bdou chodil na ryby. M\u011bl jsem tam mal\u00e9 kolo a ryb\u00e1\u0159sk\u00fd prut a...<\/p>","protected":false},"author":11,"featured_media":0,"parent":67,"menu_order":0,"comment_status":"closed","ping_status":"open","template":"","meta":{"_acf_changed":false,"footnotes":""},"class_list":["post-2385","page","type-page","status-publish","hentry","prodpage-classic"],"acf":[],"yoast_head":"<!-- This site is optimized with the Yoast SEO Premium plugin v26.7 (Yoast SEO v26.7) - https:\/\/yoast.com\/wordpress\/plugins\/seo\/ -->\n<title>Fortis Eyewear Dennis De Wilde Carp Angler Netherlands<\/title>\n<meta name=\"description\" content=\"Angler\u2019s such as Dennis De Wilde use polarised fishing sunglasses by Fortis Eyewear to help catch more fish. Targeting Carp in deep water using our X Bloc lens technology to eliminate surface glare from the sun will put more fish on the bank\" \/>\n<meta name=\"robots\" content=\"index, follow, max-snippet:-1, max-image-preview:large, max-video-preview:-1\" \/>\n<link rel=\"canonical\" href=\"https:\/\/fortiseyewear.co.uk\/cs\/collective\/dennis-de-wilde\/\" \/>\n<meta property=\"og:locale\" content=\"cs_CZ\" \/>\n<meta property=\"og:type\" content=\"article\" \/>\n<meta property=\"og:title\" content=\"Dennis De Wilde\" \/>\n<meta property=\"og:description\" content=\"Angler\u2019s such as Dennis De Wilde use polarised fishing sunglasses by Fortis Eyewear to help catch more fish. Targeting Carp in deep water using our X Bloc lens technology to eliminate surface glare from the sun will put more fish on the bank\" \/>\n<meta property=\"og:url\" content=\"https:\/\/fortiseyewear.co.uk\/cs\/collective\/dennis-de-wilde\/\" \/>\n<meta property=\"og:site_name\" content=\"Fortis Eyewear\" \/>\n<meta property=\"article:publisher\" content=\"https:\/\/www.facebook.com\/FortisEyewear\" \/>\n<meta property=\"article:modified_time\" content=\"2020-02-12T14:02:42+00:00\" \/>\n<meta property=\"og:image\" content=\"https:\/\/fortiseyewear.co.uk\/wp-content\/uploads\/2014\/03\/DennisDeWildeHeader.jpg\" \/>\n<meta name=\"twitter:card\" content=\"summary_large_image\" \/>\n<meta name=\"twitter:site\" content=\"@fortiseyewear\" \/>\n<meta name=\"twitter:label1\" content=\"Odhadovan\u00e1 doba \u010dten\u00ed\" \/>\n\t<meta name=\"twitter:data1\" content=\"2 minuty\" \/>\n<!-- \/ Yoast SEO Premium plugin. -->","yoast_head_json":{"title":"Fortis Eyewear Dennis De Wilde Carp Angler Netherlands","description":"Angler\u2019s such as Dennis De Wilde use polarised fishing sunglasses by Fortis Eyewear to help catch more fish. Targeting Carp in deep water using our X Bloc lens technology to eliminate surface glare from the sun will put more fish on the bank","robots":{"index":"index","follow":"follow","max-snippet":"max-snippet:-1","max-image-preview":"max-image-preview:large","max-video-preview":"max-video-preview:-1"},"canonical":"https:\/\/fortiseyewear.co.uk\/cs\/collective\/dennis-de-wilde\/","og_locale":"cs_CZ","og_type":"article","og_title":"Dennis De Wilde","og_description":"Angler\u2019s such as Dennis De Wilde use polarised fishing sunglasses by Fortis Eyewear to help catch more fish. Targeting Carp in deep water using our X Bloc lens technology to eliminate surface glare from the sun will put more fish on the bank","og_url":"https:\/\/fortiseyewear.co.uk\/cs\/collective\/dennis-de-wilde\/","og_site_name":"Fortis Eyewear","article_publisher":"https:\/\/www.facebook.com\/FortisEyewear","article_modified_time":"2020-02-12T14:02:42+00:00","og_image":[{"url":"https:\/\/fortiseyewear.co.uk\/wp-content\/uploads\/2014\/03\/DennisDeWildeHeader.jpg","type":"","width":"","height":""}],"twitter_card":"summary_large_image","twitter_site":"@fortiseyewear","twitter_misc":{"Odhadovan\u00e1 doba \u010dten\u00ed":"2 minuty"},"schema":{"@context":"https:\/\/schema.org","@graph":[{"@type":"WebPage","@id":"https:\/\/fortiseyewear.co.uk\/collective\/dennis-de-wilde\/","url":"https:\/\/fortiseyewear.co.uk\/collective\/dennis-de-wilde\/","name":"Fortis Eyewear Dennis De Wilde Carp Angler Netherlands","isPartOf":{"@id":"https:\/\/fortiseyewear.co.uk\/#website"},"primaryImageOfPage":{"@id":"https:\/\/fortiseyewear.co.uk\/collective\/dennis-de-wilde\/#primaryimage"},"image":{"@id":"https:\/\/fortiseyewear.co.uk\/collective\/dennis-de-wilde\/#primaryimage"},"thumbnailUrl":"https:\/\/fortiseyewear.co.uk\/wp-content\/uploads\/2014\/03\/DennisDeWildeHeader.jpg","datePublished":"2014-03-26T16:24:26+00:00","dateModified":"2020-02-12T14:02:42+00:00","description":"Angler\u2019s such as Dennis De Wilde use polarised fishing sunglasses by Fortis Eyewear to help catch more fish. Targeting Carp in deep water using our X Bloc lens technology to eliminate surface glare from the sun will put more fish on the bank","breadcrumb":{"@id":"https:\/\/fortiseyewear.co.uk\/collective\/dennis-de-wilde\/#breadcrumb"},"inLanguage":"cs","potentialAction":[{"@type":"ReadAction","target":["https:\/\/fortiseyewear.co.uk\/collective\/dennis-de-wilde\/"]}]},{"@type":"ImageObject","inLanguage":"cs","@id":"https:\/\/fortiseyewear.co.uk\/collective\/dennis-de-wilde\/#primaryimage","url":"https:\/\/fortiseyewear.co.uk\/wp-content\/uploads\/2014\/03\/DennisDeWildeHeader.jpg","contentUrl":"https:\/\/fortiseyewear.co.uk\/wp-content\/uploads\/2014\/03\/DennisDeWildeHeader.jpg"},{"@type":"BreadcrumbList","@id":"https:\/\/fortiseyewear.co.uk\/collective\/dennis-de-wilde\/#breadcrumb","itemListElement":[{"@type":"ListItem","position":1,"name":"Home","item":"https:\/\/fortiseyewear.co.uk\/"},{"@type":"ListItem","position":2,"name":"The Collective","item":"https:\/\/fortiseyewear.co.uk\/collective\/"},{"@type":"ListItem","position":3,"name":"Dennis De Wilde"}]},{"@type":"WebSite","@id":"https:\/\/fortiseyewear.co.uk\/#website","url":"https:\/\/fortiseyewear.co.uk\/","name":"Br\u00fdle Fortis","description":"Polarizovan\u00e9 ryb\u00e1\u0159sk\u00e9 slune\u010dn\u00ed br\u00fdle","publisher":{"@id":"https:\/\/fortiseyewear.co.uk\/#organization"},"alternateName":"Fortis","potentialAction":[{"@type":"SearchAction","target":{"@type":"EntryPoint","urlTemplate":"https:\/\/fortiseyewear.co.uk\/?s={search_term_string}"},"query-input":{"@type":"PropertyValueSpecification","valueRequired":true,"valueName":"search_term_string"}}],"inLanguage":"cs"},{"@type":"Organization","@id":"https:\/\/fortiseyewear.co.uk\/#organization","name":"Br\u00fdle Fortis","alternateName":"Fortis","url":"https:\/\/fortiseyewear.co.uk\/","logo":{"@type":"ImageObject","inLanguage":"cs","@id":"https:\/\/fortiseyewear.co.uk\/#\/schema\/logo\/image\/","url":"https:\/\/fortiseyewear.co.uk\/wp-content\/uploads\/2019\/05\/1.FinalLogoMOBILE.jpg","contentUrl":"https:\/\/fortiseyewear.co.uk\/wp-content\/uploads\/2019\/05\/1.FinalLogoMOBILE.jpg","width":766,"height":541,"caption":"Fortis Eyewear"},"image":{"@id":"https:\/\/fortiseyewear.co.uk\/#\/schema\/logo\/image\/"},"sameAs":["https:\/\/www.facebook.com\/FortisEyewear","https:\/\/x.com\/fortiseyewear","https:\/\/www.instagram.com\/FortisEyewear","https:\/\/www.youtube.com\/channel\/UC5uI6lYx37ltUVATG5skJLw"]}]}},"_links":{"self":[{"href":"https:\/\/fortiseyewear.co.uk\/cs\/wp-json\/wp\/v2\/pages\/2385","targetHints":{"allow":["GET"]}}],"collection":[{"href":"https:\/\/fortiseyewear.co.uk\/cs\/wp-json\/wp\/v2\/pages"}],"about":[{"href":"https:\/\/fortiseyewear.co.uk\/cs\/wp-json\/wp\/v2\/types\/page"}],"author":[{"embeddable":true,"href":"https:\/\/fortiseyewear.co.uk\/cs\/wp-json\/wp\/v2\/users\/11"}],"replies":[{"embeddable":true,"href":"https:\/\/fortiseyewear.co.uk\/cs\/wp-json\/wp\/v2\/comments?post=2385"}],"version-history":[{"count":0,"href":"https:\/\/fortiseyewear.co.uk\/cs\/wp-json\/wp\/v2\/pages\/2385\/revisions"}],"up":[{"embeddable":true,"href":"https:\/\/fortiseyewear.co.uk\/cs\/wp-json\/wp\/v2\/pages\/67"}],"wp:attachment":[{"href":"https:\/\/fortiseyewear.co.uk\/cs\/wp-json\/wp\/v2\/media?parent=2385"}],"curies":[{"name":"wp","href":"https:\/\/api.w.org\/{rel}","templated":true}]}}