{"id":57425,"date":"2025-11-19T20:50:34","date_gmt":"2025-11-19T20:50:34","guid":{"rendered":"https:\/\/fortiseyewear.co.uk\/?page_id=57425"},"modified":"2025-11-20T20:42:04","modified_gmt":"2025-11-20T20:42:04","slug":"stockists","status":"publish","type":"page","link":"https:\/\/fortiseyewear.co.uk\/cs\/stockists\/","title":{"rendered":"Z\u00e1sobov\u00e1n\u00ed"},"content":{"rendered":"<div id=\"map_search\" ><a id=\"map_top\"><\/a><form  onsubmit=\"searchLocations( 1 ); return false; \" name=\"location_search_form\" id=\"location_search_form\" action=\"https:\/\/fortiseyewear.co.uk\/cs\/stockists\/\" method=\"post\" data-trp-original-action=\"https:\/\/fortiseyewear.co.uk\/cs\/stockists\/\"><div class=\"location_search\"><div><div class=\"location_search_title\">Najd\u011bte m\u00edsta v okol\u00ed:<\/div><\/div>\n\t<div id='location_search_0_tr' class='location_search_row'>\n\t\t<div class='location_search_zip_cell  location_search_cell'><input type=\"text\" id=\"location_search_zip_field\" name=\"location_search_zip\" value=\"\" \/><\/div>\n\t<\/div> \n\t<div id='location_search_1_tr' class='location_search_row'>\n\t\t<div class='location_search_distance_cell  location_search_cell'><select id=\"location_search_distance_field\" name=\"location_search_distance\" ><option value=\"1\">1 mi<\/option>\n<option value=\"5\">5 mil<\/option>\n<option value=\"10\">10 mil<\/option>\n<option value=\"25\">25 mil<\/option>\n<option value=\"50\" selected='selected'>50 mil<\/option>\n<option value=\"100\">100 mil<\/option>\n<option value=\"500\">500 mil<\/option>\n<option value=\"1000\">1000 mil<\/option>\n<\/select><\/div>\n\t<\/div> \n\t<div id='location_search_2_tr' class='location_search_row'>\n\t\t<div class='location_search_submit_cell  location_search_cell'><input type=\"submit\" value=\"Vyhled\u00e1v\u00e1n\u00ed\" id=\"location_search_submit_field\" class=\"submit\" \/><\/div>\n\t<\/div><\/div><input type=\"hidden\" name=\"location_search_sm_category_field\" value=\"1\" \/> <input type=\"hidden\" name=\"location_search_sm_tag_field\" value=\"1\" \/> <input type=\"hidden\" id=\"avail_sm_category\" value=\"\" \/> <input type=\"hidden\" id=\"avail_sm_tag\" value=\"\" \/><input type='hidden' id='location_search_default_lat' value='51.5073346' \/><input type='hidden' id='location_search_default_lng' value='-0.12768310000001293' \/><input type='hidden' id='location_search_limit' value='10' \/><input type='hidden' id='location_is_search_results' name='sm-location-search' value='0' \/><input type=\"hidden\" name=\"trp-form-language\" value=\"cs\"\/><\/form><\/div><div id=\"simplemap-updating\" style=\"height:650px;width:100%;\"><img decoding=\"async\" src=\"https:\/\/fortiseyewear.co.uk\/wp-content\/plugins\/simplemap\/inc\/images\/loading.gif\" alt=\"Loading new locations\" \/><\/div><div id=\"simplemap\" style=\"width: 100%; height: 650px;\"><\/div><div id=\"results\" style=\"width: 100%;\"><\/div><script type=\"text\/javascript\">(function($) { jQuery(document).ready(function() {\n\t\t\t\tvar lat = \"51.5073346\";\n\t\t\t\tvar lng = \"-0.12768310000001293\";\n\t\t\t\tvar aspid = \"0\";\n\t\t\t\tvar ascid = \"0\";\n\t\t\t\tvar asma = \"0\";\n\t\t\t\tvar shortcode_zoom_level = \"10\";\n\t\t\t\tvar map_type = \"ROADMAP\";\n\t\t\t\tvar shortcode_autoload = \"all\";\n\t\t\t\tvar shortcode_scrollwheel = \"1\";\n\t\t\t\tvar shortcode_draggable = \"1\";\n\t\t\t\tvar auto_locate = \"html5\";\n\t\t\t\tvar sm_autolocate_complete = false;\n\t\t\t\tgeocoder = new google.maps.Geocoder();\n\n\t\t\t\tif ( !0 && auto_locate == \"ip\" ) {\n\t\t\t\t\tjQuery.getJSON( \"https:\/\/freegeoip.net\/json\/?callback=?\", function(location) {\n\t\t\t\t\t\tlat = location.latitude;\n\t\t\t\t\t\tlng = location.longitude;\n\n                    \tif ( document.getElementById(\"location_search_city_field\") ) {\n\t\t\t\t\t\t\tdocument.getElementById(\"location_search_city_field\").value = location.city;\n\t\t\t\t\t\t}\n\t                    if ( document.getElementById(\"location_search_country_field\") ) {\n\t\t\t\t\t\t\tdocument.getElementById(\"location_search_country_field\").value = location.country_code;\n\t\t\t\t\t\t}\n        \t            if ( document.getElementById(\"location_search_state_field\") ) {\n\t\t\t\t\t\t\tdocument.getElementById(\"location_search_state_field\").value = location.region_code;\n\t\t\t\t\t\t}\n\t\t\t    if ( document.getElementById(\"location_search_zip_field\") && typeof location.zipcode != \"undefined\" && location.zipcode != \"undefined\" ) {\n\t\t\t\t\t\t\tdocument.getElementById(\"location_search_zip_field\").value = location.zipcode;\n\t\t\t\t\t\t}\n\t\t\t\t\t\tif ( document.getElementById(\"location_search_default_lat\" ) ) {\n\t\t\t\t\t\t\tdocument.getElementById(\"location_search_default_lat\").value = lat;\n\t\t\t\t\t\t}\n\t\t\t\t\t\tif ( document.getElementById(\"location_search_default_lng\" ) ) {\n\t\t\t\t\t\t\tdocument.getElementById(\"location_search_default_lng\").value = lng;\n\t\t\t\t\t\t}\n\t\t\t\t\t\t\n\t\t\t\tload_simplemap( lat, lng, aspid, ascid, asma, shortcode_zoom_level, map_type, shortcode_autoload, shortcode_scrollwheel, shortcode_draggable );\n\t\t\t\t\/\/searchLocations( 0 );\n\t\t\t\n\t\t\t\t\t\tsearchLocations( 1 );\n\t\t\t\t\t}).error(function() {\n\t\t\t\t\t \t\n\t\t\t\tload_simplemap( lat, lng, aspid, ascid, asma, shortcode_zoom_level, map_type, shortcode_autoload, shortcode_scrollwheel, shortcode_draggable );\n\t\t\t\t\/\/searchLocations( 0 );\n\t\t\t\n\t\t\t\t\t\tsearchLocations( 0 );\n\t\t\t\t\t});\n\t\t\t\t}\n\t\t\t\telse if ( !0 && auto_locate == \"html5\" ) {\n\t\t\t\t\t\/\/ Ugly hack for FireFox \"Not Now\" option\n\t\t\t\t\tsetTimeout(function () { \n\t\t\t\t\t\tif ( sm_autolocate_complete == false ) {\n\t\t\t\t\t\t\t\n\t\t\t\tload_simplemap( lat, lng, aspid, ascid, asma, shortcode_zoom_level, map_type, shortcode_autoload, shortcode_scrollwheel, shortcode_draggable );\n\t\t\t\t\/\/searchLocations( 0 );\n\t\t\t searchLocations( 0 );\n\t\t\t\t\t\t}\n\t\t\t\t\t}, 10000);\n\n\t\t\t\t\tnavigator.geolocation.getCurrentPosition(\n\t\t\t\t\t\tfunction(position) {\n\t\t\t\t\t\t\tlat = position.coords.latitude;\n\t\t\t\t\t\t\tlng = position.coords.longitude;\n\t\t\t\t\t\t\tif ( document.getElementById(\"location_search_default_lat\" ) ) {\n\t\t\t\t\t\t\t\tdocument.getElementById(\"location_search_default_lat\").value = lat;\n\t\t\t\t\t\t\t}\n\t\t\t\t\t\t\tif ( document.getElementById(\"location_search_default_lng\" ) ) {\n\t\t\t\t\t\t\t\tdocument.getElementById(\"location_search_default_lng\").value = lng;\n\t\t\t\t\t\t\t}\n\t\t\t\t\t\t\tsm_autolocate_complete = true;\n\t\t\t\t\t\t\t\n\t\t\t\tload_simplemap( lat, lng, aspid, ascid, asma, shortcode_zoom_level, map_type, shortcode_autoload, shortcode_scrollwheel, shortcode_draggable );\n\t\t\t\t\/\/searchLocations( 0 );\n\t\t\t\n\t\t\t\t\t\t\tsearchLocations( 1 );\n\t\t\t\t\t\t},\n\t\t\t\t\t\tfunction(error) {\n\t\t\t\t\t\t\tsm_autolocate_complete = true;\n\t\t\t\t\t\t\t\n\t\t\t\tload_simplemap( lat, lng, aspid, ascid, asma, shortcode_zoom_level, map_type, shortcode_autoload, shortcode_scrollwheel, shortcode_draggable );\n\t\t\t\t\/\/searchLocations( 0 );\n\t\t\t\n\t\t\t\t\t\t\tsearchLocations( 0 );\n\t\t\t\t\t\t},\n\t\t\t\t\t\t{\n\t\t\t\t\t\t\tmaximumAge:300000,\n\t\t\t\t\t\t\ttimeout:5000\n\t\t\t\t\t\t}\n\t\t\t\t\t);\n\t\t\t\t}\n\t\t\t\telse {\n\t\t\t\t\tsm_autolocate_complete = true;\n\t\t\t\t\t\n\t\t\t\tload_simplemap( lat, lng, aspid, ascid, asma, shortcode_zoom_level, map_type, shortcode_autoload, shortcode_scrollwheel, shortcode_draggable );\n\t\t\t\t\/\/searchLocations( 0 );\n\t\t\t\n\t\t\t\t\tsearchLocations( 0 );\n\t\t\t\t}\n\t\t\t});})(jQuery);<\/script>","protected":false},"excerpt":{"rendered":"","protected":false},"author":11,"featured_media":0,"parent":0,"menu_order":0,"comment_status":"closed","ping_status":"closed","template":"","meta":{"_acf_changed":false,"footnotes":""},"class_list":["post-57425","page","type-page","status-publish","hentry","prodpage-classic"],"acf":[],"yoast_head":"<!-- This site is optimized with the Yoast SEO Premium plugin v26.7 (Yoast SEO v26.7) - https:\/\/yoast.com\/wordpress\/plugins\/seo\/ -->\n<title>Stockists | Find Your Nearest Retailer \u2013 Fortis Eyewear<\/title>\n<meta name=\"description\" content=\"Find your nearest Fortis Eyewear stockist. Discover Premier Retailers and specialist outlets to try on our performance sunglasses and clothing in person.\" \/>\n<meta name=\"robots\" content=\"index, follow, max-snippet:-1, max-image-preview:large, max-video-preview:-1\" \/>\n<link rel=\"canonical\" href=\"https:\/\/fortiseyewear.co.uk\/cs\/stockists\/\" \/>\n<meta property=\"og:locale\" content=\"cs_CZ\" \/>\n<meta property=\"og:type\" content=\"article\" \/>\n<meta property=\"og:title\" content=\"Stockists\" \/>\n<meta property=\"og:description\" content=\"Find your nearest Fortis Eyewear stockist. Discover Premier Retailers and specialist outlets to try on our performance sunglasses and clothing in person.\" \/>\n<meta property=\"og:url\" content=\"https:\/\/fortiseyewear.co.uk\/cs\/stockists\/\" \/>\n<meta property=\"og:site_name\" content=\"Fortis Eyewear\" \/>\n<meta property=\"article:publisher\" content=\"https:\/\/www.facebook.com\/FortisEyewear\" \/>\n<meta property=\"article:modified_time\" content=\"2025-11-20T20:42:04+00:00\" \/>\n<meta property=\"og:image\" content=\"https:\/\/fortiseyewear.co.uk\/wp-content\/uploads\/2023\/05\/Fallback-Image.jpg\" \/>\n\t<meta property=\"og:image:width\" content=\"1200\" \/>\n\t<meta property=\"og:image:height\" content=\"675\" \/>\n\t<meta property=\"og:image:type\" content=\"image\/jpeg\" \/>\n<meta name=\"twitter:card\" content=\"summary_large_image\" \/>\n<meta name=\"twitter:site\" content=\"@fortiseyewear\" \/>\n<meta name=\"twitter:label1\" content=\"Odhadovan\u00e1 doba \u010dten\u00ed\" \/>\n\t<meta name=\"twitter:data1\" content=\"1 minuta\" \/>\n<!-- \/ Yoast SEO Premium plugin. -->","yoast_head_json":{"title":"Stockists | Find Your Nearest Retailer \u2013 Fortis Eyewear","description":"Find your nearest Fortis Eyewear stockist. Discover Premier Retailers and specialist outlets to try on our performance sunglasses and clothing in person.","robots":{"index":"index","follow":"follow","max-snippet":"max-snippet:-1","max-image-preview":"max-image-preview:large","max-video-preview":"max-video-preview:-1"},"canonical":"https:\/\/fortiseyewear.co.uk\/cs\/stockists\/","og_locale":"cs_CZ","og_type":"article","og_title":"Stockists","og_description":"Find your nearest Fortis Eyewear stockist. Discover Premier Retailers and specialist outlets to try on our performance sunglasses and clothing in person.","og_url":"https:\/\/fortiseyewear.co.uk\/cs\/stockists\/","og_site_name":"Fortis Eyewear","article_publisher":"https:\/\/www.facebook.com\/FortisEyewear","article_modified_time":"2025-11-20T20:42:04+00:00","og_image":[{"width":1200,"height":675,"url":"https:\/\/fortiseyewear.co.uk\/wp-content\/uploads\/2023\/05\/Fallback-Image.jpg","type":"image\/jpeg"}],"twitter_card":"summary_large_image","twitter_site":"@fortiseyewear","twitter_misc":{"Odhadovan\u00e1 doba \u010dten\u00ed":"1 minuta"},"schema":{"@context":"https:\/\/schema.org","@graph":[{"@type":"WebPage","@id":"https:\/\/fortiseyewear.co.uk\/stockists\/","url":"https:\/\/fortiseyewear.co.uk\/stockists\/","name":"Stockists | Find Your Nearest Retailer \u2013 Fortis Eyewear","isPartOf":{"@id":"https:\/\/fortiseyewear.co.uk\/#website"},"datePublished":"2025-11-19T20:50:34+00:00","dateModified":"2025-11-20T20:42:04+00:00","description":"Find your nearest Fortis Eyewear stockist. Discover Premier Retailers and specialist outlets to try on our performance sunglasses and clothing in person.","breadcrumb":{"@id":"https:\/\/fortiseyewear.co.uk\/stockists\/#breadcrumb"},"inLanguage":"cs","potentialAction":[{"@type":"ReadAction","target":["https:\/\/fortiseyewear.co.uk\/stockists\/"]}]},{"@type":"BreadcrumbList","@id":"https:\/\/fortiseyewear.co.uk\/stockists\/#breadcrumb","itemListElement":[{"@type":"ListItem","position":1,"name":"Home","item":"https:\/\/fortiseyewear.co.uk\/"},{"@type":"ListItem","position":2,"name":"Stockists"}]},{"@type":"WebSite","@id":"https:\/\/fortiseyewear.co.uk\/#website","url":"https:\/\/fortiseyewear.co.uk\/","name":"Br\u00fdle Fortis","description":"Polarizovan\u00e9 ryb\u00e1\u0159sk\u00e9 slune\u010dn\u00ed br\u00fdle","publisher":{"@id":"https:\/\/fortiseyewear.co.uk\/#organization"},"alternateName":"Fortis","potentialAction":[{"@type":"SearchAction","target":{"@type":"EntryPoint","urlTemplate":"https:\/\/fortiseyewear.co.uk\/?s={search_term_string}"},"query-input":{"@type":"PropertyValueSpecification","valueRequired":true,"valueName":"search_term_string"}}],"inLanguage":"cs"},{"@type":"Organization","@id":"https:\/\/fortiseyewear.co.uk\/#organization","name":"Br\u00fdle Fortis","alternateName":"Fortis","url":"https:\/\/fortiseyewear.co.uk\/","logo":{"@type":"ImageObject","inLanguage":"cs","@id":"https:\/\/fortiseyewear.co.uk\/#\/schema\/logo\/image\/","url":"https:\/\/fortiseyewear.co.uk\/wp-content\/uploads\/2019\/05\/1.FinalLogoMOBILE.jpg","contentUrl":"https:\/\/fortiseyewear.co.uk\/wp-content\/uploads\/2019\/05\/1.FinalLogoMOBILE.jpg","width":766,"height":541,"caption":"Fortis Eyewear"},"image":{"@id":"https:\/\/fortiseyewear.co.uk\/#\/schema\/logo\/image\/"},"sameAs":["https:\/\/www.facebook.com\/FortisEyewear","https:\/\/x.com\/fortiseyewear","https:\/\/www.instagram.com\/FortisEyewear","https:\/\/www.youtube.com\/channel\/UC5uI6lYx37ltUVATG5skJLw"]}]}},"_links":{"self":[{"href":"https:\/\/fortiseyewear.co.uk\/cs\/wp-json\/wp\/v2\/pages\/57425","targetHints":{"allow":["GET"]}}],"collection":[{"href":"https:\/\/fortiseyewear.co.uk\/cs\/wp-json\/wp\/v2\/pages"}],"about":[{"href":"https:\/\/fortiseyewear.co.uk\/cs\/wp-json\/wp\/v2\/types\/page"}],"author":[{"embeddable":true,"href":"https:\/\/fortiseyewear.co.uk\/cs\/wp-json\/wp\/v2\/users\/11"}],"replies":[{"embeddable":true,"href":"https:\/\/fortiseyewear.co.uk\/cs\/wp-json\/wp\/v2\/comments?post=57425"}],"version-history":[{"count":7,"href":"https:\/\/fortiseyewear.co.uk\/cs\/wp-json\/wp\/v2\/pages\/57425\/revisions"}],"predecessor-version":[{"id":57473,"href":"https:\/\/fortiseyewear.co.uk\/cs\/wp-json\/wp\/v2\/pages\/57425\/revisions\/57473"}],"wp:attachment":[{"href":"https:\/\/fortiseyewear.co.uk\/cs\/wp-json\/wp\/v2\/media?parent=57425"}],"curies":[{"name":"wp","href":"https:\/\/api.w.org\/{rel}","templated":true}]}}