{"id":611,"date":"2013-03-18T17:31:00","date_gmt":"2013-03-18T17:31:00","guid":{"rendered":"https:\/\/fortiseyewear.co.uk\/?page_id=611"},"modified":"2020-02-12T14:11:16","modified_gmt":"2020-02-12T14:11:16","slug":"giovanni-vanhooren","status":"publish","type":"page","link":"https:\/\/fortiseyewear.co.uk\/cs\/collective\/giovanni-vanhooren\/","title":{"rendered":"Gio Vanhooren"},"content":{"rendered":"<h3><img decoding=\"async\" class=\"alignnone size-full wp-image-4699\" src=\"https:\/\/fortiseyewear.co.uk\/wp-content\/uploads\/2013\/03\/GioVanhoorenHeader.jpg\" alt=\"GioVanhoorenHeader\" width=\"680\" height=\"226\" \/><\/h3>\n<h3>Mysli jako opice<\/h3>\n<p>V\u00edt\u00e1me Giovanniho Vanhoorena v kolektivu Fortis Collective. Gio poch\u00e1z\u00ed z Belgie a je na\u0161\u00edm evropsk\u00fdm \u010dlenem, kter\u00fd nese vlajku Fortis za kan\u00e1lem La Manche. Gio s n\u00e1mi sd\u00edl\u00ed stejn\u00e9 nad\u0161en\u00ed pro dobr\u00fd design a styl, kter\u00e9 reprezentuje jeho kultovn\u00ed kapra\u0159sk\u00e1 publikace Monkey Climber. T\u00fdm Fortis se t\u011b\u0161\u00ed na belgick\u00e9 spole\u010densk\u00e9 akce na kan\u00e1lech, kde se budou prob\u00edrat nov\u00e9 n\u00e1pady, ale do t\u00e9 doby n\u00e1m Gio pov\u00ed n\u011bco m\u00e1lo o sv\u00e9m vlastn\u00edm ryba\u0159en\u00ed...<\/p>\n<p>\"Jeliko\u017e jsem jedin\u00fdm \u010dlenem kolektivu, kter\u00fd poch\u00e1z\u00ed z kontinentu, myslel jsem, \u017ee bude lep\u0161\u00ed zam\u011b\u0159it se trochu na n\u00e1\u0161 rybolov tady. Ne\u017e abyste p\u0159em\u00fd\u0161leli o pom\u011brn\u011b snadn\u00fdch komer\u010dn\u00edch m\u00edstech, rad\u011bji si p\u0159edstavte pom\u011brn\u011b t\u011b\u017ek\u00e9 belgick\u00e9 kan\u00e1ly, jezera a syndik\u00e1ty. A ano, i my m\u00e1me sv\u00e9 \"Meres\", kde dostat z\u00e1b\u011br za rok je po\u0159\u00e1dn\u00fd v\u00fdsledek.[toggle_basic title=\"Read More\"]\n<p>Bydl\u00edm na belgick\u00e9m pob\u0159e\u017e\u00ed, v Ostende, jen sto metr\u016f od pl\u00e1\u017ee, a bohu\u017eel se nenach\u00e1z\u00edm v t\u00e9 nejlep\u0161\u00ed \u010d\u00e1sti zem\u011b, kde bych mohl lovit kapry z kan\u00e1l\u016f Kempisch, Albert,..., o kter\u00fdch jste asi v\u0161ichni sly\u0161eli. Nicm\u00e9n\u011b i m\u016fj domovsk\u00fd kan\u00e1l je docela vzru\u0161uj\u00edc\u00ed, je tu n\u011bkolik men\u0161\u00edch syndik\u00e1t\u016f s opravdu p\u011bkn\u00fdmi, star\u00fdmi, anglicky vypadaj\u00edc\u00edmi - nebo je to naopak: nepoch\u00e1zela spousta t\u011bch anglick\u00fdch z Belgie a Holandska? - postavy a jedna rezervace, kde to jedno sousto znamen\u00e1 v\u00edc ne\u017e v\u0161echno. V minulosti jsem Nicka a Garetha na n\u011bkolik takov\u00fdch m\u00edst vzal, a jak v\u00e1m \u0159eknou, byli naprosto ohromeni. Veden\u00ed vlastn\u00edho \u010dasopisu Monkey Climber v\u0161ak znamen\u00e1, \u017ee mus\u00edm hodn\u011b cestovat po cel\u00e9 zemi kv\u016fli rozhovor\u016fm, \u010dl\u00e1nk\u016fm a tak d\u00e1le. Tak\u017ee nakonec v\u017edycky n\u011bkde ryba\u0159\u00edm nebo m\u00e1m p\u0159\u00edjemn\u00e9ho hosta. V\u017edycky se najde n\u011bjak\u00e1 ryba, co?<\/p>\n<p>Co se t\u00fd\u010de na\u0161\u00ed sc\u00e9ny, je tu opravdu n\u011bkolik skv\u011bl\u00fdch, chytr\u00fdch a inspirativn\u00edch ryb\u00e1\u0159\u016f (rozhodn\u011b ne jen ti, kte\u0159\u00ed se ob\u010das objev\u00ed na mezin\u00e1rodn\u00edch str\u00e1nk\u00e1ch va\u0161ich \u010dasopis\u016f). Na\u0161e syndik\u00e1ty se asi p\u0159\u00edli\u0161 neli\u0161\u00ed, ale na\u0161e \u0159\u00ed\u010dn\u00ed a kan\u00e1lov\u00e9 syst\u00e9my jsou pro v\u011bt\u0161inu britsk\u00fdch borc\u016f \u00fapln\u011b nov\u00fdm sv\u011btem. Kilometry dlouh\u00e9 (m\u016fj domovsk\u00fd kan\u00e1l m\u00e1 p\u0159es 60 kilometr\u016f), \u010dasto v\u00edce ne\u017e 100-200 metr\u016f \u0161irok\u00e9 a rozd\u011blen\u00e9 stavidly, ryby se pohybuj\u00ed mezi nimi a dokonce se p\u0159esouvaj\u00ed do jin\u00fdch kan\u00e1l\u016f, kter\u00e9 jsou propojen\u00e9. Velmi zat\u00ed\u017een\u00e9 a tak\u00e9 siln\u011b navnad\u011bn\u00e9. B\u00fdt mobiln\u00ed je kl\u00ed\u010dov\u00e9, ale v\u011bt\u0161inou nem\u016f\u017eete jet po ve\u0159ejn\u00e9 cest\u011b, kter\u00e1 vede pod\u00e9l, tak\u017ee se nejv\u00edce vyplat\u00ed jezdit na kole a hledat ryby s minimem n\u00e1\u010din\u00ed.\"[\/toggle_basic]\n[shareprints gallery_id=\"4657\u2033 gallery_type=\"masonry\" gallery_position=\"pos_center\" gallery_width=\"width_100\u2033 image_size=\"medium\" image_padding=\"5\u2033 theme=\"dark\" image_hover=\"colortosepia\" lightbox_type=\"slide\" titles=\"true\" captions=\"true\" descriptions=\"true\" comments=\"false\" sharing=\"true\"]\n<p style=\"text-align: center;\"><a href=\"https:\/\/instagram.com\/monkeyclimbermagazine\"><img decoding=\"async\" class=\"wp-image-3901 size-full\" src=\"https:\/\/fortiseyewear.co.uk\/wp-content\/uploads\/2013\/04\/Instagram.png\" alt=\"Instagram\" width=\"20\" height=\"20\" \/><br \/>\n<\/a>\u010casopis Monkey Climber na Instagramu<\/p>","protected":false},"excerpt":{"rendered":"<p>Mysli jako opice V\u00edt\u00e1me Giovanniho Vanhoorena v kolektivu Fortis Collective. Gio poch\u00e1z\u00ed z Belgie a je na\u0161\u00edm evropsk\u00fdm \u010dlenem, kter\u00fd nese vlajku Fortisu za kan\u00e1lem La Manche. Gio s n\u00e1mi sd\u00edl\u00ed stejn\u00e9 nad\u0161en\u00ed pro dobr\u00fd design a styl, kter\u00e9 reprezentuje jeho kultovn\u00ed kapra\u0159sk\u00e1 publikace Monkey Climber. T\u00fdm Fortis hled\u00e1<\/p>","protected":false},"author":11,"featured_media":0,"parent":67,"menu_order":0,"comment_status":"closed","ping_status":"open","template":"","meta":{"_acf_changed":false,"footnotes":""},"class_list":["post-611","page","type-page","status-publish","hentry","prodpage-classic"],"acf":[],"yoast_head":"<!-- This site is optimized with the Yoast SEO Premium plugin v26.7 (Yoast SEO v26.7) - https:\/\/yoast.com\/wordpress\/plugins\/seo\/ -->\n<title>Fortis Eyewear Polarised Fishing Sunglasses Giovanni Vanhooren Carp Angler Belgium<\/title>\n<meta name=\"description\" content=\"Angler\u2019s such as Giovanni Vanhooren from Monkey Climber use polarised fishing sunglasses by Fortis Eyewear to help catch more fish. Targeting Carp in deep water using our X Bloc lens technology to eliminate surface glare from the sun will put more fish on the bank\" \/>\n<meta name=\"robots\" content=\"index, follow, max-snippet:-1, max-image-preview:large, max-video-preview:-1\" \/>\n<link rel=\"canonical\" href=\"https:\/\/fortiseyewear.co.uk\/cs\/collective\/giovanni-vanhooren\/\" \/>\n<meta property=\"og:locale\" content=\"cs_CZ\" \/>\n<meta property=\"og:type\" content=\"article\" \/>\n<meta property=\"og:title\" content=\"Gio Vanhooren\" \/>\n<meta property=\"og:description\" content=\"Angler\u2019s such as Giovanni Vanhooren from Monkey Climber use polarised fishing sunglasses by Fortis Eyewear to help catch more fish. Targeting Carp in deep water using our X Bloc lens technology to eliminate surface glare from the sun will put more fish on the bank\" \/>\n<meta property=\"og:url\" content=\"https:\/\/fortiseyewear.co.uk\/cs\/collective\/giovanni-vanhooren\/\" \/>\n<meta property=\"og:site_name\" content=\"Fortis Eyewear\" \/>\n<meta property=\"article:publisher\" content=\"https:\/\/www.facebook.com\/FortisEyewear\" \/>\n<meta property=\"article:modified_time\" content=\"2020-02-12T14:11:16+00:00\" \/>\n<meta property=\"og:image\" content=\"https:\/\/fortiseyewear.co.uk\/wp-content\/uploads\/2013\/03\/GioVanhoorenHeader.jpg\" \/>\n<meta name=\"twitter:card\" content=\"summary_large_image\" \/>\n<meta name=\"twitter:site\" content=\"@fortiseyewear\" \/>\n<meta name=\"twitter:label1\" content=\"Odhadovan\u00e1 doba \u010dten\u00ed\" \/>\n\t<meta name=\"twitter:data1\" content=\"2 minuty\" \/>\n<!-- \/ Yoast SEO Premium plugin. -->","yoast_head_json":{"title":"Fortis Eyewear Polarised Fishing Sunglasses Giovanni Vanhooren Carp Angler Belgium","description":"Angler\u2019s such as Giovanni Vanhooren from Monkey Climber use polarised fishing sunglasses by Fortis Eyewear to help catch more fish. Targeting Carp in deep water using our X Bloc lens technology to eliminate surface glare from the sun will put more fish on the bank","robots":{"index":"index","follow":"follow","max-snippet":"max-snippet:-1","max-image-preview":"max-image-preview:large","max-video-preview":"max-video-preview:-1"},"canonical":"https:\/\/fortiseyewear.co.uk\/cs\/collective\/giovanni-vanhooren\/","og_locale":"cs_CZ","og_type":"article","og_title":"Gio Vanhooren","og_description":"Angler\u2019s such as Giovanni Vanhooren from Monkey Climber use polarised fishing sunglasses by Fortis Eyewear to help catch more fish. Targeting Carp in deep water using our X Bloc lens technology to eliminate surface glare from the sun will put more fish on the bank","og_url":"https:\/\/fortiseyewear.co.uk\/cs\/collective\/giovanni-vanhooren\/","og_site_name":"Fortis Eyewear","article_publisher":"https:\/\/www.facebook.com\/FortisEyewear","article_modified_time":"2020-02-12T14:11:16+00:00","og_image":[{"url":"https:\/\/fortiseyewear.co.uk\/wp-content\/uploads\/2013\/03\/GioVanhoorenHeader.jpg","type":"","width":"","height":""}],"twitter_card":"summary_large_image","twitter_site":"@fortiseyewear","twitter_misc":{"Odhadovan\u00e1 doba \u010dten\u00ed":"2 minuty"},"schema":{"@context":"https:\/\/schema.org","@graph":[{"@type":"WebPage","@id":"https:\/\/fortiseyewear.co.uk\/collective\/giovanni-vanhooren\/","url":"https:\/\/fortiseyewear.co.uk\/collective\/giovanni-vanhooren\/","name":"Fortis Eyewear Polarised Fishing Sunglasses Giovanni Vanhooren Carp Angler Belgium","isPartOf":{"@id":"https:\/\/fortiseyewear.co.uk\/#website"},"primaryImageOfPage":{"@id":"https:\/\/fortiseyewear.co.uk\/collective\/giovanni-vanhooren\/#primaryimage"},"image":{"@id":"https:\/\/fortiseyewear.co.uk\/collective\/giovanni-vanhooren\/#primaryimage"},"thumbnailUrl":"https:\/\/fortiseyewear.co.uk\/wp-content\/uploads\/2013\/03\/GioVanhoorenHeader.jpg","datePublished":"2013-03-18T17:31:00+00:00","dateModified":"2020-02-12T14:11:16+00:00","description":"Angler\u2019s such as Giovanni Vanhooren from Monkey Climber use polarised fishing sunglasses by Fortis Eyewear to help catch more fish. Targeting Carp in deep water using our X Bloc lens technology to eliminate surface glare from the sun will put more fish on the bank","breadcrumb":{"@id":"https:\/\/fortiseyewear.co.uk\/collective\/giovanni-vanhooren\/#breadcrumb"},"inLanguage":"cs","potentialAction":[{"@type":"ReadAction","target":["https:\/\/fortiseyewear.co.uk\/collective\/giovanni-vanhooren\/"]}]},{"@type":"ImageObject","inLanguage":"cs","@id":"https:\/\/fortiseyewear.co.uk\/collective\/giovanni-vanhooren\/#primaryimage","url":"https:\/\/fortiseyewear.co.uk\/wp-content\/uploads\/2013\/03\/GioVanhoorenHeader.jpg","contentUrl":"https:\/\/fortiseyewear.co.uk\/wp-content\/uploads\/2013\/03\/GioVanhoorenHeader.jpg"},{"@type":"BreadcrumbList","@id":"https:\/\/fortiseyewear.co.uk\/collective\/giovanni-vanhooren\/#breadcrumb","itemListElement":[{"@type":"ListItem","position":1,"name":"Home","item":"https:\/\/fortiseyewear.co.uk\/"},{"@type":"ListItem","position":2,"name":"The Collective","item":"https:\/\/fortiseyewear.co.uk\/collective\/"},{"@type":"ListItem","position":3,"name":"Gio Vanhooren"}]},{"@type":"WebSite","@id":"https:\/\/fortiseyewear.co.uk\/#website","url":"https:\/\/fortiseyewear.co.uk\/","name":"Br\u00fdle Fortis","description":"Polarizovan\u00e9 ryb\u00e1\u0159sk\u00e9 slune\u010dn\u00ed br\u00fdle","publisher":{"@id":"https:\/\/fortiseyewear.co.uk\/#organization"},"alternateName":"Fortis","potentialAction":[{"@type":"SearchAction","target":{"@type":"EntryPoint","urlTemplate":"https:\/\/fortiseyewear.co.uk\/?s={search_term_string}"},"query-input":{"@type":"PropertyValueSpecification","valueRequired":true,"valueName":"search_term_string"}}],"inLanguage":"cs"},{"@type":"Organization","@id":"https:\/\/fortiseyewear.co.uk\/#organization","name":"Br\u00fdle Fortis","alternateName":"Fortis","url":"https:\/\/fortiseyewear.co.uk\/","logo":{"@type":"ImageObject","inLanguage":"cs","@id":"https:\/\/fortiseyewear.co.uk\/#\/schema\/logo\/image\/","url":"https:\/\/fortiseyewear.co.uk\/wp-content\/uploads\/2019\/05\/1.FinalLogoMOBILE.jpg","contentUrl":"https:\/\/fortiseyewear.co.uk\/wp-content\/uploads\/2019\/05\/1.FinalLogoMOBILE.jpg","width":766,"height":541,"caption":"Fortis Eyewear"},"image":{"@id":"https:\/\/fortiseyewear.co.uk\/#\/schema\/logo\/image\/"},"sameAs":["https:\/\/www.facebook.com\/FortisEyewear","https:\/\/x.com\/fortiseyewear","https:\/\/www.instagram.com\/FortisEyewear","https:\/\/www.youtube.com\/channel\/UC5uI6lYx37ltUVATG5skJLw"]}]}},"_links":{"self":[{"href":"https:\/\/fortiseyewear.co.uk\/cs\/wp-json\/wp\/v2\/pages\/611","targetHints":{"allow":["GET"]}}],"collection":[{"href":"https:\/\/fortiseyewear.co.uk\/cs\/wp-json\/wp\/v2\/pages"}],"about":[{"href":"https:\/\/fortiseyewear.co.uk\/cs\/wp-json\/wp\/v2\/types\/page"}],"author":[{"embeddable":true,"href":"https:\/\/fortiseyewear.co.uk\/cs\/wp-json\/wp\/v2\/users\/11"}],"replies":[{"embeddable":true,"href":"https:\/\/fortiseyewear.co.uk\/cs\/wp-json\/wp\/v2\/comments?post=611"}],"version-history":[{"count":0,"href":"https:\/\/fortiseyewear.co.uk\/cs\/wp-json\/wp\/v2\/pages\/611\/revisions"}],"up":[{"embeddable":true,"href":"https:\/\/fortiseyewear.co.uk\/cs\/wp-json\/wp\/v2\/pages\/67"}],"wp:attachment":[{"href":"https:\/\/fortiseyewear.co.uk\/cs\/wp-json\/wp\/v2\/media?parent=611"}],"curies":[{"name":"wp","href":"https:\/\/api.w.org\/{rel}","templated":true}]}}