{"id":75,"date":"2012-12-10T12:03:50","date_gmt":"2012-12-10T12:03:50","guid":{"rendered":"https:\/\/fortiseyewear.co.uk\/?page_id=75"},"modified":"2023-05-07T08:42:44","modified_gmt":"2023-05-07T08:42:44","slug":"news","status":"publish","type":"page","link":"https:\/\/fortiseyewear.co.uk\/cs\/news\/","title":{"rendered":"Zpr\u00e1vy"},"content":{"rendered":"<p><span style=\"color: #000000;\">.<\/span><a href=\"\/cs\/?page_id=2527\"><img decoding=\"async\" class=\"alignnone size-full wp-image-5203\" src=\"https:\/\/fortiseyewear.co.uk\/wp-content\/uploads\/2016\/04\/Header-News.jpg\" alt=\"Fortis Eyewear News\" width=\"680\" height=\"226\"><\/a><\/p>\n<h3><span style=\"color: #ff6600;\">Nejnov\u011bj\u0161\u00ed zpr\u00e1vy o polariza\u010dn\u00edch ryb\u00e1\u0159sk\u00fdch br\u00fdl\u00edch<\/span><\/h3>\n<p>Z\u016fsta\u0148te nalad\u011bni na v\u0161echny nejnov\u011bj\u0161\u00ed zpr\u00e1vy stisknut\u00edm tla\u010d\u00edtka P\u0159ihl\u00e1sit se k odb\u011bru!<\/p>\n[display-posts include_excerpt=\"true\" image_size=\"true\" category=\"news\" exclude \"SeeDeeper\" \"take-part\" posts_per_page=\"200\u2033]","protected":false},"excerpt":{"rendered":"<p>. Nejnov\u011bj\u0161\u00ed zpr\u00e1vy o polariza\u010dn\u00edch slune\u010dn\u00edch br\u00fdl\u00edch Z\u016fsta\u0148te nalad\u011bni na v\u0161echny nejnov\u011bj\u0161\u00ed zpr\u00e1vy stisknut\u00edm tla\u010d\u00edtka P\u0159ihl\u00e1sit se k odb\u011bru! [display-posts include_excerpt=\"true\" image_size=\"true\" category=\"news\" exclude \"SeeDeeper\" \"take-part\" posts_per_page=\"200\u2033]<\/p>","protected":false},"author":11,"featured_media":0,"parent":0,"menu_order":0,"comment_status":"closed","ping_status":"open","template":"","meta":{"_acf_changed":false,"footnotes":""},"class_list":["post-75","page","type-page","status-publish","hentry","prodpage-classic"],"acf":[],"yoast_head":"<!-- This site is optimized with the Yoast SEO Premium plugin v26.7 (Yoast SEO v26.7) - https:\/\/yoast.com\/wordpress\/plugins\/seo\/ -->\n<title>News | Fortis Eyewear | Polarised Fishing Sunglasses UK<\/title>\n<meta name=\"description\" content=\"All the latest news from Fortis Eyewear, producers of high tech polarised fishing sunglasses UK to enable the angler to see deeper into the water. Many expert angler&#039;s wear polarised sunglasses\" \/>\n<meta name=\"robots\" content=\"index, follow, max-snippet:-1, max-image-preview:large, max-video-preview:-1\" \/>\n<link rel=\"canonical\" href=\"https:\/\/fortiseyewear.co.uk\/cs\/news\/\" \/>\n<meta property=\"og:locale\" content=\"cs_CZ\" \/>\n<meta property=\"og:type\" content=\"article\" \/>\n<meta property=\"og:title\" content=\"News\" \/>\n<meta property=\"og:description\" content=\"All the latest news from Fortis Eyewear, producers of high tech polarised fishing sunglasses UK to enable the angler to see deeper into the water. Many expert angler&#039;s wear polarised sunglasses\" \/>\n<meta property=\"og:url\" content=\"https:\/\/fortiseyewear.co.uk\/cs\/news\/\" \/>\n<meta property=\"og:site_name\" content=\"Fortis Eyewear\" \/>\n<meta property=\"article:publisher\" content=\"https:\/\/www.facebook.com\/FortisEyewear\" \/>\n<meta property=\"article:modified_time\" content=\"2023-05-07T08:42:44+00:00\" \/>\n<meta property=\"og:image\" content=\"https:\/\/fortiseyewear.co.uk\/wp-content\/uploads\/2016\/04\/Header-News.jpg\" \/>\n<meta name=\"twitter:card\" content=\"summary_large_image\" \/>\n<meta name=\"twitter:site\" content=\"@fortiseyewear\" \/>\n<meta name=\"twitter:label1\" content=\"Odhadovan\u00e1 doba \u010dten\u00ed\" \/>\n\t<meta name=\"twitter:data1\" content=\"1 minuta\" \/>\n<!-- \/ Yoast SEO Premium plugin. -->","yoast_head_json":{"title":"Novinky | Fortis Eyewear | Polariza\u010dn\u00ed ryb\u00e1\u0159sk\u00e9 br\u00fdle \u010cesk\u00e1 republika","description":"V\u0161echny novinky od spole\u010dnosti Fortis Eyewear, v\u00fdrobce \u0161pi\u010dkov\u00fdch polariza\u010dn\u00edch slune\u010dn\u00edch br\u00fdl\u00ed pro ryb\u00e1\u0159e ve Velk\u00e9 Brit\u00e1nii, kter\u00e9 ryb\u00e1\u0159\u016fm umo\u017e\u0148uj\u00ed vid\u011bt hloub\u011bji do vody. Mnoho zku\u0161en\u00fdch ryb\u00e1\u0159\u016f nos\u00ed polariza\u010dn\u00ed slune\u010dn\u00ed br\u00fdle.","robots":{"index":"index","follow":"follow","max-snippet":"max-snippet:-1","max-image-preview":"max-image-preview:large","max-video-preview":"max-video-preview:-1"},"canonical":"https:\/\/fortiseyewear.co.uk\/cs\/news\/","og_locale":"cs_CZ","og_type":"article","og_title":"News","og_description":"All the latest news from Fortis Eyewear, producers of high tech polarised fishing sunglasses UK to enable the angler to see deeper into the water. Many expert angler's wear polarised sunglasses","og_url":"https:\/\/fortiseyewear.co.uk\/cs\/news\/","og_site_name":"Fortis Eyewear","article_publisher":"https:\/\/www.facebook.com\/FortisEyewear","article_modified_time":"2023-05-07T08:42:44+00:00","og_image":[{"url":"https:\/\/fortiseyewear.co.uk\/wp-content\/uploads\/2016\/04\/Header-News.jpg","type":"","width":"","height":""}],"twitter_card":"summary_large_image","twitter_site":"@fortiseyewear","twitter_misc":{"Odhadovan\u00e1 doba \u010dten\u00ed":"1 minuta"},"schema":{"@context":"https:\/\/schema.org","@graph":[{"@type":"WebPage","@id":"https:\/\/fortiseyewear.co.uk\/news\/","url":"https:\/\/fortiseyewear.co.uk\/news\/","name":"Novinky | Fortis Eyewear | Polariza\u010dn\u00ed ryb\u00e1\u0159sk\u00e9 br\u00fdle \u010cesk\u00e1 republika","isPartOf":{"@id":"https:\/\/fortiseyewear.co.uk\/#website"},"primaryImageOfPage":{"@id":"https:\/\/fortiseyewear.co.uk\/news\/#primaryimage"},"image":{"@id":"https:\/\/fortiseyewear.co.uk\/news\/#primaryimage"},"thumbnailUrl":"https:\/\/fortiseyewear.co.uk\/wp-content\/uploads\/2016\/04\/Header-News.jpg","datePublished":"2012-12-10T12:03:50+00:00","dateModified":"2023-05-07T08:42:44+00:00","description":"V\u0161echny novinky od spole\u010dnosti Fortis Eyewear, v\u00fdrobce \u0161pi\u010dkov\u00fdch polariza\u010dn\u00edch slune\u010dn\u00edch br\u00fdl\u00ed pro ryb\u00e1\u0159e ve Velk\u00e9 Brit\u00e1nii, kter\u00e9 ryb\u00e1\u0159\u016fm umo\u017e\u0148uj\u00ed vid\u011bt hloub\u011bji do vody. Mnoho zku\u0161en\u00fdch ryb\u00e1\u0159\u016f nos\u00ed polariza\u010dn\u00ed slune\u010dn\u00ed br\u00fdle.","breadcrumb":{"@id":"https:\/\/fortiseyewear.co.uk\/news\/#breadcrumb"},"inLanguage":"cs","potentialAction":[{"@type":"ReadAction","target":["https:\/\/fortiseyewear.co.uk\/news\/"]}]},{"@type":"ImageObject","inLanguage":"cs","@id":"https:\/\/fortiseyewear.co.uk\/news\/#primaryimage","url":"https:\/\/fortiseyewear.co.uk\/wp-content\/uploads\/2016\/04\/Header-News.jpg","contentUrl":"https:\/\/fortiseyewear.co.uk\/wp-content\/uploads\/2016\/04\/Header-News.jpg"},{"@type":"BreadcrumbList","@id":"https:\/\/fortiseyewear.co.uk\/news\/#breadcrumb","itemListElement":[{"@type":"ListItem","position":1,"name":"Home","item":"https:\/\/fortiseyewear.co.uk\/"},{"@type":"ListItem","position":2,"name":"News"}]},{"@type":"WebSite","@id":"https:\/\/fortiseyewear.co.uk\/#website","url":"https:\/\/fortiseyewear.co.uk\/","name":"Br\u00fdle Fortis","description":"Polarizovan\u00e9 ryb\u00e1\u0159sk\u00e9 slune\u010dn\u00ed br\u00fdle","publisher":{"@id":"https:\/\/fortiseyewear.co.uk\/#organization"},"alternateName":"Fortis","potentialAction":[{"@type":"SearchAction","target":{"@type":"EntryPoint","urlTemplate":"https:\/\/fortiseyewear.co.uk\/?s={search_term_string}"},"query-input":{"@type":"PropertyValueSpecification","valueRequired":true,"valueName":"search_term_string"}}],"inLanguage":"cs"},{"@type":"Organization","@id":"https:\/\/fortiseyewear.co.uk\/#organization","name":"Br\u00fdle Fortis","alternateName":"Fortis","url":"https:\/\/fortiseyewear.co.uk\/","logo":{"@type":"ImageObject","inLanguage":"cs","@id":"https:\/\/fortiseyewear.co.uk\/#\/schema\/logo\/image\/","url":"https:\/\/fortiseyewear.co.uk\/wp-content\/uploads\/2019\/05\/1.FinalLogoMOBILE.jpg","contentUrl":"https:\/\/fortiseyewear.co.uk\/wp-content\/uploads\/2019\/05\/1.FinalLogoMOBILE.jpg","width":766,"height":541,"caption":"Fortis Eyewear"},"image":{"@id":"https:\/\/fortiseyewear.co.uk\/#\/schema\/logo\/image\/"},"sameAs":["https:\/\/www.facebook.com\/FortisEyewear","https:\/\/x.com\/fortiseyewear","https:\/\/www.instagram.com\/FortisEyewear","https:\/\/www.youtube.com\/channel\/UC5uI6lYx37ltUVATG5skJLw"]}]}},"_links":{"self":[{"href":"https:\/\/fortiseyewear.co.uk\/cs\/wp-json\/wp\/v2\/pages\/75","targetHints":{"allow":["GET"]}}],"collection":[{"href":"https:\/\/fortiseyewear.co.uk\/cs\/wp-json\/wp\/v2\/pages"}],"about":[{"href":"https:\/\/fortiseyewear.co.uk\/cs\/wp-json\/wp\/v2\/types\/page"}],"author":[{"embeddable":true,"href":"https:\/\/fortiseyewear.co.uk\/cs\/wp-json\/wp\/v2\/users\/11"}],"replies":[{"embeddable":true,"href":"https:\/\/fortiseyewear.co.uk\/cs\/wp-json\/wp\/v2\/comments?post=75"}],"version-history":[{"count":0,"href":"https:\/\/fortiseyewear.co.uk\/cs\/wp-json\/wp\/v2\/pages\/75\/revisions"}],"wp:attachment":[{"href":"https:\/\/fortiseyewear.co.uk\/cs\/wp-json\/wp\/v2\/media?parent=75"}],"curies":[{"name":"wp","href":"https:\/\/api.w.org\/{rel}","templated":true}]}}