{"id":927,"date":"2013-04-05T09:50:51","date_gmt":"2013-04-05T09:50:51","guid":{"rendered":"https:\/\/fortiseyewear.co.uk\/?page_id=927"},"modified":"2020-02-12T13:50:11","modified_gmt":"2020-02-12T13:50:11","slug":"stuart-court","status":"publish","type":"page","link":"https:\/\/fortiseyewear.co.uk\/cs\/collective\/stuart-court\/","title":{"rendered":"Stuart Court"},"content":{"rendered":"<h3><img decoding=\"async\" class=\"alignnone size-full wp-image-3857\" src=\"https:\/\/fortiseyewear.co.uk\/wp-content\/uploads\/2013\/04\/StuartHeader.jpg\" alt=\"StuartHeader\" width=\"680\" height=\"226\" srcset=\"https:\/\/fortiseyewear.co.uk\/wp-content\/uploads\/2013\/04\/StuartHeader.jpg 680w, https:\/\/fortiseyewear.co.uk\/wp-content\/uploads\/2013\/04\/StuartHeader-300x100.jpg 300w, https:\/\/fortiseyewear.co.uk\/wp-content\/uploads\/2013\/04\/StuartHeader-600x199.jpg 600w, https:\/\/fortiseyewear.co.uk\/wp-content\/uploads\/2013\/04\/StuartHeader-640x213.jpg 640w, https:\/\/fortiseyewear.co.uk\/wp-content\/uploads\/2013\/04\/StuartHeader-150x50.jpg 150w, https:\/\/fortiseyewear.co.uk\/wp-content\/uploads\/2013\/04\/StuartHeader-280x93.jpg 280w, https:\/\/fortiseyewear.co.uk\/wp-content\/uploads\/2013\/04\/StuartHeader-160x53.jpg 160w, https:\/\/fortiseyewear.co.uk\/wp-content\/uploads\/2013\/04\/StuartHeader-320x106.jpg 320w, https:\/\/fortiseyewear.co.uk\/wp-content\/uploads\/2013\/04\/StuartHeader-480x160.jpg 480w\" sizes=\"(max-width: 680px) 100vw, 680px\" \/><\/h3>\n<h3>Chyt\u00e1n\u00ed nemo\u017en\u00e9ho<\/h3>\n<p>V\u00edt\u00e1me Stuarta Courta v kolektivu Fortis. Stuart, Watford Rod, m\u016f\u017ee p\u0159ilo\u017eit ruku k d\u00edlu jak na tekouc\u00ed, tak na stojat\u00e9 vod\u011b. Stuart v dob\u011b sv\u00e9 nejv\u011bt\u0161\u00ed sl\u00e1vy lovil v Adams Mill na \u0159ece Great Ouse a od t\u00e9 doby chyt\u00e1 velk\u00e9 cejny tak\u00e9 na Loddonu a Kennetu. Kdy\u017e se zrovna nehon\u00ed za rekordn\u011b t\u0159esouc\u00edmi se barbely, m\u016f\u017eete ho naj\u00edt uhn\u00edzd\u011bn\u00e9ho na \"Rot\u011b\" na posv\u00e1tn\u00fdch b\u0159ez\u00edch Savay v \u00fadol\u00ed \u0159eky Colne.<\/p>\n<p>Jako v\u0161estrann\u00fd ryb\u00e1\u0159 jsem b\u011bhem let nashrom\u00e1\u017edil hromadu ryb\u00e1\u0159sk\u00fdch pot\u0159eb, r\u016fzn\u00fdch prut\u016f, navij\u00e1k\u016f, krabi\u010dek na n\u00e1\u010din\u00ed, podb\u011br\u00e1k\u016f atd., kter\u00e9 jsou ur\u010deny speci\u00e1ln\u011b pro ur\u010dit\u00e9 styly ryba\u0159en\u00ed. Existuje v\u0161ak jeden nesm\u00edrn\u011b d\u016fle\u017eit\u00fd n\u00e1stroj, kter\u00fd n\u00e1m pom\u016f\u017ee chytit v\u0161echny druhy ryb, a p\u0159itom nezab\u00edr\u00e1 v ta\u0161ce \u017e\u00e1dn\u00e9 m\u00edsto a je to pravd\u011bpodobn\u011b nejd\u016fle\u017eit\u011bj\u0161\u00ed v\u011bc, kterou m\u00e1me... na\u0161e o\u010di![toggle_basic title=\"Read More\"]\n<p>A\u0165 u\u017e jde o sledov\u00e1n\u00ed kapr\u016f z okraj\u016f kr\u00e1sn\u00e9ho jezera, nebo o pozorov\u00e1n\u00ed cejn\u016f klouzaj\u00edc\u00edch po \u010dist\u00e9m \u0161t\u011brku letn\u00ed \u0159eky, prakticky v\u0161echny aspekty vod\u00e1ctv\u00ed se to\u010d\u00ed kolem toho, co vid\u00edme.<\/p>\n<p>D\u016fle\u017eitost vizu\u00e1ln\u00ed lokalizace c\u00edlov\u00fdch druh\u016f je\u0161t\u011b p\u0159edt\u00edm, ne\u017e za\u010dnu p\u0159em\u00fd\u0161let o jejich skute\u010dn\u00e9m lovu, jsem si uv\u011bdomil p\u0159ed mnoha lety p\u0159i lovu velk\u00fdch cejn\u016f v \u010dist\u00e9 vod\u011b \u0159eky Great Ouse. Po p\u0159\u00edjezdu k \u0159ece jsem si m\u00edsto toho, abych se postavil na nejbli\u017e\u0161\u00ed pohodlnou plov\u00e1rnu, pro\u0161el cel\u00fd \u00fasek \u0159eky a hledal stopy po ryb\u00e1ch. Jakmile je najdu, teprve potom zv\u00e1\u017e\u00edm, zda nahodit prut a zav\u00e9st na n\u011b n\u00e1vnadu. Ti z v\u00e1s, kte\u0159\u00ed n\u011bkdy pozorovali cejny p\u0159i lovu, a to i ve velmi \u010dist\u00e9 vod\u011b, v\u011bd\u00ed, jak je n\u011bkdy obt\u00ed\u017en\u00e9 je spat\u0159it, proto\u017ee velmi dob\u0159e spl\u00fdvaj\u00ed s okol\u00edm. N\u011bkdy sta\u010d\u00ed jen slab\u011b zahl\u00e9dnout kor\u00e1lov\u011b r\u016f\u017eovou prsn\u00ed ploutev na pozad\u00ed \u0161t\u011brku pod hladinou nebo t\u0159eba centimetr ocasu vy\u010dn\u00edvaj\u00edc\u00edho zpod vzn\u00e1\u0161ej\u00edc\u00ed se tr\u00e1vy, kdy\u017e pod n\u00edm ryba odpo\u010d\u00edv\u00e1. Naj\u00edt svou ko\u0159ist, a\u0165 u\u017e je jak\u00e1koli, je nejv\u011bt\u0161\u00ed p\u0159ek\u00e1\u017ekou, kterou je t\u0159eba p\u0159ekonat p\u0159i v\u0161ech druz\u00edch rybolovu. Jakmile v\u00edte, kde se nach\u00e1z\u00ed, m\u00e1te to nejt\u011b\u017e\u0161\u00ed za sebou![\/toggle_basic]\n[shareprints gallery_id=\"3775\u2033 gallery_type=\"masonry\" gallery_position=\"pos_center\" gallery_width=\"width_100\u2033 image_size=\"medium\" image_padding=\"10\u2033 theme=\"dark\" image_hover=\"colortosepia\" lightbox_type=\"slide\" titles=\"true\" captions=\"true\" descriptions=\"true\" comments=\"false\" sharing=\"true\"]\n<p style=\"text-align: center;\"><a href=\"https:\/\/instagram.com\/stuartcourt12\"><img decoding=\"async\" class=\"wp-image-3901 size-full\" src=\"https:\/\/fortiseyewear.co.uk\/wp-content\/uploads\/2013\/04\/Instagram.png\" alt=\"Instagram\" width=\"20\" height=\"20\" \/><br \/>\n<\/a>Stuart Court na Instagramu<\/p>","protected":false},"excerpt":{"rendered":"<p>Chyt\u00e1n\u00ed nemo\u017en\u00e9ho V\u00edt\u00e1me Stuarta Courta v kolektivu Fortis Collective. Watfordsk\u00fd rod Stuart m\u016f\u017ee p\u0159ilo\u017eit ruku k d\u00edlu na tekouc\u00ed i stojat\u00e9 vod\u011b. Stuart v dob\u011b sv\u00e9 nejv\u011bt\u0161\u00ed sl\u00e1vy lovil v Adams Mill na \u0159ece Great Ouse a od t\u00e9 doby chyt\u00e1 velk\u00e9 cejny tak\u00e9 na Loddonu a Kennetu. Kdy\u017e se zrovna nehon\u00ed za rekordn\u011b se t\u0159esouc\u00edmi barbely,<\/p>","protected":false},"author":11,"featured_media":0,"parent":67,"menu_order":0,"comment_status":"closed","ping_status":"open","template":"","meta":{"_acf_changed":false,"footnotes":""},"class_list":["post-927","page","type-page","status-publish","hentry","prodpage-classic"],"acf":[],"yoast_head":"<!-- This site is optimized with the Yoast SEO Premium plugin v26.7 (Yoast SEO v26.7) - https:\/\/yoast.com\/wordpress\/plugins\/seo\/ -->\n<title>Polarised Fishing Sunglasses Fortis Eyewear Stuart Court Specimen Angler UK<\/title>\n<meta name=\"description\" content=\"Specimen angler\u2019s such as Stuart Court &amp; Darran Goulder use polarised fishing sunglasses by Fortis Eyewear to help catch more fish. Targeting big fish in deep water using our X Bloc lens technology to eliminate surface glare from the sun will put more fish on the bank\" \/>\n<meta name=\"robots\" content=\"index, follow, max-snippet:-1, max-image-preview:large, max-video-preview:-1\" \/>\n<link rel=\"canonical\" href=\"https:\/\/fortiseyewear.co.uk\/cs\/collective\/stuart-court\/\" \/>\n<meta property=\"og:locale\" content=\"cs_CZ\" \/>\n<meta property=\"og:type\" content=\"article\" \/>\n<meta property=\"og:title\" content=\"Stuart Court\" \/>\n<meta property=\"og:description\" content=\"Specimen angler\u2019s such as Stuart Court &amp; Darran Goulder use polarised fishing sunglasses by Fortis Eyewear to help catch more fish. Targeting big fish in deep water using our X Bloc lens technology to eliminate surface glare from the sun will put more fish on the bank\" \/>\n<meta property=\"og:url\" content=\"https:\/\/fortiseyewear.co.uk\/cs\/collective\/stuart-court\/\" \/>\n<meta property=\"og:site_name\" content=\"Fortis Eyewear\" \/>\n<meta property=\"article:publisher\" content=\"https:\/\/www.facebook.com\/FortisEyewear\" \/>\n<meta property=\"article:modified_time\" content=\"2020-02-12T13:50:11+00:00\" \/>\n<meta property=\"og:image\" content=\"https:\/\/fortiseyewear.co.uk\/wp-content\/uploads\/2013\/04\/StuartHeader.jpg\" \/>\n<meta name=\"twitter:card\" content=\"summary_large_image\" \/>\n<meta name=\"twitter:site\" content=\"@fortiseyewear\" \/>\n<meta name=\"twitter:label1\" content=\"Odhadovan\u00e1 doba \u010dten\u00ed\" \/>\n\t<meta name=\"twitter:data1\" content=\"2 minuty\" \/>\n<!-- \/ Yoast SEO Premium plugin. -->","yoast_head_json":{"title":"Polarised Fishing Sunglasses Fortis Eyewear Stuart Court Specimen Angler UK","description":"Specimen angler\u2019s such as Stuart Court & Darran Goulder use polarised fishing sunglasses by Fortis Eyewear to help catch more fish. Targeting big fish in deep water using our X Bloc lens technology to eliminate surface glare from the sun will put more fish on the bank","robots":{"index":"index","follow":"follow","max-snippet":"max-snippet:-1","max-image-preview":"max-image-preview:large","max-video-preview":"max-video-preview:-1"},"canonical":"https:\/\/fortiseyewear.co.uk\/cs\/collective\/stuart-court\/","og_locale":"cs_CZ","og_type":"article","og_title":"Stuart Court","og_description":"Specimen angler\u2019s such as Stuart Court & Darran Goulder use polarised fishing sunglasses by Fortis Eyewear to help catch more fish. Targeting big fish in deep water using our X Bloc lens technology to eliminate surface glare from the sun will put more fish on the bank","og_url":"https:\/\/fortiseyewear.co.uk\/cs\/collective\/stuart-court\/","og_site_name":"Fortis Eyewear","article_publisher":"https:\/\/www.facebook.com\/FortisEyewear","article_modified_time":"2020-02-12T13:50:11+00:00","og_image":[{"url":"https:\/\/fortiseyewear.co.uk\/wp-content\/uploads\/2013\/04\/StuartHeader.jpg","type":"","width":"","height":""}],"twitter_card":"summary_large_image","twitter_site":"@fortiseyewear","twitter_misc":{"Odhadovan\u00e1 doba \u010dten\u00ed":"2 minuty"},"schema":{"@context":"https:\/\/schema.org","@graph":[{"@type":"WebPage","@id":"https:\/\/fortiseyewear.co.uk\/collective\/stuart-court\/","url":"https:\/\/fortiseyewear.co.uk\/collective\/stuart-court\/","name":"Polarised Fishing Sunglasses Fortis Eyewear Stuart Court Specimen Angler UK","isPartOf":{"@id":"https:\/\/fortiseyewear.co.uk\/#website"},"primaryImageOfPage":{"@id":"https:\/\/fortiseyewear.co.uk\/collective\/stuart-court\/#primaryimage"},"image":{"@id":"https:\/\/fortiseyewear.co.uk\/collective\/stuart-court\/#primaryimage"},"thumbnailUrl":"https:\/\/fortiseyewear.co.uk\/wp-content\/uploads\/2013\/04\/StuartHeader.jpg","datePublished":"2013-04-05T09:50:51+00:00","dateModified":"2020-02-12T13:50:11+00:00","description":"Specimen angler\u2019s such as Stuart Court & Darran Goulder use polarised fishing sunglasses by Fortis Eyewear to help catch more fish. Targeting big fish in deep water using our X Bloc lens technology to eliminate surface glare from the sun will put more fish on the bank","breadcrumb":{"@id":"https:\/\/fortiseyewear.co.uk\/collective\/stuart-court\/#breadcrumb"},"inLanguage":"cs","potentialAction":[{"@type":"ReadAction","target":["https:\/\/fortiseyewear.co.uk\/collective\/stuart-court\/"]}]},{"@type":"ImageObject","inLanguage":"cs","@id":"https:\/\/fortiseyewear.co.uk\/collective\/stuart-court\/#primaryimage","url":"https:\/\/fortiseyewear.co.uk\/wp-content\/uploads\/2013\/04\/StuartHeader.jpg","contentUrl":"https:\/\/fortiseyewear.co.uk\/wp-content\/uploads\/2013\/04\/StuartHeader.jpg"},{"@type":"BreadcrumbList","@id":"https:\/\/fortiseyewear.co.uk\/collective\/stuart-court\/#breadcrumb","itemListElement":[{"@type":"ListItem","position":1,"name":"Home","item":"https:\/\/fortiseyewear.co.uk\/"},{"@type":"ListItem","position":2,"name":"The Collective","item":"https:\/\/fortiseyewear.co.uk\/collective\/"},{"@type":"ListItem","position":3,"name":"Stuart Court"}]},{"@type":"WebSite","@id":"https:\/\/fortiseyewear.co.uk\/#website","url":"https:\/\/fortiseyewear.co.uk\/","name":"Br\u00fdle Fortis","description":"Polarizovan\u00e9 ryb\u00e1\u0159sk\u00e9 slune\u010dn\u00ed br\u00fdle","publisher":{"@id":"https:\/\/fortiseyewear.co.uk\/#organization"},"alternateName":"Fortis","potentialAction":[{"@type":"SearchAction","target":{"@type":"EntryPoint","urlTemplate":"https:\/\/fortiseyewear.co.uk\/?s={search_term_string}"},"query-input":{"@type":"PropertyValueSpecification","valueRequired":true,"valueName":"search_term_string"}}],"inLanguage":"cs"},{"@type":"Organization","@id":"https:\/\/fortiseyewear.co.uk\/#organization","name":"Br\u00fdle Fortis","alternateName":"Fortis","url":"https:\/\/fortiseyewear.co.uk\/","logo":{"@type":"ImageObject","inLanguage":"cs","@id":"https:\/\/fortiseyewear.co.uk\/#\/schema\/logo\/image\/","url":"https:\/\/fortiseyewear.co.uk\/wp-content\/uploads\/2019\/05\/1.FinalLogoMOBILE.jpg","contentUrl":"https:\/\/fortiseyewear.co.uk\/wp-content\/uploads\/2019\/05\/1.FinalLogoMOBILE.jpg","width":766,"height":541,"caption":"Fortis Eyewear"},"image":{"@id":"https:\/\/fortiseyewear.co.uk\/#\/schema\/logo\/image\/"},"sameAs":["https:\/\/www.facebook.com\/FortisEyewear","https:\/\/x.com\/fortiseyewear","https:\/\/www.instagram.com\/FortisEyewear","https:\/\/www.youtube.com\/channel\/UC5uI6lYx37ltUVATG5skJLw"]}]}},"_links":{"self":[{"href":"https:\/\/fortiseyewear.co.uk\/cs\/wp-json\/wp\/v2\/pages\/927","targetHints":{"allow":["GET"]}}],"collection":[{"href":"https:\/\/fortiseyewear.co.uk\/cs\/wp-json\/wp\/v2\/pages"}],"about":[{"href":"https:\/\/fortiseyewear.co.uk\/cs\/wp-json\/wp\/v2\/types\/page"}],"author":[{"embeddable":true,"href":"https:\/\/fortiseyewear.co.uk\/cs\/wp-json\/wp\/v2\/users\/11"}],"replies":[{"embeddable":true,"href":"https:\/\/fortiseyewear.co.uk\/cs\/wp-json\/wp\/v2\/comments?post=927"}],"version-history":[{"count":0,"href":"https:\/\/fortiseyewear.co.uk\/cs\/wp-json\/wp\/v2\/pages\/927\/revisions"}],"up":[{"embeddable":true,"href":"https:\/\/fortiseyewear.co.uk\/cs\/wp-json\/wp\/v2\/pages\/67"}],"wp:attachment":[{"href":"https:\/\/fortiseyewear.co.uk\/cs\/wp-json\/wp\/v2\/media?parent=927"}],"curies":[{"name":"wp","href":"https:\/\/api.w.org\/{rel}","templated":true}]}}