{"id":9419,"date":"2015-01-15T10:28:25","date_gmt":"2015-01-15T10:28:25","guid":{"rendered":"https:\/\/fortiseyewear.co.uk\/?page_id=9419"},"modified":"2018-12-17T14:39:28","modified_gmt":"2018-12-17T14:39:28","slug":"marcus-howarth","status":"publish","type":"page","link":"https:\/\/fortiseyewear.co.uk\/cs\/collective\/marcus-howarth\/","title":{"rendered":"Marcus Howarth"},"content":{"rendered":"<p><img decoding=\"async\" class=\"alignnone wp-image-9421 size-full\" src=\"https:\/\/fortiseyewear.co.uk\/wp-content\/uploads\/2015\/01\/Header1.jpg\" alt=\"Marcus Howarth\" width=\"680\" height=\"226\" \/><\/p>\n<h3>A Life Journey<\/h3>\n<p>Angling to me is more than just catching fish it&#8217;s capturing those special moments, the sunrise&#8217;s, sunset&#8217;s, sitting by the river with the sun sparkling on the moving water, the feel of a bite on your finger tip&#8217;s when touch ledgering or when your sat watching the lake come to life for a new day and one of the main things for me is when your mate&#8217;s catch and spending that special moment with them and obviously when you do finally bag the one you&#8217;ve been pursuing that feeling is immense.<\/p>\n<p>Positivity, confidence and friends are all major part of angling for me, I always try and stay as positive as I can life is to short for all that negativity. Confidence is just as important you gotta be confident in what your doing and the most important thing is your friends, they are there when things are not going right and there to enjoy the moment when it doe&#8217;s.<\/p>\n<p>Angling is a life journey so enjoy every moment you will only get to live it once.<\/p>\n[shareprints gallery_id=&#8221;9425&#8243; gallery_type=&#8221;masonry&#8221; gallery_position=&#8221;pos_center&#8221; gallery_width=&#8221;width_100&#8243; image_size=&#8221;medium&#8221; image_padding=&#8221;10&#8243; theme=&#8221;dark&#8221; image_hover=&#8221;colortosepia&#8221; lightbox_type=&#8221;slide&#8221; titles=&#8221;true&#8221; captions=&#8221;true&#8221; descriptions=&#8221;true&#8221; comments=&#8221;false&#8221; sharing=&#8221;false&#8221;]\n","protected":false},"excerpt":{"rendered":"<p>\u017divotn\u00ed cesta Ryba\u0159en\u00ed je pro m\u011b v\u00edc ne\u017e jen chyt\u00e1n\u00ed ryb, je to zachycen\u00ed t\u011bch v\u00fdjime\u010dn\u00fdch okam\u017eik\u016f, v\u00fdchod\u016f a z\u00e1pad\u016f slunce, posezen\u00ed u \u0159eky s jisk\u0159\u00edc\u00edm sluncem na tekouc\u00ed vod\u011b, pocit z\u00e1b\u011bru na \u0161pi\u010dk\u00e1ch prst\u016f p\u0159i lovu na udici nebo kdy\u017e sed\u00edte a sledujete, jak jezero o\u017e\u00edv\u00e1.<\/p>","protected":false},"author":11,"featured_media":0,"parent":67,"menu_order":0,"comment_status":"closed","ping_status":"open","template":"","meta":{"_acf_changed":false,"footnotes":""},"class_list":["post-9419","page","type-page","status-publish","hentry","prodpage-classic"],"acf":[],"yoast_head":"<!-- This site is optimized with the Yoast SEO Premium plugin v27.5 (Yoast SEO v27.5) - https:\/\/yoast.com\/product\/yoast-seo-premium-wordpress\/ -->\n<title>Marcus Howarth - Fortis Eyewear<\/title>\n<meta name=\"robots\" content=\"index, follow, max-snippet:-1, max-image-preview:large, max-video-preview:-1\" \/>\n<link rel=\"canonical\" href=\"https:\/\/fortiseyewear.co.uk\/cs\/collective\/marcus-howarth\/\" \/>\n<meta property=\"og:locale\" content=\"cs_CZ\" \/>\n<meta property=\"og:type\" content=\"article\" \/>\n<meta property=\"og:title\" content=\"Marcus Howarth\" \/>\n<meta property=\"og:description\" content=\"A Life Journey Angling to me is more than just catching fish it&#8217;s capturing those special moments, the sunrise&#8217;s, sunset&#8217;s, sitting by the river with the sun sparkling on the moving water, the feel of a bite on your finger tip&#8217;s when touch ledgering or when your sat watching the lake come to life for\" \/>\n<meta property=\"og:url\" content=\"https:\/\/fortiseyewear.co.uk\/cs\/collective\/marcus-howarth\/\" \/>\n<meta property=\"og:site_name\" content=\"Fortis Eyewear\" \/>\n<meta property=\"article:publisher\" content=\"https:\/\/www.facebook.com\/FortisEyewear\" \/>\n<meta property=\"article:modified_time\" content=\"2018-12-17T14:39:28+00:00\" \/>\n<meta property=\"og:image\" content=\"https:\/\/fortiseyewear.co.uk\/wp-content\/uploads\/2015\/01\/Header1.jpg\" \/>\n<meta name=\"twitter:card\" content=\"summary_large_image\" \/>\n<meta name=\"twitter:site\" content=\"@fortiseyewear\" \/>\n<meta name=\"twitter:label1\" content=\"Odhadovan\u00e1 doba \u010dten\u00ed\" \/>\n\t<meta name=\"twitter:data1\" content=\"1 minuta\" \/>\n<!-- \/ Yoast SEO Premium plugin. -->","yoast_head_json":{"title":"Marcus Howarth - Fortis Eyewear","robots":{"index":"index","follow":"follow","max-snippet":"max-snippet:-1","max-image-preview":"max-image-preview:large","max-video-preview":"max-video-preview:-1"},"canonical":"https:\/\/fortiseyewear.co.uk\/cs\/collective\/marcus-howarth\/","og_locale":"cs_CZ","og_type":"article","og_title":"Marcus Howarth","og_description":"A Life Journey Angling to me is more than just catching fish it&#8217;s capturing those special moments, the sunrise&#8217;s, sunset&#8217;s, sitting by the river with the sun sparkling on the moving water, the feel of a bite on your finger tip&#8217;s when touch ledgering or when your sat watching the lake come to life for","og_url":"https:\/\/fortiseyewear.co.uk\/cs\/collective\/marcus-howarth\/","og_site_name":"Fortis Eyewear","article_publisher":"https:\/\/www.facebook.com\/FortisEyewear","article_modified_time":"2018-12-17T14:39:28+00:00","og_image":[{"url":"https:\/\/fortiseyewear.co.uk\/wp-content\/uploads\/2015\/01\/Header1.jpg","type":"","width":"","height":""}],"twitter_card":"summary_large_image","twitter_site":"@fortiseyewear","twitter_misc":{"Odhadovan\u00e1 doba \u010dten\u00ed":"1 minuta"},"schema":{"@context":"https:\/\/schema.org","@graph":[{"@type":"WebPage","@id":"https:\/\/fortiseyewear.co.uk\/collective\/marcus-howarth\/","url":"https:\/\/fortiseyewear.co.uk\/collective\/marcus-howarth\/","name":"Marcus Howarth - Fortis Eyewear","isPartOf":{"@id":"https:\/\/fortiseyewear.co.uk\/#website"},"primaryImageOfPage":{"@id":"https:\/\/fortiseyewear.co.uk\/collective\/marcus-howarth\/#primaryimage"},"image":{"@id":"https:\/\/fortiseyewear.co.uk\/collective\/marcus-howarth\/#primaryimage"},"thumbnailUrl":"https:\/\/fortiseyewear.co.uk\/wp-content\/uploads\/2015\/01\/Header1.jpg","datePublished":"2015-01-15T10:28:25+00:00","dateModified":"2018-12-17T14:39:28+00:00","breadcrumb":{"@id":"https:\/\/fortiseyewear.co.uk\/collective\/marcus-howarth\/#breadcrumb"},"inLanguage":"cs","potentialAction":[{"@type":"ReadAction","target":["https:\/\/fortiseyewear.co.uk\/collective\/marcus-howarth\/"]}]},{"@type":"ImageObject","inLanguage":"cs","@id":"https:\/\/fortiseyewear.co.uk\/collective\/marcus-howarth\/#primaryimage","url":"https:\/\/fortiseyewear.co.uk\/wp-content\/uploads\/2015\/01\/Header1.jpg","contentUrl":"https:\/\/fortiseyewear.co.uk\/wp-content\/uploads\/2015\/01\/Header1.jpg"},{"@type":"BreadcrumbList","@id":"https:\/\/fortiseyewear.co.uk\/collective\/marcus-howarth\/#breadcrumb","itemListElement":[{"@type":"ListItem","position":1,"name":"Home","item":"https:\/\/fortiseyewear.co.uk\/"},{"@type":"ListItem","position":2,"name":"The Collective","item":"https:\/\/fortiseyewear.co.uk\/collective\/"},{"@type":"ListItem","position":3,"name":"Marcus Howarth"}]},{"@type":"WebSite","@id":"https:\/\/fortiseyewear.co.uk\/#website","url":"https:\/\/fortiseyewear.co.uk\/","name":"Br\u00fdle Fortis","description":"Polarizovan\u00e9 ryb\u00e1\u0159sk\u00e9 slune\u010dn\u00ed br\u00fdle","publisher":{"@id":"https:\/\/fortiseyewear.co.uk\/#organization"},"alternateName":"Fortis","potentialAction":[{"@type":"SearchAction","target":{"@type":"EntryPoint","urlTemplate":"https:\/\/fortiseyewear.co.uk\/?s={search_term_string}"},"query-input":{"@type":"PropertyValueSpecification","valueRequired":true,"valueName":"search_term_string"}}],"inLanguage":"cs"},{"@type":"Organization","@id":"https:\/\/fortiseyewear.co.uk\/#organization","name":"Br\u00fdle Fortis","alternateName":"Fortis","url":"https:\/\/fortiseyewear.co.uk\/","logo":{"@type":"ImageObject","inLanguage":"cs","@id":"https:\/\/fortiseyewear.co.uk\/#\/schema\/logo\/image\/","url":"https:\/\/fortiseyewear.co.uk\/wp-content\/uploads\/2019\/05\/1.FinalLogoMOBILE.jpg","contentUrl":"https:\/\/fortiseyewear.co.uk\/wp-content\/uploads\/2019\/05\/1.FinalLogoMOBILE.jpg","width":766,"height":541,"caption":"Fortis Eyewear"},"image":{"@id":"https:\/\/fortiseyewear.co.uk\/#\/schema\/logo\/image\/"},"sameAs":["https:\/\/www.facebook.com\/FortisEyewear","https:\/\/x.com\/fortiseyewear","https:\/\/www.instagram.com\/FortisEyewear","https:\/\/www.youtube.com\/channel\/UC5uI6lYx37ltUVATG5skJLw"]}]}},"_links":{"self":[{"href":"https:\/\/fortiseyewear.co.uk\/cs\/wp-json\/wp\/v2\/pages\/9419","targetHints":{"allow":["GET"]}}],"collection":[{"href":"https:\/\/fortiseyewear.co.uk\/cs\/wp-json\/wp\/v2\/pages"}],"about":[{"href":"https:\/\/fortiseyewear.co.uk\/cs\/wp-json\/wp\/v2\/types\/page"}],"author":[{"embeddable":true,"href":"https:\/\/fortiseyewear.co.uk\/cs\/wp-json\/wp\/v2\/users\/11"}],"replies":[{"embeddable":true,"href":"https:\/\/fortiseyewear.co.uk\/cs\/wp-json\/wp\/v2\/comments?post=9419"}],"version-history":[{"count":0,"href":"https:\/\/fortiseyewear.co.uk\/cs\/wp-json\/wp\/v2\/pages\/9419\/revisions"}],"up":[{"embeddable":true,"href":"https:\/\/fortiseyewear.co.uk\/cs\/wp-json\/wp\/v2\/pages\/67"}],"wp:attachment":[{"href":"https:\/\/fortiseyewear.co.uk\/cs\/wp-json\/wp\/v2\/media?parent=9419"}],"curies":[{"name":"wp","href":"https:\/\/api.w.org\/{rel}","templated":true}]}}