{"id":14551,"date":"2019-01-18T14:50:19","date_gmt":"2019-01-18T14:50:19","guid":{"rendered":"https:\/\/fortiseyewear.co.uk\/?post_type=product&#038;p=14551"},"modified":"2025-11-21T22:07:59","modified_gmt":"2025-11-21T22:07:59","slug":"5-panel","status":"publish","type":"product","link":"https:\/\/fortiseyewear.co.uk\/cs\/produkt\/5-panel\/","title":{"rendered":"5 Panel"},"content":{"rendered":"<h3><strong>5 Panel Hat \u2013 Practical Shade with Secure Eyewear Retention<\/strong><\/h3>\n<p>The 5 Panel Hat is a functional, understated piece designed for anglers who value comfort and simplicity. Built for long days outdoors, it pairs clean styling with useful detailing suited to the bank.<\/p>\n<hr \/>\n<h3><strong>Unik\u00e1tn\u00ed nosi\u010de br\u00fdl\u00ed<\/strong><\/h3>\n<p>Elasticated retainers on each side hold your sunglasses securely in place, reducing the risk of slips when leaning over the water or moving between spots.<\/p>\n<hr \/>\n<h3><strong>Nastaviteln\u00fd Fit<\/strong><\/h3>\n<p>An adjustable rear strap ensures a comfortable, one-size fit. Lightweight and practical, it works well for fish spotting or general angling.<\/p>\n<hr \/>\n<h3><strong>Diskr\u00e9tn\u00ed zna\u010den\u00ed<\/strong><\/h3>\n<p>Finished with subtle branding, the design maintains a low-profile look while offering everyday utility on and off the bank.<\/p>\n<hr \/>\n<h3><strong>Enhanced Ventilation<\/strong><\/h3>\n<p>Integrated air vents support airflow during warmer conditions, helping maintain comfort throughout long sessions.<\/p>\n<p>A dependable, all-season cap for anglers seeking comfort, practicality and understated style.<\/p>","protected":false},"excerpt":{"rendered":"<h2><em>Modern\u00ed klasick\u00e1 p\u011btipanelov\u00e1 \u010depice s elastick\u00fdmi \u00fachyty na br\u00fdle<\/em><\/h2>\n<p>\u010e\u00e1bel se skr\u00fdv\u00e1 v detailech a na\u0161e p\u011btipanelov\u00e9 klobouky nejsou v\u00fdjimkou.<br \/>\nNa obou stran\u00e1ch jsou vybaveny jedine\u010dn\u00fdmi elastick\u00fdmi \u00fachyty slune\u010dn\u00edch br\u00fdl\u00ed (viz obr\u00e1zky), kter\u00e9 zabra\u0148uj\u00ed sklouznut\u00ed drahocenn\u00fdch slune\u010dn\u00edch br\u00fdl\u00ed Fortis z hlavy do jezera. D\u00edky nastaviteln\u00e9mu p\u00e1sku je tento od\u011bv vhodn\u00fd pro v\u0161echny velikosti a je dokonal\u00fdm dopl\u0148kem na\u0161ich slune\u010dn\u00edch br\u00fdl\u00ed p\u0159i pozorov\u00e1n\u00ed ryb nebo p\u0159i b\u011b\u017en\u00e9m ryba\u0159en\u00ed.<\/p>\n<p>Klobouk s diskr\u00e9tn\u00ed zna\u010dkou a bohatou v\u00fdbavou obsahuje tak\u00e9 v\u011btrac\u00ed otvory pro lep\u0161\u00ed ventilaci v teplej\u0161\u00edch m\u011bs\u00edc\u00edch. Tato \u010depice bude v\u00edt\u011bzem na b\u0159ehu i mimo n\u011bj po cel\u00fd rok. *Slune\u010dn\u00ed br\u00fdle nejsou sou\u010d\u00e1st\u00ed balen\u00ed<\/p>\n<p><strong>Teplo:<\/strong> [rating stars=\"1.0\"]<br \/>\n<strong>Lehk\u00e9:<\/strong> [rating stars=\"5.0\"]<br \/>\n<strong>Ochrana vody:<\/strong> [rating stars=\"2.0\"]<br \/>\n<strong>Prody\u0161nost:<\/strong> [rating stars=\"5.0\"]<\/p>\n<p>Dal\u0161\u00ed informace naleznete v na\u0161\u00ed <a href=\"\/cs\/clothing-guide\/\">Pr\u016fvodce oble\u010den\u00edm<\/a>.<br \/>\nPokyny k pran\u00ed na od\u011bvu.<\/p>\n<p>Cena: \u00a319.99<\/p>\n<p><strong>*K dispozici pouze u na\u0161ich doporu\u010den\u00fdch ryb\u00e1\u0159sk\u00fdch prodejc\u016f.<\/strong><br \/>\nNav\u0161tivte na\u0161i <a href=\"https:\/\/fortiseyewear.co.uk\/cs\/stockists\/\">STOCKISTS<\/a> strana.<\/p>","protected":false},"featured_media":15597,"template":"","meta":{"_acf_changed":false},"collection":[],"product_brand":[],"product_cat":[557],"product_tag":[],"class_list":{"0":"post-14551","1":"product","2":"type-product","3":"status-publish","4":"has-post-thumbnail","6":"product_cat-carp-fishing-clothing","8":"first","9":"instock","10":"taxable","11":"shipping-taxable","12":"purchasable","13":"product-type-variable","14":"prodpage-classic"},"acf":[],"yoast_head":"<!-- This site is optimized with the Yoast SEO Premium plugin v26.7 (Yoast SEO v26.7) - https:\/\/yoast.com\/wordpress\/plugins\/seo\/ -->\n<title>5 Panel | Fishing Cap \u2013 Fortis Eyewear<\/title>\n<meta name=\"description\" content=\"5 Panel is a fishing cap with built in sunglass retainers. Subtle Fortis styling for everyday wear.\" \/>\n<meta name=\"robots\" content=\"index, follow, max-snippet:-1, max-image-preview:large, max-video-preview:-1\" \/>\n<link rel=\"canonical\" href=\"https:\/\/fortiseyewear.co.uk\/cs\/produkt\/5-panel\/\" \/>\n<meta property=\"og:locale\" content=\"cs_CZ\" \/>\n<meta property=\"og:type\" content=\"article\" \/>\n<meta property=\"og:title\" content=\"5 Panel\" \/>\n<meta property=\"og:description\" content=\"5 Panel is a fishing cap with built in sunglass retainers. Subtle Fortis styling for everyday wear.\" \/>\n<meta property=\"og:url\" content=\"https:\/\/fortiseyewear.co.uk\/cs\/produkt\/5-panel\/\" \/>\n<meta property=\"og:site_name\" content=\"Fortis Eyewear\" \/>\n<meta property=\"article:publisher\" content=\"https:\/\/www.facebook.com\/FortisEyewear\" \/>\n<meta property=\"article:modified_time\" content=\"2025-11-21T22:07:59+00:00\" \/>\n<meta property=\"og:image\" content=\"https:\/\/fortiseyewear.co.uk\/wp-content\/uploads\/2019\/01\/5P01-Side.jpg\" \/>\n\t<meta property=\"og:image:width\" content=\"600\" \/>\n\t<meta property=\"og:image:height\" content=\"800\" \/>\n\t<meta property=\"og:image:type\" content=\"image\/jpeg\" \/>\n<meta name=\"twitter:card\" content=\"summary_large_image\" \/>\n<meta name=\"twitter:site\" content=\"@fortiseyewear\" \/>\n<meta name=\"twitter:label1\" content=\"Odhadovan\u00e1 doba \u010dten\u00ed\" \/>\n\t<meta name=\"twitter:data1\" content=\"1 minuta\" \/>\n<!-- \/ Yoast SEO Premium plugin. -->","yoast_head_json":{"title":"5 Panel | Fishing Cap \u2013 Fortis Eyewear","description":"5 Panel is a fishing cap with built in sunglass retainers. Subtle Fortis styling for everyday wear.","robots":{"index":"index","follow":"follow","max-snippet":"max-snippet:-1","max-image-preview":"max-image-preview:large","max-video-preview":"max-video-preview:-1"},"canonical":"https:\/\/fortiseyewear.co.uk\/cs\/produkt\/5-panel\/","og_locale":"cs_CZ","og_type":"article","og_title":"5 Panel","og_description":"5 Panel is a fishing cap with built in sunglass retainers. Subtle Fortis styling for everyday wear.","og_url":"https:\/\/fortiseyewear.co.uk\/cs\/produkt\/5-panel\/","og_site_name":"Fortis Eyewear","article_publisher":"https:\/\/www.facebook.com\/FortisEyewear","article_modified_time":"2025-11-21T22:07:59+00:00","og_image":[{"width":600,"height":800,"url":"https:\/\/fortiseyewear.co.uk\/wp-content\/uploads\/2019\/01\/5P01-Side.jpg","type":"image\/jpeg"}],"twitter_card":"summary_large_image","twitter_site":"@fortiseyewear","twitter_misc":{"Odhadovan\u00e1 doba \u010dten\u00ed":"1 minuta"},"schema":{"@context":"https:\/\/schema.org","@graph":[{"@type":"WebPage","@id":"https:\/\/fortiseyewear.co.uk\/product\/5-panel\/","url":"https:\/\/fortiseyewear.co.uk\/product\/5-panel\/","name":"5 Panel | Fishing Cap \u2013 Fortis Eyewear","isPartOf":{"@id":"https:\/\/fortiseyewear.co.uk\/#website"},"primaryImageOfPage":{"@id":"https:\/\/fortiseyewear.co.uk\/product\/5-panel\/#primaryimage"},"image":{"@id":"https:\/\/fortiseyewear.co.uk\/product\/5-panel\/#primaryimage"},"thumbnailUrl":"https:\/\/fortiseyewear.co.uk\/wp-content\/uploads\/2019\/01\/5P01-Side.jpg","datePublished":"2019-01-18T14:50:19+00:00","dateModified":"2025-11-21T22:07:59+00:00","description":"5 Panel is a fishing cap with built in sunglass retainers. Subtle Fortis styling for everyday wear.","breadcrumb":{"@id":"https:\/\/fortiseyewear.co.uk\/product\/5-panel\/#breadcrumb"},"inLanguage":"cs","potentialAction":[{"@type":"ReadAction","target":["https:\/\/fortiseyewear.co.uk\/product\/5-panel\/"]}]},{"@type":"ImageObject","inLanguage":"cs","@id":"https:\/\/fortiseyewear.co.uk\/product\/5-panel\/#primaryimage","url":"https:\/\/fortiseyewear.co.uk\/wp-content\/uploads\/2019\/01\/5P01-Side.jpg","contentUrl":"https:\/\/fortiseyewear.co.uk\/wp-content\/uploads\/2019\/01\/5P01-Side.jpg","width":600,"height":800,"caption":"Fortis Eyewear 5 Panel Hat"},{"@type":"BreadcrumbList","@id":"https:\/\/fortiseyewear.co.uk\/product\/5-panel\/#breadcrumb","itemListElement":[{"@type":"ListItem","position":1,"name":"Home","item":"https:\/\/fortiseyewear.co.uk\/"},{"@type":"ListItem","position":2,"name":"Products","item":"https:\/\/fortiseyewear.co.uk\/products\/"},{"@type":"ListItem","position":3,"name":"5 Panel"}]},{"@type":"WebSite","@id":"https:\/\/fortiseyewear.co.uk\/#website","url":"https:\/\/fortiseyewear.co.uk\/","name":"Br\u00fdle Fortis","description":"Polarizovan\u00e9 ryb\u00e1\u0159sk\u00e9 slune\u010dn\u00ed br\u00fdle","publisher":{"@id":"https:\/\/fortiseyewear.co.uk\/#organization"},"alternateName":"Fortis","potentialAction":[{"@type":"SearchAction","target":{"@type":"EntryPoint","urlTemplate":"https:\/\/fortiseyewear.co.uk\/?s={search_term_string}"},"query-input":{"@type":"PropertyValueSpecification","valueRequired":true,"valueName":"search_term_string"}}],"inLanguage":"cs"},{"@type":"Organization","@id":"https:\/\/fortiseyewear.co.uk\/#organization","name":"Br\u00fdle Fortis","alternateName":"Fortis","url":"https:\/\/fortiseyewear.co.uk\/","logo":{"@type":"ImageObject","inLanguage":"cs","@id":"https:\/\/fortiseyewear.co.uk\/#\/schema\/logo\/image\/","url":"https:\/\/fortiseyewear.co.uk\/wp-content\/uploads\/2019\/05\/1.FinalLogoMOBILE.jpg","contentUrl":"https:\/\/fortiseyewear.co.uk\/wp-content\/uploads\/2019\/05\/1.FinalLogoMOBILE.jpg","width":766,"height":541,"caption":"Fortis Eyewear"},"image":{"@id":"https:\/\/fortiseyewear.co.uk\/#\/schema\/logo\/image\/"},"sameAs":["https:\/\/www.facebook.com\/FortisEyewear","https:\/\/x.com\/fortiseyewear","https:\/\/www.instagram.com\/FortisEyewear","https:\/\/www.youtube.com\/channel\/UC5uI6lYx37ltUVATG5skJLw"]}]}},"_links":{"self":[{"href":"https:\/\/fortiseyewear.co.uk\/cs\/wp-json\/wp\/v2\/product\/14551","targetHints":{"allow":["GET"]}}],"collection":[{"href":"https:\/\/fortiseyewear.co.uk\/cs\/wp-json\/wp\/v2\/product"}],"about":[{"href":"https:\/\/fortiseyewear.co.uk\/cs\/wp-json\/wp\/v2\/types\/product"}],"wp:featuredmedia":[{"embeddable":true,"href":"https:\/\/fortiseyewear.co.uk\/cs\/wp-json\/wp\/v2\/media\/15597"}],"wp:attachment":[{"href":"https:\/\/fortiseyewear.co.uk\/cs\/wp-json\/wp\/v2\/media?parent=14551"}],"wp:term":[{"taxonomy":"collection","embeddable":true,"href":"https:\/\/fortiseyewear.co.uk\/cs\/wp-json\/wp\/v2\/collection?post=14551"},{"taxonomy":"product_brand","embeddable":true,"href":"https:\/\/fortiseyewear.co.uk\/cs\/wp-json\/wp\/v2\/product_brand?post=14551"},{"taxonomy":"product_cat","embeddable":true,"href":"https:\/\/fortiseyewear.co.uk\/cs\/wp-json\/wp\/v2\/product_cat?post=14551"},{"taxonomy":"product_tag","embeddable":true,"href":"https:\/\/fortiseyewear.co.uk\/cs\/wp-json\/wp\/v2\/product_tag?post=14551"}],"curies":[{"name":"wp","href":"https:\/\/api.w.org\/{rel}","templated":true}]}}