{"id":14693,"date":"2019-01-21T15:48:44","date_gmt":"2019-01-21T15:48:44","guid":{"rendered":"https:\/\/fortiseyewear.co.uk\/?post_type=product&#038;p=14693"},"modified":"2025-11-21T22:07:59","modified_gmt":"2025-11-21T22:07:59","slug":"lanyards","status":"publish","type":"product","link":"https:\/\/fortiseyewear.co.uk\/cs\/produkt\/lanyards\/","title":{"rendered":"\u0160\u0148\u016frky na krk"},"content":{"rendered":"<h3><strong>Fortis Lanyard \u2013 Secure, Adjustable Retention for Your Eyewear<\/strong><\/h3>\n<p>The Fortis Lanyard is a simple, durable solution for keeping your sunglasses secure while fishing. Designed to fit any pair of Fortis Eyewear, it provides reliable retention without adding bulk.<\/p>\n<hr \/>\n<h3><strong>Quick Adjustable Retainers<\/strong><\/h3>\n<p>The adjustable design allows you to tighten or loosen the fit with ease, ensuring your eyewear stays in place whether you\u2019re casting, moving swims or packing down.<\/p>\n<hr \/>\n<h3><strong>Durable &#038; Refined<\/strong><\/h3>\n<p>Built to withstand regular outdoor use, the lanyard is available in orange, black or green cord with subtle branding. A practical accessory that keeps your glasses safe while maintaining a clean, understated look.<\/p>\n<hr \/>\n<h3><strong>Versatile Fit<\/strong><\/h3>\n<p>With a 600mm length, the lanyard offers a comfortable fit around the neck when your eyewear is not in use, providing security without restriction.<\/p>\n<hr \/>\n<h3><strong>Kl\u00ed\u010dov\u00e9 vlastnosti \u0161\u0148\u016frky Fortis<\/strong><\/h3>\n<ul>\n<li><strong>Adjustable retainers<\/strong> \u2013 secure fit for all Fortis Eyewear<\/li>\n<li><strong>Durable cord construction<\/strong> \u2013 built for regular use<\/li>\n<li><strong>Colour options<\/strong> \u2013 orange, black or green<\/li>\n<li><strong>Length<\/strong> \u2013 600mm for comfortable wear<\/li>\n<\/ul>\n<p>A practical accessory that keeps your eyewear secure and ready for use.<\/p>","protected":false},"excerpt":{"rendered":"<h2><em>Rychle nastaviteln\u00e9 nosi\u010de br\u00fdl\u00ed\u00a0<\/em><\/h2>\n<p>\u0160\u0148\u016frky na br\u00fdle Fortis jsou velmi odoln\u00e9 dr\u017e\u00e1ky br\u00fdl\u00ed, kter\u00e9 lze snadno upravit tak, aby se hodily na jak\u00fdkoli p\u00e1r slune\u010dn\u00edch br\u00fdl\u00ed Fortis Eyewear. K dispozici jsou oran\u017eov\u00e9, \u010dern\u00e9 nebo zelen\u00e9 \u0161\u0148\u016frky s podpisem zna\u010dky. Udr\u017eujte sv\u00e9 br\u00fdle v bezpe\u010d\u00ed a stylov\u011b.<\/p>\n<p><strong>Cena:<\/strong> \u00a32.99<\/p>\n<p><span style=\"color: #ff6600;\"><strong>*K dispozici pouze u na\u0161ich doporu\u010den\u00fdch ryb\u00e1\u0159sk\u00fdch prodejc\u016f<br \/>\n<\/strong><\/span><strong>Nebo v na\u0161ich \"Merch\" bal\u00ed\u010dc\u00edch!<\/strong><span style=\"color: #ff6600;\"><strong><br \/>\n<\/strong><span style=\"color: #000000;\">Nav\u0161tivte na\u0161i <a style=\"color: #000000;\" href=\"\/cs\/stockists\/\">Z\u00e1sobov\u00e1n\u00ed<\/a> strana.<\/span><\/span><\/p>","protected":false},"featured_media":14701,"template":"","meta":{"_acf_changed":false},"collection":[],"product_brand":[],"product_cat":[575],"product_tag":[],"class_list":{"0":"post-14693","1":"product","2":"type-product","3":"status-publish","4":"has-post-thumbnail","6":"product_cat-carp-fishing-luggage-accessories","8":"first","9":"instock","10":"taxable","11":"shipping-taxable","12":"purchasable","13":"product-type-variable","14":"prodpage-classic"},"acf":[],"yoast_head":"<!-- This site is optimized with the Yoast SEO Premium plugin v26.7 (Yoast SEO v26.7) - https:\/\/yoast.com\/wordpress\/plugins\/seo\/ -->\n<title>Lanyards | Performance Fishing Clothing \u2013 Fortis Eyewear<\/title>\n<meta name=\"description\" content=\"Lanyards keep your Fortis polarised sunglasses secure round your neck so you can move, cast and play fish without dropping them.\" \/>\n<meta name=\"robots\" content=\"index, follow, max-snippet:-1, max-image-preview:large, max-video-preview:-1\" \/>\n<link rel=\"canonical\" href=\"https:\/\/fortiseyewear.co.uk\/cs\/produkt\/lanyards\/\" \/>\n<meta property=\"og:locale\" content=\"cs_CZ\" \/>\n<meta property=\"og:type\" content=\"article\" \/>\n<meta property=\"og:title\" content=\"Lanyards\" \/>\n<meta property=\"og:description\" content=\"Lanyards keep your Fortis polarised sunglasses secure round your neck so you can move, cast and play fish without dropping them.\" \/>\n<meta property=\"og:url\" content=\"https:\/\/fortiseyewear.co.uk\/cs\/produkt\/lanyards\/\" \/>\n<meta property=\"og:site_name\" content=\"Fortis Eyewear\" \/>\n<meta property=\"article:publisher\" content=\"https:\/\/www.facebook.com\/FortisEyewear\" \/>\n<meta property=\"article:modified_time\" content=\"2025-11-21T22:07:59+00:00\" \/>\n<meta property=\"og:image\" content=\"https:\/\/fortiseyewear.co.uk\/wp-content\/uploads\/2019\/01\/LY.jpg\" \/>\n\t<meta property=\"og:image:width\" content=\"600\" \/>\n\t<meta property=\"og:image:height\" content=\"800\" \/>\n\t<meta property=\"og:image:type\" content=\"image\/jpeg\" \/>\n<meta name=\"twitter:card\" content=\"summary_large_image\" \/>\n<meta name=\"twitter:site\" content=\"@fortiseyewear\" \/>\n<meta name=\"twitter:label1\" content=\"Odhadovan\u00e1 doba \u010dten\u00ed\" \/>\n\t<meta name=\"twitter:data1\" content=\"2 minuty\" \/>\n<!-- \/ Yoast SEO Premium plugin. -->","yoast_head_json":{"title":"Lanyards | Performance Fishing Clothing \u2013 Fortis Eyewear","description":"Lanyards keep your Fortis polarised sunglasses secure round your neck so you can move, cast and play fish without dropping them.","robots":{"index":"index","follow":"follow","max-snippet":"max-snippet:-1","max-image-preview":"max-image-preview:large","max-video-preview":"max-video-preview:-1"},"canonical":"https:\/\/fortiseyewear.co.uk\/cs\/produkt\/lanyards\/","og_locale":"cs_CZ","og_type":"article","og_title":"Lanyards","og_description":"Lanyards keep your Fortis polarised sunglasses secure round your neck so you can move, cast and play fish without dropping them.","og_url":"https:\/\/fortiseyewear.co.uk\/cs\/produkt\/lanyards\/","og_site_name":"Fortis Eyewear","article_publisher":"https:\/\/www.facebook.com\/FortisEyewear","article_modified_time":"2025-11-21T22:07:59+00:00","og_image":[{"width":600,"height":800,"url":"https:\/\/fortiseyewear.co.uk\/wp-content\/uploads\/2019\/01\/LY.jpg","type":"image\/jpeg"}],"twitter_card":"summary_large_image","twitter_site":"@fortiseyewear","twitter_misc":{"Odhadovan\u00e1 doba \u010dten\u00ed":"2 minuty"},"schema":{"@context":"https:\/\/schema.org","@graph":[{"@type":"WebPage","@id":"https:\/\/fortiseyewear.co.uk\/product\/lanyards\/","url":"https:\/\/fortiseyewear.co.uk\/product\/lanyards\/","name":"Lanyards | Performance Fishing Clothing \u2013 Fortis Eyewear","isPartOf":{"@id":"https:\/\/fortiseyewear.co.uk\/#website"},"primaryImageOfPage":{"@id":"https:\/\/fortiseyewear.co.uk\/product\/lanyards\/#primaryimage"},"image":{"@id":"https:\/\/fortiseyewear.co.uk\/product\/lanyards\/#primaryimage"},"thumbnailUrl":"https:\/\/fortiseyewear.co.uk\/wp-content\/uploads\/2019\/01\/LY.jpg","datePublished":"2019-01-21T15:48:44+00:00","dateModified":"2025-11-21T22:07:59+00:00","description":"Lanyards keep your Fortis polarised sunglasses secure round your neck so you can move, cast and play fish without dropping them.","breadcrumb":{"@id":"https:\/\/fortiseyewear.co.uk\/product\/lanyards\/#breadcrumb"},"inLanguage":"cs","potentialAction":[{"@type":"ReadAction","target":["https:\/\/fortiseyewear.co.uk\/product\/lanyards\/"]}]},{"@type":"ImageObject","inLanguage":"cs","@id":"https:\/\/fortiseyewear.co.uk\/product\/lanyards\/#primaryimage","url":"https:\/\/fortiseyewear.co.uk\/wp-content\/uploads\/2019\/01\/LY.jpg","contentUrl":"https:\/\/fortiseyewear.co.uk\/wp-content\/uploads\/2019\/01\/LY.jpg","width":600,"height":800,"caption":"Fortis Eyewear Lanyards and Eyewear Retainers to stop you loosing your fishing sunglasses"},{"@type":"BreadcrumbList","@id":"https:\/\/fortiseyewear.co.uk\/product\/lanyards\/#breadcrumb","itemListElement":[{"@type":"ListItem","position":1,"name":"Home","item":"https:\/\/fortiseyewear.co.uk\/"},{"@type":"ListItem","position":2,"name":"Products","item":"https:\/\/fortiseyewear.co.uk\/products\/"},{"@type":"ListItem","position":3,"name":"Lanyards"}]},{"@type":"WebSite","@id":"https:\/\/fortiseyewear.co.uk\/#website","url":"https:\/\/fortiseyewear.co.uk\/","name":"Br\u00fdle Fortis","description":"Polarizovan\u00e9 ryb\u00e1\u0159sk\u00e9 slune\u010dn\u00ed br\u00fdle","publisher":{"@id":"https:\/\/fortiseyewear.co.uk\/#organization"},"alternateName":"Fortis","potentialAction":[{"@type":"SearchAction","target":{"@type":"EntryPoint","urlTemplate":"https:\/\/fortiseyewear.co.uk\/?s={search_term_string}"},"query-input":{"@type":"PropertyValueSpecification","valueRequired":true,"valueName":"search_term_string"}}],"inLanguage":"cs"},{"@type":"Organization","@id":"https:\/\/fortiseyewear.co.uk\/#organization","name":"Br\u00fdle Fortis","alternateName":"Fortis","url":"https:\/\/fortiseyewear.co.uk\/","logo":{"@type":"ImageObject","inLanguage":"cs","@id":"https:\/\/fortiseyewear.co.uk\/#\/schema\/logo\/image\/","url":"https:\/\/fortiseyewear.co.uk\/wp-content\/uploads\/2019\/05\/1.FinalLogoMOBILE.jpg","contentUrl":"https:\/\/fortiseyewear.co.uk\/wp-content\/uploads\/2019\/05\/1.FinalLogoMOBILE.jpg","width":766,"height":541,"caption":"Fortis Eyewear"},"image":{"@id":"https:\/\/fortiseyewear.co.uk\/#\/schema\/logo\/image\/"},"sameAs":["https:\/\/www.facebook.com\/FortisEyewear","https:\/\/x.com\/fortiseyewear","https:\/\/www.instagram.com\/FortisEyewear","https:\/\/www.youtube.com\/channel\/UC5uI6lYx37ltUVATG5skJLw"]}]}},"_links":{"self":[{"href":"https:\/\/fortiseyewear.co.uk\/cs\/wp-json\/wp\/v2\/product\/14693","targetHints":{"allow":["GET"]}}],"collection":[{"href":"https:\/\/fortiseyewear.co.uk\/cs\/wp-json\/wp\/v2\/product"}],"about":[{"href":"https:\/\/fortiseyewear.co.uk\/cs\/wp-json\/wp\/v2\/types\/product"}],"wp:featuredmedia":[{"embeddable":true,"href":"https:\/\/fortiseyewear.co.uk\/cs\/wp-json\/wp\/v2\/media\/14701"}],"wp:attachment":[{"href":"https:\/\/fortiseyewear.co.uk\/cs\/wp-json\/wp\/v2\/media?parent=14693"}],"wp:term":[{"taxonomy":"collection","embeddable":true,"href":"https:\/\/fortiseyewear.co.uk\/cs\/wp-json\/wp\/v2\/collection?post=14693"},{"taxonomy":"product_brand","embeddable":true,"href":"https:\/\/fortiseyewear.co.uk\/cs\/wp-json\/wp\/v2\/product_brand?post=14693"},{"taxonomy":"product_cat","embeddable":true,"href":"https:\/\/fortiseyewear.co.uk\/cs\/wp-json\/wp\/v2\/product_cat?post=14693"},{"taxonomy":"product_tag","embeddable":true,"href":"https:\/\/fortiseyewear.co.uk\/cs\/wp-json\/wp\/v2\/product_tag?post=14693"}],"curies":[{"name":"wp","href":"https:\/\/api.w.org\/{rel}","templated":true}]}}