{"id":14709,"date":"2019-01-21T16:07:38","date_gmt":"2019-01-21T16:07:38","guid":{"rendered":"https:\/\/fortiseyewear.co.uk\/?post_type=product&#038;p=14709"},"modified":"2025-12-20T20:09:25","modified_gmt":"2025-12-20T20:09:25","slug":"t-shirt-minimal","status":"publish","type":"product","link":"https:\/\/fortiseyewear.co.uk\/cs\/produkt\/t-shirt-minimal\/","title":{"rendered":"Tri\u010dko Minimal"},"content":{"rendered":"<h3><strong>Minimal T-Shirt \u2013 Heavyweight Comfort for Everyday Wear<\/strong><\/h3>\n<p>The Minimal T-Shirt in Dusty Olive is a simple, dependable layer for anglers who prefer clean design and practical comfort. Made from 100% heavyweight 190 GSM cotton, it offers a breathable yet durable feel suited to both time on the bank and everyday use.<\/p>\n<hr \/>\n<h3><strong>Siln\u00e1 bavlna pro celodenn\u00ed pohodl\u00ed<\/strong><\/h3>\n<p>Constructed from premium 190 GSM cotton, the fabric provides a soft hand-feel with long-lasting structure. The relaxed fit supports natural movement and stays comfortable through extended sessions or off-duty days.<\/p>\n<hr \/>\n<h3><strong>Signature Fortis Podrobnosti<\/strong><\/h3>\n<p>A subtle dropped back hem carries the \u201cSee Deeper\u201d print, adding a refined touch while maintaining the clean, understated aesthetic. Designed to work alone or layered under outerwear, it transitions easily across conditions.<\/p>\n<hr \/>\n<h3><strong>Vytvo\u0159eno pro v\u0161estrannost<\/strong><\/h3>\n<p>From early starts on the water to everyday wear, the Minimal T-Shirt delivers dependable comfort and adaptability. Its stripped-back look pairs smoothly with joggers, cargos or shorts, making it a reliable go-to piece.<\/p>","protected":false},"excerpt":{"rendered":"<h2><em>Jemn\u011b zna\u010dkov\u00e9 tri\u010dko s kapsou<\/em><\/h2>\n<p data-start=\"130\" data-end=\"475\">Tri\u010dko Minimal je prvot\u0159\u00eddn\u00ed kousek navr\u017een\u00fd pro celodenn\u00ed pohodl\u00ed a styl bez n\u00e1mahy. Je vyrobeno z vysokogram\u00e1\u017en\u00ed bavlny 100% o gram\u00e1\u017ei 190 GSM a poskytuje uvoln\u011bn\u00fd st\u0159ih s m\u011bkk\u00fdm a prody\u0161n\u00fdm omakem. Jemn\u00fd potisk \"See Deeper\" na spadl\u00e9m zadn\u00edm lemu dod\u00e1v\u00e1 zna\u010dce Fortis charakteristick\u00fd n\u00e1dech. A\u0165 u\u017e se nos\u00ed samostatn\u011b nebo ve vrstv\u00e1ch, je to nad\u010dasov\u00fd kousek, kter\u00fd vydr\u017e\u00ed.<\/p>\n<p><strong>Teplo:<\/strong> [rating stars=\"1.0\"]<br \/>\n<strong>Lehk\u00e9:<\/strong> [rating stars=\"4.0\"]<br \/>\n<strong>Ochrana vody:<\/strong> [rating stars=\"1.0\"]<br \/>\n<strong>Prody\u0161nost:<\/strong> [rating stars=\"4.5\"]<\/p>\n<p>Dal\u0161\u00ed informace naleznete v na\u0161\u00ed <a href=\"\/cs\/clothing-guide\/\">Pr\u016fvodce oble\u010den\u00edm<\/a>.<br \/>\nPokyny k pran\u00ed na od\u011bvu.<\/p>\n<p>Cena: \u00a324.99<\/p>\n<p><strong>*K dispozici pouze u na\u0161ich doporu\u010den\u00fdch ryb\u00e1\u0159sk\u00fdch prodejc\u016f.<\/strong><br \/>\nNav\u0161tivte na\u0161i <a href=\"https:\/\/fortiseyewear.co.uk\/cs\/stockists\/\">STOCKISTS<\/a> strana.<\/p>","protected":false},"featured_media":53857,"template":"","meta":{"_acf_changed":false},"collection":[1427],"product_brand":[],"product_cat":[557],"product_tag":[],"class_list":{"0":"post-14709","1":"product","2":"type-product","3":"status-publish","4":"has-post-thumbnail","6":"collection-minimal","7":"product_cat-carp-fishing-clothing","9":"first","10":"instock","11":"taxable","12":"shipping-taxable","13":"purchasable","14":"product-type-variable","15":"prodpage-classic"},"acf":[],"yoast_head":"<!-- This site is optimized with the Yoast SEO Premium plugin v26.7 (Yoast SEO v26.7) - https:\/\/yoast.com\/wordpress\/plugins\/seo\/ -->\n<title>Minimal T-Shirt | Performance Fishing Clothing \u2013 Fortis Eyewear<\/title>\n<meta name=\"description\" content=\"Minimal T-Shirt is a soft fishing T-shirt with subtle Fortis branding. Comfortable everyday fit on and off the bank.\" \/>\n<meta name=\"robots\" content=\"index, follow, max-snippet:-1, max-image-preview:large, max-video-preview:-1\" \/>\n<link rel=\"canonical\" href=\"https:\/\/fortiseyewear.co.uk\/cs\/produkt\/t-shirt-minimal\/\" \/>\n<meta property=\"og:locale\" content=\"cs_CZ\" \/>\n<meta property=\"og:type\" content=\"article\" \/>\n<meta property=\"og:title\" content=\"T-Shirt Minimal\" \/>\n<meta property=\"og:description\" content=\"Minimal T-Shirt is a soft fishing T-shirt with subtle Fortis branding. Comfortable everyday fit on and off the bank.\" \/>\n<meta property=\"og:url\" content=\"https:\/\/fortiseyewear.co.uk\/cs\/produkt\/t-shirt-minimal\/\" \/>\n<meta property=\"og:site_name\" content=\"Fortis Eyewear\" \/>\n<meta property=\"article:publisher\" content=\"https:\/\/www.facebook.com\/FortisEyewear\" \/>\n<meta property=\"article:modified_time\" content=\"2025-12-20T20:09:25+00:00\" \/>\n<meta property=\"og:image\" content=\"https:\/\/fortiseyewear.co.uk\/wp-content\/uploads\/2019\/01\/833A4145_1.jpg\" \/>\n\t<meta property=\"og:image:width\" content=\"600\" \/>\n\t<meta property=\"og:image:height\" content=\"800\" \/>\n\t<meta property=\"og:image:type\" content=\"image\/jpeg\" \/>\n<meta name=\"twitter:card\" content=\"summary_large_image\" \/>\n<meta name=\"twitter:site\" content=\"@fortiseyewear\" \/>\n<meta name=\"twitter:label1\" content=\"Odhadovan\u00e1 doba \u010dten\u00ed\" \/>\n\t<meta name=\"twitter:data1\" content=\"1 minuta\" \/>\n<!-- \/ Yoast SEO Premium plugin. -->","yoast_head_json":{"title":"Minimal T-Shirt | Performance Fishing Clothing \u2013 Fortis Eyewear","description":"Minimal T-Shirt is a soft fishing T-shirt with subtle Fortis branding. Comfortable everyday fit on and off the bank.","robots":{"index":"index","follow":"follow","max-snippet":"max-snippet:-1","max-image-preview":"max-image-preview:large","max-video-preview":"max-video-preview:-1"},"canonical":"https:\/\/fortiseyewear.co.uk\/cs\/produkt\/t-shirt-minimal\/","og_locale":"cs_CZ","og_type":"article","og_title":"T-Shirt Minimal","og_description":"Minimal T-Shirt is a soft fishing T-shirt with subtle Fortis branding. Comfortable everyday fit on and off the bank.","og_url":"https:\/\/fortiseyewear.co.uk\/cs\/produkt\/t-shirt-minimal\/","og_site_name":"Fortis Eyewear","article_publisher":"https:\/\/www.facebook.com\/FortisEyewear","article_modified_time":"2025-12-20T20:09:25+00:00","og_image":[{"width":600,"height":800,"url":"https:\/\/fortiseyewear.co.uk\/wp-content\/uploads\/2019\/01\/833A4145_1.jpg","type":"image\/jpeg"}],"twitter_card":"summary_large_image","twitter_site":"@fortiseyewear","twitter_misc":{"Odhadovan\u00e1 doba \u010dten\u00ed":"1 minuta"},"schema":{"@context":"https:\/\/schema.org","@graph":[{"@type":"WebPage","@id":"https:\/\/fortiseyewear.co.uk\/product\/t-shirt-minimal\/","url":"https:\/\/fortiseyewear.co.uk\/product\/t-shirt-minimal\/","name":"Minimal T-Shirt | Performance Fishing Clothing \u2013 Fortis Eyewear","isPartOf":{"@id":"https:\/\/fortiseyewear.co.uk\/#website"},"primaryImageOfPage":{"@id":"https:\/\/fortiseyewear.co.uk\/product\/t-shirt-minimal\/#primaryimage"},"image":{"@id":"https:\/\/fortiseyewear.co.uk\/product\/t-shirt-minimal\/#primaryimage"},"thumbnailUrl":"https:\/\/fortiseyewear.co.uk\/wp-content\/uploads\/2019\/01\/833A4145_1.jpg","datePublished":"2019-01-21T16:07:38+00:00","dateModified":"2025-12-20T20:09:25+00:00","description":"Minimal T-Shirt is a soft fishing T-shirt with subtle Fortis branding. Comfortable everyday fit on and off the bank.","breadcrumb":{"@id":"https:\/\/fortiseyewear.co.uk\/product\/t-shirt-minimal\/#breadcrumb"},"inLanguage":"cs","potentialAction":[{"@type":"ReadAction","target":["https:\/\/fortiseyewear.co.uk\/product\/t-shirt-minimal\/"]}]},{"@type":"ImageObject","inLanguage":"cs","@id":"https:\/\/fortiseyewear.co.uk\/product\/t-shirt-minimal\/#primaryimage","url":"https:\/\/fortiseyewear.co.uk\/wp-content\/uploads\/2019\/01\/833A4145_1.jpg","contentUrl":"https:\/\/fortiseyewear.co.uk\/wp-content\/uploads\/2019\/01\/833A4145_1.jpg","width":600,"height":800,"caption":"Fortis Minimal T-Shirt"},{"@type":"BreadcrumbList","@id":"https:\/\/fortiseyewear.co.uk\/product\/t-shirt-minimal\/#breadcrumb","itemListElement":[{"@type":"ListItem","position":1,"name":"Home","item":"https:\/\/fortiseyewear.co.uk\/"},{"@type":"ListItem","position":2,"name":"Products","item":"https:\/\/fortiseyewear.co.uk\/products\/"},{"@type":"ListItem","position":3,"name":"T-Shirt Minimal"}]},{"@type":"WebSite","@id":"https:\/\/fortiseyewear.co.uk\/#website","url":"https:\/\/fortiseyewear.co.uk\/","name":"Br\u00fdle Fortis","description":"Polarizovan\u00e9 ryb\u00e1\u0159sk\u00e9 slune\u010dn\u00ed br\u00fdle","publisher":{"@id":"https:\/\/fortiseyewear.co.uk\/#organization"},"alternateName":"Fortis","potentialAction":[{"@type":"SearchAction","target":{"@type":"EntryPoint","urlTemplate":"https:\/\/fortiseyewear.co.uk\/?s={search_term_string}"},"query-input":{"@type":"PropertyValueSpecification","valueRequired":true,"valueName":"search_term_string"}}],"inLanguage":"cs"},{"@type":"Organization","@id":"https:\/\/fortiseyewear.co.uk\/#organization","name":"Br\u00fdle Fortis","alternateName":"Fortis","url":"https:\/\/fortiseyewear.co.uk\/","logo":{"@type":"ImageObject","inLanguage":"cs","@id":"https:\/\/fortiseyewear.co.uk\/#\/schema\/logo\/image\/","url":"https:\/\/fortiseyewear.co.uk\/wp-content\/uploads\/2019\/05\/1.FinalLogoMOBILE.jpg","contentUrl":"https:\/\/fortiseyewear.co.uk\/wp-content\/uploads\/2019\/05\/1.FinalLogoMOBILE.jpg","width":766,"height":541,"caption":"Fortis Eyewear"},"image":{"@id":"https:\/\/fortiseyewear.co.uk\/#\/schema\/logo\/image\/"},"sameAs":["https:\/\/www.facebook.com\/FortisEyewear","https:\/\/x.com\/fortiseyewear","https:\/\/www.instagram.com\/FortisEyewear","https:\/\/www.youtube.com\/channel\/UC5uI6lYx37ltUVATG5skJLw"]}]}},"_links":{"self":[{"href":"https:\/\/fortiseyewear.co.uk\/cs\/wp-json\/wp\/v2\/product\/14709","targetHints":{"allow":["GET"]}}],"collection":[{"href":"https:\/\/fortiseyewear.co.uk\/cs\/wp-json\/wp\/v2\/product"}],"about":[{"href":"https:\/\/fortiseyewear.co.uk\/cs\/wp-json\/wp\/v2\/types\/product"}],"wp:featuredmedia":[{"embeddable":true,"href":"https:\/\/fortiseyewear.co.uk\/cs\/wp-json\/wp\/v2\/media\/53857"}],"wp:attachment":[{"href":"https:\/\/fortiseyewear.co.uk\/cs\/wp-json\/wp\/v2\/media?parent=14709"}],"wp:term":[{"taxonomy":"collection","embeddable":true,"href":"https:\/\/fortiseyewear.co.uk\/cs\/wp-json\/wp\/v2\/collection?post=14709"},{"taxonomy":"product_brand","embeddable":true,"href":"https:\/\/fortiseyewear.co.uk\/cs\/wp-json\/wp\/v2\/product_brand?post=14709"},{"taxonomy":"product_cat","embeddable":true,"href":"https:\/\/fortiseyewear.co.uk\/cs\/wp-json\/wp\/v2\/product_cat?post=14709"},{"taxonomy":"product_tag","embeddable":true,"href":"https:\/\/fortiseyewear.co.uk\/cs\/wp-json\/wp\/v2\/product_tag?post=14709"}],"curies":[{"name":"wp","href":"https:\/\/api.w.org\/{rel}","templated":true}]}}