{"id":14859,"date":"2019-01-22T14:32:36","date_gmt":"2019-01-22T14:32:36","guid":{"rendered":"https:\/\/fortiseyewear.co.uk\/?post_type=product&#038;p=14859"},"modified":"2025-12-29T19:47:40","modified_gmt":"2025-12-29T19:47:40","slug":"snugnut","status":"publish","type":"product","link":"https:\/\/fortiseyewear.co.uk\/cs\/produkt\/snugnut\/","title":{"rendered":"Snugnut"},"content":{"rendered":"<h3><strong>Snugnut \u2013 Lightweight Protection for Cold, Changeable Conditions<\/strong><\/h3>\n<p>The Snugpak x Fortis Snugnut in DPM is designed for anglers who need dependable warmth with minimal bulk. Its refined \u2018deer-stalker\u2019 profile provides adaptable protection, offering extra coverage when the weather turns.<\/p>\n<hr \/>\n<h3><strong>Navr\u017eeno pro v\u011bt\u0161\u00ed teplo a ochranu<\/strong><\/h3>\n<p>Built with a practical fold-down design, the Snugnut delivers additional shelter around the head and ears when required. Its construction makes it a reliable choice for exposed bankside conditions.<\/p>\n<hr \/>\n<h3><strong>V\u0161estrann\u00e9 pou\u017eit\u00ed za ka\u017ed\u00e9ho po\u010das\u00ed<\/strong><\/h3>\n<p>The side sections can be released for full ear coverage in cold winds or kept raised for lighter protection. Lightweight and highly packable, it stows easily into its own pouch, making it a simple addition to any angling kit.<\/p>\n<hr \/>\n<h3><strong>Daytime Protection &#038; Nighttime Comfort<\/strong><\/h3>\n<p>Whether covering long days of searching or keeping the chill off during the night, the Snugnut provides comfortable warmth without unnecessary weight. A dependable companion from first light through to dark.<\/p>\n<hr \/>\n<h3><strong>Fit &#038; Weight<\/strong><\/h3>\n<p>Suitable for head sizes up to 64cm and weighing just 120g, offering a balance of coverage and portability.<\/p>\n<hr \/>\n<h3><strong>Kl\u00ed\u010dov\u00e9 vlastnosti<\/strong><\/h3>\n<ul>\n<li><strong>Deer-stalker style<\/strong> \u2013 adaptable warmth and protection<\/li>\n<li><strong>Fold-down side sections<\/strong> \u2013 covers ears when required<\/li>\n<li><strong>Lightweight construction<\/strong> \u2013 easy to pack and carry<\/li>\n<li><strong>Fits up to 64cm<\/strong> \u2013 comfortable, accommodating design<\/li>\n<li><strong>120g weight<\/strong> \u2013 minimal bulk for maximum practicality<\/li>\n<\/ul>\n<p>Stay Warmer.<\/p>","protected":false},"excerpt":{"rendered":"<h2><em>Pokr\u00fdvky hlavy pro boj s nep\u0159\u00edzn\u00ed po\u010das\u00ed<\/em><\/h2>\n<p>Snugpak X Fortis Collaboration Snugnut in DPM je exkluzivn\u00ed produkt spole\u010dnosti Fortis Eyewear a je ide\u00e1ln\u00ed pro zku\u0161en\u00e9 ryb\u00e1\u0159e. Snugnut ve stylu \"jelen\u00ed stopky\" v\u00e1m d\u00e1v\u00e1 mo\u017enost dodate\u010dn\u00e9ho tepla a ochrany p\u0159ed nep\u0159\u00edzniv\u00fdmi vlivy d\u00edky uvoln\u011bn\u00ed bo\u010dn\u00edch \u010d\u00e1st\u00ed, kter\u00e9 zakr\u00fdvaj\u00ed u\u0161i. Vzhledem k tomu, \u017ee je extr\u00e9mn\u011b lehk\u00fd a lze jej v p\u0159\u00edpad\u011b nepot\u0159eby nacpat do batohu, je to nutnost, pokud jde o va\u0161i v\u00fdbavu. Kdy\u017e se vyd\u00e1te na n\u011bkolikadenn\u00ed p\u00e1tr\u00e1n\u00ed, je to dokonal\u00e1 ochrana p\u0159es den a pohodln\u00e1 no\u010dn\u00ed pokr\u00fdvka hlavy, kter\u00e1 v\u00e1s ochr\u00e1n\u00ed p\u0159ed chladem. Tento v\u00fdrobek m\u011b\u0159\u00ed a\u017e do velikosti hlavy 64 cm a v\u00e1\u017e\u00ed pouh\u00fdch 120 g!<\/p>\n<p><strong>Teplo:<\/strong> [rating stars=\"5.0\"]<br \/>\n<strong>Lehk\u00e9:<\/strong> [rating stars=\"5.0\"]<br \/>\n<strong>Ochrana vody:<\/strong> [rating stars=\"2.5\"]<br \/>\n<strong>Prody\u0161nost:<\/strong> [rating stars=\"4.0\"]<\/p>\n<p>Dal\u0161\u00ed informace naleznete v na\u0161\u00ed <a href=\"\/cs\/clothing-guide\/\">Pr\u016fvodce oble\u010den\u00edm<\/a>.<br \/>\nPokyny k pran\u00ed na od\u011bvu.<\/p>\n<p>Cena: DPM: \u00a344.95 | Olive: \u00a339.95<\/p>\n<p><strong>*K dispozici pouze u na\u0161ich doporu\u010den\u00fdch ryb\u00e1\u0159sk\u00fdch prodejc\u016f.<\/strong><br \/>\nNav\u0161tivte na\u0161i <a href=\"https:\/\/fortiseyewear.co.uk\/cs\/stockists\/\">STOCKISTS<\/a> strana.<\/p>","protected":false},"featured_media":14861,"template":"","meta":{"_acf_changed":false},"collection":[1452],"product_brand":[],"product_cat":[557],"product_tag":[],"class_list":{"0":"post-14859","1":"product","2":"type-product","3":"status-publish","4":"has-post-thumbnail","6":"collection-fortis-x-snugpak","7":"product_cat-carp-fishing-clothing","9":"first","10":"instock","11":"taxable","12":"shipping-taxable","13":"purchasable","14":"product-type-variable","15":"prodpage-classic"},"acf":[],"yoast_head":"<!-- This site is optimized with the Yoast SEO Premium plugin v26.7 (Yoast SEO v26.7) - https:\/\/yoast.com\/wordpress\/plugins\/seo\/ -->\n<title>Snugnut | Fishing Cap \u2013 Fortis Eyewear<\/title>\n<meta name=\"description\" content=\"Snugnut is a bankside cap built for shade, low-glare vision and all-day comfort. Subtle Fortis styling for long days on the water.\" \/>\n<meta name=\"robots\" content=\"index, follow, max-snippet:-1, max-image-preview:large, max-video-preview:-1\" \/>\n<link rel=\"canonical\" href=\"https:\/\/fortiseyewear.co.uk\/cs\/produkt\/snugnut\/\" \/>\n<meta property=\"og:locale\" content=\"cs_CZ\" \/>\n<meta property=\"og:type\" content=\"article\" \/>\n<meta property=\"og:title\" content=\"Snugnut\" \/>\n<meta property=\"og:description\" content=\"Snugnut is a bankside cap built for shade, low-glare vision and all-day comfort. Subtle Fortis styling for long days on the water.\" \/>\n<meta property=\"og:url\" content=\"https:\/\/fortiseyewear.co.uk\/cs\/produkt\/snugnut\/\" \/>\n<meta property=\"og:site_name\" content=\"Fortis Eyewear\" \/>\n<meta property=\"article:publisher\" content=\"https:\/\/www.facebook.com\/FortisEyewear\" \/>\n<meta property=\"article:modified_time\" content=\"2025-12-29T19:47:40+00:00\" \/>\n<meta property=\"og:image\" content=\"https:\/\/fortiseyewear.co.uk\/wp-content\/uploads\/2019\/01\/Snugnut.jpg\" \/>\n\t<meta property=\"og:image:width\" content=\"600\" \/>\n\t<meta property=\"og:image:height\" content=\"800\" \/>\n\t<meta property=\"og:image:type\" content=\"image\/jpeg\" \/>\n<meta name=\"twitter:card\" content=\"summary_large_image\" \/>\n<meta name=\"twitter:site\" content=\"@fortiseyewear\" \/>\n<meta name=\"twitter:label1\" content=\"Odhadovan\u00e1 doba \u010dten\u00ed\" \/>\n\t<meta name=\"twitter:data1\" content=\"2 minuty\" \/>\n<!-- \/ Yoast SEO Premium plugin. -->","yoast_head_json":{"title":"Snugnut | Fishing Cap \u2013 Fortis Eyewear","description":"Snugnut is a bankside cap built for shade, low-glare vision and all-day comfort. Subtle Fortis styling for long days on the water.","robots":{"index":"index","follow":"follow","max-snippet":"max-snippet:-1","max-image-preview":"max-image-preview:large","max-video-preview":"max-video-preview:-1"},"canonical":"https:\/\/fortiseyewear.co.uk\/cs\/produkt\/snugnut\/","og_locale":"cs_CZ","og_type":"article","og_title":"Snugnut","og_description":"Snugnut is a bankside cap built for shade, low-glare vision and all-day comfort. Subtle Fortis styling for long days on the water.","og_url":"https:\/\/fortiseyewear.co.uk\/cs\/produkt\/snugnut\/","og_site_name":"Fortis Eyewear","article_publisher":"https:\/\/www.facebook.com\/FortisEyewear","article_modified_time":"2025-12-29T19:47:40+00:00","og_image":[{"width":600,"height":800,"url":"https:\/\/fortiseyewear.co.uk\/wp-content\/uploads\/2019\/01\/Snugnut.jpg","type":"image\/jpeg"}],"twitter_card":"summary_large_image","twitter_site":"@fortiseyewear","twitter_misc":{"Odhadovan\u00e1 doba \u010dten\u00ed":"2 minuty"},"schema":{"@context":"https:\/\/schema.org","@graph":[{"@type":"WebPage","@id":"https:\/\/fortiseyewear.co.uk\/product\/snugnut\/","url":"https:\/\/fortiseyewear.co.uk\/product\/snugnut\/","name":"Snugnut | Fishing Cap \u2013 Fortis Eyewear","isPartOf":{"@id":"https:\/\/fortiseyewear.co.uk\/#website"},"primaryImageOfPage":{"@id":"https:\/\/fortiseyewear.co.uk\/product\/snugnut\/#primaryimage"},"image":{"@id":"https:\/\/fortiseyewear.co.uk\/product\/snugnut\/#primaryimage"},"thumbnailUrl":"https:\/\/fortiseyewear.co.uk\/wp-content\/uploads\/2019\/01\/Snugnut.jpg","datePublished":"2019-01-22T14:32:36+00:00","dateModified":"2025-12-29T19:47:40+00:00","description":"Snugnut is a bankside cap built for shade, low-glare vision and all-day comfort. Subtle Fortis styling for long days on the water.","breadcrumb":{"@id":"https:\/\/fortiseyewear.co.uk\/product\/snugnut\/#breadcrumb"},"inLanguage":"cs","potentialAction":[{"@type":"ReadAction","target":["https:\/\/fortiseyewear.co.uk\/product\/snugnut\/"]}]},{"@type":"ImageObject","inLanguage":"cs","@id":"https:\/\/fortiseyewear.co.uk\/product\/snugnut\/#primaryimage","url":"https:\/\/fortiseyewear.co.uk\/wp-content\/uploads\/2019\/01\/Snugnut.jpg","contentUrl":"https:\/\/fortiseyewear.co.uk\/wp-content\/uploads\/2019\/01\/Snugnut.jpg","width":600,"height":800,"caption":"Fortis X Snugpak Snugnut in DPM the perfect hat for carp angler's"},{"@type":"BreadcrumbList","@id":"https:\/\/fortiseyewear.co.uk\/product\/snugnut\/#breadcrumb","itemListElement":[{"@type":"ListItem","position":1,"name":"Home","item":"https:\/\/fortiseyewear.co.uk\/"},{"@type":"ListItem","position":2,"name":"Products","item":"https:\/\/fortiseyewear.co.uk\/products\/"},{"@type":"ListItem","position":3,"name":"Snugnut"}]},{"@type":"WebSite","@id":"https:\/\/fortiseyewear.co.uk\/#website","url":"https:\/\/fortiseyewear.co.uk\/","name":"Br\u00fdle Fortis","description":"Polarizovan\u00e9 ryb\u00e1\u0159sk\u00e9 slune\u010dn\u00ed br\u00fdle","publisher":{"@id":"https:\/\/fortiseyewear.co.uk\/#organization"},"alternateName":"Fortis","potentialAction":[{"@type":"SearchAction","target":{"@type":"EntryPoint","urlTemplate":"https:\/\/fortiseyewear.co.uk\/?s={search_term_string}"},"query-input":{"@type":"PropertyValueSpecification","valueRequired":true,"valueName":"search_term_string"}}],"inLanguage":"cs"},{"@type":"Organization","@id":"https:\/\/fortiseyewear.co.uk\/#organization","name":"Br\u00fdle Fortis","alternateName":"Fortis","url":"https:\/\/fortiseyewear.co.uk\/","logo":{"@type":"ImageObject","inLanguage":"cs","@id":"https:\/\/fortiseyewear.co.uk\/#\/schema\/logo\/image\/","url":"https:\/\/fortiseyewear.co.uk\/wp-content\/uploads\/2019\/05\/1.FinalLogoMOBILE.jpg","contentUrl":"https:\/\/fortiseyewear.co.uk\/wp-content\/uploads\/2019\/05\/1.FinalLogoMOBILE.jpg","width":766,"height":541,"caption":"Fortis Eyewear"},"image":{"@id":"https:\/\/fortiseyewear.co.uk\/#\/schema\/logo\/image\/"},"sameAs":["https:\/\/www.facebook.com\/FortisEyewear","https:\/\/x.com\/fortiseyewear","https:\/\/www.instagram.com\/FortisEyewear","https:\/\/www.youtube.com\/channel\/UC5uI6lYx37ltUVATG5skJLw"]}]}},"_links":{"self":[{"href":"https:\/\/fortiseyewear.co.uk\/cs\/wp-json\/wp\/v2\/product\/14859","targetHints":{"allow":["GET"]}}],"collection":[{"href":"https:\/\/fortiseyewear.co.uk\/cs\/wp-json\/wp\/v2\/product"}],"about":[{"href":"https:\/\/fortiseyewear.co.uk\/cs\/wp-json\/wp\/v2\/types\/product"}],"wp:featuredmedia":[{"embeddable":true,"href":"https:\/\/fortiseyewear.co.uk\/cs\/wp-json\/wp\/v2\/media\/14861"}],"wp:attachment":[{"href":"https:\/\/fortiseyewear.co.uk\/cs\/wp-json\/wp\/v2\/media?parent=14859"}],"wp:term":[{"taxonomy":"collection","embeddable":true,"href":"https:\/\/fortiseyewear.co.uk\/cs\/wp-json\/wp\/v2\/collection?post=14859"},{"taxonomy":"product_brand","embeddable":true,"href":"https:\/\/fortiseyewear.co.uk\/cs\/wp-json\/wp\/v2\/product_brand?post=14859"},{"taxonomy":"product_cat","embeddable":true,"href":"https:\/\/fortiseyewear.co.uk\/cs\/wp-json\/wp\/v2\/product_cat?post=14859"},{"taxonomy":"product_tag","embeddable":true,"href":"https:\/\/fortiseyewear.co.uk\/cs\/wp-json\/wp\/v2\/product_tag?post=14859"}],"curies":[{"name":"wp","href":"https:\/\/api.w.org\/{rel}","templated":true}]}}