{"id":18532,"date":"2019-07-30T13:31:24","date_gmt":"2019-07-30T13:31:24","guid":{"rendered":"https:\/\/fortiseyewear.co.uk\/?post_type=product&#038;p=18532"},"modified":"2025-11-21T21:43:02","modified_gmt":"2025-11-21T21:43:02","slug":"trail-pant","status":"publish","type":"product","link":"https:\/\/fortiseyewear.co.uk\/cs\/produkt\/trail-pant\/","title":{"rendered":"Trail Pant"},"content":{"rendered":"<h3><strong>Trail Pants \u2013 Lightweight, Durable Trousers Built for the Bank<\/strong><\/h3>\n<p>Introducing the Trail Pants \u2014 our most advanced non-lined carp fishing trousers to date. Lightweight, durable and cut for movement, they\u2019re built for anglers who cover ground and need kit that keeps up.<\/p>\n<hr \/>\n<h3><strong>Lightweight, Tough &#038; Ready for the Outdoors<\/strong><\/h3>\n<p>Crafted from 210gm\/m\u00b2 stretch ripstop polyester, the Trail Pants offer the perfect balance of strength and low weight. Bramble-proof, snag-resistant and rugged enough for forgotten paths, they\u2019re engineered for hard-wearing mobility.<\/p>\n<hr \/>\n<h3><strong>Full Comfort &#038; Freedom of Movement<\/strong><\/h3>\n<p>The articulated fit and crotch gusset deliver unrestricted mobility \u2014 ideal for climbing trees, walking miles of bankside, or crouching for that all-important shot. A relaxed yet technical fit keeps comfort effortless across long sessions.<\/p>\n<hr \/>\n<h3><strong>Weather-Resistant for Real-World Conditions<\/strong><\/h3>\n<p>A durable water repellent (DWR) finish protects against morning dew, wet grass and unexpected showers. Stay dry, stay comfortable and stay focused on the fishing.<\/p>\n<hr \/>\n<h3><strong>Thoughtful Design Built for Anglers<\/strong><\/h3>\n<p>Darted knees add durability and ergonomic shaping. The elasticated waist and hem provide a stable, comfortable fit, while the integrated adjustable webbing belt ensures the trousers stay secure during active sessions.<\/p>\n<hr \/>\n<h3><strong>Secure Storage for Essentials<\/strong><\/h3>\n<p>With four zippered pockets, your essentials stay protected, accessible and secure \u2014 whether it\u2019s tools, keys, or lightweight tackle.<\/p>\n<hr \/>\n<h3><strong>The Right Trousers for the Job<\/strong><\/h3>\n<p>If you\u2019re looking for a pair of trousers that balance durability, comfort and technical performance, the Trail Pants are the perfect companion for your next carp fishing mission.<\/p>","protected":false},"excerpt":{"rendered":"<h2><em>Lehk\u00e9 odoln\u00e9 kalhoty s uvoln\u011bn\u00fdm st\u0159ihem pro v\u011bt\u0161\u00ed pohodl\u00ed<\/em><\/h2>\n<p>Ji\u017e n\u011bkolik let jsme byli \u017e\u00e1d\u00e1ni, abychom navrhli \"po\u0159\u00e1dn\u00e9\" ryb\u00e1\u0159sk\u00e9 kalhoty a \u0161ortky, a p\u0159esn\u011b to jsme ud\u011blali! Jsou nabit\u00e9 technick\u00fdmi vlastnostmi, od tkaniny a\u017e po st\u0159ih a st\u0159ih... na trhu nen\u00ed nic podobn\u00e9ho. Tyto robustn\u00ed prody\u0161n\u00e9 trailov\u00e9 kalhoty a \u0161ortky v sob\u011b spojuj\u00ed v\u00fdkon, pohodl\u00ed a odolnost v\u016f\u010di pov\u011btrnostn\u00edm vliv\u016fm. N\u00e1\u0161 lehk\u00fd ripstop je pevn\u00fd a odoln\u00fd v boji proti ostru\u017ein\u00e1m a z\u00e1rove\u0148 obsahuje stre\u010d a m\u011bkkost pro uvoln\u011bn\u00fd st\u0159ih.<br \/>\n[accordion title=\"Technick\u00e9 specifikace\"]<br \/>\nD\u00edky kloubov\u00e9mu vzorov\u00e1n\u00ed, roz\u0161\u00ed\u0159en\u00fdm kolen\u016fm a kl\u00ednovit\u00e9mu rozkroku umo\u017e\u0148uj\u00ed v\u011bt\u0161\u00ed rozsah pohybu, a\u0165 u\u017e lezete na strom, proch\u00e1z\u00edte se po jeze\u0159e nebo se kr\u010d\u00edte s ko\u0159ist\u00ed. Jsou vodoodpudiv\u00e9, aby chr\u00e1nily nohy p\u0159ed rann\u00ed rosou v dlouh\u00e9 tr\u00e1v\u011b nebo ne\u010dekanou p\u0159eh\u00e1\u0148kou. \u010cty\u0159i kapsy na zip udr\u017e\u00ed va\u0161e nezbytnosti v bezpe\u010d\u00ed.<\/p>\n<p>- 210 gm\/m2 Stretch Ripstop 100% Polyester<br \/>\n- Kloubov\u00fd st\u0159ih a kl\u00ednek v rozkroku<br \/>\n- Zes\u00edlen\u00e1 kolena<br \/>\n- Pru\u017en\u00fd pas a lem<br \/>\n- Integrovan\u00fd nastaviteln\u00fd popruh<br \/>\n- Povrchov\u00e1 \u00faprava DWR (odoln\u00e1 vodoodpudiv\u00e1 \u00faprava)<br \/>\n[\/accordion]<br \/>\n<strong>Teplo:<\/strong> [rating stars=\"2.0\"]<br \/>\n<strong>Lehk\u00e9:<\/strong> [rating stars=\"4.0\"]<br \/>\n<strong>Ochrana vody:<\/strong> [rating stars=\"2.5\"]<br \/>\n<strong>Prody\u0161nost:<\/strong> [rating stars=\"4.0\"]<\/p>\n<p>Dal\u0161\u00ed informace naleznete v na\u0161\u00ed <a href=\"\/cs\/clothing-guide\/\">Pr\u016fvodce oble\u010den\u00edm<\/a>.<br \/>\nPokyny k pran\u00ed na od\u011bvu.<\/p>\n<p>Cena: \u00a369.99<\/p>\n<p><strong>*K dispozici pouze u na\u0161ich doporu\u010den\u00fdch ryb\u00e1\u0159sk\u00fdch prodejc\u016f.<\/strong><br \/>\nNav\u0161tivte na\u0161i <a href=\"https:\/\/fortiseyewear.co.uk\/cs\/stockists\/\">STOCKISTS<\/a> strana.<\/p>","protected":false},"featured_media":36573,"template":"","meta":{"_acf_changed":false},"collection":[1425],"product_brand":[],"product_cat":[557],"product_tag":[],"class_list":{"0":"post-18532","1":"product","2":"type-product","3":"status-publish","4":"has-post-thumbnail","6":"collection-trail","7":"product_cat-carp-fishing-clothing","9":"first","10":"instock","11":"taxable","12":"shipping-taxable","13":"purchasable","14":"product-type-variable","15":"prodpage-classic"},"acf":[],"yoast_head":"<!-- This site is optimized with the Yoast SEO Premium plugin v26.7 (Yoast SEO v26.7) - https:\/\/yoast.com\/wordpress\/plugins\/seo\/ -->\n<title>Trail Pant | Waterproof Fishing Trousers \u2013 Fortis Eyewear<\/title>\n<meta name=\"description\" content=\"Trail Pants are durable fishing trousers for every session. Designed for movement and engineered to last.\" \/>\n<meta name=\"robots\" content=\"index, follow, max-snippet:-1, max-image-preview:large, max-video-preview:-1\" \/>\n<link rel=\"canonical\" href=\"https:\/\/fortiseyewear.co.uk\/cs\/produkt\/trail-pant\/\" \/>\n<meta property=\"og:locale\" content=\"cs_CZ\" \/>\n<meta property=\"og:type\" content=\"article\" \/>\n<meta property=\"og:title\" content=\"Trail Pant\" \/>\n<meta property=\"og:description\" content=\"Trail Pants are durable fishing trousers for every session. Designed for movement and engineered to last.\" \/>\n<meta property=\"og:url\" content=\"https:\/\/fortiseyewear.co.uk\/cs\/produkt\/trail-pant\/\" \/>\n<meta property=\"og:site_name\" content=\"Fortis Eyewear\" \/>\n<meta property=\"article:publisher\" content=\"https:\/\/www.facebook.com\/FortisEyewear\" \/>\n<meta property=\"article:modified_time\" content=\"2025-11-21T21:43:02+00:00\" \/>\n<meta property=\"og:image\" content=\"https:\/\/fortiseyewear.co.uk\/wp-content\/uploads\/2021\/05\/TRDPM01.jpg\" \/>\n\t<meta property=\"og:image:width\" content=\"600\" \/>\n\t<meta property=\"og:image:height\" content=\"800\" \/>\n\t<meta property=\"og:image:type\" content=\"image\/jpeg\" \/>\n<meta name=\"twitter:card\" content=\"summary_large_image\" \/>\n<meta name=\"twitter:site\" content=\"@fortiseyewear\" \/>\n<meta name=\"twitter:label1\" content=\"Odhadovan\u00e1 doba \u010dten\u00ed\" \/>\n\t<meta name=\"twitter:data1\" content=\"2 minuty\" \/>\n<!-- \/ Yoast SEO Premium plugin. -->","yoast_head_json":{"title":"Trail Pant | Waterproof Fishing Trousers \u2013 Fortis Eyewear","description":"Trail Pants are durable fishing trousers for every session. Designed for movement and engineered to last.","robots":{"index":"index","follow":"follow","max-snippet":"max-snippet:-1","max-image-preview":"max-image-preview:large","max-video-preview":"max-video-preview:-1"},"canonical":"https:\/\/fortiseyewear.co.uk\/cs\/produkt\/trail-pant\/","og_locale":"cs_CZ","og_type":"article","og_title":"Trail Pant","og_description":"Trail Pants are durable fishing trousers for every session. Designed for movement and engineered to last.","og_url":"https:\/\/fortiseyewear.co.uk\/cs\/produkt\/trail-pant\/","og_site_name":"Fortis Eyewear","article_publisher":"https:\/\/www.facebook.com\/FortisEyewear","article_modified_time":"2025-11-21T21:43:02+00:00","og_image":[{"width":600,"height":800,"url":"https:\/\/fortiseyewear.co.uk\/wp-content\/uploads\/2021\/05\/TRDPM01.jpg","type":"image\/jpeg"}],"twitter_card":"summary_large_image","twitter_site":"@fortiseyewear","twitter_misc":{"Odhadovan\u00e1 doba \u010dten\u00ed":"2 minuty"},"schema":{"@context":"https:\/\/schema.org","@graph":[{"@type":"WebPage","@id":"https:\/\/fortiseyewear.co.uk\/product\/trail-pant\/","url":"https:\/\/fortiseyewear.co.uk\/product\/trail-pant\/","name":"Trail Pant | Waterproof Fishing Trousers \u2013 Fortis Eyewear","isPartOf":{"@id":"https:\/\/fortiseyewear.co.uk\/#website"},"primaryImageOfPage":{"@id":"https:\/\/fortiseyewear.co.uk\/product\/trail-pant\/#primaryimage"},"image":{"@id":"https:\/\/fortiseyewear.co.uk\/product\/trail-pant\/#primaryimage"},"thumbnailUrl":"https:\/\/fortiseyewear.co.uk\/wp-content\/uploads\/2021\/05\/TRDPM01.jpg","datePublished":"2019-07-30T13:31:24+00:00","dateModified":"2025-11-21T21:43:02+00:00","description":"Trail Pants are durable fishing trousers for every session. Designed for movement and engineered to last.","breadcrumb":{"@id":"https:\/\/fortiseyewear.co.uk\/product\/trail-pant\/#breadcrumb"},"inLanguage":"cs","potentialAction":[{"@type":"ReadAction","target":["https:\/\/fortiseyewear.co.uk\/product\/trail-pant\/"]}]},{"@type":"ImageObject","inLanguage":"cs","@id":"https:\/\/fortiseyewear.co.uk\/product\/trail-pant\/#primaryimage","url":"https:\/\/fortiseyewear.co.uk\/wp-content\/uploads\/2021\/05\/TRDPM01.jpg","contentUrl":"https:\/\/fortiseyewear.co.uk\/wp-content\/uploads\/2021\/05\/TRDPM01.jpg","width":600,"height":800,"caption":"Fortis Elements Trail Pants in DPM"},{"@type":"BreadcrumbList","@id":"https:\/\/fortiseyewear.co.uk\/product\/trail-pant\/#breadcrumb","itemListElement":[{"@type":"ListItem","position":1,"name":"Home","item":"https:\/\/fortiseyewear.co.uk\/"},{"@type":"ListItem","position":2,"name":"Products","item":"https:\/\/fortiseyewear.co.uk\/products\/"},{"@type":"ListItem","position":3,"name":"Trail Pant"}]},{"@type":"WebSite","@id":"https:\/\/fortiseyewear.co.uk\/#website","url":"https:\/\/fortiseyewear.co.uk\/","name":"Br\u00fdle Fortis","description":"Polarizovan\u00e9 ryb\u00e1\u0159sk\u00e9 slune\u010dn\u00ed br\u00fdle","publisher":{"@id":"https:\/\/fortiseyewear.co.uk\/#organization"},"alternateName":"Fortis","potentialAction":[{"@type":"SearchAction","target":{"@type":"EntryPoint","urlTemplate":"https:\/\/fortiseyewear.co.uk\/?s={search_term_string}"},"query-input":{"@type":"PropertyValueSpecification","valueRequired":true,"valueName":"search_term_string"}}],"inLanguage":"cs"},{"@type":"Organization","@id":"https:\/\/fortiseyewear.co.uk\/#organization","name":"Br\u00fdle Fortis","alternateName":"Fortis","url":"https:\/\/fortiseyewear.co.uk\/","logo":{"@type":"ImageObject","inLanguage":"cs","@id":"https:\/\/fortiseyewear.co.uk\/#\/schema\/logo\/image\/","url":"https:\/\/fortiseyewear.co.uk\/wp-content\/uploads\/2019\/05\/1.FinalLogoMOBILE.jpg","contentUrl":"https:\/\/fortiseyewear.co.uk\/wp-content\/uploads\/2019\/05\/1.FinalLogoMOBILE.jpg","width":766,"height":541,"caption":"Fortis Eyewear"},"image":{"@id":"https:\/\/fortiseyewear.co.uk\/#\/schema\/logo\/image\/"},"sameAs":["https:\/\/www.facebook.com\/FortisEyewear","https:\/\/x.com\/fortiseyewear","https:\/\/www.instagram.com\/FortisEyewear","https:\/\/www.youtube.com\/channel\/UC5uI6lYx37ltUVATG5skJLw"]}]}},"_links":{"self":[{"href":"https:\/\/fortiseyewear.co.uk\/cs\/wp-json\/wp\/v2\/product\/18532","targetHints":{"allow":["GET"]}}],"collection":[{"href":"https:\/\/fortiseyewear.co.uk\/cs\/wp-json\/wp\/v2\/product"}],"about":[{"href":"https:\/\/fortiseyewear.co.uk\/cs\/wp-json\/wp\/v2\/types\/product"}],"wp:featuredmedia":[{"embeddable":true,"href":"https:\/\/fortiseyewear.co.uk\/cs\/wp-json\/wp\/v2\/media\/36573"}],"wp:attachment":[{"href":"https:\/\/fortiseyewear.co.uk\/cs\/wp-json\/wp\/v2\/media?parent=18532"}],"wp:term":[{"taxonomy":"collection","embeddable":true,"href":"https:\/\/fortiseyewear.co.uk\/cs\/wp-json\/wp\/v2\/collection?post=18532"},{"taxonomy":"product_brand","embeddable":true,"href":"https:\/\/fortiseyewear.co.uk\/cs\/wp-json\/wp\/v2\/product_brand?post=18532"},{"taxonomy":"product_cat","embeddable":true,"href":"https:\/\/fortiseyewear.co.uk\/cs\/wp-json\/wp\/v2\/product_cat?post=18532"},{"taxonomy":"product_tag","embeddable":true,"href":"https:\/\/fortiseyewear.co.uk\/cs\/wp-json\/wp\/v2\/product_tag?post=18532"}],"curies":[{"name":"wp","href":"https:\/\/api.w.org\/{rel}","templated":true}]}}