{"id":20288,"date":"2019-09-03T09:14:48","date_gmt":"2019-09-03T09:14:48","guid":{"rendered":"https:\/\/fortiseyewear.co.uk\/?post_type=product&#038;p=20288"},"modified":"2025-10-26T21:21:11","modified_gmt":"2025-10-26T21:21:11","slug":"aftercare-pack","status":"publish","type":"product","link":"https:\/\/fortiseyewear.co.uk\/cs\/produkt\/aftercare-pack\/","title":{"rendered":"Bal\u00ed\u010dek n\u00e1sledn\u00e9 p\u00e9\u010de"},"content":{"rendered":"","protected":false},"excerpt":{"rendered":"<h2><em>Snadno pou\u017eiteln\u00e1, bezpe\u010dn\u00e1 a vysoce v\u00fdkonn\u00e1 hydroizolace<\/em><\/h2>\n<p>Vezm\u011bte si bal\u00ed\u010dek n\u00e1sledn\u00e9 p\u00e9\u010de, kter\u00fd v\u00e1m pom\u016f\u017ee vy\u010distit a ochr\u00e1nit va\u0161e svrchn\u00ed od\u011bvy Snugpak a Fortis.<br \/>\nBalen\u00ed obsahuje:<br \/>\n1x 300ml Tech Wash (zelen\u00e9 v\u00ed\u010dko)<br \/>\n1x 300ml TX Direct Wash-In (fialov\u00e9 v\u00edko)<br \/>\n1x po\u0161tovn\u00e9 - ZDARMA<\/p>\n<p><strong>Cena:<\/strong> \u00a310.50<\/p>\n<p><span style=\"color: #ff6600;\"><strong>*Pouze doru\u010den\u00ed do Velk\u00e9 Brit\u00e1nie<br \/>\n\u00dapln\u00fd n\u00e1vod k pran\u00ed n\u00ed\u017ee<\/strong><\/span><\/p>","protected":false},"featured_media":20303,"template":"","meta":{"_acf_changed":false},"collection":[],"product_brand":[],"product_cat":[559],"product_tag":[],"class_list":{"0":"post-20288","1":"product","2":"type-product","3":"status-publish","4":"has-post-thumbnail","6":"product_cat-carp-fishing-gifts-merchandise","7":"product_shipping_class-freeshipping","9":"first","10":"outofstock","11":"sale","12":"purchasable","13":"product-type-simple","14":"prodpage-classic"},"acf":[],"yoast_head":"<!-- This site is optimized with the Yoast SEO Premium plugin v26.7 (Yoast SEO v26.7) - https:\/\/yoast.com\/wordpress\/plugins\/seo\/ -->\n<title>Aftercare Pack | Carp Fishing Essentials \u2013 Fortis Eyewear<\/title>\n<meta name=\"description\" content=\"Aftercare Pack is a Nikwax cleaning care kit to keep your Fortis clothing clean and waterproof. Carp fishing essentials for every angler.\" \/>\n<meta name=\"robots\" content=\"index, follow, max-snippet:-1, max-image-preview:large, max-video-preview:-1\" \/>\n<link rel=\"canonical\" href=\"https:\/\/fortiseyewear.co.uk\/cs\/produkt\/aftercare-pack\/\" \/>\n<meta property=\"og:locale\" content=\"cs_CZ\" \/>\n<meta property=\"og:type\" content=\"article\" \/>\n<meta property=\"og:title\" content=\"Aftercare Pack\" \/>\n<meta property=\"og:description\" content=\"Aftercare Pack is a Nikwax cleaning care kit to keep your Fortis clothing clean and waterproof. Carp fishing essentials for every angler.\" \/>\n<meta property=\"og:url\" content=\"https:\/\/fortiseyewear.co.uk\/cs\/produkt\/aftercare-pack\/\" \/>\n<meta property=\"og:site_name\" content=\"Fortis Eyewear\" \/>\n<meta property=\"article:publisher\" content=\"https:\/\/www.facebook.com\/FortisEyewear\" \/>\n<meta property=\"article:modified_time\" content=\"2025-10-26T21:21:11+00:00\" \/>\n<meta property=\"og:image\" content=\"https:\/\/fortiseyewear.co.uk\/wp-content\/uploads\/2019\/09\/ACP01.jpg\" \/>\n\t<meta property=\"og:image:width\" content=\"600\" \/>\n\t<meta property=\"og:image:height\" content=\"800\" \/>\n\t<meta property=\"og:image:type\" content=\"image\/jpeg\" \/>\n<meta name=\"twitter:card\" content=\"summary_large_image\" \/>\n<meta name=\"twitter:site\" content=\"@fortiseyewear\" \/>\n<meta name=\"twitter:label1\" content=\"Odhadovan\u00e1 doba \u010dten\u00ed\" \/>\n\t<meta name=\"twitter:data1\" content=\"1 minuta\" \/>\n<!-- \/ Yoast SEO Premium plugin. -->","yoast_head_json":{"title":"Aftercare Pack | Carp Fishing Essentials \u2013 Fortis Eyewear","description":"Aftercare Pack is a Nikwax cleaning care kit to keep your Fortis clothing clean and waterproof. Carp fishing essentials for every angler.","robots":{"index":"index","follow":"follow","max-snippet":"max-snippet:-1","max-image-preview":"max-image-preview:large","max-video-preview":"max-video-preview:-1"},"canonical":"https:\/\/fortiseyewear.co.uk\/cs\/produkt\/aftercare-pack\/","og_locale":"cs_CZ","og_type":"article","og_title":"Aftercare Pack","og_description":"Aftercare Pack is a Nikwax cleaning care kit to keep your Fortis clothing clean and waterproof. Carp fishing essentials for every angler.","og_url":"https:\/\/fortiseyewear.co.uk\/cs\/produkt\/aftercare-pack\/","og_site_name":"Fortis Eyewear","article_publisher":"https:\/\/www.facebook.com\/FortisEyewear","article_modified_time":"2025-10-26T21:21:11+00:00","og_image":[{"width":600,"height":800,"url":"https:\/\/fortiseyewear.co.uk\/wp-content\/uploads\/2019\/09\/ACP01.jpg","type":"image\/jpeg"}],"twitter_card":"summary_large_image","twitter_site":"@fortiseyewear","twitter_misc":{"Odhadovan\u00e1 doba \u010dten\u00ed":"1 minuta"},"schema":{"@context":"https:\/\/schema.org","@graph":[{"@type":"WebPage","@id":"https:\/\/fortiseyewear.co.uk\/product\/aftercare-pack\/","url":"https:\/\/fortiseyewear.co.uk\/product\/aftercare-pack\/","name":"Aftercare Pack | Carp Fishing Essentials \u2013 Fortis Eyewear","isPartOf":{"@id":"https:\/\/fortiseyewear.co.uk\/#website"},"primaryImageOfPage":{"@id":"https:\/\/fortiseyewear.co.uk\/product\/aftercare-pack\/#primaryimage"},"image":{"@id":"https:\/\/fortiseyewear.co.uk\/product\/aftercare-pack\/#primaryimage"},"thumbnailUrl":"https:\/\/fortiseyewear.co.uk\/wp-content\/uploads\/2019\/09\/ACP01.jpg","datePublished":"2019-09-03T09:14:48+00:00","dateModified":"2025-10-26T21:21:11+00:00","description":"Aftercare Pack is a Nikwax cleaning care kit to keep your Fortis clothing clean and waterproof. Carp fishing essentials for every angler.","breadcrumb":{"@id":"https:\/\/fortiseyewear.co.uk\/product\/aftercare-pack\/#breadcrumb"},"inLanguage":"cs","potentialAction":[{"@type":"ReadAction","target":["https:\/\/fortiseyewear.co.uk\/product\/aftercare-pack\/"]}]},{"@type":"ImageObject","inLanguage":"cs","@id":"https:\/\/fortiseyewear.co.uk\/product\/aftercare-pack\/#primaryimage","url":"https:\/\/fortiseyewear.co.uk\/wp-content\/uploads\/2019\/09\/ACP01.jpg","contentUrl":"https:\/\/fortiseyewear.co.uk\/wp-content\/uploads\/2019\/09\/ACP01.jpg","width":600,"height":800,"caption":"Fortis Aftercare Pack for Washing Snugpak Items"},{"@type":"BreadcrumbList","@id":"https:\/\/fortiseyewear.co.uk\/product\/aftercare-pack\/#breadcrumb","itemListElement":[{"@type":"ListItem","position":1,"name":"Home","item":"https:\/\/fortiseyewear.co.uk\/"},{"@type":"ListItem","position":2,"name":"Products","item":"https:\/\/fortiseyewear.co.uk\/products\/"},{"@type":"ListItem","position":3,"name":"Aftercare Pack"}]},{"@type":"WebSite","@id":"https:\/\/fortiseyewear.co.uk\/#website","url":"https:\/\/fortiseyewear.co.uk\/","name":"Br\u00fdle Fortis","description":"Polarizovan\u00e9 ryb\u00e1\u0159sk\u00e9 slune\u010dn\u00ed br\u00fdle","publisher":{"@id":"https:\/\/fortiseyewear.co.uk\/#organization"},"alternateName":"Fortis","potentialAction":[{"@type":"SearchAction","target":{"@type":"EntryPoint","urlTemplate":"https:\/\/fortiseyewear.co.uk\/?s={search_term_string}"},"query-input":{"@type":"PropertyValueSpecification","valueRequired":true,"valueName":"search_term_string"}}],"inLanguage":"cs"},{"@type":"Organization","@id":"https:\/\/fortiseyewear.co.uk\/#organization","name":"Br\u00fdle Fortis","alternateName":"Fortis","url":"https:\/\/fortiseyewear.co.uk\/","logo":{"@type":"ImageObject","inLanguage":"cs","@id":"https:\/\/fortiseyewear.co.uk\/#\/schema\/logo\/image\/","url":"https:\/\/fortiseyewear.co.uk\/wp-content\/uploads\/2019\/05\/1.FinalLogoMOBILE.jpg","contentUrl":"https:\/\/fortiseyewear.co.uk\/wp-content\/uploads\/2019\/05\/1.FinalLogoMOBILE.jpg","width":766,"height":541,"caption":"Fortis Eyewear"},"image":{"@id":"https:\/\/fortiseyewear.co.uk\/#\/schema\/logo\/image\/"},"sameAs":["https:\/\/www.facebook.com\/FortisEyewear","https:\/\/x.com\/fortiseyewear","https:\/\/www.instagram.com\/FortisEyewear","https:\/\/www.youtube.com\/channel\/UC5uI6lYx37ltUVATG5skJLw"]}]}},"_links":{"self":[{"href":"https:\/\/fortiseyewear.co.uk\/cs\/wp-json\/wp\/v2\/product\/20288","targetHints":{"allow":["GET"]}}],"collection":[{"href":"https:\/\/fortiseyewear.co.uk\/cs\/wp-json\/wp\/v2\/product"}],"about":[{"href":"https:\/\/fortiseyewear.co.uk\/cs\/wp-json\/wp\/v2\/types\/product"}],"wp:featuredmedia":[{"embeddable":true,"href":"https:\/\/fortiseyewear.co.uk\/cs\/wp-json\/wp\/v2\/media\/20303"}],"wp:attachment":[{"href":"https:\/\/fortiseyewear.co.uk\/cs\/wp-json\/wp\/v2\/media?parent=20288"}],"wp:term":[{"taxonomy":"collection","embeddable":true,"href":"https:\/\/fortiseyewear.co.uk\/cs\/wp-json\/wp\/v2\/collection?post=20288"},{"taxonomy":"product_brand","embeddable":true,"href":"https:\/\/fortiseyewear.co.uk\/cs\/wp-json\/wp\/v2\/product_brand?post=20288"},{"taxonomy":"product_cat","embeddable":true,"href":"https:\/\/fortiseyewear.co.uk\/cs\/wp-json\/wp\/v2\/product_cat?post=20288"},{"taxonomy":"product_tag","embeddable":true,"href":"https:\/\/fortiseyewear.co.uk\/cs\/wp-json\/wp\/v2\/product_tag?post=20288"}],"curies":[{"name":"wp","href":"https:\/\/api.w.org\/{rel}","templated":true}]}}