{"id":37754,"date":"2022-05-06T14:00:16","date_gmt":"2022-05-06T14:00:16","guid":{"rendered":"https:\/\/fortiseyewear.co.uk\/?post_type=product&#038;p=37754"},"modified":"2025-11-21T22:13:50","modified_gmt":"2025-11-21T22:13:50","slug":"recce-dry-pack","status":"publish","type":"product","link":"https:\/\/fortiseyewear.co.uk\/cs\/produkt\/recce-dry-pack\/","title":{"rendered":"Recce Dry Pack"},"content":{"rendered":"<h3><strong>Recce Dry Pack \u2013 Waterproof Storage for Essential Gear<\/strong><\/h3>\n<p>\nThe Recce Dry Pack is a compact waterproof carry solution built from the same heavy-duty 500D PVC Tarpaulin as our <a href=\"\/cs\/produkt\/recce-dry-bag\/\">Such\u00fd vak Recce<\/a>. Designed to protect your daily essentials, it delivers dependable weatherproof performance in a streamlined, practical format.\n<\/p>\n<hr \/>\n<h3><strong>Secure Storage for Valuables<\/strong><\/h3>\n<p>\nSized to keep your most important items safe, the Dry Pack comfortably houses <a href=\"\/cs\/produkt\/binoculars-xsr\/\">Dalekohledy XSR<\/a>, wallets, keys, phones and other essentials. Whether you\u2019re recceing new water or moving between swims, it ensures your valuables stay protected and close to hand.\n<\/p>\n<hr \/>\n<h3><strong>Built for Anglers on the Move<\/strong><\/h3>\n<p>\nWith rugged construction and a roll-top waterproof seal, the Recce Dry Pack is a reliable companion for every session. Lightweight, durable and highly functional, it keeps your kit organised while you stay focused on the search.\n<\/p>\n<hr \/>\n<h3><strong>Kl\u00ed\u010dov\u00e9 vlastnosti<\/strong><\/h3>\n<ul>\n<li><strong>500D PVC Tarpaulin<\/strong> \u2013 heavy-duty waterproof construction<\/li>\n<li><strong>Roll-top closure<\/strong> \u2013 secure seal against water ingress<\/li>\n<li><strong>Compact organisation<\/strong> \u2013 ideal for valuables and small gear<\/li>\n<li><strong>Rugged &#038; practical<\/strong> \u2013 built for anglers in constant motion<\/li>\n<\/ul>\n<p>Stay Drier.<\/p>","protected":false},"excerpt":{"rendered":"<h2><i>Vodot\u011bsn\u00fd such\u00fd obal pro z\u00e1kladn\u00ed ochranu<\/i><\/h2>\n<p>Recce Dry Pack posouv\u00e1 styl a prakti\u010dnost na vy\u0161\u0161\u00ed \u00farove\u0148. Je vyroben ze stejn\u00e9 500D PVC plachtoviny jako ta\u0161ka Dry Bag a slou\u017e\u00ed k ochran\u011b va\u0161ich obl\u00edben\u00fdch pot\u0159eb Fortis. Do t\u00e9to bra\u0161ny se vejde \u0159ada v\u011bc\u00ed, od dalekohledu XSR a\u017e po pen\u011b\u017eenky, kl\u00ed\u010de a mobiln\u00ed telefony.<\/p>\n<p>Jedn\u00e1 se o opravdu dokonalou ta\u0161ku na v\u00fdlety k jezeru nebo na kole\u010dka po jeze\u0159e, kter\u00e1 zajist\u00ed, \u017ee va\u0161e cennosti budou v bezpe\u010d\u00ed a v\u017edy s v\u00e1mi.<\/p>\n<p><strong>Cena:<\/strong> \u00a324.99<\/p>\n<p><strong>*K dispozici pouze u na\u0161ich doporu\u010den\u00fdch ryb\u00e1\u0159sk\u00fdch prodejc\u016f.<\/strong><br \/>\nNav\u0161tivte na\u0161i <a href=\"https:\/\/fortiseyewear.co.uk\/cs\/stockists\/\">STOCKISTS<\/a> strana.<\/p>","protected":false},"featured_media":37736,"template":"","meta":{"_acf_changed":false},"collection":[1429],"product_brand":[],"product_cat":[575],"product_tag":[],"class_list":{"0":"post-37754","1":"product","2":"type-product","3":"status-publish","4":"has-post-thumbnail","6":"collection-recce","7":"product_cat-carp-fishing-luggage-accessories","9":"first","10":"instock","11":"taxable","12":"shipping-taxable","13":"purchasable","14":"product-type-simple","15":"prodpage-classic"},"acf":[],"yoast_head":"<!-- This site is optimized with the Yoast SEO Premium plugin v26.7 (Yoast SEO v26.7) - https:\/\/yoast.com\/wordpress\/plugins\/seo\/ -->\n<title>Recce Dry Pack | Performance Carp Fishing Luggage \u2013 Fortis Eyewear<\/title>\n<meta name=\"description\" content=\"Recce Dry Pack is a compact waterproof carry pack in 500D PVC. Keeps phone, wallet and XSR binoculars safe and dry while you\u2019re walking the lake.\" \/>\n<meta name=\"robots\" content=\"index, follow, max-snippet:-1, max-image-preview:large, max-video-preview:-1\" \/>\n<link rel=\"canonical\" href=\"https:\/\/fortiseyewear.co.uk\/cs\/produkt\/recce-dry-pack\/\" \/>\n<meta property=\"og:locale\" content=\"cs_CZ\" \/>\n<meta property=\"og:type\" content=\"article\" \/>\n<meta property=\"og:title\" content=\"Recce Dry Pack\" \/>\n<meta property=\"og:description\" content=\"Recce Dry Pack is a compact waterproof carry pack in 500D PVC. Keeps phone, wallet and XSR binoculars safe and dry while you\u2019re walking the lake.\" \/>\n<meta property=\"og:url\" content=\"https:\/\/fortiseyewear.co.uk\/cs\/produkt\/recce-dry-pack\/\" \/>\n<meta property=\"og:site_name\" content=\"Fortis Eyewear\" \/>\n<meta property=\"article:publisher\" content=\"https:\/\/www.facebook.com\/FortisEyewear\" \/>\n<meta property=\"article:modified_time\" content=\"2025-11-21T22:13:50+00:00\" \/>\n<meta property=\"og:image\" content=\"https:\/\/fortiseyewear.co.uk\/wp-content\/uploads\/2022\/05\/RDP01-Front.jpg\" \/>\n\t<meta property=\"og:image:width\" content=\"600\" \/>\n\t<meta property=\"og:image:height\" content=\"800\" \/>\n\t<meta property=\"og:image:type\" content=\"image\/jpeg\" \/>\n<meta name=\"twitter:card\" content=\"summary_large_image\" \/>\n<meta name=\"twitter:site\" content=\"@fortiseyewear\" \/>\n<meta name=\"twitter:label1\" content=\"Odhadovan\u00e1 doba \u010dten\u00ed\" \/>\n\t<meta name=\"twitter:data1\" content=\"1 minuta\" \/>\n<!-- \/ Yoast SEO Premium plugin. -->","yoast_head_json":{"title":"Recce Dry Pack | Performance Carp Fishing Luggage \u2013 Fortis Eyewear","description":"Recce Dry Pack is a compact waterproof carry pack in 500D PVC. Keeps phone, wallet and XSR binoculars safe and dry while you\u2019re walking the lake.","robots":{"index":"index","follow":"follow","max-snippet":"max-snippet:-1","max-image-preview":"max-image-preview:large","max-video-preview":"max-video-preview:-1"},"canonical":"https:\/\/fortiseyewear.co.uk\/cs\/produkt\/recce-dry-pack\/","og_locale":"cs_CZ","og_type":"article","og_title":"Recce Dry Pack","og_description":"Recce Dry Pack is a compact waterproof carry pack in 500D PVC. Keeps phone, wallet and XSR binoculars safe and dry while you\u2019re walking the lake.","og_url":"https:\/\/fortiseyewear.co.uk\/cs\/produkt\/recce-dry-pack\/","og_site_name":"Fortis Eyewear","article_publisher":"https:\/\/www.facebook.com\/FortisEyewear","article_modified_time":"2025-11-21T22:13:50+00:00","og_image":[{"width":600,"height":800,"url":"https:\/\/fortiseyewear.co.uk\/wp-content\/uploads\/2022\/05\/RDP01-Front.jpg","type":"image\/jpeg"}],"twitter_card":"summary_large_image","twitter_site":"@fortiseyewear","twitter_misc":{"Odhadovan\u00e1 doba \u010dten\u00ed":"1 minuta"},"schema":{"@context":"https:\/\/schema.org","@graph":[{"@type":"WebPage","@id":"https:\/\/fortiseyewear.co.uk\/product\/recce-dry-pack\/","url":"https:\/\/fortiseyewear.co.uk\/product\/recce-dry-pack\/","name":"Recce Dry Pack | Performance Carp Fishing Luggage \u2013 Fortis Eyewear","isPartOf":{"@id":"https:\/\/fortiseyewear.co.uk\/#website"},"primaryImageOfPage":{"@id":"https:\/\/fortiseyewear.co.uk\/product\/recce-dry-pack\/#primaryimage"},"image":{"@id":"https:\/\/fortiseyewear.co.uk\/product\/recce-dry-pack\/#primaryimage"},"thumbnailUrl":"https:\/\/fortiseyewear.co.uk\/wp-content\/uploads\/2022\/05\/RDP01-Front.jpg","datePublished":"2022-05-06T14:00:16+00:00","dateModified":"2025-11-21T22:13:50+00:00","description":"Recce Dry Pack is a compact waterproof carry pack in 500D PVC. Keeps phone, wallet and XSR binoculars safe and dry while you\u2019re walking the lake.","breadcrumb":{"@id":"https:\/\/fortiseyewear.co.uk\/product\/recce-dry-pack\/#breadcrumb"},"inLanguage":"cs","potentialAction":[{"@type":"ReadAction","target":["https:\/\/fortiseyewear.co.uk\/product\/recce-dry-pack\/"]}]},{"@type":"ImageObject","inLanguage":"cs","@id":"https:\/\/fortiseyewear.co.uk\/product\/recce-dry-pack\/#primaryimage","url":"https:\/\/fortiseyewear.co.uk\/wp-content\/uploads\/2022\/05\/RDP01-Front.jpg","contentUrl":"https:\/\/fortiseyewear.co.uk\/wp-content\/uploads\/2022\/05\/RDP01-Front.jpg","width":600,"height":800,"caption":"Fortis Recce Dry Pack Olive"},{"@type":"BreadcrumbList","@id":"https:\/\/fortiseyewear.co.uk\/product\/recce-dry-pack\/#breadcrumb","itemListElement":[{"@type":"ListItem","position":1,"name":"Home","item":"https:\/\/fortiseyewear.co.uk\/"},{"@type":"ListItem","position":2,"name":"Products","item":"https:\/\/fortiseyewear.co.uk\/products\/"},{"@type":"ListItem","position":3,"name":"Recce Dry Pack"}]},{"@type":"WebSite","@id":"https:\/\/fortiseyewear.co.uk\/#website","url":"https:\/\/fortiseyewear.co.uk\/","name":"Br\u00fdle Fortis","description":"Polarizovan\u00e9 ryb\u00e1\u0159sk\u00e9 slune\u010dn\u00ed br\u00fdle","publisher":{"@id":"https:\/\/fortiseyewear.co.uk\/#organization"},"alternateName":"Fortis","potentialAction":[{"@type":"SearchAction","target":{"@type":"EntryPoint","urlTemplate":"https:\/\/fortiseyewear.co.uk\/?s={search_term_string}"},"query-input":{"@type":"PropertyValueSpecification","valueRequired":true,"valueName":"search_term_string"}}],"inLanguage":"cs"},{"@type":"Organization","@id":"https:\/\/fortiseyewear.co.uk\/#organization","name":"Br\u00fdle Fortis","alternateName":"Fortis","url":"https:\/\/fortiseyewear.co.uk\/","logo":{"@type":"ImageObject","inLanguage":"cs","@id":"https:\/\/fortiseyewear.co.uk\/#\/schema\/logo\/image\/","url":"https:\/\/fortiseyewear.co.uk\/wp-content\/uploads\/2019\/05\/1.FinalLogoMOBILE.jpg","contentUrl":"https:\/\/fortiseyewear.co.uk\/wp-content\/uploads\/2019\/05\/1.FinalLogoMOBILE.jpg","width":766,"height":541,"caption":"Fortis Eyewear"},"image":{"@id":"https:\/\/fortiseyewear.co.uk\/#\/schema\/logo\/image\/"},"sameAs":["https:\/\/www.facebook.com\/FortisEyewear","https:\/\/x.com\/fortiseyewear","https:\/\/www.instagram.com\/FortisEyewear","https:\/\/www.youtube.com\/channel\/UC5uI6lYx37ltUVATG5skJLw"]}]}},"_links":{"self":[{"href":"https:\/\/fortiseyewear.co.uk\/cs\/wp-json\/wp\/v2\/product\/37754","targetHints":{"allow":["GET"]}}],"collection":[{"href":"https:\/\/fortiseyewear.co.uk\/cs\/wp-json\/wp\/v2\/product"}],"about":[{"href":"https:\/\/fortiseyewear.co.uk\/cs\/wp-json\/wp\/v2\/types\/product"}],"wp:featuredmedia":[{"embeddable":true,"href":"https:\/\/fortiseyewear.co.uk\/cs\/wp-json\/wp\/v2\/media\/37736"}],"wp:attachment":[{"href":"https:\/\/fortiseyewear.co.uk\/cs\/wp-json\/wp\/v2\/media?parent=37754"}],"wp:term":[{"taxonomy":"collection","embeddable":true,"href":"https:\/\/fortiseyewear.co.uk\/cs\/wp-json\/wp\/v2\/collection?post=37754"},{"taxonomy":"product_brand","embeddable":true,"href":"https:\/\/fortiseyewear.co.uk\/cs\/wp-json\/wp\/v2\/product_brand?post=37754"},{"taxonomy":"product_cat","embeddable":true,"href":"https:\/\/fortiseyewear.co.uk\/cs\/wp-json\/wp\/v2\/product_cat?post=37754"},{"taxonomy":"product_tag","embeddable":true,"href":"https:\/\/fortiseyewear.co.uk\/cs\/wp-json\/wp\/v2\/product_tag?post=37754"}],"curies":[{"name":"wp","href":"https:\/\/api.w.org\/{rel}","templated":true}]}}