{"id":38076,"date":"2022-07-28T11:29:20","date_gmt":"2022-07-28T11:29:20","guid":{"rendered":"https:\/\/fortiseyewear.co.uk\/?post_type=product&#038;p=38076"},"modified":"2025-12-29T19:17:11","modified_gmt":"2025-12-29T19:17:11","slug":"bucket-hat-reversible-realtree","status":"publish","type":"product","link":"https:\/\/fortiseyewear.co.uk\/cs\/produkt\/bucket-hat-reversible-realtree\/","title":{"rendered":"Klobouk s kbel\u00edkem - oboustrann\u00fd Realtree"},"content":{"rendered":"<h3><strong>Reversible Realtree Bucket Hat \u2013 Versatile Camo Fishing Hat<\/strong><\/h3>\n<p>\nThe Reversible Realtree Bucket Hat is built for anglers who want versatility, comfort and subtle camo styling. With a classic black side and an officially licensed Realtree EDGE\u00ae side, it offers two looks in one, ready for both bankside stealth and everyday wear.\n<\/p>\n<hr \/>\n<h3><strong>Oboustrann\u00fd design<\/strong><\/h3>\n<p>\nThe fully reversible construction lets you switch between plain black and Realtree EDGE\u00ae camouflage in seconds. Choose the side that suits your surroundings, mood or setup without compromising on function.\n<\/p>\n<hr \/>\n<h3><strong>Durable, Comfortable Construction<\/strong><\/h3>\n<p>\nMade from 98% cotton and 2% spandex in a 320gsm heavyweight stretch canvas, this bucket hat is designed to handle regular use while staying comfortable for long sessions by the water.\n<\/p>\n<hr \/>\n<h3><strong>Water-Repellent Camo Side<\/strong><\/h3>\n<p>\nThe Realtree side is treated with a DWR (durable water repellent) coating, helping to shed light showers and offering additional protection in changeable conditions.\n<\/p>\n<hr \/>\n<h3><strong>Two Sizes for a Secure Fit<\/strong><\/h3>\n<p>\nAvailable in two sizes \u2013 S\/M (58cm) and L\/XL (60cm) \u2013 the Reversible Realtree Bucket Hat is designed for a comfortable, secure fit that stays put during active angling.\n<\/p>\n<hr \/>\n<h3><strong>Eyewear Retainers for Added Security<\/strong><\/h3>\n<p>\nPurpose-built elasticated eyewear retainers keep your Fortis sunglasses secure, reducing the risk of them slipping off your head when you\u2019re on the move or leaning over the water.\n<\/p>\n<hr \/>\n<h3><strong>Kl\u00ed\u010dov\u00e9 vlastnosti<\/strong><\/h3>\n<ul>\n<li><strong>98% cotton \/ 2% spandex<\/strong> \u2013 320gsm heavyweight stretch canvas.<\/li>\n<li><strong>Reversible design<\/strong> \u2013 Classic black on one side, Realtree EDGE\u00ae camo on the other.<\/li>\n<li><strong>DWR-treated Realtree side<\/strong> \u2013 Durable water repellent finish.<\/li>\n<li><strong>Two size options<\/strong> \u2013 S\/M (58cm) and L\/XL (60cm) for a comfortable fit.<\/li>\n<li><strong>Elasticated eyewear retainers<\/strong> \u2013 Secure storage for Fortis sunglasses.<\/li>\n<\/ul>","protected":false},"excerpt":{"rendered":"<h2><em>Oboustrann\u00fd kbel\u00edk s pevn\u00fdm okrajem<\/em><\/h2>\n<p>Oboustrann\u00fd klobouk Reversible Bucket Hat je vyroben z 98% bavlny 2% spandexu 320 gm t\u011b\u017ek\u00e9ho elastick\u00e9ho pl\u00e1tna. Tento klobouk m\u00e1 dv\u011b barevn\u00e1 proveden\u00ed v jednom: klasickou \u010dernou na jedn\u00e9 stran\u011b a Realtree EDGE\u00ae na druh\u00e9 stran\u011b, kter\u00e1 byla nav\u00edc o\u0161et\u0159ena odolnou vodoodpudivou vrstvou DWR. Klobouk Bucket je k dispozici ve dvou velikostech S\/M 58 cm a L\/XL 60 cm a je dokonal\u00fdm dopl\u0148kem na\u0161ich slune\u010dn\u00edch br\u00fdl\u00ed p\u0159i pozorov\u00e1n\u00ed ryb nebo p\u0159i b\u011b\u017en\u00e9m ryba\u0159en\u00ed. Oble\u010den\u00ed je opat\u0159eno ofici\u00e1ln\u011b licencovan\u00fdm vzorem Realtree EDGE\u00ae, kter\u00fd si na p\u0159elomu 90. let a roku 2000 velmi obl\u00edbili ryb\u00e1\u0159\u0161t\u00ed velik\u00e1ni.<\/p>\n<p>*Speci\u00e1ln\u00ed funkce: Speci\u00e1ln\u00ed funkce: Elastick\u00e9 \u00fachyty na br\u00fdle. \u00da\u010delov\u00e9 elastick\u00e9 \u00fachyty br\u00fdl\u00ed um\u00edst\u011bn\u00e9 na obou stran\u00e1ch znamenaj\u00ed, \u017ee v\u00e1m drahocenn\u00e9 slune\u010dn\u00ed br\u00fdle Fortis ji\u017e nesklouznou z hlavy.<\/p>\n<p><strong>Teplo:<\/strong> [rating stars=\"1.0\"]<br \/>\n<strong>Lehk\u00e9:<\/strong> [rating stars=\"4.0\"]<br \/>\n<strong>Ochrana vody:<\/strong> [rating stars=\"4.0\"]<br \/>\n<strong>Prody\u0161nost:<\/strong> [rating stars=\"3.0\"]<br \/>\n<strong>Ochrana proti UV z\u00e1\u0159en\u00ed:<\/strong> [rating stars=\"4.0\"]<\/p>\n<p>Dal\u0161\u00ed informace naleznete v na\u0161\u00ed <a href=\"\/cs\/clothing-guide\/\">Pr\u016fvodce oble\u010den\u00edm<\/a>.<br \/>\nPokyny k pran\u00ed na od\u011bvu.<\/p>\n<p>Cena:\u00a324.99<\/p>\n<p><strong>*K dispozici pouze u na\u0161ich doporu\u010den\u00fdch ryb\u00e1\u0159sk\u00fdch prodejc\u016f.<\/strong><br \/>\nNav\u0161tivte na\u0161i <a href=\"https:\/\/fortiseyewear.co.uk\/cs\/stockists\/\">STOCKISTS<\/a> strana.<\/p>","protected":false},"featured_media":38079,"template":"","meta":{"_acf_changed":false},"collection":[1451],"product_brand":[],"product_cat":[557],"product_tag":[],"class_list":{"0":"post-38076","1":"product","2":"type-product","3":"status-publish","4":"has-post-thumbnail","6":"collection-realtree","7":"product_cat-carp-fishing-clothing","9":"first","10":"instock","11":"taxable","12":"shipping-taxable","13":"purchasable","14":"product-type-variable","15":"prodpage-classic"},"acf":[],"yoast_head":"<!-- This site is optimized with the Yoast SEO Premium plugin v26.7 (Yoast SEO v26.7) - https:\/\/yoast.com\/wordpress\/plugins\/seo\/ -->\n<title>Bucket Hat \u2013 Reversible Realtree | Fishing Boonie Hat \u2013 Fortis Eyewear<\/title>\n<meta name=\"description\" content=\"Reversible Bucket Hat is a rigid-brim fishing boonie with black or Realtree EDGE\u00ae camo (DWR). Heavyweight stretch canvas and eyewear retainers.\" \/>\n<meta name=\"robots\" content=\"index, follow, max-snippet:-1, max-image-preview:large, max-video-preview:-1\" \/>\n<link rel=\"canonical\" href=\"https:\/\/fortiseyewear.co.uk\/cs\/produkt\/bucket-hat-reversible-realtree\/\" \/>\n<meta property=\"og:locale\" content=\"cs_CZ\" \/>\n<meta property=\"og:type\" content=\"article\" \/>\n<meta property=\"og:title\" content=\"Bucket Hat - Reversible Realtree\" \/>\n<meta property=\"og:description\" content=\"Reversible Bucket Hat is a rigid-brim fishing boonie with black or Realtree EDGE\u00ae camo (DWR). Heavyweight stretch canvas and eyewear retainers.\" \/>\n<meta property=\"og:url\" content=\"https:\/\/fortiseyewear.co.uk\/cs\/produkt\/bucket-hat-reversible-realtree\/\" \/>\n<meta property=\"og:site_name\" content=\"Fortis Eyewear\" \/>\n<meta property=\"article:publisher\" content=\"https:\/\/www.facebook.com\/FortisEyewear\" \/>\n<meta property=\"article:modified_time\" content=\"2025-12-29T19:17:11+00:00\" \/>\n<meta property=\"og:image\" content=\"https:\/\/fortiseyewear.co.uk\/wp-content\/uploads\/2022\/07\/BHRRT01-Realtree-Side.jpg\" \/>\n\t<meta property=\"og:image:width\" content=\"600\" \/>\n\t<meta property=\"og:image:height\" content=\"800\" \/>\n\t<meta property=\"og:image:type\" content=\"image\/jpeg\" \/>\n<meta name=\"twitter:card\" content=\"summary_large_image\" \/>\n<meta name=\"twitter:site\" content=\"@fortiseyewear\" \/>\n<meta name=\"twitter:label1\" content=\"Odhadovan\u00e1 doba \u010dten\u00ed\" \/>\n\t<meta name=\"twitter:data1\" content=\"2 minuty\" \/>\n<!-- \/ Yoast SEO Premium plugin. -->","yoast_head_json":{"title":"Bucket Hat \u2013 Reversible Realtree | Fishing Boonie Hat \u2013 Fortis Eyewear","description":"Reversible Bucket Hat is a rigid-brim fishing boonie with black or Realtree EDGE\u00ae camo (DWR). Heavyweight stretch canvas and eyewear retainers.","robots":{"index":"index","follow":"follow","max-snippet":"max-snippet:-1","max-image-preview":"max-image-preview:large","max-video-preview":"max-video-preview:-1"},"canonical":"https:\/\/fortiseyewear.co.uk\/cs\/produkt\/bucket-hat-reversible-realtree\/","og_locale":"cs_CZ","og_type":"article","og_title":"Bucket Hat - Reversible Realtree","og_description":"Reversible Bucket Hat is a rigid-brim fishing boonie with black or Realtree EDGE\u00ae camo (DWR). Heavyweight stretch canvas and eyewear retainers.","og_url":"https:\/\/fortiseyewear.co.uk\/cs\/produkt\/bucket-hat-reversible-realtree\/","og_site_name":"Fortis Eyewear","article_publisher":"https:\/\/www.facebook.com\/FortisEyewear","article_modified_time":"2025-12-29T19:17:11+00:00","og_image":[{"width":600,"height":800,"url":"https:\/\/fortiseyewear.co.uk\/wp-content\/uploads\/2022\/07\/BHRRT01-Realtree-Side.jpg","type":"image\/jpeg"}],"twitter_card":"summary_large_image","twitter_site":"@fortiseyewear","twitter_misc":{"Odhadovan\u00e1 doba \u010dten\u00ed":"2 minuty"},"schema":{"@context":"https:\/\/schema.org","@graph":[{"@type":"WebPage","@id":"https:\/\/fortiseyewear.co.uk\/product\/bucket-hat-reversible-realtree\/","url":"https:\/\/fortiseyewear.co.uk\/product\/bucket-hat-reversible-realtree\/","name":"Bucket Hat \u2013 Reversible Realtree | Fishing Boonie Hat \u2013 Fortis Eyewear","isPartOf":{"@id":"https:\/\/fortiseyewear.co.uk\/#website"},"primaryImageOfPage":{"@id":"https:\/\/fortiseyewear.co.uk\/product\/bucket-hat-reversible-realtree\/#primaryimage"},"image":{"@id":"https:\/\/fortiseyewear.co.uk\/product\/bucket-hat-reversible-realtree\/#primaryimage"},"thumbnailUrl":"https:\/\/fortiseyewear.co.uk\/wp-content\/uploads\/2022\/07\/BHRRT01-Realtree-Side.jpg","datePublished":"2022-07-28T11:29:20+00:00","dateModified":"2025-12-29T19:17:11+00:00","description":"Reversible Bucket Hat is a rigid-brim fishing boonie with black or Realtree EDGE\u00ae camo (DWR). Heavyweight stretch canvas and eyewear retainers.","breadcrumb":{"@id":"https:\/\/fortiseyewear.co.uk\/product\/bucket-hat-reversible-realtree\/#breadcrumb"},"inLanguage":"cs","potentialAction":[{"@type":"ReadAction","target":["https:\/\/fortiseyewear.co.uk\/product\/bucket-hat-reversible-realtree\/"]}]},{"@type":"ImageObject","inLanguage":"cs","@id":"https:\/\/fortiseyewear.co.uk\/product\/bucket-hat-reversible-realtree\/#primaryimage","url":"https:\/\/fortiseyewear.co.uk\/wp-content\/uploads\/2022\/07\/BHRRT01-Realtree-Side.jpg","contentUrl":"https:\/\/fortiseyewear.co.uk\/wp-content\/uploads\/2022\/07\/BHRRT01-Realtree-Side.jpg","width":600,"height":800,"caption":"Fortis Realtree Bucket Hat Reversible"},{"@type":"BreadcrumbList","@id":"https:\/\/fortiseyewear.co.uk\/product\/bucket-hat-reversible-realtree\/#breadcrumb","itemListElement":[{"@type":"ListItem","position":1,"name":"Home","item":"https:\/\/fortiseyewear.co.uk\/"},{"@type":"ListItem","position":2,"name":"Products","item":"https:\/\/fortiseyewear.co.uk\/products\/"},{"@type":"ListItem","position":3,"name":"Bucket Hat &#8211; Reversible Realtree"}]},{"@type":"WebSite","@id":"https:\/\/fortiseyewear.co.uk\/#website","url":"https:\/\/fortiseyewear.co.uk\/","name":"Br\u00fdle Fortis","description":"Polarizovan\u00e9 ryb\u00e1\u0159sk\u00e9 slune\u010dn\u00ed br\u00fdle","publisher":{"@id":"https:\/\/fortiseyewear.co.uk\/#organization"},"alternateName":"Fortis","potentialAction":[{"@type":"SearchAction","target":{"@type":"EntryPoint","urlTemplate":"https:\/\/fortiseyewear.co.uk\/?s={search_term_string}"},"query-input":{"@type":"PropertyValueSpecification","valueRequired":true,"valueName":"search_term_string"}}],"inLanguage":"cs"},{"@type":"Organization","@id":"https:\/\/fortiseyewear.co.uk\/#organization","name":"Br\u00fdle Fortis","alternateName":"Fortis","url":"https:\/\/fortiseyewear.co.uk\/","logo":{"@type":"ImageObject","inLanguage":"cs","@id":"https:\/\/fortiseyewear.co.uk\/#\/schema\/logo\/image\/","url":"https:\/\/fortiseyewear.co.uk\/wp-content\/uploads\/2019\/05\/1.FinalLogoMOBILE.jpg","contentUrl":"https:\/\/fortiseyewear.co.uk\/wp-content\/uploads\/2019\/05\/1.FinalLogoMOBILE.jpg","width":766,"height":541,"caption":"Fortis Eyewear"},"image":{"@id":"https:\/\/fortiseyewear.co.uk\/#\/schema\/logo\/image\/"},"sameAs":["https:\/\/www.facebook.com\/FortisEyewear","https:\/\/x.com\/fortiseyewear","https:\/\/www.instagram.com\/FortisEyewear","https:\/\/www.youtube.com\/channel\/UC5uI6lYx37ltUVATG5skJLw"]}]}},"_links":{"self":[{"href":"https:\/\/fortiseyewear.co.uk\/cs\/wp-json\/wp\/v2\/product\/38076","targetHints":{"allow":["GET"]}}],"collection":[{"href":"https:\/\/fortiseyewear.co.uk\/cs\/wp-json\/wp\/v2\/product"}],"about":[{"href":"https:\/\/fortiseyewear.co.uk\/cs\/wp-json\/wp\/v2\/types\/product"}],"wp:featuredmedia":[{"embeddable":true,"href":"https:\/\/fortiseyewear.co.uk\/cs\/wp-json\/wp\/v2\/media\/38079"}],"wp:attachment":[{"href":"https:\/\/fortiseyewear.co.uk\/cs\/wp-json\/wp\/v2\/media?parent=38076"}],"wp:term":[{"taxonomy":"collection","embeddable":true,"href":"https:\/\/fortiseyewear.co.uk\/cs\/wp-json\/wp\/v2\/collection?post=38076"},{"taxonomy":"product_brand","embeddable":true,"href":"https:\/\/fortiseyewear.co.uk\/cs\/wp-json\/wp\/v2\/product_brand?post=38076"},{"taxonomy":"product_cat","embeddable":true,"href":"https:\/\/fortiseyewear.co.uk\/cs\/wp-json\/wp\/v2\/product_cat?post=38076"},{"taxonomy":"product_tag","embeddable":true,"href":"https:\/\/fortiseyewear.co.uk\/cs\/wp-json\/wp\/v2\/product_tag?post=38076"}],"curies":[{"name":"wp","href":"https:\/\/api.w.org\/{rel}","templated":true}]}}