{"id":39410,"date":"2023-01-05T14:44:20","date_gmt":"2023-01-05T14:44:20","guid":{"rendered":"https:\/\/fortiseyewear.co.uk\/?post_type=product&#038;p=39410"},"modified":"2025-11-28T22:20:30","modified_gmt":"2025-11-28T22:20:30","slug":"marine-cap","status":"publish","type":"product","link":"https:\/\/fortiseyewear.co.uk\/cs\/produkt\/marine-cap\/","title":{"rendered":"N\u00e1mo\u0159n\u00ed \u010depice"},"content":{"rendered":"<h3><strong>Marine Cap \u2013 Waterproof 5-Panel Fishing Hat<\/strong><\/h3>\n<p>\nThe Marine Cap is built from the same trusted Triflex\u2122 fabric used across our Marine range, giving anglers reliable waterproof protection in a lightweight, packable design. Whether facing sudden showers or strong midday sun, this cap keeps you covered in all conditions.\n<\/p>\n<hr \/>\n<h3><strong>Weatherproof Performance<\/strong><\/h3>\n<p>\nConstructed from 2-layer Triflex\u2122 fabric with fully taped seams, the Marine Cap provides complete waterproof and windproof performance. With a 25,000mm waterproof rating and 25,000mm breathability (independently tested to 32,000mm), it offers class-leading protection during unpredictable weather.\n<\/p>\n<hr \/>\n<h3><strong>Pohodl\u00ed a p\u0159izp\u016fsoben\u00ed<\/strong><\/h3>\n<p>\nA flexible EVA foam peak shields your eyes from glare, while the adjustable rear strap ensures a customised fit. Lightweight, breathable and comfortable for long bankside sessions, the Marine Cap is made for everyday performance.\n<\/p>\n<hr \/>\n<h3><strong>V\u0161estrann\u00fd styl<\/strong><\/h3>\n<p>\nAvailable in DPM and Olive, the Marine Cap offers understated styling that pairs seamlessly with your waterproof setup or everyday angling gear.\n<\/p>\n<p><strong>Marine: Crafting a legacy of ultimate waterproof protection. #StayDrier<\/strong><\/p>","protected":false},"excerpt":{"rendered":"<h2><em>Vodot\u011bsn\u00e1 \u010depice s 5 panely a podlepen\u00fdmi \u0161vy<\/em><\/h2>\n<p>S na\u0161\u00ed \u010depic\u00ed Marine Cap je zasti\u017een\u00ed v lij\u00e1ku i v l\u00e9t\u011b minulost\u00ed. Tato p\u011btipanelov\u00e1 k\u0161iltovka, kter\u00e1 vyu\u017e\u00edv\u00e1 stejnou osv\u011bd\u010denou tkaninu Triflex\u2122 jako na\u0161e bunda a kalhoty Marine, je vhodn\u00e1 pro slunce i d\u00e9\u0161\u0165. Pln\u011b podlepen\u00e9 \u0161vy zaji\u0161\u0165uj\u00ed, \u017ee voda nepronikne dovnit\u0159, zat\u00edmco prody\u0161n\u00e1 tkanina zaji\u0161\u0165uje pohodl\u00ed na slunci. Pru\u017en\u00fd k\u0161ilt z p\u011bny EVA poskytuje maxim\u00e1ln\u00ed pohodl\u00ed, zat\u00edmco nastaviteln\u00e1 zadn\u00ed \u010d\u00e1st umo\u017e\u0148uje p\u0159izp\u016fsoben\u00ed v\u0161em tvar\u016fm a velikostem. K dispozici v barv\u00e1ch DPM a Olive.<\/p>\n<p><strong>Teplo:<\/strong> [rating stars=\"1.0\"]<br \/>\n<strong>Lehk\u00e9:<\/strong> [rating stars=\"4.0\"]<br \/>\n<strong>Ochrana vody:<\/strong> [rating stars=\"5.0\"]<br \/>\n<strong>Prody\u0161nost:<\/strong> [rating stars=\"5.0\"]<\/p>\n<p>Dal\u0161\u00ed informace naleznete v na\u0161\u00ed <a href=\"\/cs\/clothing-guide\/\">Pr\u016fvodce oble\u010den\u00edm<\/a>.<br \/>\nPokyny k pran\u00ed na od\u011bvu.<\/p>\n<p>Cena: \u00a334.99<\/p>\n<p><strong>*K dispozici pouze u na\u0161ich doporu\u010den\u00fdch ryb\u00e1\u0159sk\u00fdch prodejc\u016f.<\/strong><br \/>\nNav\u0161tivte na\u0161i <a href=\"https:\/\/fortiseyewear.co.uk\/cs\/stockists\/\">STOCKISTS<\/a> strana.<\/p>","protected":false},"featured_media":39417,"template":"","meta":{"_acf_changed":false},"collection":[1428],"product_brand":[],"product_cat":[557],"product_tag":[],"class_list":{"0":"post-39410","1":"product","2":"type-product","3":"status-publish","4":"has-post-thumbnail","6":"collection-marine","7":"product_cat-carp-fishing-clothing","9":"first","10":"instock","11":"taxable","12":"shipping-taxable","13":"purchasable","14":"product-type-variable","15":"prodpage-classic"},"acf":[],"yoast_head":"<!-- This site is optimized with the Yoast SEO Premium plugin v26.7 (Yoast SEO v26.7) - https:\/\/yoast.com\/wordpress\/plugins\/seo\/ -->\n<title>Marine Cap | Waterproof Fishing Cap \u2013 Fortis Eyewear<\/title>\n<meta name=\"description\" content=\"Marine Cap is a lightweight waterproof fishing jacket built to keep you dry in brutal rain and wind. 3-layer breathable fabric, taped seams, no bulk.\" \/>\n<meta name=\"robots\" content=\"index, follow, max-snippet:-1, max-image-preview:large, max-video-preview:-1\" \/>\n<link rel=\"canonical\" href=\"https:\/\/fortiseyewear.co.uk\/cs\/produkt\/marine-cap\/\" \/>\n<meta property=\"og:locale\" content=\"cs_CZ\" \/>\n<meta property=\"og:type\" content=\"article\" \/>\n<meta property=\"og:title\" content=\"Marine Cap\" \/>\n<meta property=\"og:description\" content=\"Marine Cap is a lightweight waterproof fishing jacket built to keep you dry in brutal rain and wind. 3-layer breathable fabric, taped seams, no bulk.\" \/>\n<meta property=\"og:url\" content=\"https:\/\/fortiseyewear.co.uk\/cs\/produkt\/marine-cap\/\" \/>\n<meta property=\"og:site_name\" content=\"Fortis Eyewear\" \/>\n<meta property=\"article:publisher\" content=\"https:\/\/www.facebook.com\/FortisEyewear\" \/>\n<meta property=\"article:modified_time\" content=\"2025-11-28T22:20:30+00:00\" \/>\n<meta property=\"og:image\" content=\"https:\/\/fortiseyewear.co.uk\/wp-content\/uploads\/2023\/01\/MC01-Top.jpg\" \/>\n\t<meta property=\"og:image:width\" content=\"600\" \/>\n\t<meta property=\"og:image:height\" content=\"800\" \/>\n\t<meta property=\"og:image:type\" content=\"image\/jpeg\" \/>\n<meta name=\"twitter:card\" content=\"summary_large_image\" \/>\n<meta name=\"twitter:site\" content=\"@fortiseyewear\" \/>\n<meta name=\"twitter:label1\" content=\"Odhadovan\u00e1 doba \u010dten\u00ed\" \/>\n\t<meta name=\"twitter:data1\" content=\"1 minuta\" \/>\n<!-- \/ Yoast SEO Premium plugin. -->","yoast_head_json":{"title":"Marine Cap | Waterproof Fishing Cap \u2013 Fortis Eyewear","description":"Marine Cap is a lightweight waterproof fishing jacket built to keep you dry in brutal rain and wind. 3-layer breathable fabric, taped seams, no bulk.","robots":{"index":"index","follow":"follow","max-snippet":"max-snippet:-1","max-image-preview":"max-image-preview:large","max-video-preview":"max-video-preview:-1"},"canonical":"https:\/\/fortiseyewear.co.uk\/cs\/produkt\/marine-cap\/","og_locale":"cs_CZ","og_type":"article","og_title":"Marine Cap","og_description":"Marine Cap is a lightweight waterproof fishing jacket built to keep you dry in brutal rain and wind. 3-layer breathable fabric, taped seams, no bulk.","og_url":"https:\/\/fortiseyewear.co.uk\/cs\/produkt\/marine-cap\/","og_site_name":"Fortis Eyewear","article_publisher":"https:\/\/www.facebook.com\/FortisEyewear","article_modified_time":"2025-11-28T22:20:30+00:00","og_image":[{"width":600,"height":800,"url":"https:\/\/fortiseyewear.co.uk\/wp-content\/uploads\/2023\/01\/MC01-Top.jpg","type":"image\/jpeg"}],"twitter_card":"summary_large_image","twitter_site":"@fortiseyewear","twitter_misc":{"Odhadovan\u00e1 doba \u010dten\u00ed":"1 minuta"},"schema":{"@context":"https:\/\/schema.org","@graph":[{"@type":"WebPage","@id":"https:\/\/fortiseyewear.co.uk\/product\/marine-cap\/","url":"https:\/\/fortiseyewear.co.uk\/product\/marine-cap\/","name":"Marine Cap | Waterproof Fishing Cap \u2013 Fortis Eyewear","isPartOf":{"@id":"https:\/\/fortiseyewear.co.uk\/#website"},"primaryImageOfPage":{"@id":"https:\/\/fortiseyewear.co.uk\/product\/marine-cap\/#primaryimage"},"image":{"@id":"https:\/\/fortiseyewear.co.uk\/product\/marine-cap\/#primaryimage"},"thumbnailUrl":"https:\/\/fortiseyewear.co.uk\/wp-content\/uploads\/2023\/01\/MC01-Top.jpg","datePublished":"2023-01-05T14:44:20+00:00","dateModified":"2025-11-28T22:20:30+00:00","description":"Marine Cap is a lightweight waterproof fishing jacket built to keep you dry in brutal rain and wind. 3-layer breathable fabric, taped seams, no bulk.","breadcrumb":{"@id":"https:\/\/fortiseyewear.co.uk\/product\/marine-cap\/#breadcrumb"},"inLanguage":"cs","potentialAction":[{"@type":"ReadAction","target":["https:\/\/fortiseyewear.co.uk\/product\/marine-cap\/"]}]},{"@type":"ImageObject","inLanguage":"cs","@id":"https:\/\/fortiseyewear.co.uk\/product\/marine-cap\/#primaryimage","url":"https:\/\/fortiseyewear.co.uk\/wp-content\/uploads\/2023\/01\/MC01-Top.jpg","contentUrl":"https:\/\/fortiseyewear.co.uk\/wp-content\/uploads\/2023\/01\/MC01-Top.jpg","width":600,"height":800,"caption":"Fortis Waterproof Marine Cap Front Side Olive"},{"@type":"BreadcrumbList","@id":"https:\/\/fortiseyewear.co.uk\/product\/marine-cap\/#breadcrumb","itemListElement":[{"@type":"ListItem","position":1,"name":"Home","item":"https:\/\/fortiseyewear.co.uk\/"},{"@type":"ListItem","position":2,"name":"Products","item":"https:\/\/fortiseyewear.co.uk\/products\/"},{"@type":"ListItem","position":3,"name":"Marine Cap"}]},{"@type":"WebSite","@id":"https:\/\/fortiseyewear.co.uk\/#website","url":"https:\/\/fortiseyewear.co.uk\/","name":"Br\u00fdle Fortis","description":"Polarizovan\u00e9 ryb\u00e1\u0159sk\u00e9 slune\u010dn\u00ed br\u00fdle","publisher":{"@id":"https:\/\/fortiseyewear.co.uk\/#organization"},"alternateName":"Fortis","potentialAction":[{"@type":"SearchAction","target":{"@type":"EntryPoint","urlTemplate":"https:\/\/fortiseyewear.co.uk\/?s={search_term_string}"},"query-input":{"@type":"PropertyValueSpecification","valueRequired":true,"valueName":"search_term_string"}}],"inLanguage":"cs"},{"@type":"Organization","@id":"https:\/\/fortiseyewear.co.uk\/#organization","name":"Br\u00fdle Fortis","alternateName":"Fortis","url":"https:\/\/fortiseyewear.co.uk\/","logo":{"@type":"ImageObject","inLanguage":"cs","@id":"https:\/\/fortiseyewear.co.uk\/#\/schema\/logo\/image\/","url":"https:\/\/fortiseyewear.co.uk\/wp-content\/uploads\/2019\/05\/1.FinalLogoMOBILE.jpg","contentUrl":"https:\/\/fortiseyewear.co.uk\/wp-content\/uploads\/2019\/05\/1.FinalLogoMOBILE.jpg","width":766,"height":541,"caption":"Fortis Eyewear"},"image":{"@id":"https:\/\/fortiseyewear.co.uk\/#\/schema\/logo\/image\/"},"sameAs":["https:\/\/www.facebook.com\/FortisEyewear","https:\/\/x.com\/fortiseyewear","https:\/\/www.instagram.com\/FortisEyewear","https:\/\/www.youtube.com\/channel\/UC5uI6lYx37ltUVATG5skJLw"]}]}},"_links":{"self":[{"href":"https:\/\/fortiseyewear.co.uk\/cs\/wp-json\/wp\/v2\/product\/39410","targetHints":{"allow":["GET"]}}],"collection":[{"href":"https:\/\/fortiseyewear.co.uk\/cs\/wp-json\/wp\/v2\/product"}],"about":[{"href":"https:\/\/fortiseyewear.co.uk\/cs\/wp-json\/wp\/v2\/types\/product"}],"wp:featuredmedia":[{"embeddable":true,"href":"https:\/\/fortiseyewear.co.uk\/cs\/wp-json\/wp\/v2\/media\/39417"}],"wp:attachment":[{"href":"https:\/\/fortiseyewear.co.uk\/cs\/wp-json\/wp\/v2\/media?parent=39410"}],"wp:term":[{"taxonomy":"collection","embeddable":true,"href":"https:\/\/fortiseyewear.co.uk\/cs\/wp-json\/wp\/v2\/collection?post=39410"},{"taxonomy":"product_brand","embeddable":true,"href":"https:\/\/fortiseyewear.co.uk\/cs\/wp-json\/wp\/v2\/product_brand?post=39410"},{"taxonomy":"product_cat","embeddable":true,"href":"https:\/\/fortiseyewear.co.uk\/cs\/wp-json\/wp\/v2\/product_cat?post=39410"},{"taxonomy":"product_tag","embeddable":true,"href":"https:\/\/fortiseyewear.co.uk\/cs\/wp-json\/wp\/v2\/product_tag?post=39410"}],"curies":[{"name":"wp","href":"https:\/\/api.w.org\/{rel}","templated":true}]}}