{"id":46263,"date":"2024-10-15T10:53:15","date_gmt":"2024-10-15T10:53:15","guid":{"rendered":"https:\/\/fortiseyewear.co.uk\/?post_type=product&#038;p=46263"},"modified":"2025-11-21T19:51:17","modified_gmt":"2025-11-21T19:51:17","slug":"recce-mini-milk","status":"publish","type":"product","link":"https:\/\/fortiseyewear.co.uk\/cs\/produkt\/recce-mini-milk\/","title":{"rendered":"Recce Mini Milk"},"content":{"rendered":"<h3><strong>Mini l\u00e1hev na ml\u00e9ko s dvojitou st\u011bnou z nerezov\u00e9 oceli - 354 ml<\/strong><\/h3>\n<p>\nSay goodbye to spoilt milk, waste and unnecessary plastic. The <strong>Mini ml\u00e9ko<\/strong> is the ideal solution for keeping milk fresh for your brews, whether at home or on the go. This <strong>354ml vakuov\u011b izolovan\u00e1 l\u00e1hev z nerezov\u00e9 oceli<\/strong> features a leak-proof lid and keeps liquids cold for up to 24 hours or hot for up to 12 hours.\n<\/p>\n<hr \/>\n<h3><strong>\u010cerstv\u00e9 ml\u00e9ko na cest\u00e1ch: Uchov\u00e1vejte ho v chladu po dobu 24 hodin<\/strong><\/h3>\n<p>\nDesigned to maintain temperature for extended periods, the Mini Milk ensures your milk stays fresh and ready to use throughout the day \u2014 perfect for anglers, commuters and anyone who wants reliable freshness wherever they are.\n<\/p>\n<hr \/>\n<h3><strong>Nal\u00e9v\u00e1n\u00ed bez n\u00e1mahy d\u00edky v\u00edku se \u0161irok\u00fdm hrdlem<\/strong><\/h3>\n<p>\nThe wide-neck, easy-pour lid makes decanting simple and efficient. Ideal for preparing hot drinks quickly, whether you&#8217;re making coffee, tea or anything requiring fresh milk on demand.\n<\/p>\n<hr \/>\n<h3><strong>Udr\u017eiteln\u00e9 a bezpe\u010dn\u00e9<\/strong><\/h3>\n<p>\nConstructed from durable stainless steel, the bottle is <strong>Certifik\u00e1t ISO 9001<\/strong>, <strong>Bez obsahu BPA<\/strong> a <strong>fully recyclable<\/strong>. It provides a long-lasting, environmentally responsible alternative to disposable plastic. Please note: hand wash only.\n<\/p>\n<hr \/>\n<h3><strong>Vlastnosti produktu<\/strong><\/h3>\n<ul>\n<li><strong>Capacity:<\/strong> 354ml<\/li>\n<li><strong>Temperature Retention:<\/strong> Keeps liquids cold for 24 hours or hot for 12 hours<\/li>\n<li><strong>Leak-Proof Design<\/strong> for reliable transport<\/li>\n<li><strong>Wide-Neck Lid<\/strong> for easy pouring<\/li>\n<li><strong>ISO 9001 Certified &#038; BPA-Free<\/strong><\/li>\n<li><strong>Recyclable Stainless Steel<\/strong><\/li>\n<li><strong>Hand Wash Only<\/strong><\/li>\n<\/ul>","protected":false},"excerpt":{"rendered":"<h2><em>Izolovan\u00e1 l\u00e1hev z nerezov\u00e9 oceli s dvojitou st\u011bnou<\/em><\/h2>\n<p>U\u017e \u017e\u00e1dn\u00e9 zka\u017een\u00e9 ml\u00e9ko. U\u017e \u017e\u00e1dn\u00e9 pl\u00fdtv\u00e1n\u00ed. \u017d\u00e1dn\u00e9 dal\u0161\u00ed plasty. U\u017e \u017e\u00e1dn\u00e9 sp\u011bch\u00e1n\u00ed na \u010derpac\u00ed stanici!<\/p>\n<p>Mini Milk je vakuov\u011b izolovan\u00e1 l\u00e1hev z nerezov\u00e9 oceli o objemu 354 ml s nepropustn\u00fdm v\u00ed\u010dkem, kter\u00e1 je ide\u00e1ln\u00ed pro uchov\u00e1v\u00e1n\u00ed ml\u00e9ka na va\u0159en\u00ed. Tato l\u00e1hev udr\u017e\u00ed va\u0161e tekutiny studen\u00e9 po dobu 24 hodin, nebo pokud byste rad\u011bji hork\u00e9 tekutiny po dobu 12 hodin. D\u00edky v\u00ed\u010dku se \u0161irok\u00fdm hrdlem pro snadn\u00e9 nal\u00e9v\u00e1n\u00ed m\u016f\u017eete doma bez n\u00e1mahy ml\u00e9ko p\u0159el\u00edt a p\u0159ipravit se tak na nadch\u00e1zej\u00edc\u00ed sezen\u00ed. Certifik\u00e1t ISO 9001, bez BPA a recyklovateln\u00fd. Lze m\u00fdt pouze ru\u010dn\u011b.<\/p>\n<p><strong>Cena:<\/strong> \u00a314.99<\/p>\n<p><span style=\"color: #ff6600;\"><strong>*K dispozici pouze u na\u0161ich doporu\u010den\u00fdch ryb\u00e1\u0159sk\u00fdch prodejc\u016f<br \/>\n<\/strong><span style=\"color: #000000;\">Nav\u0161tivte na\u0161i <a style=\"color: #000000;\" href=\"\/cs\/stockists\/\">Z\u00e1sobov\u00e1n\u00ed<\/a> strana.<\/span><\/span><\/p>","protected":false},"featured_media":46266,"template":"","meta":{"_acf_changed":false},"collection":[1429],"product_brand":[],"product_cat":[575],"product_tag":[],"class_list":{"0":"post-46263","1":"product","2":"type-product","3":"status-publish","4":"has-post-thumbnail","6":"collection-recce","7":"product_cat-carp-fishing-luggage-accessories","9":"first","10":"instock","11":"taxable","12":"shipping-taxable","13":"purchasable","14":"product-type-simple","15":"prodpage-classic"},"acf":[],"yoast_head":"<!-- This site is optimized with the Yoast SEO Premium plugin v26.7 (Yoast SEO v26.7) - https:\/\/yoast.com\/wordpress\/plugins\/seo\/ -->\n<title>Recce Mini Milk | Carp Fishing Accessories \u2013 Fortis Eyewear<\/title>\n<meta name=\"description\" content=\"Recce Mini Milk is an insulated mini milk bottle for proper brews on the bank. Keeps milk fresh in your brew kit all session.\" \/>\n<meta name=\"robots\" content=\"index, follow, max-snippet:-1, max-image-preview:large, max-video-preview:-1\" \/>\n<link rel=\"canonical\" href=\"https:\/\/fortiseyewear.co.uk\/cs\/produkt\/recce-mini-milk\/\" \/>\n<meta property=\"og:locale\" content=\"cs_CZ\" \/>\n<meta property=\"og:type\" content=\"article\" \/>\n<meta property=\"og:title\" content=\"Recce Mini Milk\" \/>\n<meta property=\"og:description\" content=\"Recce Mini Milk is an insulated mini milk bottle for proper brews on the bank. Keeps milk fresh in your brew kit all session.\" \/>\n<meta property=\"og:url\" content=\"https:\/\/fortiseyewear.co.uk\/cs\/produkt\/recce-mini-milk\/\" \/>\n<meta property=\"og:site_name\" content=\"Fortis Eyewear\" \/>\n<meta property=\"article:publisher\" content=\"https:\/\/www.facebook.com\/FortisEyewear\" \/>\n<meta property=\"article:modified_time\" content=\"2025-11-21T19:51:17+00:00\" \/>\n<meta property=\"og:image\" content=\"https:\/\/fortiseyewear.co.uk\/wp-content\/uploads\/2024\/10\/RMM01.jpg\" \/>\n\t<meta property=\"og:image:width\" content=\"600\" \/>\n\t<meta property=\"og:image:height\" content=\"800\" \/>\n\t<meta property=\"og:image:type\" content=\"image\/jpeg\" \/>\n<meta name=\"twitter:card\" content=\"summary_large_image\" \/>\n<meta name=\"twitter:site\" content=\"@fortiseyewear\" \/>\n<meta name=\"twitter:label1\" content=\"Odhadovan\u00e1 doba \u010dten\u00ed\" \/>\n\t<meta name=\"twitter:data1\" content=\"1 minuta\" \/>\n<!-- \/ Yoast SEO Premium plugin. -->","yoast_head_json":{"title":"Recce Mini Milk | Carp Fishing Accessories \u2013 Fortis Eyewear","description":"Recce Mini Milk is an insulated mini milk bottle for proper brews on the bank. Keeps milk fresh in your brew kit all session.","robots":{"index":"index","follow":"follow","max-snippet":"max-snippet:-1","max-image-preview":"max-image-preview:large","max-video-preview":"max-video-preview:-1"},"canonical":"https:\/\/fortiseyewear.co.uk\/cs\/produkt\/recce-mini-milk\/","og_locale":"cs_CZ","og_type":"article","og_title":"Recce Mini Milk","og_description":"Recce Mini Milk is an insulated mini milk bottle for proper brews on the bank. Keeps milk fresh in your brew kit all session.","og_url":"https:\/\/fortiseyewear.co.uk\/cs\/produkt\/recce-mini-milk\/","og_site_name":"Fortis Eyewear","article_publisher":"https:\/\/www.facebook.com\/FortisEyewear","article_modified_time":"2025-11-21T19:51:17+00:00","og_image":[{"width":600,"height":800,"url":"https:\/\/fortiseyewear.co.uk\/wp-content\/uploads\/2024\/10\/RMM01.jpg","type":"image\/jpeg"}],"twitter_card":"summary_large_image","twitter_site":"@fortiseyewear","twitter_misc":{"Odhadovan\u00e1 doba \u010dten\u00ed":"1 minuta"},"schema":{"@context":"https:\/\/schema.org","@graph":[{"@type":"WebPage","@id":"https:\/\/fortiseyewear.co.uk\/product\/recce-mini-milk\/","url":"https:\/\/fortiseyewear.co.uk\/product\/recce-mini-milk\/","name":"Recce Mini Milk | Carp Fishing Accessories \u2013 Fortis Eyewear","isPartOf":{"@id":"https:\/\/fortiseyewear.co.uk\/#website"},"primaryImageOfPage":{"@id":"https:\/\/fortiseyewear.co.uk\/product\/recce-mini-milk\/#primaryimage"},"image":{"@id":"https:\/\/fortiseyewear.co.uk\/product\/recce-mini-milk\/#primaryimage"},"thumbnailUrl":"https:\/\/fortiseyewear.co.uk\/wp-content\/uploads\/2024\/10\/RMM01.jpg","datePublished":"2024-10-15T10:53:15+00:00","dateModified":"2025-11-21T19:51:17+00:00","description":"Recce Mini Milk is an insulated mini milk bottle for proper brews on the bank. Keeps milk fresh in your brew kit all session.","breadcrumb":{"@id":"https:\/\/fortiseyewear.co.uk\/product\/recce-mini-milk\/#breadcrumb"},"inLanguage":"cs","potentialAction":[{"@type":"ReadAction","target":["https:\/\/fortiseyewear.co.uk\/product\/recce-mini-milk\/"]}]},{"@type":"ImageObject","inLanguage":"cs","@id":"https:\/\/fortiseyewear.co.uk\/product\/recce-mini-milk\/#primaryimage","url":"https:\/\/fortiseyewear.co.uk\/wp-content\/uploads\/2024\/10\/RMM01.jpg","contentUrl":"https:\/\/fortiseyewear.co.uk\/wp-content\/uploads\/2024\/10\/RMM01.jpg","width":600,"height":800,"caption":"Fortis Recce Mini Milk Bottle"},{"@type":"BreadcrumbList","@id":"https:\/\/fortiseyewear.co.uk\/product\/recce-mini-milk\/#breadcrumb","itemListElement":[{"@type":"ListItem","position":1,"name":"Home","item":"https:\/\/fortiseyewear.co.uk\/"},{"@type":"ListItem","position":2,"name":"Products","item":"https:\/\/fortiseyewear.co.uk\/products\/"},{"@type":"ListItem","position":3,"name":"Recce Mini Milk"}]},{"@type":"WebSite","@id":"https:\/\/fortiseyewear.co.uk\/#website","url":"https:\/\/fortiseyewear.co.uk\/","name":"Br\u00fdle Fortis","description":"Polarizovan\u00e9 ryb\u00e1\u0159sk\u00e9 slune\u010dn\u00ed br\u00fdle","publisher":{"@id":"https:\/\/fortiseyewear.co.uk\/#organization"},"alternateName":"Fortis","potentialAction":[{"@type":"SearchAction","target":{"@type":"EntryPoint","urlTemplate":"https:\/\/fortiseyewear.co.uk\/?s={search_term_string}"},"query-input":{"@type":"PropertyValueSpecification","valueRequired":true,"valueName":"search_term_string"}}],"inLanguage":"cs"},{"@type":"Organization","@id":"https:\/\/fortiseyewear.co.uk\/#organization","name":"Br\u00fdle Fortis","alternateName":"Fortis","url":"https:\/\/fortiseyewear.co.uk\/","logo":{"@type":"ImageObject","inLanguage":"cs","@id":"https:\/\/fortiseyewear.co.uk\/#\/schema\/logo\/image\/","url":"https:\/\/fortiseyewear.co.uk\/wp-content\/uploads\/2019\/05\/1.FinalLogoMOBILE.jpg","contentUrl":"https:\/\/fortiseyewear.co.uk\/wp-content\/uploads\/2019\/05\/1.FinalLogoMOBILE.jpg","width":766,"height":541,"caption":"Fortis Eyewear"},"image":{"@id":"https:\/\/fortiseyewear.co.uk\/#\/schema\/logo\/image\/"},"sameAs":["https:\/\/www.facebook.com\/FortisEyewear","https:\/\/x.com\/fortiseyewear","https:\/\/www.instagram.com\/FortisEyewear","https:\/\/www.youtube.com\/channel\/UC5uI6lYx37ltUVATG5skJLw"]}]}},"_links":{"self":[{"href":"https:\/\/fortiseyewear.co.uk\/cs\/wp-json\/wp\/v2\/product\/46263","targetHints":{"allow":["GET"]}}],"collection":[{"href":"https:\/\/fortiseyewear.co.uk\/cs\/wp-json\/wp\/v2\/product"}],"about":[{"href":"https:\/\/fortiseyewear.co.uk\/cs\/wp-json\/wp\/v2\/types\/product"}],"wp:featuredmedia":[{"embeddable":true,"href":"https:\/\/fortiseyewear.co.uk\/cs\/wp-json\/wp\/v2\/media\/46266"}],"wp:attachment":[{"href":"https:\/\/fortiseyewear.co.uk\/cs\/wp-json\/wp\/v2\/media?parent=46263"}],"wp:term":[{"taxonomy":"collection","embeddable":true,"href":"https:\/\/fortiseyewear.co.uk\/cs\/wp-json\/wp\/v2\/collection?post=46263"},{"taxonomy":"product_brand","embeddable":true,"href":"https:\/\/fortiseyewear.co.uk\/cs\/wp-json\/wp\/v2\/product_brand?post=46263"},{"taxonomy":"product_cat","embeddable":true,"href":"https:\/\/fortiseyewear.co.uk\/cs\/wp-json\/wp\/v2\/product_cat?post=46263"},{"taxonomy":"product_tag","embeddable":true,"href":"https:\/\/fortiseyewear.co.uk\/cs\/wp-json\/wp\/v2\/product_tag?post=46263"}],"curies":[{"name":"wp","href":"https:\/\/api.w.org\/{rel}","templated":true}]}}