{"id":47688,"date":"2025-01-14T15:14:58","date_gmt":"2025-01-14T15:14:58","guid":{"rendered":"https:\/\/fortiseyewear.co.uk\/?post_type=product&#038;p=47688"},"modified":"2025-11-21T19:43:24","modified_gmt":"2025-11-21T19:43:24","slug":"fishermans-beanie","status":"publish","type":"product","link":"https:\/\/fortiseyewear.co.uk\/cs\/produkt\/fishermans-beanie\/","title":{"rendered":"Ryb\u00e1\u0159sk\u00e1 \u010depice"},"content":{"rendered":"<h3><strong>Ryb\u00e1\u0159sk\u00e1 \u010depice - zimn\u00ed nezbytnost<\/strong><\/h3>\n<p>\nStay warm and stylish during the colder months with the Fisherman\u2019s Beanie. Designed for comfort and insulation, this classic beanie is a must-have for any outdoor enthusiast.\n<\/p>\n<hr \/>\n<h3><strong>Hrub\u00fd \u00faplet pro maxim\u00e1ln\u00ed teplo<\/strong><\/h3>\n<p>\nTato \u010depice je vyrobena z velmi m\u011bkk\u00e9ho hrub\u00e9ho \u00fapletu a poskytuje v\u00fdjime\u010dn\u00e9 teplo a pohodl\u00ed. Hust\u00e1 struktura pom\u00e1h\u00e1 zachycovat teplo a udr\u017euje va\u0161i hlavu v pohodl\u00ed i v t\u011bch nejchladn\u011bj\u0161\u00edch podm\u00ednk\u00e1ch.\n<\/p>\n<hr \/>\n<h3><strong>Vyrobeno z akrylu 100% pro dlouhou \u017eivotnost<\/strong><\/h3>\n<p>\nConstructed from high-quality 100% acrylic, the Fisherman\u2019s Beanie is both durable and easy to maintain. The fabric is designed to withstand harsh winter weather while remaining soft against the skin.\n<\/p>\n<hr \/>\n<h3><strong>Klasick\u00fd ryb\u00e1\u0159sk\u00fd styl<\/strong><\/h3>\n<p>\nFeaturing a timeless fisherman-style design, this beanie offers a snug fit with a stylish rolled cuff. Whether you&#8217;re on the bank, in the city or exploring the outdoors, this versatile piece complements any winter outfit.\n<\/p>\n<hr \/>\n<h3><strong>Jemn\u00fd branding<\/strong><\/h3>\n<p>\nFinished with a discreet black woven tag logo, this beanie embodies understated style. The minimal branding ensures a clean, classic look for those who prefer subtle detailing.\n<\/p>\n<hr \/>\n<h3><strong>Kl\u00ed\u010dov\u00e9 vlastnosti<\/strong><\/h3>\n<ul>\n<li><strong>Super m\u011bkk\u00fd \u00faplet<\/strong> \u2013 Provides warmth and comfort.<\/li>\n<li><strong>100% Akrylov\u00e1 konstrukce<\/strong> \u2013 Durable, warm and easy to maintain.<\/li>\n<li><strong>Klasick\u00fd ryb\u00e1\u0159sk\u00fd styl<\/strong> \u2013 Snug fit with rolled cuff.<\/li>\n<li><strong>\u010cern\u00fd tkan\u00fd \u0161t\u00edtek s logem<\/strong> \u2013 Clean, subtle branding.<\/li>\n<li><strong>Ide\u00e1ln\u00ed pro zimu<\/strong> \u2013 Designed to keep you warm in cold weather.<\/li>\n<\/ul>\n<hr \/>\n<h3><strong>Z\u016fsta\u0148te v teple a dob\u0159e vypadejte tuto zimu<\/strong><\/h3>\n<p>\nFacing winter conditions? The Fisherman\u2019s Beanie is the ideal companion for cold sessions on the bank or everyday use. Built to keep you warm and comfortable when temperatures drop.<\/p>","protected":false},"excerpt":{"rendered":"<h2><em>Zimn\u00ed nezbytnost... ryb\u00e1\u0159sk\u00e1 \u010depice<\/em><\/h2>\n<p>Tato \u010depice v ryb\u00e1\u0159sk\u00e9m stylu udr\u017e\u00ed va\u0161i hlavu v teple b\u011bhem chladn\u011bj\u0161\u00edch m\u011bs\u00edc\u016f. M\u00e1 super m\u011bkk\u00fd hrub\u00fd \u00faplet z akrylu 100% a klasick\u00e9 \u010dern\u00e9 tkan\u00e9 logo se z\u00e1hybem zna\u010dky.<\/p>\n<p><strong>Teplo:<\/strong> [rating stars=\"5.0\"]<br \/>\n<strong>Lehk\u00e9:<\/strong> [rating stars=\"4.0\"]<br \/>\n<strong>Ochrana vody:<\/strong> [rating stars=\"0.0\"]<br \/>\n<strong>Prody\u0161nost:<\/strong> [rating stars=\"3.5\"]<\/p>\n<p>Dal\u0161\u00ed informace naleznete v na\u0161\u00ed <a href=\"\/cs\/clothing-guide\/\">Pr\u016fvodce oble\u010den\u00edm<\/a>.<br \/>\nPokyny k pran\u00ed na od\u011bvu.<\/p>\n<p>Cena: \u00a314.99<\/p>\n<p><strong>*K dispozici pouze u na\u0161ich doporu\u010den\u00fdch ryb\u00e1\u0159sk\u00fdch prodejc\u016f.<\/strong><br \/>\nNav\u0161tivte na\u0161i <a href=\"https:\/\/fortiseyewear.co.uk\/cs\/stockists\/\">STOCKISTS<\/a> strana.<\/p>","protected":false},"featured_media":47928,"template":"","meta":{"_acf_changed":false},"collection":[],"product_brand":[],"product_cat":[557],"product_tag":[],"class_list":{"0":"post-47688","1":"product","2":"type-product","3":"status-publish","4":"has-post-thumbnail","6":"product_cat-carp-fishing-clothing","8":"first","9":"instock","10":"taxable","11":"shipping-taxable","12":"purchasable","13":"product-type-simple","14":"prodpage-classic"},"acf":[],"yoast_head":"<!-- This site is optimized with the Yoast SEO Premium plugin v26.7 (Yoast SEO v26.7) - https:\/\/yoast.com\/wordpress\/plugins\/seo\/ -->\n<title>Fisherman\u2019s Beanie | Fishing Beanie \u2013 Fortis Eyewear<\/title>\n<meta name=\"description\" content=\"Fisherman\u2019s Beanie is a warm knit beanie built for cold mornings on the bank. Soft, comfortable and low-profile.\" \/>\n<meta name=\"robots\" content=\"index, follow, max-snippet:-1, max-image-preview:large, max-video-preview:-1\" \/>\n<link rel=\"canonical\" href=\"https:\/\/fortiseyewear.co.uk\/cs\/produkt\/fishermans-beanie\/\" \/>\n<meta property=\"og:locale\" content=\"cs_CZ\" \/>\n<meta property=\"og:type\" content=\"article\" \/>\n<meta property=\"og:title\" content=\"Fisherman&#039;s Beanie\" \/>\n<meta property=\"og:description\" content=\"Fisherman\u2019s Beanie is a warm knit beanie built for cold mornings on the bank. Soft, comfortable and low-profile.\" \/>\n<meta property=\"og:url\" content=\"https:\/\/fortiseyewear.co.uk\/cs\/produkt\/fishermans-beanie\/\" \/>\n<meta property=\"og:site_name\" content=\"Fortis Eyewear\" \/>\n<meta property=\"article:publisher\" content=\"https:\/\/www.facebook.com\/FortisEyewear\" \/>\n<meta property=\"article:modified_time\" content=\"2025-11-21T19:43:24+00:00\" \/>\n<meta property=\"og:image\" content=\"https:\/\/fortiseyewear.co.uk\/wp-content\/uploads\/2025\/01\/FFB03.jpg\" \/>\n\t<meta property=\"og:image:width\" content=\"600\" \/>\n\t<meta property=\"og:image:height\" content=\"800\" \/>\n\t<meta property=\"og:image:type\" content=\"image\/jpeg\" \/>\n<meta name=\"twitter:card\" content=\"summary_large_image\" \/>\n<meta name=\"twitter:site\" content=\"@fortiseyewear\" \/>\n<meta name=\"twitter:label1\" content=\"Odhadovan\u00e1 doba \u010dten\u00ed\" \/>\n\t<meta name=\"twitter:data1\" content=\"2 minuty\" \/>\n<!-- \/ Yoast SEO Premium plugin. -->","yoast_head_json":{"title":"Fisherman\u2019s Beanie | Fishing Beanie \u2013 Fortis Eyewear","description":"Fisherman\u2019s Beanie is a warm knit beanie built for cold mornings on the bank. Soft, comfortable and low-profile.","robots":{"index":"index","follow":"follow","max-snippet":"max-snippet:-1","max-image-preview":"max-image-preview:large","max-video-preview":"max-video-preview:-1"},"canonical":"https:\/\/fortiseyewear.co.uk\/cs\/produkt\/fishermans-beanie\/","og_locale":"cs_CZ","og_type":"article","og_title":"Fisherman's Beanie","og_description":"Fisherman\u2019s Beanie is a warm knit beanie built for cold mornings on the bank. Soft, comfortable and low-profile.","og_url":"https:\/\/fortiseyewear.co.uk\/cs\/produkt\/fishermans-beanie\/","og_site_name":"Fortis Eyewear","article_publisher":"https:\/\/www.facebook.com\/FortisEyewear","article_modified_time":"2025-11-21T19:43:24+00:00","og_image":[{"width":600,"height":800,"url":"https:\/\/fortiseyewear.co.uk\/wp-content\/uploads\/2025\/01\/FFB03.jpg","type":"image\/jpeg"}],"twitter_card":"summary_large_image","twitter_site":"@fortiseyewear","twitter_misc":{"Odhadovan\u00e1 doba \u010dten\u00ed":"2 minuty"},"schema":{"@context":"https:\/\/schema.org","@graph":[{"@type":"WebPage","@id":"https:\/\/fortiseyewear.co.uk\/product\/fishermans-beanie\/","url":"https:\/\/fortiseyewear.co.uk\/product\/fishermans-beanie\/","name":"Fisherman\u2019s Beanie | Fishing Beanie \u2013 Fortis Eyewear","isPartOf":{"@id":"https:\/\/fortiseyewear.co.uk\/#website"},"primaryImageOfPage":{"@id":"https:\/\/fortiseyewear.co.uk\/product\/fishermans-beanie\/#primaryimage"},"image":{"@id":"https:\/\/fortiseyewear.co.uk\/product\/fishermans-beanie\/#primaryimage"},"thumbnailUrl":"https:\/\/fortiseyewear.co.uk\/wp-content\/uploads\/2025\/01\/FFB03.jpg","datePublished":"2025-01-14T15:14:58+00:00","dateModified":"2025-11-21T19:43:24+00:00","description":"Fisherman\u2019s Beanie is a warm knit beanie built for cold mornings on the bank. Soft, comfortable and low-profile.","breadcrumb":{"@id":"https:\/\/fortiseyewear.co.uk\/product\/fishermans-beanie\/#breadcrumb"},"inLanguage":"cs","potentialAction":[{"@type":"ReadAction","target":["https:\/\/fortiseyewear.co.uk\/product\/fishermans-beanie\/"]}]},{"@type":"ImageObject","inLanguage":"cs","@id":"https:\/\/fortiseyewear.co.uk\/product\/fishermans-beanie\/#primaryimage","url":"https:\/\/fortiseyewear.co.uk\/wp-content\/uploads\/2025\/01\/FFB03.jpg","contentUrl":"https:\/\/fortiseyewear.co.uk\/wp-content\/uploads\/2025\/01\/FFB03.jpg","width":600,"height":800,"caption":"Fortis Fisherman's Beanie in Olive - FFB03"},{"@type":"BreadcrumbList","@id":"https:\/\/fortiseyewear.co.uk\/product\/fishermans-beanie\/#breadcrumb","itemListElement":[{"@type":"ListItem","position":1,"name":"Home","item":"https:\/\/fortiseyewear.co.uk\/"},{"@type":"ListItem","position":2,"name":"Products","item":"https:\/\/fortiseyewear.co.uk\/products\/"},{"@type":"ListItem","position":3,"name":"Fisherman&#8217;s Beanie"}]},{"@type":"WebSite","@id":"https:\/\/fortiseyewear.co.uk\/#website","url":"https:\/\/fortiseyewear.co.uk\/","name":"Br\u00fdle Fortis","description":"Polarizovan\u00e9 ryb\u00e1\u0159sk\u00e9 slune\u010dn\u00ed br\u00fdle","publisher":{"@id":"https:\/\/fortiseyewear.co.uk\/#organization"},"alternateName":"Fortis","potentialAction":[{"@type":"SearchAction","target":{"@type":"EntryPoint","urlTemplate":"https:\/\/fortiseyewear.co.uk\/?s={search_term_string}"},"query-input":{"@type":"PropertyValueSpecification","valueRequired":true,"valueName":"search_term_string"}}],"inLanguage":"cs"},{"@type":"Organization","@id":"https:\/\/fortiseyewear.co.uk\/#organization","name":"Br\u00fdle Fortis","alternateName":"Fortis","url":"https:\/\/fortiseyewear.co.uk\/","logo":{"@type":"ImageObject","inLanguage":"cs","@id":"https:\/\/fortiseyewear.co.uk\/#\/schema\/logo\/image\/","url":"https:\/\/fortiseyewear.co.uk\/wp-content\/uploads\/2019\/05\/1.FinalLogoMOBILE.jpg","contentUrl":"https:\/\/fortiseyewear.co.uk\/wp-content\/uploads\/2019\/05\/1.FinalLogoMOBILE.jpg","width":766,"height":541,"caption":"Fortis Eyewear"},"image":{"@id":"https:\/\/fortiseyewear.co.uk\/#\/schema\/logo\/image\/"},"sameAs":["https:\/\/www.facebook.com\/FortisEyewear","https:\/\/x.com\/fortiseyewear","https:\/\/www.instagram.com\/FortisEyewear","https:\/\/www.youtube.com\/channel\/UC5uI6lYx37ltUVATG5skJLw"]}]}},"_links":{"self":[{"href":"https:\/\/fortiseyewear.co.uk\/cs\/wp-json\/wp\/v2\/product\/47688","targetHints":{"allow":["GET"]}}],"collection":[{"href":"https:\/\/fortiseyewear.co.uk\/cs\/wp-json\/wp\/v2\/product"}],"about":[{"href":"https:\/\/fortiseyewear.co.uk\/cs\/wp-json\/wp\/v2\/types\/product"}],"wp:featuredmedia":[{"embeddable":true,"href":"https:\/\/fortiseyewear.co.uk\/cs\/wp-json\/wp\/v2\/media\/47928"}],"wp:attachment":[{"href":"https:\/\/fortiseyewear.co.uk\/cs\/wp-json\/wp\/v2\/media?parent=47688"}],"wp:term":[{"taxonomy":"collection","embeddable":true,"href":"https:\/\/fortiseyewear.co.uk\/cs\/wp-json\/wp\/v2\/collection?post=47688"},{"taxonomy":"product_brand","embeddable":true,"href":"https:\/\/fortiseyewear.co.uk\/cs\/wp-json\/wp\/v2\/product_brand?post=47688"},{"taxonomy":"product_cat","embeddable":true,"href":"https:\/\/fortiseyewear.co.uk\/cs\/wp-json\/wp\/v2\/product_cat?post=47688"},{"taxonomy":"product_tag","embeddable":true,"href":"https:\/\/fortiseyewear.co.uk\/cs\/wp-json\/wp\/v2\/product_tag?post=47688"}],"curies":[{"name":"wp","href":"https:\/\/api.w.org\/{rel}","templated":true}]}}