{"id":53874,"date":"2025-06-05T09:15:49","date_gmt":"2025-06-05T09:15:49","guid":{"rendered":"https:\/\/fortiseyewear.co.uk\/?post_type=product&#038;p=53874"},"modified":"2025-11-21T19:34:46","modified_gmt":"2025-11-21T19:34:46","slug":"trail-hoodie","status":"publish","type":"product","link":"https:\/\/fortiseyewear.co.uk\/cs\/produkt\/trail-hoodie\/","title":{"rendered":"Trail Hoodie"},"content":{"rendered":"<h3><strong>Mikina Trail Hoodie - lehk\u00e1 technick\u00e1 mikina s kapuc\u00ed pro ryba\u0159en\u00ed a outdoorov\u00e1 dobrodru\u017estv\u00ed<\/strong><\/h3>\n<p>\nThe Trail Hoodie is engineered for dynamic conditions, offering the ideal balance of lightweight warmth, breathability and technical performance. Whether you\u2019re lapping the lake, adapting to changing weather or simply exploring, this hoodie adjusts effortlessly to your environment.\n<\/p>\n<hr \/>\n<h3><strong>Technick\u00fd rouno s m\u0159\u00ed\u017ekou pro optim\u00e1ln\u00ed pohodl\u00ed<\/strong><\/h3>\n<p>\nCrafted from a soft, moisture-wicking gridded fleece fabric, the Trail Hoodie delivers luxurious next-to-skin comfort while enhancing airflow and retaining warmth. The full front zip allows for easy layering and adjustable ventilation \u2014 ideal for fluctuating temperatures by the water or on the move.\n<\/p>\n<hr \/>\n<h3><strong>Podrobnosti p\u0159ipraven\u00e9 na dobrodru\u017estv\u00ed<\/strong><\/h3>\n<p>\nDesigned for practicality, the hoodie features zippered chest and hip pockets for secure storage of essentials, along with a low-profile hood that provides warmth without bulk. Thumb holes keep sleeves in place, while flatlock seams reduce chafing during extended wear. A dropped rear hem offers additional coverage and warmth across the lower back \u2014 perfect when seated or resting in colder conditions.\n<\/p>\n<hr \/>\n<h3><strong>V\u0161estrann\u00e9 pou\u017eit\u00ed pro ka\u017edou relaci<\/strong><\/h3>\n<p>\nWhether you&#8217;re carp fishing, bivvy-bound or on a long trek, the Trail Hoodie performs as a reliable mid-layer or standalone garment. Its minimal aesthetic and technical design make it suitable for everything from early morning set-ups to late-night socials on the bank.\n<\/p>\n<p><strong>Nov\u00e1 \u0159ada Trail... Stvo\u0159en\u00e1 pro dobrodru\u017estv\u00ed<\/strong><\/p>","protected":false},"excerpt":{"rendered":"<h2><em><span style=\"font-weight: 400;\">Dokonal\u00e1 st\u0159edn\u00ed vrstva existuje...<\/span><\/em><\/h2>\n<p>Mikina Trail Hoodie je lehk\u00e1 vrstva, kter\u00e1 v\u00e1s zah\u0159eje, prody\u0161n\u00e1 a v\u00fdkonn\u00e1 v p\u0159\u00edrod\u011b. Je vyrobena z m\u011bkk\u00e9ho technick\u00e9ho s\u00ed\u0165ovan\u00e9ho fleecu a nab\u00edz\u00ed pohodl\u00ed, odvod vlhkosti a spr\u00e1vn\u00e9 mno\u017estv\u00ed izolace. D\u00edky promy\u0161len\u00fdm prvk\u016fm, jako jsou kapsy na zip, poutka na palce, ploch\u00e9 \u0161vy a sn\u00ed\u017een\u00fd spodn\u00ed lem, je ide\u00e1ln\u00ed pro vrstven\u00ed nebo samostatn\u00e9 no\u0161en\u00ed. Nov\u00e1 \u0159ada Trail... je stvo\u0159ena pro dobrodru\u017estv\u00ed.<\/p>\n<p><strong>Teplo:<\/strong> [rating stars=\"3.0\"]<br \/>\n<strong>Lehk\u00e9:<\/strong> [rating stars=\"5.0\"]<br \/>\n<strong>Ochrana vody:<\/strong> [rating stars=\"1.0\"]<br \/>\n<strong>Prody\u0161nost:<\/strong> [rating stars=\"4.5\"]<\/p>\n<p>Dal\u0161\u00ed informace naleznete v na\u0161\u00ed <a href=\"\/cs\/clothing-guide\/\">Pr\u016fvodce oble\u010den\u00edm<\/a>.<br \/>\nPokyny k pran\u00ed na od\u011bvu.<\/p>\n<p>Cena: \u00a359.99<\/p>\n<p><strong>*K dispozici pouze u na\u0161ich doporu\u010den\u00fdch ryb\u00e1\u0159sk\u00fdch prodejc\u016f.<\/strong><br \/>\nNav\u0161tivte na\u0161i <a href=\"https:\/\/fortiseyewear.co.uk\/cs\/stockists\/\">STOCKISTS<\/a> strana.<\/p>","protected":false},"featured_media":53889,"template":"","meta":{"_acf_changed":false},"collection":[1425],"product_brand":[],"product_cat":[557],"product_tag":[],"class_list":{"0":"post-53874","1":"product","2":"type-product","3":"status-publish","4":"has-post-thumbnail","6":"collection-trail","7":"product_cat-carp-fishing-clothing","9":"first","10":"instock","11":"taxable","12":"shipping-taxable","13":"purchasable","14":"product-type-variable","15":"prodpage-classic"},"acf":[],"yoast_head":"<!-- This site is optimized with the Yoast SEO Premium plugin v26.7 (Yoast SEO v26.7) - https:\/\/yoast.com\/wordpress\/plugins\/seo\/ -->\n<title>Trail Hoodie | Fishing Hoodie \u2013 Fortis Eyewear<\/title>\n<meta name=\"description\" content=\"Trail Hoodie is a lightweight technical fleece hoodie for active anglers. Soft gridded fabric for warmth and breathability, with zip pockets, thumb loops and a low-profile fit that layers cleanly.\" \/>\n<meta name=\"robots\" content=\"index, follow, max-snippet:-1, max-image-preview:large, max-video-preview:-1\" \/>\n<link rel=\"canonical\" href=\"https:\/\/fortiseyewear.co.uk\/cs\/produkt\/trail-hoodie\/\" \/>\n<meta property=\"og:locale\" content=\"cs_CZ\" \/>\n<meta property=\"og:type\" content=\"article\" \/>\n<meta property=\"og:title\" content=\"Trail Hoodie\" \/>\n<meta property=\"og:description\" content=\"Trail Hoodie is a lightweight technical fleece hoodie for active anglers. Soft gridded fabric for warmth and breathability, with zip pockets, thumb loops and a low-profile fit that layers cleanly.\" \/>\n<meta property=\"og:url\" content=\"https:\/\/fortiseyewear.co.uk\/cs\/produkt\/trail-hoodie\/\" \/>\n<meta property=\"og:site_name\" content=\"Fortis Eyewear\" \/>\n<meta property=\"article:publisher\" content=\"https:\/\/www.facebook.com\/FortisEyewear\" \/>\n<meta property=\"article:modified_time\" content=\"2025-11-21T19:34:46+00:00\" \/>\n<meta property=\"og:image\" content=\"https:\/\/fortiseyewear.co.uk\/wp-content\/uploads\/2025\/06\/833A4131.jpg\" \/>\n\t<meta property=\"og:image:width\" content=\"600\" \/>\n\t<meta property=\"og:image:height\" content=\"800\" \/>\n\t<meta property=\"og:image:type\" content=\"image\/jpeg\" \/>\n<meta name=\"twitter:card\" content=\"summary_large_image\" \/>\n<meta name=\"twitter:site\" content=\"@fortiseyewear\" \/>\n<meta name=\"twitter:label1\" content=\"Odhadovan\u00e1 doba \u010dten\u00ed\" \/>\n\t<meta name=\"twitter:data1\" content=\"2 minuty\" \/>\n<!-- \/ Yoast SEO Premium plugin. -->","yoast_head_json":{"title":"Trail Hoodie | Fishing Hoodie \u2013 Fortis Eyewear","description":"Trail Hoodie is a lightweight technical fleece hoodie for active anglers. Soft gridded fabric for warmth and breathability, with zip pockets, thumb loops and a low-profile fit that layers cleanly.","robots":{"index":"index","follow":"follow","max-snippet":"max-snippet:-1","max-image-preview":"max-image-preview:large","max-video-preview":"max-video-preview:-1"},"canonical":"https:\/\/fortiseyewear.co.uk\/cs\/produkt\/trail-hoodie\/","og_locale":"cs_CZ","og_type":"article","og_title":"Trail Hoodie","og_description":"Trail Hoodie is a lightweight technical fleece hoodie for active anglers. Soft gridded fabric for warmth and breathability, with zip pockets, thumb loops and a low-profile fit that layers cleanly.","og_url":"https:\/\/fortiseyewear.co.uk\/cs\/produkt\/trail-hoodie\/","og_site_name":"Fortis Eyewear","article_publisher":"https:\/\/www.facebook.com\/FortisEyewear","article_modified_time":"2025-11-21T19:34:46+00:00","og_image":[{"width":600,"height":800,"url":"https:\/\/fortiseyewear.co.uk\/wp-content\/uploads\/2025\/06\/833A4131.jpg","type":"image\/jpeg"}],"twitter_card":"summary_large_image","twitter_site":"@fortiseyewear","twitter_misc":{"Odhadovan\u00e1 doba \u010dten\u00ed":"2 minuty"},"schema":{"@context":"https:\/\/schema.org","@graph":[{"@type":"WebPage","@id":"https:\/\/fortiseyewear.co.uk\/product\/trail-hoodie\/","url":"https:\/\/fortiseyewear.co.uk\/product\/trail-hoodie\/","name":"Trail Hoodie | Fishing Hoodie \u2013 Fortis Eyewear","isPartOf":{"@id":"https:\/\/fortiseyewear.co.uk\/#website"},"primaryImageOfPage":{"@id":"https:\/\/fortiseyewear.co.uk\/product\/trail-hoodie\/#primaryimage"},"image":{"@id":"https:\/\/fortiseyewear.co.uk\/product\/trail-hoodie\/#primaryimage"},"thumbnailUrl":"https:\/\/fortiseyewear.co.uk\/wp-content\/uploads\/2025\/06\/833A4131.jpg","datePublished":"2025-06-05T09:15:49+00:00","dateModified":"2025-11-21T19:34:46+00:00","description":"Trail Hoodie is a lightweight technical fleece hoodie for active anglers. Soft gridded fabric for warmth and breathability, with zip pockets, thumb loops and a low-profile fit that layers cleanly.","breadcrumb":{"@id":"https:\/\/fortiseyewear.co.uk\/product\/trail-hoodie\/#breadcrumb"},"inLanguage":"cs","potentialAction":[{"@type":"ReadAction","target":["https:\/\/fortiseyewear.co.uk\/product\/trail-hoodie\/"]}]},{"@type":"ImageObject","inLanguage":"cs","@id":"https:\/\/fortiseyewear.co.uk\/product\/trail-hoodie\/#primaryimage","url":"https:\/\/fortiseyewear.co.uk\/wp-content\/uploads\/2025\/06\/833A4131.jpg","contentUrl":"https:\/\/fortiseyewear.co.uk\/wp-content\/uploads\/2025\/06\/833A4131.jpg","width":600,"height":800,"caption":"Fortis Trail Hoodie for Carp Fishing in Grey"},{"@type":"BreadcrumbList","@id":"https:\/\/fortiseyewear.co.uk\/product\/trail-hoodie\/#breadcrumb","itemListElement":[{"@type":"ListItem","position":1,"name":"Home","item":"https:\/\/fortiseyewear.co.uk\/"},{"@type":"ListItem","position":2,"name":"Products","item":"https:\/\/fortiseyewear.co.uk\/products\/"},{"@type":"ListItem","position":3,"name":"Trail Hoodie"}]},{"@type":"WebSite","@id":"https:\/\/fortiseyewear.co.uk\/#website","url":"https:\/\/fortiseyewear.co.uk\/","name":"Br\u00fdle Fortis","description":"Polarizovan\u00e9 ryb\u00e1\u0159sk\u00e9 slune\u010dn\u00ed br\u00fdle","publisher":{"@id":"https:\/\/fortiseyewear.co.uk\/#organization"},"alternateName":"Fortis","potentialAction":[{"@type":"SearchAction","target":{"@type":"EntryPoint","urlTemplate":"https:\/\/fortiseyewear.co.uk\/?s={search_term_string}"},"query-input":{"@type":"PropertyValueSpecification","valueRequired":true,"valueName":"search_term_string"}}],"inLanguage":"cs"},{"@type":"Organization","@id":"https:\/\/fortiseyewear.co.uk\/#organization","name":"Br\u00fdle Fortis","alternateName":"Fortis","url":"https:\/\/fortiseyewear.co.uk\/","logo":{"@type":"ImageObject","inLanguage":"cs","@id":"https:\/\/fortiseyewear.co.uk\/#\/schema\/logo\/image\/","url":"https:\/\/fortiseyewear.co.uk\/wp-content\/uploads\/2019\/05\/1.FinalLogoMOBILE.jpg","contentUrl":"https:\/\/fortiseyewear.co.uk\/wp-content\/uploads\/2019\/05\/1.FinalLogoMOBILE.jpg","width":766,"height":541,"caption":"Fortis Eyewear"},"image":{"@id":"https:\/\/fortiseyewear.co.uk\/#\/schema\/logo\/image\/"},"sameAs":["https:\/\/www.facebook.com\/FortisEyewear","https:\/\/x.com\/fortiseyewear","https:\/\/www.instagram.com\/FortisEyewear","https:\/\/www.youtube.com\/channel\/UC5uI6lYx37ltUVATG5skJLw"]}]}},"_links":{"self":[{"href":"https:\/\/fortiseyewear.co.uk\/cs\/wp-json\/wp\/v2\/product\/53874","targetHints":{"allow":["GET"]}}],"collection":[{"href":"https:\/\/fortiseyewear.co.uk\/cs\/wp-json\/wp\/v2\/product"}],"about":[{"href":"https:\/\/fortiseyewear.co.uk\/cs\/wp-json\/wp\/v2\/types\/product"}],"wp:featuredmedia":[{"embeddable":true,"href":"https:\/\/fortiseyewear.co.uk\/cs\/wp-json\/wp\/v2\/media\/53889"}],"wp:attachment":[{"href":"https:\/\/fortiseyewear.co.uk\/cs\/wp-json\/wp\/v2\/media?parent=53874"}],"wp:term":[{"taxonomy":"collection","embeddable":true,"href":"https:\/\/fortiseyewear.co.uk\/cs\/wp-json\/wp\/v2\/collection?post=53874"},{"taxonomy":"product_brand","embeddable":true,"href":"https:\/\/fortiseyewear.co.uk\/cs\/wp-json\/wp\/v2\/product_brand?post=53874"},{"taxonomy":"product_cat","embeddable":true,"href":"https:\/\/fortiseyewear.co.uk\/cs\/wp-json\/wp\/v2\/product_cat?post=53874"},{"taxonomy":"product_tag","embeddable":true,"href":"https:\/\/fortiseyewear.co.uk\/cs\/wp-json\/wp\/v2\/product_tag?post=53874"}],"curies":[{"name":"wp","href":"https:\/\/api.w.org\/{rel}","templated":true}]}}