{"id":53892,"date":"2025-06-05T10:15:15","date_gmt":"2025-06-05T10:15:15","guid":{"rendered":"https:\/\/fortiseyewear.co.uk\/?post_type=product&#038;p=53892"},"modified":"2025-11-21T19:33:32","modified_gmt":"2025-11-21T19:33:32","slug":"trail-zip-off-trouser","status":"publish","type":"product","link":"https:\/\/fortiseyewear.co.uk\/cs\/produkt\/trail-zip-off-trouser\/","title":{"rendered":"Trail Utility Pant \/ Zip Off Trouser"},"content":{"rendered":"<h3><strong>Kalhoty Trail Utility - ryb\u00e1\u0159sk\u00e9 kalhoty na zip pro kapra\u0159e<\/strong><\/h3>\n<p>\nThe Trail Utility Pant is engineered for changeable conditions, making it a must-have for carp anglers who need versatility and comfort from their clothing. Designed to transition seamlessly from trousers to shorts, these zip-off pants adapt to whatever the weather \u2014 or the session \u2014 throws at you.\n<\/p>\n<hr \/>\n<h3><strong>Lehk\u00e9 a rychleschnouc\u00ed pro v\u00fdkon v tepl\u00e9m po\u010das\u00ed<\/strong><\/h3>\n<p>\nCrafted from breathable, fast-drying 100gsm nylon, these fishing trousers keep you cool and dry throughout the day. The lightweight construction makes them ideal for warmer weather, while the moisture-wicking performance ensures all-day comfort \u2014 even during intense activity or unexpected showers.\n<\/p>\n<hr \/>\n<h3><strong>Nohy se zipem pro naprostou v\u0161estrannost<\/strong><\/h3>\n<p>\nHidden knee zips allow for a quick transformation into shorts, making these the ideal companion for early starts, rising midday temperatures or sudden climate shifts. One pair, two functions \u2014 no need to pack additional gear.\n<\/p>\n<hr \/>\n<h3><strong>Bezpe\u010dn\u00e9 ulo\u017een\u00ed a chytr\u00e9 skladov\u00e1n\u00ed<\/strong><\/h3>\n<p>\nWith an elasticated waistband, popper fastening and zip fly, the Trail Utility Pant offers a secure and comfortable fit. Five spacious cargo-style pockets provide ample room to store essentials \u2014 ideal for tackle, tools or small personal items when out on the bank.\n<\/p>\n<hr \/>\n<h3><strong>P\u0159ipravenost na kapra\u0159sk\u00fd \u017eivotn\u00ed styl<\/strong><\/h3>\n<p>\nWhether you&#8217;re stalking carp in the margins or relaxing in the bivvy, these trousers deliver the flexibility and practicality serious anglers demand. Lightweight, durable and highly functional \u2014 the Trail Utility Pant is built to perform.\n<\/p>\n<p><strong>Nov\u00e1 \u0159ada Trail... Stvo\u0159en\u00e1 pro dobrodru\u017estv\u00ed<\/strong><\/p>","protected":false},"excerpt":{"rendered":"<h2><em><span style=\"font-weight: 400;\">M\u011bn\u00edc\u00ed se podm\u00ednky, p\u0159izp\u016fsobiv\u00e9 garmy<\/span><\/em><\/h2>\n<p data-start=\"228\" data-end=\"674\">Kalhoty Trail Utility Pant jsou navr\u017eeny pro maxim\u00e1ln\u00ed v\u0161estrannost, pohodl\u00ed a p\u0159izp\u016fsobivost v m\u011bn\u00edc\u00edch se podm\u00ednk\u00e1ch. Jsou vyrobeny z lehk\u00e9ho, rychleschnouc\u00edho nylonu o gram\u00e1\u017ei 100 g\/m2 a d\u00edky skryt\u00fdm \u010d\u00e1stem se zipem se bez n\u00e1mahy zm\u011bn\u00ed z kalhot po cel\u00e9 d\u00e9lce na \u0161ortky. Elastick\u00fd pas, bezpe\u010dn\u00fd poklopec a p\u011bt kapes ve stylu cargo nab\u00edz\u00ed pohodl\u00ed i praktick\u00e9 \u00falo\u017en\u00e9 prostory. Ide\u00e1ln\u00ed na dlouh\u00e9 sezen\u00ed na b\u0159ehu nebo na dobrodru\u017estv\u00ed, kde v\u00e1s po\u010das\u00ed nut\u00ed h\u00e1dat.<\/p>\n<p><strong>Teplo:<\/strong> [rating stars=\"1.0\"]<br \/>\n<strong>Lehk\u00e9:<\/strong> [rating stars=\"5.0\"]<br \/>\n<strong>Ochrana vody:<\/strong> [rating stars=\"1.0\"]<br \/>\n<strong>Prody\u0161nost:<\/strong> [rating stars=\"5.0\"]<\/p>\n<p>Dal\u0161\u00ed informace naleznete v na\u0161\u00ed <a href=\"\/cs\/clothing-guide\/\">Pr\u016fvodce oble\u010den\u00edm<\/a>.<br \/>\nPokyny k pran\u00ed na od\u011bvu.<\/p>\n<p>Cena: \u00a359.99<\/p>\n<p><strong>*K dispozici pouze u na\u0161ich doporu\u010den\u00fdch ryb\u00e1\u0159sk\u00fdch prodejc\u016f.<\/strong><br \/>\nNav\u0161tivte na\u0161i <a href=\"https:\/\/fortiseyewear.co.uk\/cs\/stockists\/\">STOCKISTS<\/a> strana.<\/p>","protected":false},"featured_media":53911,"template":"","meta":{"_acf_changed":false},"collection":[1425],"product_brand":[],"product_cat":[557],"product_tag":[],"class_list":{"0":"post-53892","1":"product","2":"type-product","3":"status-publish","4":"has-post-thumbnail","6":"collection-trail","7":"product_cat-carp-fishing-clothing","9":"first","10":"instock","11":"taxable","12":"shipping-taxable","13":"purchasable","14":"product-type-variable","15":"prodpage-classic"},"acf":[],"yoast_head":"<!-- This site is optimized with the Yoast SEO Premium plugin v26.7 (Yoast SEO v26.7) - https:\/\/yoast.com\/wordpress\/plugins\/seo\/ -->\n<title>Trail Utility Pant \/ Zip Off Trouser | Waterproof Fishing Trousers \u2013 Fortis Eyewear<\/title>\n<meta name=\"description\" content=\"Trail Utility Pant are lightweight, quick-dry fishing trousers that zip off into shorts. 100gsm nylon with elasticated waistband and cargo pockets for comfort, storage and all-weather flexibility on the bank.\" \/>\n<meta name=\"robots\" content=\"index, follow, max-snippet:-1, max-image-preview:large, max-video-preview:-1\" \/>\n<link rel=\"canonical\" href=\"https:\/\/fortiseyewear.co.uk\/cs\/produkt\/trail-zip-off-trouser\/\" \/>\n<meta property=\"og:locale\" content=\"cs_CZ\" \/>\n<meta property=\"og:type\" content=\"article\" \/>\n<meta property=\"og:title\" content=\"Trail Utility Pant \/ Zip Off Trouser\" \/>\n<meta property=\"og:description\" content=\"Trail Utility Pant are lightweight, quick-dry fishing trousers that zip off into shorts. 100gsm nylon with elasticated waistband and cargo pockets for comfort, storage and all-weather flexibility on the bank.\" \/>\n<meta property=\"og:url\" content=\"https:\/\/fortiseyewear.co.uk\/cs\/produkt\/trail-zip-off-trouser\/\" \/>\n<meta property=\"og:site_name\" content=\"Fortis Eyewear\" \/>\n<meta property=\"article:publisher\" content=\"https:\/\/www.facebook.com\/FortisEyewear\" \/>\n<meta property=\"article:modified_time\" content=\"2025-11-21T19:33:32+00:00\" \/>\n<meta property=\"og:image\" content=\"https:\/\/fortiseyewear.co.uk\/wp-content\/uploads\/2025\/06\/833A4173.jpg\" \/>\n\t<meta property=\"og:image:width\" content=\"600\" \/>\n\t<meta property=\"og:image:height\" content=\"800\" \/>\n\t<meta property=\"og:image:type\" content=\"image\/jpeg\" \/>\n<meta name=\"twitter:card\" content=\"summary_large_image\" \/>\n<meta name=\"twitter:site\" content=\"@fortiseyewear\" \/>\n<meta name=\"twitter:label1\" content=\"Odhadovan\u00e1 doba \u010dten\u00ed\" \/>\n\t<meta name=\"twitter:data1\" content=\"2 minuty\" \/>\n<!-- \/ Yoast SEO Premium plugin. -->","yoast_head_json":{"title":"Trail Utility Pant \/ Zip Off Trouser | Waterproof Fishing Trousers \u2013 Fortis Eyewear","description":"Trail Utility Pant are lightweight, quick-dry fishing trousers that zip off into shorts. 100gsm nylon with elasticated waistband and cargo pockets for comfort, storage and all-weather flexibility on the bank.","robots":{"index":"index","follow":"follow","max-snippet":"max-snippet:-1","max-image-preview":"max-image-preview:large","max-video-preview":"max-video-preview:-1"},"canonical":"https:\/\/fortiseyewear.co.uk\/cs\/produkt\/trail-zip-off-trouser\/","og_locale":"cs_CZ","og_type":"article","og_title":"Trail Utility Pant \/ Zip Off Trouser","og_description":"Trail Utility Pant are lightweight, quick-dry fishing trousers that zip off into shorts. 100gsm nylon with elasticated waistband and cargo pockets for comfort, storage and all-weather flexibility on the bank.","og_url":"https:\/\/fortiseyewear.co.uk\/cs\/produkt\/trail-zip-off-trouser\/","og_site_name":"Fortis Eyewear","article_publisher":"https:\/\/www.facebook.com\/FortisEyewear","article_modified_time":"2025-11-21T19:33:32+00:00","og_image":[{"width":600,"height":800,"url":"https:\/\/fortiseyewear.co.uk\/wp-content\/uploads\/2025\/06\/833A4173.jpg","type":"image\/jpeg"}],"twitter_card":"summary_large_image","twitter_site":"@fortiseyewear","twitter_misc":{"Odhadovan\u00e1 doba \u010dten\u00ed":"2 minuty"},"schema":{"@context":"https:\/\/schema.org","@graph":[{"@type":"WebPage","@id":"https:\/\/fortiseyewear.co.uk\/product\/trail-zip-off-trouser\/","url":"https:\/\/fortiseyewear.co.uk\/product\/trail-zip-off-trouser\/","name":"Trail Utility Pant \/ Zip Off Trouser | Waterproof Fishing Trousers \u2013 Fortis Eyewear","isPartOf":{"@id":"https:\/\/fortiseyewear.co.uk\/#website"},"primaryImageOfPage":{"@id":"https:\/\/fortiseyewear.co.uk\/product\/trail-zip-off-trouser\/#primaryimage"},"image":{"@id":"https:\/\/fortiseyewear.co.uk\/product\/trail-zip-off-trouser\/#primaryimage"},"thumbnailUrl":"https:\/\/fortiseyewear.co.uk\/wp-content\/uploads\/2025\/06\/833A4173.jpg","datePublished":"2025-06-05T10:15:15+00:00","dateModified":"2025-11-21T19:33:32+00:00","description":"Trail Utility Pant are lightweight, quick-dry fishing trousers that zip off into shorts. 100gsm nylon with elasticated waistband and cargo pockets for comfort, storage and all-weather flexibility on the bank.","breadcrumb":{"@id":"https:\/\/fortiseyewear.co.uk\/product\/trail-zip-off-trouser\/#breadcrumb"},"inLanguage":"cs","potentialAction":[{"@type":"ReadAction","target":["https:\/\/fortiseyewear.co.uk\/product\/trail-zip-off-trouser\/"]}]},{"@type":"ImageObject","inLanguage":"cs","@id":"https:\/\/fortiseyewear.co.uk\/product\/trail-zip-off-trouser\/#primaryimage","url":"https:\/\/fortiseyewear.co.uk\/wp-content\/uploads\/2025\/06\/833A4173.jpg","contentUrl":"https:\/\/fortiseyewear.co.uk\/wp-content\/uploads\/2025\/06\/833A4173.jpg","width":600,"height":800,"caption":"Fortis Trail Zip Off Trouser in Grey"},{"@type":"BreadcrumbList","@id":"https:\/\/fortiseyewear.co.uk\/product\/trail-zip-off-trouser\/#breadcrumb","itemListElement":[{"@type":"ListItem","position":1,"name":"Home","item":"https:\/\/fortiseyewear.co.uk\/"},{"@type":"ListItem","position":2,"name":"Products","item":"https:\/\/fortiseyewear.co.uk\/products\/"},{"@type":"ListItem","position":3,"name":"Trail Utility Pant \/ Zip Off Trouser"}]},{"@type":"WebSite","@id":"https:\/\/fortiseyewear.co.uk\/#website","url":"https:\/\/fortiseyewear.co.uk\/","name":"Br\u00fdle Fortis","description":"Polarizovan\u00e9 ryb\u00e1\u0159sk\u00e9 slune\u010dn\u00ed br\u00fdle","publisher":{"@id":"https:\/\/fortiseyewear.co.uk\/#organization"},"alternateName":"Fortis","potentialAction":[{"@type":"SearchAction","target":{"@type":"EntryPoint","urlTemplate":"https:\/\/fortiseyewear.co.uk\/?s={search_term_string}"},"query-input":{"@type":"PropertyValueSpecification","valueRequired":true,"valueName":"search_term_string"}}],"inLanguage":"cs"},{"@type":"Organization","@id":"https:\/\/fortiseyewear.co.uk\/#organization","name":"Br\u00fdle Fortis","alternateName":"Fortis","url":"https:\/\/fortiseyewear.co.uk\/","logo":{"@type":"ImageObject","inLanguage":"cs","@id":"https:\/\/fortiseyewear.co.uk\/#\/schema\/logo\/image\/","url":"https:\/\/fortiseyewear.co.uk\/wp-content\/uploads\/2019\/05\/1.FinalLogoMOBILE.jpg","contentUrl":"https:\/\/fortiseyewear.co.uk\/wp-content\/uploads\/2019\/05\/1.FinalLogoMOBILE.jpg","width":766,"height":541,"caption":"Fortis Eyewear"},"image":{"@id":"https:\/\/fortiseyewear.co.uk\/#\/schema\/logo\/image\/"},"sameAs":["https:\/\/www.facebook.com\/FortisEyewear","https:\/\/x.com\/fortiseyewear","https:\/\/www.instagram.com\/FortisEyewear","https:\/\/www.youtube.com\/channel\/UC5uI6lYx37ltUVATG5skJLw"]}]}},"_links":{"self":[{"href":"https:\/\/fortiseyewear.co.uk\/cs\/wp-json\/wp\/v2\/product\/53892","targetHints":{"allow":["GET"]}}],"collection":[{"href":"https:\/\/fortiseyewear.co.uk\/cs\/wp-json\/wp\/v2\/product"}],"about":[{"href":"https:\/\/fortiseyewear.co.uk\/cs\/wp-json\/wp\/v2\/types\/product"}],"wp:featuredmedia":[{"embeddable":true,"href":"https:\/\/fortiseyewear.co.uk\/cs\/wp-json\/wp\/v2\/media\/53911"}],"wp:attachment":[{"href":"https:\/\/fortiseyewear.co.uk\/cs\/wp-json\/wp\/v2\/media?parent=53892"}],"wp:term":[{"taxonomy":"collection","embeddable":true,"href":"https:\/\/fortiseyewear.co.uk\/cs\/wp-json\/wp\/v2\/collection?post=53892"},{"taxonomy":"product_brand","embeddable":true,"href":"https:\/\/fortiseyewear.co.uk\/cs\/wp-json\/wp\/v2\/product_brand?post=53892"},{"taxonomy":"product_cat","embeddable":true,"href":"https:\/\/fortiseyewear.co.uk\/cs\/wp-json\/wp\/v2\/product_cat?post=53892"},{"taxonomy":"product_tag","embeddable":true,"href":"https:\/\/fortiseyewear.co.uk\/cs\/wp-json\/wp\/v2\/product_tag?post=53892"}],"curies":[{"name":"wp","href":"https:\/\/api.w.org\/{rel}","templated":true}]}}