{"id":55972,"date":"2025-07-28T11:59:55","date_gmt":"2025-07-28T11:59:55","guid":{"rendered":"https:\/\/fortiseyewear.co.uk\/?post_type=product&#038;p=55972"},"modified":"2025-10-27T11:43:50","modified_gmt":"2025-10-27T11:43:50","slug":"fortis-x-monkey-climber-strokes","status":"publish","type":"product","link":"https:\/\/fortiseyewear.co.uk\/cs\/produkt\/fortis-x-monkey-climber-strokes\/","title":{"rendered":"Limitovan\u00e1 edice Fortis x Monkey Climber Strokes"},"content":{"rendered":"<h1><strong>Limitovan\u00e1 edice slune\u010dn\u00edch br\u00fdl\u00ed Fortis x Monkey Climber \"Strokes\"<\/strong><\/h1>\n<p>Jedine\u010dn\u00e1 kapka v kapra\u0159sk\u00e9 v\u00fdbav\u011b - slune\u010dn\u00ed br\u00fdle Fortis x Monkey Climber v limitovan\u00e9 edici v pr\u016fsvitn\u00e9 zelen\u00e9 barv\u011b s leptan\u00fdmi skly, dvojitou kamufl\u00e1\u017en\u00ed l\u00e1tkou a kovov\u00fdmi detaily.<\/p>\n<hr \/>\n<h2><strong>P\u0159ehled<\/strong><\/h2>\n<p>Z belgick\u00fdch b\u0159eh\u016f do britsk\u00fdch bivak\u016f - dv\u011b nejzn\u00e1m\u011bj\u0161\u00ed evropsk\u00e9 zna\u010dky kapra\u0159sk\u00e9 kultury se spojuj\u00ed.<\/p>\n<p>Na str\u00e1nk\u00e1ch <strong>Fortis x Monkey Climber \"Strokes\"<\/strong> slune\u010dn\u00ed br\u00fdle jsou p\u0159\u00edsn\u011b limitovanou edic\u00ed, kter\u00e1 kombinuje <strong>technick\u00e9 polariza\u010dn\u00ed br\u00fdle<\/strong> s nezam\u011bniteln\u00fdm undergroundov\u00fdm stylem. Vytvo\u0159eno pro ryb\u00e1\u0159e, kte\u0159\u00ed znaj\u00ed sv\u00e9 vybaven\u00ed - a svou historii - tato spolupr\u00e1ce sah\u00e1 hloub\u011bji ne\u017e p\u00e1r viz hloub\u011bji \ud83d\ude09.<\/p>\n<p>Ulo\u017eeno v odv\u00e1\u017en\u00e9m <strong>pr\u016fsvitn\u00fd zelen\u00fd r\u00e1m<\/strong>, funkce Strokes <strong>zelen\u00e9 polariza\u010dn\u00ed \u010do\u010dky<\/strong>, p\u0159esnost <strong>laserem vyryt\u00e9 logo Fortis<\/strong>a zakon\u010dil je slovy <strong>kovov\u00e9 insignie Monkey Climber<\/strong> na ka\u017ed\u00e9m chr\u00e1mu. Ka\u017ed\u00fd detail vypov\u00edd\u00e1 o z\u00e1m\u011bru - a ka\u017ed\u00fd p\u00e1r je dod\u00e1v\u00e1n s jedine\u010dn\u00fdm <strong>\u010distic\u00ed ut\u011brka dual-camo<\/strong>: Belgick\u00fd Jigsaw vs. britsk\u00fd DPM. K\u00fdvnut\u00ed na p\u0159eshrani\u010dn\u00ed respekt, kter\u00fd tuto spolupr\u00e1ci podporuje.<\/p>\n<p>Pouze <strong>limitovan\u00e1 s\u00e9rie<\/strong> k dispozici. Kdy\u017e jsou pry\u010d, tak jsou pry\u010d.<\/p>\n<hr \/>\n<h2><strong>Kl\u00ed\u010dov\u00e9 vlastnosti<\/strong><\/h2>\n<ul>\n<li>\u2705 <strong>Exkluzivn\u00ed spolupr\u00e1ce Fortis x Monkey Climber<\/strong> - Vz\u00e1cn\u00fd pokles v kapra\u0159sk\u00e9m ryb\u00e1\u0159sk\u00e9m n\u00e1\u010din\u00ed<\/li>\n<li>\u2705 <strong>Pr\u016fsvitn\u00fd zelen\u00fd r\u00e1m<\/strong> - V\u00fdrazn\u00e9, lehk\u00e9 a n\u00e1padn\u00e9 p\u0159i slab\u00e9m osv\u011btlen\u00ed nebo na slunci<\/li>\n<li>\u2705 <strong>Zelen\u00e9 polarizovan\u00e9 \u010do\u010dky<\/strong> - Vylep\u0161en\u00e1 jasnost, redukce osln\u011bn\u00ed, p\u0159irozen\u00e9 vid\u011bn\u00ed a schopnost pozorovat ryby<\/li>\n<li>\u2705 <strong>Laserem vyleptan\u00e1 zna\u010dka Fortis<\/strong> - Jemn\u00e9 logo na objektivu<\/li>\n<li>\u2705 <strong>Kovov\u00e9 opi\u010d\u00ed prol\u00e9za\u010dky<\/strong> - Pr\u00e9miov\u00e1 zna\u010dka, kter\u00e1 tento p\u00e1r odli\u0161uje<\/li>\n<li>\u2705 <strong>Dvojit\u00fd \u010distic\u00ed had\u0159\u00edk Camo<\/strong> - Jedna polovina belgick\u00e1 skl\u00e1da\u010dka, druh\u00e1 britsk\u00e1 DPM - sb\u011bratelsk\u00fd kousek s\u00e1m o sob\u011b.<\/li>\n<li>\u2705 <strong>Vyd\u00e1n\u00ed limitovan\u00e9 edice<\/strong> - P\u0159\u00edsn\u011b malos\u00e9riov\u00e9. \u017d\u00e1dn\u00e9 dopl\u0148ov\u00e1n\u00ed z\u00e1sob.<\/li>\n<\/ul>\n<hr \/>\n<h2><strong>Pro\u010d je mus\u00edte m\u00edt<\/strong><\/h2>\n<p>V mo\u0159i napodobenin je tato spolupr\u00e1ce ojedin\u011bl\u00e1. Na <strong>\u00dadery<\/strong> jsou \u00fa\u010delov\u011b zkonstruov\u00e1ny s optickou p\u0159esnost\u00ed Fortis a podvratn\u00fdm duchem Monkey Climber.<\/p>\n<p>F\u00faze <strong>technick\u00fd v\u00fdkon<\/strong> a <strong>design sb\u011bratelsk\u00e9 t\u0159\u00eddy<\/strong> se hod\u00ed nejen na b\u0159ehu mo\u0159e.<\/p>\n<hr \/>\n<h2><strong>V\u00fdkon polarizovan\u00fdch \u010do\u010dek<\/strong><\/h2>\n<p>Na str\u00e1nk\u00e1ch <strong>zelen\u00e9 polariza\u010dn\u00ed \u010do\u010dky<\/strong> jsou optimalizov\u00e1ny pro prost\u0159ed\u00ed s vysok\u00fdm stupn\u011bm osln\u011bn\u00ed a poskytuj\u00ed p\u0159irozen\u00e9 vid\u011bn\u00ed.<\/p>\n<p>S <strong>laserem vyryt\u00e1 zna\u010dka Fortis<\/strong>, jsou \u010do\u010dky funk\u010dn\u00ed a z\u00e1rove\u0148 exkluzivn\u00ed - jde o hmatov\u00fd detail, kter\u00fd odli\u0161uje skute\u010dn\u00e9 od replik.<\/p>\n<hr \/>\n<h2><strong>Co je zahrnuto v cen\u011b<\/strong><\/h2>\n<ul>\n<li>Slune\u010dn\u00ed br\u00fdle Fortis x Monkey Climber \"Strokes\"<\/li>\n<li>Dvojit\u00e1 kamufl\u00e1\u017e (belgick\u00e1 Jigsaw + britsk\u00e1 DPM)<\/li>\n<li>Tvrd\u00e9 ochrann\u00e9 pouzdro Fortis<\/li>\n<li>Jednor\u00e1zov\u00e9 balen\u00ed<\/li>\n<\/ul>\n<hr \/>\n<h2><strong>Nej\u010dast\u011bj\u0161\u00ed dotazy<\/strong><\/h2>\n<p><strong>Ot\u00e1zka: Jsou tyto slune\u010dn\u00ed br\u00fdle skute\u010dn\u011b limitovanou edic\u00ed?<\/strong><br \/>\nAno - jedn\u00e1 se o jednor\u00e1zov\u00e9 vyd\u00e1n\u00ed. Po vyprod\u00e1n\u00ed nebudou vyrobeny \u017e\u00e1dn\u00e9 dal\u0161\u00ed kusy.<\/p>\n<p><strong>Ot\u00e1zka: Jsou vhodn\u00e9 pro ka\u017edodenn\u00ed no\u0161en\u00ed?<\/strong><br \/>\nRozhodn\u011b. Strokes jsou lehk\u00e9, odoln\u00e9 a navr\u017een\u00e9 pro pohodl\u00ed na b\u0159ehu i mimo n\u011bj.<\/p>\n<p><strong>Ot\u00e1zka: Co z nich d\u011bl\u00e1 sb\u011bratelsk\u00fd artikl?<\/strong><br \/>\nOmezeno na 100 kus\u016f. Nebude se opakovat!<\/p>","protected":false},"excerpt":{"rendered":"<h2><em>Provoz: Viz Hloub\u011bji.<\/em><\/h2>\n<p>V\u00edtejte, agente. Odemkli jste si p\u0159\u00edstup k utajovan\u00e9 operaci. N\u00e1sleduj\u00edc\u00ed informace jsou ur\u010deny pouze pro va\u0161e o\u010di.<\/p>\n<p data-start=\"390\" data-end=\"452\">Tajn\u00e9 spojenectv\u00ed mezi <strong data-start=\"416\" data-end=\"426\">Fortis<\/strong> a <strong data-start=\"431\" data-end=\"449\">Opi\u010d\u00ed horolezec<\/strong>.<\/p>\n<p data-start=\"454\" data-end=\"743\">Ze zaml\u017een\u00fdch b\u0159eh\u016f Spojen\u00e9ho kr\u00e1lovstv\u00ed, <strong data-start=\"486\" data-end=\"502\">Oper\u00e1tor<\/strong> p\u0159ist\u00e1l opi\u010d\u00e1k v ostr\u00e9m obleku s jedin\u00fdm c\u00edlem: ovl\u00e1dnout britsk\u00e9 ostrovy. Jeho strategie? Ban\u00e1ny na vyjedn\u00e1v\u00e1n\u00ed, skupov\u00e1n\u00ed <em data-start=\"632\" data-end=\"649\">\"dobr\u00e9 zbo\u017e\u00ed\"<\/em> - Slune\u010dn\u00ed br\u00fdle Fortis - a p\u0159em\u011bna ka\u017ed\u00e9ho koutu EU na hlavn\u00ed \u00fazem\u00ed Fortis.<\/p>\n<p data-start=\"745\" data-end=\"1031\">P\u0159es kan\u00e1l La Manche, <strong data-start=\"765\" data-end=\"779\">Zprost\u0159edkovatel<\/strong> pracuje na pevnin\u011b. Britsk\u00fd buldok, kter\u00fd kou\u0159\u00ed doutn\u00edky, pronik\u00e1 do Evropy s \u0161armem diplomata a lstivost\u00ed \u0161piona. Jeho \u00fakol je jednoduch\u00fd: z\u00edskat na svou stranu ciz\u00ed opice a vym\u011bnit jim ty nejkr\u00e1sn\u011bj\u0161\u00ed slune\u010dn\u00ed br\u00fdle, jak\u00e9 kdy byly propa\u0161ov\u00e1ny p\u0159es nep\u0159\u00e1telsk\u00e9 linie.<\/p>\n<p data-start=\"1033\" data-end=\"1117\">Pracuj\u00ed sami. Jednaj\u00ed jako jeden.<br data-start=\"1067\" data-end=\"1070\" \/><strong data-start=\"1070\" data-end=\"1098\">Fortis x Monkey Climber.<\/strong><br data-start=\"1098\" data-end=\"1101\" \/><strong data-start=\"1101\" data-end=\"1143\">\"V\u0161ichni jsme vznikli z opic, abychom vid\u011bli hloub\u011bji.\"<br \/>\n<\/strong><br \/>\n<strong>Cena:<\/strong> \u00a349.99<\/p>\n<p><strong>*Limitovan\u00e1 edice.<br \/>\nVelk\u00e1 Brit\u00e1nie - K dost\u00e1n\u00ed pouze zde.<br \/>\nEU - K dispozici zde: <a href=\"https:\/\/monkeyclimbermagazine.com\/products\/monkey-climber-x-fortis-strokes-i-ltd-ed-shades?_pos=1&amp;_sid=a93fd430c&amp;_ss=r\">https:\/\/monkeyclimbermagazine.com\/<\/a><\/strong><\/p>","protected":false},"featured_media":55983,"template":"","meta":{"_acf_changed":false},"collection":[],"product_brand":[],"product_cat":[1410],"product_tag":[],"class_list":{"0":"post-55972","1":"product","2":"type-product","3":"status-publish","4":"has-post-thumbnail","6":"product_cat-limited-edition-fishing-clothing","7":"product_shipping_class-freeshipping","9":"first","10":"outofstock","11":"sold-individually","12":"taxable","13":"shipping-taxable","14":"purchasable","15":"product-type-simple","16":"prodpage-classic"},"acf":[],"yoast_head":"<!-- This site is optimized with the Yoast SEO Premium plugin v26.7 (Yoast SEO v26.7) - https:\/\/yoast.com\/wordpress\/plugins\/seo\/ -->\n<title>Fortis x Monkey Climber Strokes Limited Edition | Polarised Fishing Sunglasses \u2013 Fortis Eyewear<\/title>\n<meta name=\"description\" content=\"Fortis x Monkey Climber Strokes Limited Edition are polarised fishing sunglasses that cut surface glare so you can see carp and features under the water. Exclusive collab colourway in a rounded lifestyle frame.\" \/>\n<meta name=\"robots\" content=\"index, follow, max-snippet:-1, max-image-preview:large, max-video-preview:-1\" \/>\n<link rel=\"canonical\" href=\"https:\/\/fortiseyewear.co.uk\/cs\/produkt\/fortis-x-monkey-climber-strokes\/\" \/>\n<meta property=\"og:locale\" content=\"cs_CZ\" \/>\n<meta property=\"og:type\" content=\"article\" \/>\n<meta property=\"og:title\" content=\"Fortis x Monkey Climber Strokes Limited Edition\" \/>\n<meta property=\"og:description\" content=\"Fortis x Monkey Climber Strokes Limited Edition are polarised fishing sunglasses that cut surface glare so you can see carp and features under the water. Exclusive collab colourway in a rounded lifestyle frame.\" \/>\n<meta property=\"og:url\" content=\"https:\/\/fortiseyewear.co.uk\/cs\/produkt\/fortis-x-monkey-climber-strokes\/\" \/>\n<meta property=\"og:site_name\" content=\"Fortis Eyewear\" \/>\n<meta property=\"article:publisher\" content=\"https:\/\/www.facebook.com\/FortisEyewear\" \/>\n<meta property=\"article:modified_time\" content=\"2025-10-27T11:43:50+00:00\" \/>\n<meta property=\"og:image\" content=\"https:\/\/fortiseyewear.co.uk\/wp-content\/uploads\/2025\/07\/Studio-Photography-Cloth.jpg\" \/>\n\t<meta property=\"og:image:width\" content=\"1200\" \/>\n\t<meta property=\"og:image:height\" content=\"1600\" \/>\n\t<meta property=\"og:image:type\" content=\"image\/jpeg\" \/>\n<meta name=\"twitter:card\" content=\"summary_large_image\" \/>\n<meta name=\"twitter:site\" content=\"@fortiseyewear\" \/>\n<meta name=\"twitter:label1\" content=\"Odhadovan\u00e1 doba \u010dten\u00ed\" \/>\n\t<meta name=\"twitter:data1\" content=\"3 minuty\" \/>\n<!-- \/ Yoast SEO Premium plugin. -->","yoast_head_json":{"title":"Fortis x Monkey Climber Strokes Limited Edition | Polarised Fishing Sunglasses \u2013 Fortis Eyewear","description":"Fortis x Monkey Climber Strokes Limited Edition are polarised fishing sunglasses that cut surface glare so you can see carp and features under the water. Exclusive collab colourway in a rounded lifestyle frame.","robots":{"index":"index","follow":"follow","max-snippet":"max-snippet:-1","max-image-preview":"max-image-preview:large","max-video-preview":"max-video-preview:-1"},"canonical":"https:\/\/fortiseyewear.co.uk\/cs\/produkt\/fortis-x-monkey-climber-strokes\/","og_locale":"cs_CZ","og_type":"article","og_title":"Fortis x Monkey Climber Strokes Limited Edition","og_description":"Fortis x Monkey Climber Strokes Limited Edition are polarised fishing sunglasses that cut surface glare so you can see carp and features under the water. Exclusive collab colourway in a rounded lifestyle frame.","og_url":"https:\/\/fortiseyewear.co.uk\/cs\/produkt\/fortis-x-monkey-climber-strokes\/","og_site_name":"Fortis Eyewear","article_publisher":"https:\/\/www.facebook.com\/FortisEyewear","article_modified_time":"2025-10-27T11:43:50+00:00","og_image":[{"width":1200,"height":1600,"url":"https:\/\/fortiseyewear.co.uk\/wp-content\/uploads\/2025\/07\/Studio-Photography-Cloth.jpg","type":"image\/jpeg"}],"twitter_card":"summary_large_image","twitter_site":"@fortiseyewear","twitter_misc":{"Odhadovan\u00e1 doba \u010dten\u00ed":"3 minuty"},"schema":{"@context":"https:\/\/schema.org","@graph":[{"@type":"WebPage","@id":"https:\/\/fortiseyewear.co.uk\/product\/fortis-x-monkey-climber-strokes\/","url":"https:\/\/fortiseyewear.co.uk\/product\/fortis-x-monkey-climber-strokes\/","name":"Fortis x Monkey Climber Strokes Limited Edition | Polarised Fishing Sunglasses \u2013 Fortis Eyewear","isPartOf":{"@id":"https:\/\/fortiseyewear.co.uk\/#website"},"primaryImageOfPage":{"@id":"https:\/\/fortiseyewear.co.uk\/product\/fortis-x-monkey-climber-strokes\/#primaryimage"},"image":{"@id":"https:\/\/fortiseyewear.co.uk\/product\/fortis-x-monkey-climber-strokes\/#primaryimage"},"thumbnailUrl":"https:\/\/fortiseyewear.co.uk\/wp-content\/uploads\/2025\/07\/Studio-Photography-Cloth.jpg","datePublished":"2025-07-28T11:59:55+00:00","dateModified":"2025-10-27T11:43:50+00:00","description":"Fortis x Monkey Climber Strokes Limited Edition are polarised fishing sunglasses that cut surface glare so you can see carp and features under the water. Exclusive collab colourway in a rounded lifestyle frame.","breadcrumb":{"@id":"https:\/\/fortiseyewear.co.uk\/product\/fortis-x-monkey-climber-strokes\/#breadcrumb"},"inLanguage":"cs","potentialAction":[{"@type":"ReadAction","target":["https:\/\/fortiseyewear.co.uk\/product\/fortis-x-monkey-climber-strokes\/"]}]},{"@type":"ImageObject","inLanguage":"cs","@id":"https:\/\/fortiseyewear.co.uk\/product\/fortis-x-monkey-climber-strokes\/#primaryimage","url":"https:\/\/fortiseyewear.co.uk\/wp-content\/uploads\/2025\/07\/Studio-Photography-Cloth.jpg","contentUrl":"https:\/\/fortiseyewear.co.uk\/wp-content\/uploads\/2025\/07\/Studio-Photography-Cloth.jpg","width":1200,"height":1600,"caption":"Monkey Climber Sunglasses"},{"@type":"BreadcrumbList","@id":"https:\/\/fortiseyewear.co.uk\/product\/fortis-x-monkey-climber-strokes\/#breadcrumb","itemListElement":[{"@type":"ListItem","position":1,"name":"Home","item":"https:\/\/fortiseyewear.co.uk\/"},{"@type":"ListItem","position":2,"name":"Products","item":"https:\/\/fortiseyewear.co.uk\/products\/"},{"@type":"ListItem","position":3,"name":"Fortis x Monkey Climber Strokes Limited Edition"}]},{"@type":"WebSite","@id":"https:\/\/fortiseyewear.co.uk\/#website","url":"https:\/\/fortiseyewear.co.uk\/","name":"Br\u00fdle Fortis","description":"Polarizovan\u00e9 ryb\u00e1\u0159sk\u00e9 slune\u010dn\u00ed br\u00fdle","publisher":{"@id":"https:\/\/fortiseyewear.co.uk\/#organization"},"alternateName":"Fortis","potentialAction":[{"@type":"SearchAction","target":{"@type":"EntryPoint","urlTemplate":"https:\/\/fortiseyewear.co.uk\/?s={search_term_string}"},"query-input":{"@type":"PropertyValueSpecification","valueRequired":true,"valueName":"search_term_string"}}],"inLanguage":"cs"},{"@type":"Organization","@id":"https:\/\/fortiseyewear.co.uk\/#organization","name":"Br\u00fdle Fortis","alternateName":"Fortis","url":"https:\/\/fortiseyewear.co.uk\/","logo":{"@type":"ImageObject","inLanguage":"cs","@id":"https:\/\/fortiseyewear.co.uk\/#\/schema\/logo\/image\/","url":"https:\/\/fortiseyewear.co.uk\/wp-content\/uploads\/2019\/05\/1.FinalLogoMOBILE.jpg","contentUrl":"https:\/\/fortiseyewear.co.uk\/wp-content\/uploads\/2019\/05\/1.FinalLogoMOBILE.jpg","width":766,"height":541,"caption":"Fortis Eyewear"},"image":{"@id":"https:\/\/fortiseyewear.co.uk\/#\/schema\/logo\/image\/"},"sameAs":["https:\/\/www.facebook.com\/FortisEyewear","https:\/\/x.com\/fortiseyewear","https:\/\/www.instagram.com\/FortisEyewear","https:\/\/www.youtube.com\/channel\/UC5uI6lYx37ltUVATG5skJLw"]}]}},"_links":{"self":[{"href":"https:\/\/fortiseyewear.co.uk\/cs\/wp-json\/wp\/v2\/product\/55972","targetHints":{"allow":["GET"]}}],"collection":[{"href":"https:\/\/fortiseyewear.co.uk\/cs\/wp-json\/wp\/v2\/product"}],"about":[{"href":"https:\/\/fortiseyewear.co.uk\/cs\/wp-json\/wp\/v2\/types\/product"}],"wp:featuredmedia":[{"embeddable":true,"href":"https:\/\/fortiseyewear.co.uk\/cs\/wp-json\/wp\/v2\/media\/55983"}],"wp:attachment":[{"href":"https:\/\/fortiseyewear.co.uk\/cs\/wp-json\/wp\/v2\/media?parent=55972"}],"wp:term":[{"taxonomy":"collection","embeddable":true,"href":"https:\/\/fortiseyewear.co.uk\/cs\/wp-json\/wp\/v2\/collection?post=55972"},{"taxonomy":"product_brand","embeddable":true,"href":"https:\/\/fortiseyewear.co.uk\/cs\/wp-json\/wp\/v2\/product_brand?post=55972"},{"taxonomy":"product_cat","embeddable":true,"href":"https:\/\/fortiseyewear.co.uk\/cs\/wp-json\/wp\/v2\/product_cat?post=55972"},{"taxonomy":"product_tag","embeddable":true,"href":"https:\/\/fortiseyewear.co.uk\/cs\/wp-json\/wp\/v2\/product_tag?post=55972"}],"curies":[{"name":"wp","href":"https:\/\/api.w.org\/{rel}","templated":true}]}}