{"id":10426,"date":"2016-03-08T14:58:31","date_gmt":"2016-03-08T14:58:31","guid":{"rendered":"https:\/\/fortiseyewear.co.uk\/?page_id=10426"},"modified":"2020-02-12T14:08:51","modified_gmt":"2020-02-12T14:08:51","slug":"frederik-lorentzen","status":"publish","type":"page","link":"https:\/\/fortiseyewear.co.uk\/de\/collective\/frederik-lorentzen\/","title":{"rendered":"Frederik Lorentzen"},"content":{"rendered":"<p><img decoding=\"async\" class=\"size-full wp-image-10034\" src=\"https:\/\/fortiseyewear.co.uk\/wp-content\/uploads\/2016\/03\/Header-Fred.jpg\" alt=\"Frederik Lorentzen\" width=\"680\" height=\"226\" \/><\/p>\n<h3>Unten am Fluss<\/h3>\n<p>Es kommt nicht jeden Tag vor, dass man einen echten Aktivisten trifft, der sich leidenschaftlich f\u00fcr den Schutz der Umwelt einsetzt, in der wir leben, aber Frederik Lorentzen ist einer von denen, die nicht so schnell aufgeben. Wir haben uns k\u00fcrzlich mit Fred getroffen, der uns einen kleinen Einblick in seine Welt gab...<\/p>\n<p>\"Ich habe im November eine Facebook-Gruppe gegr\u00fcndet, um die Regierung zu bek\u00e4mpfen, die versucht, den Landwirten zu helfen, indem sie die d\u00e4nische Natur und vor allem die Wasserumwelt ruiniert. Sie hat jetzt 14.000 Mitglieder und ich habe 5 Administratoren ernannt, die mir helfen. Wir erhalten Einladungen zu Fernsehsendungen, werden von Politikern und der Presse kontaktiert, es gibt also jede Menge Arbeit und st\u00e4ndig neue Dinge zu tun. Wir haben ein paar kleine Siege errungen, aber leider werden wir nicht gewinnen. Es ist sehr traurig f\u00fcr die Fische und die Umwelt im Allgemeinen, aber wir werden weiter vorankommen.<\/p>\n<p>Wie auch immer, ein wenig \u00fcber mein pers\u00f6nliches Angeln... Ich bin am Wasser aufgewachsen, mit einem Vater, der Segelboote baute, also war es ganz nat\u00fcrlich, eine Rute in die Hand zu nehmen und mit dem Angeln zu beginnen, und als ich 11 Jahre alt war, schenkte mir mein Onkel meine erste Fliegenrute. Ich habe so ziemlich mein ganzes Leben lang geangelt, aber in meinen Teenagerjahren schenkte mir ein Freund ein Skateboard, und das Skateboarden hat mir 18 Jahre meines Lebens geraubt, ich habe mehr als 10 Jahre lang in der Skateboardbranche gearbeitet. Eines Tages nahm mich der Vater meiner Ex mit zum Angeln auf Meerforelle an der d\u00e4nischen K\u00fcste, und ich war wieder s\u00fcchtig. Langsam \u00fcbernahm das Angeln die Zeit, die ich auf dem Board verbrachte, und ich fing an, es zu dokumentieren, wie ich es vom Skateboarden gewohnt war. In k\u00fcrzester Zeit bekam ich meinen ersten Job, bei dem ich einen Kurzfilm f\u00fcr einen Tackle-Shop drehte. Heute arbeite ich als freiberuflicher Fotograf und Kameramann im Bereich Fliegenfischen, schreibe Artikel und fotografiere f\u00fcr Angelmagazine und mache viele verschiedene Filmprojekte in der ganzen Welt.\"<\/p>\n<p>Schauen Sie sich Freds soziale Netzwerke f\u00fcr sein Unternehmen InWadersMedia an.<br \/>\nDie Bilder stammen von Peter Christensen, fotografiert von Frederik.<\/p>\n<p>Website: <a href=\"https:\/\/www.inwadersmedia.com\">www.inwadersmedia.com<\/a><br \/>\nInstagram: Inwadersmedia<br \/>\nFacebook: <a href=\"https:\/\/www.facebook.com\/InwadersMedia\/\" target=\"_blank\" rel=\"noopener noreferrer\">https:\/\/www.facebook.com\/InwadersMedia\/<\/a><\/p>\n<p>Sehen Sie sich hier einige ihrer Arbeiten an:\u00a0<a href=\"https:\/\/vimeo.com\/140532462\" target=\"_blank\" rel=\"noopener noreferrer\">https:\/\/vimeo.com\/140532462<\/a><\/p>\n[shareprints gallery_id=\"10442\u2033 gallery_type=\"masonry\" gallery_position=\"pos_center\" gallery_width=\"width_100\u2033 image_size=\"medium\" image_padding=\"10\u2033 theme=\"dark\" image_hover=\"colortosepia\" lightbox_type=\"slide\" titles=\"true\" captions=\"true\" descriptions=\"true\" comments=\"false\" sharing=\"false\"]","protected":false},"excerpt":{"rendered":"<p>Unten am Fluss Man begegnet nicht jeden Tag einem echten Aktivisten, der sich leidenschaftlich f\u00fcr den Schutz der Umwelt einsetzt, in der wir leben und uns bewegen, aber Frederik Lorentzen ist einer von denen, die nicht so schnell aufgeben. Wir haben uns vor kurzem mit Fred getroffen, der uns einen kleinen Einblick in seine Welt gab... \"Ich habe eine Facebook<\/p>","protected":false},"author":11,"featured_media":0,"parent":67,"menu_order":0,"comment_status":"closed","ping_status":"open","template":"","meta":{"_acf_changed":false,"footnotes":""},"class_list":["post-10426","page","type-page","status-publish","hentry","prodpage-classic"],"acf":[],"yoast_head":"<!-- This site is optimized with the Yoast SEO Premium plugin v26.7 (Yoast SEO v26.7) - https:\/\/yoast.com\/wordpress\/plugins\/seo\/ -->\n<title>Frederik Lorentzen - Fortis Eyewear<\/title>\n<meta name=\"robots\" content=\"index, follow, max-snippet:-1, max-image-preview:large, max-video-preview:-1\" \/>\n<link rel=\"canonical\" href=\"https:\/\/fortiseyewear.co.uk\/de\/collective\/frederik-lorentzen\/\" \/>\n<meta property=\"og:locale\" content=\"de_DE\" \/>\n<meta property=\"og:type\" content=\"article\" \/>\n<meta property=\"og:title\" content=\"Frederik Lorentzen\" \/>\n<meta property=\"og:description\" content=\"Down by the River It&#8217;s not every day you meet a true activist, passionately protecting the environment in which we live and angle but Frederik Lorentzen is one of those guys who doesn&#8217;t give up easily. We caught up with Fred recently who gave us a little insight into his world&#8230; &#8220;I started a facebook\" \/>\n<meta property=\"og:url\" content=\"https:\/\/fortiseyewear.co.uk\/de\/collective\/frederik-lorentzen\/\" \/>\n<meta property=\"og:site_name\" content=\"Fortis Eyewear\" \/>\n<meta property=\"article:publisher\" content=\"https:\/\/www.facebook.com\/FortisEyewear\" \/>\n<meta property=\"article:modified_time\" content=\"2020-02-12T14:08:51+00:00\" \/>\n<meta property=\"og:image\" content=\"https:\/\/fortiseyewear.co.uk\/wp-content\/uploads\/2016\/03\/Header-Fred.jpg\" \/>\n<meta name=\"twitter:card\" content=\"summary_large_image\" \/>\n<meta name=\"twitter:site\" content=\"@fortiseyewear\" \/>\n<meta name=\"twitter:label1\" content=\"Gesch\u00e4tzte Lesezeit\" \/>\n\t<meta name=\"twitter:data1\" content=\"2\u00a0Minuten\" \/>\n<!-- \/ Yoast SEO Premium plugin. -->","yoast_head_json":{"title":"Frederik Lorentzen - Fortis Eyewear","robots":{"index":"index","follow":"follow","max-snippet":"max-snippet:-1","max-image-preview":"max-image-preview:large","max-video-preview":"max-video-preview:-1"},"canonical":"https:\/\/fortiseyewear.co.uk\/de\/collective\/frederik-lorentzen\/","og_locale":"de_DE","og_type":"article","og_title":"Frederik Lorentzen","og_description":"Down by the River It&#8217;s not every day you meet a true activist, passionately protecting the environment in which we live and angle but Frederik Lorentzen is one of those guys who doesn&#8217;t give up easily. We caught up with Fred recently who gave us a little insight into his world&#8230; &#8220;I started a facebook","og_url":"https:\/\/fortiseyewear.co.uk\/de\/collective\/frederik-lorentzen\/","og_site_name":"Fortis Eyewear","article_publisher":"https:\/\/www.facebook.com\/FortisEyewear","article_modified_time":"2020-02-12T14:08:51+00:00","og_image":[{"url":"https:\/\/fortiseyewear.co.uk\/wp-content\/uploads\/2016\/03\/Header-Fred.jpg","type":"","width":"","height":""}],"twitter_card":"summary_large_image","twitter_site":"@fortiseyewear","twitter_misc":{"Gesch\u00e4tzte Lesezeit":"2\u00a0Minuten"},"schema":{"@context":"https:\/\/schema.org","@graph":[{"@type":"WebPage","@id":"https:\/\/fortiseyewear.co.uk\/collective\/frederik-lorentzen\/","url":"https:\/\/fortiseyewear.co.uk\/collective\/frederik-lorentzen\/","name":"Frederik Lorentzen - Fortis Eyewear","isPartOf":{"@id":"https:\/\/fortiseyewear.co.uk\/#website"},"primaryImageOfPage":{"@id":"https:\/\/fortiseyewear.co.uk\/collective\/frederik-lorentzen\/#primaryimage"},"image":{"@id":"https:\/\/fortiseyewear.co.uk\/collective\/frederik-lorentzen\/#primaryimage"},"thumbnailUrl":"https:\/\/fortiseyewear.co.uk\/wp-content\/uploads\/2016\/03\/Header-Fred.jpg","datePublished":"2016-03-08T14:58:31+00:00","dateModified":"2020-02-12T14:08:51+00:00","breadcrumb":{"@id":"https:\/\/fortiseyewear.co.uk\/collective\/frederik-lorentzen\/#breadcrumb"},"inLanguage":"de","potentialAction":[{"@type":"ReadAction","target":["https:\/\/fortiseyewear.co.uk\/collective\/frederik-lorentzen\/"]}]},{"@type":"ImageObject","inLanguage":"de","@id":"https:\/\/fortiseyewear.co.uk\/collective\/frederik-lorentzen\/#primaryimage","url":"https:\/\/fortiseyewear.co.uk\/wp-content\/uploads\/2016\/03\/Header-Fred.jpg","contentUrl":"https:\/\/fortiseyewear.co.uk\/wp-content\/uploads\/2016\/03\/Header-Fred.jpg"},{"@type":"BreadcrumbList","@id":"https:\/\/fortiseyewear.co.uk\/collective\/frederik-lorentzen\/#breadcrumb","itemListElement":[{"@type":"ListItem","position":1,"name":"Home","item":"https:\/\/fortiseyewear.co.uk\/"},{"@type":"ListItem","position":2,"name":"The Collective","item":"https:\/\/fortiseyewear.co.uk\/collective\/"},{"@type":"ListItem","position":3,"name":"Frederik Lorentzen"}]},{"@type":"WebSite","@id":"https:\/\/fortiseyewear.co.uk\/#website","url":"https:\/\/fortiseyewear.co.uk\/","name":"Fortis Eyewear","description":"Polarisierende Angel-Sonnenbrille","publisher":{"@id":"https:\/\/fortiseyewear.co.uk\/#organization"},"alternateName":"Fortis","potentialAction":[{"@type":"SearchAction","target":{"@type":"EntryPoint","urlTemplate":"https:\/\/fortiseyewear.co.uk\/?s={search_term_string}"},"query-input":{"@type":"PropertyValueSpecification","valueRequired":true,"valueName":"search_term_string"}}],"inLanguage":"de"},{"@type":"Organization","@id":"https:\/\/fortiseyewear.co.uk\/#organization","name":"Fortis Eyewear","alternateName":"Fortis","url":"https:\/\/fortiseyewear.co.uk\/","logo":{"@type":"ImageObject","inLanguage":"de","@id":"https:\/\/fortiseyewear.co.uk\/#\/schema\/logo\/image\/","url":"https:\/\/fortiseyewear.co.uk\/wp-content\/uploads\/2019\/05\/1.FinalLogoMOBILE.jpg","contentUrl":"https:\/\/fortiseyewear.co.uk\/wp-content\/uploads\/2019\/05\/1.FinalLogoMOBILE.jpg","width":766,"height":541,"caption":"Fortis Eyewear"},"image":{"@id":"https:\/\/fortiseyewear.co.uk\/#\/schema\/logo\/image\/"},"sameAs":["https:\/\/www.facebook.com\/FortisEyewear","https:\/\/x.com\/fortiseyewear","https:\/\/www.instagram.com\/FortisEyewear","https:\/\/www.youtube.com\/channel\/UC5uI6lYx37ltUVATG5skJLw"]}]}},"_links":{"self":[{"href":"https:\/\/fortiseyewear.co.uk\/de\/wp-json\/wp\/v2\/pages\/10426","targetHints":{"allow":["GET"]}}],"collection":[{"href":"https:\/\/fortiseyewear.co.uk\/de\/wp-json\/wp\/v2\/pages"}],"about":[{"href":"https:\/\/fortiseyewear.co.uk\/de\/wp-json\/wp\/v2\/types\/page"}],"author":[{"embeddable":true,"href":"https:\/\/fortiseyewear.co.uk\/de\/wp-json\/wp\/v2\/users\/11"}],"replies":[{"embeddable":true,"href":"https:\/\/fortiseyewear.co.uk\/de\/wp-json\/wp\/v2\/comments?post=10426"}],"version-history":[{"count":0,"href":"https:\/\/fortiseyewear.co.uk\/de\/wp-json\/wp\/v2\/pages\/10426\/revisions"}],"up":[{"embeddable":true,"href":"https:\/\/fortiseyewear.co.uk\/de\/wp-json\/wp\/v2\/pages\/67"}],"wp:attachment":[{"href":"https:\/\/fortiseyewear.co.uk\/de\/wp-json\/wp\/v2\/media?parent=10426"}],"curies":[{"name":"wp","href":"https:\/\/api.w.org\/{rel}","templated":true}]}}