{"id":1119,"date":"2013-05-01T11:30:50","date_gmt":"2013-05-01T11:30:50","guid":{"rendered":"https:\/\/fortiseyewear.co.uk\/?page_id=1119"},"modified":"2014-11-13T09:51:02","modified_gmt":"2014-11-13T09:51:02","slug":"stephan-dombaj","status":"publish","type":"page","link":"https:\/\/fortiseyewear.co.uk\/de\/collective\/stephan-dombaj\/","title":{"rendered":"Stephan Dombaj"},"content":{"rendered":"<h3><img decoding=\"async\" class=\"alignnone size-full wp-image-4493\" src=\"https:\/\/fortiseyewear.co.uk\/wp-content\/uploads\/2013\/05\/StephanDombajHeader.jpg\" alt=\"StephanDombajHeader\" width=\"680\" height=\"226\" srcset=\"https:\/\/fortiseyewear.co.uk\/wp-content\/uploads\/2013\/05\/StephanDombajHeader.jpg 680w, https:\/\/fortiseyewear.co.uk\/wp-content\/uploads\/2013\/05\/StephanDombajHeader-300x100.jpg 300w, https:\/\/fortiseyewear.co.uk\/wp-content\/uploads\/2013\/05\/StephanDombajHeader-600x199.jpg 600w, https:\/\/fortiseyewear.co.uk\/wp-content\/uploads\/2013\/05\/StephanDombajHeader-640x213.jpg 640w, https:\/\/fortiseyewear.co.uk\/wp-content\/uploads\/2013\/05\/StephanDombajHeader-150x50.jpg 150w, https:\/\/fortiseyewear.co.uk\/wp-content\/uploads\/2013\/05\/StephanDombajHeader-280x93.jpg 280w, https:\/\/fortiseyewear.co.uk\/wp-content\/uploads\/2013\/05\/StephanDombajHeader-160x53.jpg 160w, https:\/\/fortiseyewear.co.uk\/wp-content\/uploads\/2013\/05\/StephanDombajHeader-320x106.jpg 320w, https:\/\/fortiseyewear.co.uk\/wp-content\/uploads\/2013\/05\/StephanDombajHeader-480x160.jpg 480w\" sizes=\"(max-width: 680px) 100vw, 680px\" \/><\/h3>\n<h3>Eine weltweite Suche<\/h3>\n<p>Wir begr\u00fc\u00dfen Stephan Dombaj im Fortis-Kollektiv. Pro Team Loop Mitglied, Fotograf und Globetrotter - Stephan ist ein Selfmademan, der zu den wenigen geh\u00f6rt, die ihre Leidenschaft zum Beruf gemacht haben. Seit er \"damals\" die Fliegenrute zu schwingen begann, tr\u00e4umte er davon, die Welt zu bereisen und die gr\u00f6\u00dften und st\u00e4rksten Fische zu fangen. Heute hat Stephan schon einige von dieser Liste abgehakt. Stets mit einer Kamera um den Hals ausgestattet, ist er in der Lage, Sie mit unbezahlbaren Erinnerungen aus aller Welt zu fesseln, sei es ein Lachs in Russland, eine riesige Meerforelle in Argentinien oder ein springender Tarpon in den Gew\u00e4ssern der Karibik.[toggle_basic title=\"Weiterlesen\"]\n<p>Seine bisherigen Reiseziele umfassen Korea, Russland, Venezuela, Puerto Rico, Kuba, Argentinien, Island, Kanada, Norwegen, Slowenien, Schweden, Kroatien, Bosnien, \u00d6sterreich, D\u00e4nemark und mehr, was Stephan den Ruf eines sehr empfehlenswerten und sachkundigen Botschafters der Sportfischerei in Mitteleuropa einbrachte. Dar\u00fcber hinaus hat er 5 Saisons Erfahrung als Guide f\u00fcr Searun &amp; Resident Browntrout in der Las Buitreras Lodge in S\u00fcdpatagonien, Argentinien, gesammelt, wo er 2011\/12 als Lodgemanager fungierte und damit der j\u00fcngste in der Geschichte von Gallegos war. Sein umfangreiches Wissen \u00fcber die praktischen und theoretischen Aspekte des Fliegenfischens machen ihn zu einem unersetzlichen Mitglied des Teams.<\/p>\n<p>Die gro\u00dfe Artenvielfalt und seine professionelle Herangehensweise an die Fischerei lassen keinen Platz f\u00fcr minderwertige Auftr\u00e4ge. Durch die Schaffung von \"<a title=\"Fliegenfischer-Nation\" href=\"https:\/\/www.flyfishingnation.de\" target=\"_blank\">Die Fliegenfischer-Nation<\/a>\" im Jahr 2006 und der Beta-Version im Jahr 2010 hat er diese Priorit\u00e4t auf eine neue Ebene gehoben und ein Netzwerk von jungen und ambitionierten Fliegenfischern gefunden, um ihre Leidenschaft in modernen Medien zu vertreten.<\/p>\n<p>Unz\u00e4hlige internationale Kunden, Zeitschriften, grafische Anwendungen, Ausstellungen und Demonstrationen unterstreichen seinen Ruf als Fliegenfischer, Werfer und Fotograf.<\/p>\n<p>Seine Bilder wurden in zahlreichen nationalen und internationalen Magazinen ver\u00f6ffentlicht, darunter:<br \/>\n- Das Chasing Silver Magazin (International)<br \/>\n- Pohjolan Perho Kalastaia (Finnland)<br \/>\n- Das Atlantic Salmon Journal (Kanada)<br \/>\n- Allt Om Fiske (Norwegen)<br \/>\n- Fisk og Fri (D\u00e4nemark)<br \/>\n- H2o Magazin (Italien\/International)<br \/>\n- Sportski Ribolov (Kroatien)<br \/>\n- Spin &amp; Fly (Balkan)<br \/>\n- Sportveidibladid (Island)<br \/>\n- Fisch &amp; Fliege (Deutschland)<br \/>\n- Fly &amp; Tie (Deutschland\/International)<br \/>\n- Fliegenfischen (Deutschland)<br \/>\n- Zeitschrift f\u00fcr Salzwasser-Sportfischen (International\/USA)<br \/>\n- Blinker (Deutschland)<br \/>\n- Der Tarpon &amp; Bonefish Trust<\/p>\n<p>Werbespots:<br \/>\n- Schleife Tackle Design<br \/>\n- Solide Abenteuer<br \/>\n- Rio-Produkte<br \/>\n- Magere Wasserkultur<br \/>\n- \u00d6sterreichischer Outdoorsport<br \/>\n- Schleife NL\/DE\/A\/SE\/INT<br \/>\n- Leitfaden Fliegenfischen UK<br \/>\n- Grenzen<br \/>\n- Nerv\u00f6se Gew\u00e4sser<br \/>\n- Ponoi River Unternehmen<br \/>\n- Atlantic Rivers Ausr\u00fcstungsunternehmen<br \/>\n- Rio Gallegos Fluss Gesellschaft<\/p>\n<p>Stephs rohes Talent, ihre Leidenschaft und ihr Stil sind Attribute, die das verk\u00f6rpern, was unser Kollektiv ausmacht...[\/toggle_basic]\n[shareprints gallery_id=\"4415\u2033 gallery_type=\"masonry\" gallery_position=\"pos_center\" gallery_width=\"width_100\u2033 image_size=\"medium\" image_padding=\"5\u2033 theme=\"dark\" image_hover=\"colortosepia\" lightbox_type=\"slide\" titles=\"true\" captions=\"true\" descriptions=\"true\" comments=\"false\" sharing=\"true\"]","protected":false},"excerpt":{"rendered":"<p>Eine weltweite Suche Wir begr\u00fc\u00dfen Stephan Dombaj im Fortis-Kollektiv. Pro Team Loop Mitglied, Fotograf und Globetrotter - Stephan ist ein Selfmademan, der zu den wenigen geh\u00f6rt, die ihre Leidenschaft zum Beruf gemacht haben. Seit er \"damals\" die Fliegenrute zu schwingen begann, tr\u00e4umte er davon, die Welt zu bereisen, von<\/p>","protected":false},"author":11,"featured_media":0,"parent":67,"menu_order":0,"comment_status":"closed","ping_status":"open","template":"","meta":{"_acf_changed":false,"footnotes":""},"class_list":["post-1119","page","type-page","status-publish","hentry","prodpage-classic"],"acf":[],"yoast_head":"<!-- This site is optimized with the Yoast SEO Premium plugin v26.7 (Yoast SEO v26.7) - https:\/\/yoast.com\/wordpress\/plugins\/seo\/ -->\n<title>Polarised Fishing Sunglasses Fortis Eyewear Stephan Dombaj Europe<\/title>\n<meta name=\"description\" content=\"International fly angler Stephan Dombaj wears Fortis Eyewear sunglasses to eliminate surface glare from the sun, our polarised fishing sunglasses are tested by the best anglers in the world\" \/>\n<meta name=\"robots\" content=\"index, follow, max-snippet:-1, max-image-preview:large, max-video-preview:-1\" \/>\n<link rel=\"canonical\" href=\"https:\/\/fortiseyewear.co.uk\/de\/collective\/stephan-dombaj\/\" \/>\n<meta property=\"og:locale\" content=\"de_DE\" \/>\n<meta property=\"og:type\" content=\"article\" \/>\n<meta property=\"og:title\" content=\"Stephan Dombaj\" \/>\n<meta property=\"og:description\" content=\"International fly angler Stephan Dombaj wears Fortis Eyewear sunglasses to eliminate surface glare from the sun, our polarised fishing sunglasses are tested by the best anglers in the world\" \/>\n<meta property=\"og:url\" content=\"https:\/\/fortiseyewear.co.uk\/de\/collective\/stephan-dombaj\/\" \/>\n<meta property=\"og:site_name\" content=\"Fortis Eyewear\" \/>\n<meta property=\"article:publisher\" content=\"https:\/\/www.facebook.com\/FortisEyewear\" \/>\n<meta property=\"article:modified_time\" content=\"2014-11-13T09:51:02+00:00\" \/>\n<meta property=\"og:image\" content=\"https:\/\/fortiseyewear.co.uk\/wp-content\/uploads\/2013\/05\/StephanDombajHeader.jpg\" \/>\n<meta name=\"twitter:card\" content=\"summary_large_image\" \/>\n<meta name=\"twitter:site\" content=\"@fortiseyewear\" \/>\n<meta name=\"twitter:label1\" content=\"Gesch\u00e4tzte Lesezeit\" \/>\n\t<meta name=\"twitter:data1\" content=\"2\u00a0Minuten\" \/>\n<!-- \/ Yoast SEO Premium plugin. -->","yoast_head_json":{"title":"Polarisierte Angelsonnenbrille Fortis Eyewear Stephan Dombaj Europe","description":"Der internationale Fliegenfischer Stephan Dombaj tr\u00e4gt eine Sonnenbrille von Fortis Eyewear, um die Blendung durch die Sonne zu verhindern. Unsere polarisierten Angelsonnenbrillen wurden von den besten Anglern der Welt getestet.","robots":{"index":"index","follow":"follow","max-snippet":"max-snippet:-1","max-image-preview":"max-image-preview:large","max-video-preview":"max-video-preview:-1"},"canonical":"https:\/\/fortiseyewear.co.uk\/de\/collective\/stephan-dombaj\/","og_locale":"de_DE","og_type":"article","og_title":"Stephan Dombaj","og_description":"International fly angler Stephan Dombaj wears Fortis Eyewear sunglasses to eliminate surface glare from the sun, our polarised fishing sunglasses are tested by the best anglers in the world","og_url":"https:\/\/fortiseyewear.co.uk\/de\/collective\/stephan-dombaj\/","og_site_name":"Fortis Eyewear","article_publisher":"https:\/\/www.facebook.com\/FortisEyewear","article_modified_time":"2014-11-13T09:51:02+00:00","og_image":[{"url":"https:\/\/fortiseyewear.co.uk\/wp-content\/uploads\/2013\/05\/StephanDombajHeader.jpg","type":"","width":"","height":""}],"twitter_card":"summary_large_image","twitter_site":"@fortiseyewear","twitter_misc":{"Gesch\u00e4tzte Lesezeit":"2\u00a0Minuten"},"schema":{"@context":"https:\/\/schema.org","@graph":[{"@type":"WebPage","@id":"https:\/\/fortiseyewear.co.uk\/collective\/stephan-dombaj\/","url":"https:\/\/fortiseyewear.co.uk\/collective\/stephan-dombaj\/","name":"Polarisierte Angelsonnenbrille Fortis Eyewear Stephan Dombaj Europe","isPartOf":{"@id":"https:\/\/fortiseyewear.co.uk\/#website"},"primaryImageOfPage":{"@id":"https:\/\/fortiseyewear.co.uk\/collective\/stephan-dombaj\/#primaryimage"},"image":{"@id":"https:\/\/fortiseyewear.co.uk\/collective\/stephan-dombaj\/#primaryimage"},"thumbnailUrl":"https:\/\/fortiseyewear.co.uk\/wp-content\/uploads\/2013\/05\/StephanDombajHeader.jpg","datePublished":"2013-05-01T11:30:50+00:00","dateModified":"2014-11-13T09:51:02+00:00","description":"Der internationale Fliegenfischer Stephan Dombaj tr\u00e4gt eine Sonnenbrille von Fortis Eyewear, um die Blendung durch die Sonne zu verhindern. Unsere polarisierten Angelsonnenbrillen wurden von den besten Anglern der Welt getestet.","breadcrumb":{"@id":"https:\/\/fortiseyewear.co.uk\/collective\/stephan-dombaj\/#breadcrumb"},"inLanguage":"de","potentialAction":[{"@type":"ReadAction","target":["https:\/\/fortiseyewear.co.uk\/collective\/stephan-dombaj\/"]}]},{"@type":"ImageObject","inLanguage":"de","@id":"https:\/\/fortiseyewear.co.uk\/collective\/stephan-dombaj\/#primaryimage","url":"https:\/\/fortiseyewear.co.uk\/wp-content\/uploads\/2013\/05\/StephanDombajHeader.jpg","contentUrl":"https:\/\/fortiseyewear.co.uk\/wp-content\/uploads\/2013\/05\/StephanDombajHeader.jpg"},{"@type":"BreadcrumbList","@id":"https:\/\/fortiseyewear.co.uk\/collective\/stephan-dombaj\/#breadcrumb","itemListElement":[{"@type":"ListItem","position":1,"name":"Home","item":"https:\/\/fortiseyewear.co.uk\/"},{"@type":"ListItem","position":2,"name":"The Collective","item":"https:\/\/fortiseyewear.co.uk\/collective\/"},{"@type":"ListItem","position":3,"name":"Stephan Dombaj"}]},{"@type":"WebSite","@id":"https:\/\/fortiseyewear.co.uk\/#website","url":"https:\/\/fortiseyewear.co.uk\/","name":"Fortis Eyewear","description":"Polarisierende Angel-Sonnenbrille","publisher":{"@id":"https:\/\/fortiseyewear.co.uk\/#organization"},"alternateName":"Fortis","potentialAction":[{"@type":"SearchAction","target":{"@type":"EntryPoint","urlTemplate":"https:\/\/fortiseyewear.co.uk\/?s={search_term_string}"},"query-input":{"@type":"PropertyValueSpecification","valueRequired":true,"valueName":"search_term_string"}}],"inLanguage":"de"},{"@type":"Organization","@id":"https:\/\/fortiseyewear.co.uk\/#organization","name":"Fortis Eyewear","alternateName":"Fortis","url":"https:\/\/fortiseyewear.co.uk\/","logo":{"@type":"ImageObject","inLanguage":"de","@id":"https:\/\/fortiseyewear.co.uk\/#\/schema\/logo\/image\/","url":"https:\/\/fortiseyewear.co.uk\/wp-content\/uploads\/2019\/05\/1.FinalLogoMOBILE.jpg","contentUrl":"https:\/\/fortiseyewear.co.uk\/wp-content\/uploads\/2019\/05\/1.FinalLogoMOBILE.jpg","width":766,"height":541,"caption":"Fortis Eyewear"},"image":{"@id":"https:\/\/fortiseyewear.co.uk\/#\/schema\/logo\/image\/"},"sameAs":["https:\/\/www.facebook.com\/FortisEyewear","https:\/\/x.com\/fortiseyewear","https:\/\/www.instagram.com\/FortisEyewear","https:\/\/www.youtube.com\/channel\/UC5uI6lYx37ltUVATG5skJLw"]}]}},"_links":{"self":[{"href":"https:\/\/fortiseyewear.co.uk\/de\/wp-json\/wp\/v2\/pages\/1119","targetHints":{"allow":["GET"]}}],"collection":[{"href":"https:\/\/fortiseyewear.co.uk\/de\/wp-json\/wp\/v2\/pages"}],"about":[{"href":"https:\/\/fortiseyewear.co.uk\/de\/wp-json\/wp\/v2\/types\/page"}],"author":[{"embeddable":true,"href":"https:\/\/fortiseyewear.co.uk\/de\/wp-json\/wp\/v2\/users\/11"}],"replies":[{"embeddable":true,"href":"https:\/\/fortiseyewear.co.uk\/de\/wp-json\/wp\/v2\/comments?post=1119"}],"version-history":[{"count":0,"href":"https:\/\/fortiseyewear.co.uk\/de\/wp-json\/wp\/v2\/pages\/1119\/revisions"}],"up":[{"embeddable":true,"href":"https:\/\/fortiseyewear.co.uk\/de\/wp-json\/wp\/v2\/pages\/67"}],"wp:attachment":[{"href":"https:\/\/fortiseyewear.co.uk\/de\/wp-json\/wp\/v2\/media?parent=1119"}],"curies":[{"name":"wp","href":"https:\/\/api.w.org\/{rel}","templated":true}]}}