{"id":13031,"date":"2017-11-10T11:21:11","date_gmt":"2017-11-10T11:21:11","guid":{"rendered":"https:\/\/fortiseyewear.co.uk\/?page_id=13031"},"modified":"2020-02-12T13:57:32","modified_gmt":"2020-02-12T13:57:32","slug":"myles-gibson","status":"publish","type":"page","link":"https:\/\/fortiseyewear.co.uk\/de\/collective\/myles-gibson\/","title":{"rendered":"Myles Gibson"},"content":{"rendered":"<p><img decoding=\"async\" class=\"size-full wp-image-10034\" src=\"https:\/\/fortiseyewear.co.uk\/wp-content\/uploads\/2015\/09\/AndreasTatzreiterHeader.jpg\" alt=\"Myles Gibson\" width=\"680\" height=\"226\" srcset=\"https:\/\/fortiseyewear.co.uk\/wp-content\/uploads\/2015\/09\/AndreasTatzreiterHeader.jpg 680w, https:\/\/fortiseyewear.co.uk\/wp-content\/uploads\/2015\/09\/AndreasTatzreiterHeader-300x100.jpg 300w, https:\/\/fortiseyewear.co.uk\/wp-content\/uploads\/2015\/09\/AndreasTatzreiterHeader-600x199.jpg 600w, https:\/\/fortiseyewear.co.uk\/wp-content\/uploads\/2015\/09\/AndreasTatzreiterHeader-640x213.jpg 640w, https:\/\/fortiseyewear.co.uk\/wp-content\/uploads\/2015\/09\/AndreasTatzreiterHeader-150x50.jpg 150w, https:\/\/fortiseyewear.co.uk\/wp-content\/uploads\/2015\/09\/AndreasTatzreiterHeader-280x93.jpg 280w, https:\/\/fortiseyewear.co.uk\/wp-content\/uploads\/2015\/09\/AndreasTatzreiterHeader-160x53.jpg 160w, https:\/\/fortiseyewear.co.uk\/wp-content\/uploads\/2015\/09\/AndreasTatzreiterHeader-320x106.jpg 320w, https:\/\/fortiseyewear.co.uk\/wp-content\/uploads\/2015\/09\/AndreasTatzreiterHeader-480x160.jpg 480w\" sizes=\"(max-width: 680px) 100vw, 680px\" \/><\/p>\n<h3>Der GURU, bekannt als Myles<\/h3>\n<p>Myles Gibson ist einer der best\u00e4ndigsten Gro\u00dffischfischer da drau\u00dfen. Er ist im Nordwesten aufgewachsen, hat sich seine Z\u00e4hne an den notorisch schwierigen Meres ausgebissen und seitdem nicht mehr zur\u00fcckgeblickt! Myles' Entschlossenheit und Ausdauer bedeuten, dass kein Karpfen sicher ist, egal wie schwierig das Gew\u00e4sser ist. Als er anfing, in Redesmere zu angeln, wo Myles seinen ersten 30er fing, einen Fisch, der doppelt so alt war wie er selbst und der als \"Pretty One\" bekannt wurde, war die Begeisterung erst richtig da. In den letzten etwa 8 Jahren ist er jedoch viel gereist, um zu fischen. Von Gew\u00e4ssern in den Midlands, den Cotswolds, Oxford, dann nach Cambridge und seit kurzem nach Reading, der l\u00e4ngsten Fahrt von allen. Myles versucht, in den meisten Wochen drei Abende pro Woche zu fischen und arbeitet die anderen 4 Tage in einem Angelgesch\u00e4ft.<\/p>\n<p>\"Solange ich mich erinnern kann, habe ich auf diese Weise hart gefischt. Der Antrieb und die Begeisterung werden immer st\u00e4rker, es ist wie eine Droge, jeder besondere Fang ist ein riesiges Gef\u00fchl der Euphorie! Aber wenn es einer ist, f\u00fcr den man jahrelang geschuftet hat oder f\u00fcr den man die extra Meile gehen musste, dann hat jedes Biggun seine eigene Geschichte und es ist das Abenteuer auf dem Weg, das ich liebe. Ich habe auf diesem Weg einige wirklich lebenslange Freunde kennengelernt.<\/p>\n[shareprints gallery_id=\"13035\u2033 gallery_type=\"masonry\" gallery_position=\"pos_center\" gallery_width=\"width_100\u2033 image_size=\"medium\" image_padding=\"10\u2033 theme=\"dark\" image_hover=\"colortosepia\" lightbox_type=\"slide\" titles=\"true\" captions=\"true\" descriptions=\"true\" comments=\"false\" sharing=\"false\"]","protected":false},"excerpt":{"rendered":"<p>Der als Myles bekannte GURU Myles Gibson ist einer der best\u00e4ndigsten Gro\u00dffischf\u00e4nger da drau\u00dfen. Er ist im Nordwesten aufgewachsen, hat sich seine Z\u00e4hne an den notorisch schwierigen Meres ausgebissen und seitdem nicht mehr zur\u00fcckgeblickt! Myles' Entschlossenheit und Ausdauer bedeuten, dass kein Karpfen sicher ist, egal wie schwierig das Wasser ist. Es war, als<\/p>","protected":false},"author":11,"featured_media":0,"parent":67,"menu_order":0,"comment_status":"closed","ping_status":"open","template":"","meta":{"_acf_changed":false,"footnotes":""},"class_list":["post-13031","page","type-page","status-publish","hentry","prodpage-classic"],"acf":[],"yoast_head":"<!-- This site is optimized with the Yoast SEO Premium plugin v26.7 (Yoast SEO v26.7) - https:\/\/yoast.com\/wordpress\/plugins\/seo\/ -->\n<title>Myles Gibson - Fortis Eyewear<\/title>\n<meta name=\"robots\" content=\"index, follow, max-snippet:-1, max-image-preview:large, max-video-preview:-1\" \/>\n<link rel=\"canonical\" href=\"https:\/\/fortiseyewear.co.uk\/de\/collective\/myles-gibson\/\" \/>\n<meta property=\"og:locale\" content=\"de_DE\" \/>\n<meta property=\"og:type\" content=\"article\" \/>\n<meta property=\"og:title\" content=\"Myles Gibson\" \/>\n<meta property=\"og:description\" content=\"The GURU known as Myles Myles Gibson is one of the most consistent big fish catchers out there. Bred in the North West, he cut his teeth on the notoriously difficult meres and hasn\u2019t looked back since! Myles\u2019 determination and resilience mean no matter how tough the water, no Carp is safe. It was when\" \/>\n<meta property=\"og:url\" content=\"https:\/\/fortiseyewear.co.uk\/de\/collective\/myles-gibson\/\" \/>\n<meta property=\"og:site_name\" content=\"Fortis Eyewear\" \/>\n<meta property=\"article:publisher\" content=\"https:\/\/www.facebook.com\/FortisEyewear\" \/>\n<meta property=\"article:modified_time\" content=\"2020-02-12T13:57:32+00:00\" \/>\n<meta property=\"og:image\" content=\"https:\/\/fortiseyewear.co.uk\/wp-content\/uploads\/2015\/09\/AndreasTatzreiterHeader.jpg\" \/>\n<meta name=\"twitter:card\" content=\"summary_large_image\" \/>\n<meta name=\"twitter:site\" content=\"@fortiseyewear\" \/>\n<meta name=\"twitter:label1\" content=\"Gesch\u00e4tzte Lesezeit\" \/>\n\t<meta name=\"twitter:data1\" content=\"1\u00a0Minute\" \/>\n<!-- \/ Yoast SEO Premium plugin. -->","yoast_head_json":{"title":"Myles Gibson - Fortis Eyewear","robots":{"index":"index","follow":"follow","max-snippet":"max-snippet:-1","max-image-preview":"max-image-preview:large","max-video-preview":"max-video-preview:-1"},"canonical":"https:\/\/fortiseyewear.co.uk\/de\/collective\/myles-gibson\/","og_locale":"de_DE","og_type":"article","og_title":"Myles Gibson","og_description":"The GURU known as Myles Myles Gibson is one of the most consistent big fish catchers out there. Bred in the North West, he cut his teeth on the notoriously difficult meres and hasn\u2019t looked back since! Myles\u2019 determination and resilience mean no matter how tough the water, no Carp is safe. It was when","og_url":"https:\/\/fortiseyewear.co.uk\/de\/collective\/myles-gibson\/","og_site_name":"Fortis Eyewear","article_publisher":"https:\/\/www.facebook.com\/FortisEyewear","article_modified_time":"2020-02-12T13:57:32+00:00","og_image":[{"url":"https:\/\/fortiseyewear.co.uk\/wp-content\/uploads\/2015\/09\/AndreasTatzreiterHeader.jpg","type":"","width":"","height":""}],"twitter_card":"summary_large_image","twitter_site":"@fortiseyewear","twitter_misc":{"Gesch\u00e4tzte Lesezeit":"1\u00a0Minute"},"schema":{"@context":"https:\/\/schema.org","@graph":[{"@type":"WebPage","@id":"https:\/\/fortiseyewear.co.uk\/collective\/myles-gibson\/","url":"https:\/\/fortiseyewear.co.uk\/collective\/myles-gibson\/","name":"Myles Gibson - Fortis Eyewear","isPartOf":{"@id":"https:\/\/fortiseyewear.co.uk\/#website"},"primaryImageOfPage":{"@id":"https:\/\/fortiseyewear.co.uk\/collective\/myles-gibson\/#primaryimage"},"image":{"@id":"https:\/\/fortiseyewear.co.uk\/collective\/myles-gibson\/#primaryimage"},"thumbnailUrl":"https:\/\/fortiseyewear.co.uk\/wp-content\/uploads\/2015\/09\/AndreasTatzreiterHeader.jpg","datePublished":"2017-11-10T11:21:11+00:00","dateModified":"2020-02-12T13:57:32+00:00","breadcrumb":{"@id":"https:\/\/fortiseyewear.co.uk\/collective\/myles-gibson\/#breadcrumb"},"inLanguage":"de","potentialAction":[{"@type":"ReadAction","target":["https:\/\/fortiseyewear.co.uk\/collective\/myles-gibson\/"]}]},{"@type":"ImageObject","inLanguage":"de","@id":"https:\/\/fortiseyewear.co.uk\/collective\/myles-gibson\/#primaryimage","url":"https:\/\/fortiseyewear.co.uk\/wp-content\/uploads\/2015\/09\/AndreasTatzreiterHeader.jpg","contentUrl":"https:\/\/fortiseyewear.co.uk\/wp-content\/uploads\/2015\/09\/AndreasTatzreiterHeader.jpg"},{"@type":"BreadcrumbList","@id":"https:\/\/fortiseyewear.co.uk\/collective\/myles-gibson\/#breadcrumb","itemListElement":[{"@type":"ListItem","position":1,"name":"Home","item":"https:\/\/fortiseyewear.co.uk\/"},{"@type":"ListItem","position":2,"name":"The Collective","item":"https:\/\/fortiseyewear.co.uk\/collective\/"},{"@type":"ListItem","position":3,"name":"Myles Gibson"}]},{"@type":"WebSite","@id":"https:\/\/fortiseyewear.co.uk\/#website","url":"https:\/\/fortiseyewear.co.uk\/","name":"Fortis Eyewear","description":"Polarisierende Angel-Sonnenbrille","publisher":{"@id":"https:\/\/fortiseyewear.co.uk\/#organization"},"alternateName":"Fortis","potentialAction":[{"@type":"SearchAction","target":{"@type":"EntryPoint","urlTemplate":"https:\/\/fortiseyewear.co.uk\/?s={search_term_string}"},"query-input":{"@type":"PropertyValueSpecification","valueRequired":true,"valueName":"search_term_string"}}],"inLanguage":"de"},{"@type":"Organization","@id":"https:\/\/fortiseyewear.co.uk\/#organization","name":"Fortis Eyewear","alternateName":"Fortis","url":"https:\/\/fortiseyewear.co.uk\/","logo":{"@type":"ImageObject","inLanguage":"de","@id":"https:\/\/fortiseyewear.co.uk\/#\/schema\/logo\/image\/","url":"https:\/\/fortiseyewear.co.uk\/wp-content\/uploads\/2019\/05\/1.FinalLogoMOBILE.jpg","contentUrl":"https:\/\/fortiseyewear.co.uk\/wp-content\/uploads\/2019\/05\/1.FinalLogoMOBILE.jpg","width":766,"height":541,"caption":"Fortis Eyewear"},"image":{"@id":"https:\/\/fortiseyewear.co.uk\/#\/schema\/logo\/image\/"},"sameAs":["https:\/\/www.facebook.com\/FortisEyewear","https:\/\/x.com\/fortiseyewear","https:\/\/www.instagram.com\/FortisEyewear","https:\/\/www.youtube.com\/channel\/UC5uI6lYx37ltUVATG5skJLw"]}]}},"_links":{"self":[{"href":"https:\/\/fortiseyewear.co.uk\/de\/wp-json\/wp\/v2\/pages\/13031","targetHints":{"allow":["GET"]}}],"collection":[{"href":"https:\/\/fortiseyewear.co.uk\/de\/wp-json\/wp\/v2\/pages"}],"about":[{"href":"https:\/\/fortiseyewear.co.uk\/de\/wp-json\/wp\/v2\/types\/page"}],"author":[{"embeddable":true,"href":"https:\/\/fortiseyewear.co.uk\/de\/wp-json\/wp\/v2\/users\/11"}],"replies":[{"embeddable":true,"href":"https:\/\/fortiseyewear.co.uk\/de\/wp-json\/wp\/v2\/comments?post=13031"}],"version-history":[{"count":0,"href":"https:\/\/fortiseyewear.co.uk\/de\/wp-json\/wp\/v2\/pages\/13031\/revisions"}],"up":[{"embeddable":true,"href":"https:\/\/fortiseyewear.co.uk\/de\/wp-json\/wp\/v2\/pages\/67"}],"wp:attachment":[{"href":"https:\/\/fortiseyewear.co.uk\/de\/wp-json\/wp\/v2\/media?parent=13031"}],"curies":[{"name":"wp","href":"https:\/\/api.w.org\/{rel}","templated":true}]}}