{"id":13297,"date":"2018-08-15T14:44:10","date_gmt":"2018-08-15T14:44:10","guid":{"rendered":"https:\/\/fortiseyewear.co.uk\/?page_id=13297"},"modified":"2020-02-12T13:49:07","modified_gmt":"2020-02-12T13:49:07","slug":"simon-bater","status":"publish","type":"page","link":"https:\/\/fortiseyewear.co.uk\/de\/collective\/simon-bater\/","title":{"rendered":"Simon Bater"},"content":{"rendered":"<p><img decoding=\"async\" class=\"size-full wp-image-10034\" src=\"https:\/\/fortiseyewear.co.uk\/wp-content\/uploads\/2018\/08\/Header-Simon.jpg\" alt=\"Simon Bater\" width=\"680\" height=\"226\" \/><\/p>\n<h3>Lebenslang<\/h3>\n<p>Der aus Faversham stammende Si geh\u00f6rt zu den hartgesottenen Anglern aus Kent, die sich ihre Z\u00e4hne an einigen notorisch kniffligen Stellen im Stour Valley ausgebissen haben. Milton... Swan... Tonford und nicht zu vergessen das m\u00e4chtige Conningbrook, wo Simon den Two Tone mit einer rekordverd\u00e4chtigen 65,14 an Land zog. Seitdem hat sich Simon sehr unauff\u00e4llig verhalten und die Jagd nach einigen der gr\u00f6\u00dften Karpfen, die jemals geschwommen sind, genossen.  Nach der Eroberung von Kent stand das Colne Valley als n\u00e4chstes auf der Hitliste, und Fische wie der Black Mirror, Daisy und der Chertsey Big Un mit \u00fcber 60 Pfund machten Simon zum ersten Angler, der zwei verschiedene (richtige) britische 60-Pfund+-Fische an Land zog. An der Kante... lange drau\u00dfen... vom Boot aus... nur tags\u00fcber... bei Wind und Wetter und mit einer Entschlossenheit und Widerstandsf\u00e4higkeit wie kein anderer Angler, ist kein Karpfen sicher...<\/p>\n[shareprints gallery_id=\"13333\u2033 gallery_type=\"masonry\" gallery_position=\"pos_center\" gallery_width=\"width_100\u2033 image_size=\"medium\" image_padding=\"10\u2033 theme=\"dark\" image_hover=\"colortosepia\" lightbox_type=\"slide\" titles=\"true\" captions=\"true\" descriptions=\"true\" comments=\"false\" sharing=\"false\"]","protected":false},"excerpt":{"rendered":"<p>Si stammt aus Faversham und geh\u00f6rt zu den hartgesottenen Anglern aus Kent, die sich ihre Z\u00e4hne an einigen notorisch kniffligen Stellen im Stour Valley ausgebissen haben. Milton... Swan... Tonford und nicht zu vergessen das m\u00e4chtige Conningbrook, wo Simon den Two Tone mit einer rekordverd\u00e4chtigen Wurfweite von 65,14 an Land gezogen hat, sind alle in seinem Kielwasser geblieben. Seit<\/p>","protected":false},"author":11,"featured_media":0,"parent":67,"menu_order":0,"comment_status":"closed","ping_status":"open","template":"","meta":{"_acf_changed":false,"footnotes":""},"class_list":["post-13297","page","type-page","status-publish","hentry","prodpage-classic"],"acf":[],"yoast_head":"<!-- This site is optimized with the Yoast SEO Premium plugin v26.7 (Yoast SEO v26.7) - https:\/\/yoast.com\/wordpress\/plugins\/seo\/ -->\n<title>Simon Bater - Fortis Eyewear<\/title>\n<meta name=\"robots\" content=\"index, follow, max-snippet:-1, max-image-preview:large, max-video-preview:-1\" \/>\n<link rel=\"canonical\" href=\"https:\/\/fortiseyewear.co.uk\/de\/collective\/simon-bater\/\" \/>\n<meta property=\"og:locale\" content=\"de_DE\" \/>\n<meta property=\"og:type\" content=\"article\" \/>\n<meta property=\"og:title\" content=\"Simon Bater\" \/>\n<meta property=\"og:description\" content=\"Life Long Hailing from Faversham, Si is from a breed of hardy Kent anglers who cut his teeth on some notoriously tricky pits in The Stour Valley. Milton\u2026 Swan&#8230; Tonford and not forgetting the mighty Conningbrook, where Simon landed Two Tone from at a record breaking 65.14, have all be left in his wake. Since\" \/>\n<meta property=\"og:url\" content=\"https:\/\/fortiseyewear.co.uk\/de\/collective\/simon-bater\/\" \/>\n<meta property=\"og:site_name\" content=\"Fortis Eyewear\" \/>\n<meta property=\"article:publisher\" content=\"https:\/\/www.facebook.com\/FortisEyewear\" \/>\n<meta property=\"article:modified_time\" content=\"2020-02-12T13:49:07+00:00\" \/>\n<meta property=\"og:image\" content=\"https:\/\/fortiseyewear.co.uk\/wp-content\/uploads\/2018\/08\/Header-Simon.jpg\" \/>\n<meta name=\"twitter:card\" content=\"summary_large_image\" \/>\n<meta name=\"twitter:site\" content=\"@fortiseyewear\" \/>\n<meta name=\"twitter:label1\" content=\"Gesch\u00e4tzte Lesezeit\" \/>\n\t<meta name=\"twitter:data1\" content=\"1\u00a0Minute\" \/>\n<!-- \/ Yoast SEO Premium plugin. -->","yoast_head_json":{"title":"Simon Bater - Fortis Eyewear","robots":{"index":"index","follow":"follow","max-snippet":"max-snippet:-1","max-image-preview":"max-image-preview:large","max-video-preview":"max-video-preview:-1"},"canonical":"https:\/\/fortiseyewear.co.uk\/de\/collective\/simon-bater\/","og_locale":"de_DE","og_type":"article","og_title":"Simon Bater","og_description":"Life Long Hailing from Faversham, Si is from a breed of hardy Kent anglers who cut his teeth on some notoriously tricky pits in The Stour Valley. Milton\u2026 Swan&#8230; Tonford and not forgetting the mighty Conningbrook, where Simon landed Two Tone from at a record breaking 65.14, have all be left in his wake. Since","og_url":"https:\/\/fortiseyewear.co.uk\/de\/collective\/simon-bater\/","og_site_name":"Fortis Eyewear","article_publisher":"https:\/\/www.facebook.com\/FortisEyewear","article_modified_time":"2020-02-12T13:49:07+00:00","og_image":[{"url":"https:\/\/fortiseyewear.co.uk\/wp-content\/uploads\/2018\/08\/Header-Simon.jpg","type":"","width":"","height":""}],"twitter_card":"summary_large_image","twitter_site":"@fortiseyewear","twitter_misc":{"Gesch\u00e4tzte Lesezeit":"1\u00a0Minute"},"schema":{"@context":"https:\/\/schema.org","@graph":[{"@type":"WebPage","@id":"https:\/\/fortiseyewear.co.uk\/collective\/simon-bater\/","url":"https:\/\/fortiseyewear.co.uk\/collective\/simon-bater\/","name":"Simon Bater - Fortis Eyewear","isPartOf":{"@id":"https:\/\/fortiseyewear.co.uk\/#website"},"primaryImageOfPage":{"@id":"https:\/\/fortiseyewear.co.uk\/collective\/simon-bater\/#primaryimage"},"image":{"@id":"https:\/\/fortiseyewear.co.uk\/collective\/simon-bater\/#primaryimage"},"thumbnailUrl":"https:\/\/fortiseyewear.co.uk\/wp-content\/uploads\/2018\/08\/Header-Simon.jpg","datePublished":"2018-08-15T14:44:10+00:00","dateModified":"2020-02-12T13:49:07+00:00","breadcrumb":{"@id":"https:\/\/fortiseyewear.co.uk\/collective\/simon-bater\/#breadcrumb"},"inLanguage":"de","potentialAction":[{"@type":"ReadAction","target":["https:\/\/fortiseyewear.co.uk\/collective\/simon-bater\/"]}]},{"@type":"ImageObject","inLanguage":"de","@id":"https:\/\/fortiseyewear.co.uk\/collective\/simon-bater\/#primaryimage","url":"https:\/\/fortiseyewear.co.uk\/wp-content\/uploads\/2018\/08\/Header-Simon.jpg","contentUrl":"https:\/\/fortiseyewear.co.uk\/wp-content\/uploads\/2018\/08\/Header-Simon.jpg"},{"@type":"BreadcrumbList","@id":"https:\/\/fortiseyewear.co.uk\/collective\/simon-bater\/#breadcrumb","itemListElement":[{"@type":"ListItem","position":1,"name":"Home","item":"https:\/\/fortiseyewear.co.uk\/"},{"@type":"ListItem","position":2,"name":"The Collective","item":"https:\/\/fortiseyewear.co.uk\/collective\/"},{"@type":"ListItem","position":3,"name":"Simon Bater"}]},{"@type":"WebSite","@id":"https:\/\/fortiseyewear.co.uk\/#website","url":"https:\/\/fortiseyewear.co.uk\/","name":"Fortis Eyewear","description":"Polarisierende Angel-Sonnenbrille","publisher":{"@id":"https:\/\/fortiseyewear.co.uk\/#organization"},"alternateName":"Fortis","potentialAction":[{"@type":"SearchAction","target":{"@type":"EntryPoint","urlTemplate":"https:\/\/fortiseyewear.co.uk\/?s={search_term_string}"},"query-input":{"@type":"PropertyValueSpecification","valueRequired":true,"valueName":"search_term_string"}}],"inLanguage":"de"},{"@type":"Organization","@id":"https:\/\/fortiseyewear.co.uk\/#organization","name":"Fortis Eyewear","alternateName":"Fortis","url":"https:\/\/fortiseyewear.co.uk\/","logo":{"@type":"ImageObject","inLanguage":"de","@id":"https:\/\/fortiseyewear.co.uk\/#\/schema\/logo\/image\/","url":"https:\/\/fortiseyewear.co.uk\/wp-content\/uploads\/2019\/05\/1.FinalLogoMOBILE.jpg","contentUrl":"https:\/\/fortiseyewear.co.uk\/wp-content\/uploads\/2019\/05\/1.FinalLogoMOBILE.jpg","width":766,"height":541,"caption":"Fortis Eyewear"},"image":{"@id":"https:\/\/fortiseyewear.co.uk\/#\/schema\/logo\/image\/"},"sameAs":["https:\/\/www.facebook.com\/FortisEyewear","https:\/\/x.com\/fortiseyewear","https:\/\/www.instagram.com\/FortisEyewear","https:\/\/www.youtube.com\/channel\/UC5uI6lYx37ltUVATG5skJLw"]}]}},"_links":{"self":[{"href":"https:\/\/fortiseyewear.co.uk\/de\/wp-json\/wp\/v2\/pages\/13297","targetHints":{"allow":["GET"]}}],"collection":[{"href":"https:\/\/fortiseyewear.co.uk\/de\/wp-json\/wp\/v2\/pages"}],"about":[{"href":"https:\/\/fortiseyewear.co.uk\/de\/wp-json\/wp\/v2\/types\/page"}],"author":[{"embeddable":true,"href":"https:\/\/fortiseyewear.co.uk\/de\/wp-json\/wp\/v2\/users\/11"}],"replies":[{"embeddable":true,"href":"https:\/\/fortiseyewear.co.uk\/de\/wp-json\/wp\/v2\/comments?post=13297"}],"version-history":[{"count":0,"href":"https:\/\/fortiseyewear.co.uk\/de\/wp-json\/wp\/v2\/pages\/13297\/revisions"}],"up":[{"embeddable":true,"href":"https:\/\/fortiseyewear.co.uk\/de\/wp-json\/wp\/v2\/pages\/67"}],"wp:attachment":[{"href":"https:\/\/fortiseyewear.co.uk\/de\/wp-json\/wp\/v2\/media?parent=13297"}],"curies":[{"name":"wp","href":"https:\/\/api.w.org\/{rel}","templated":true}]}}