{"id":2015,"date":"2013-11-15T14:29:42","date_gmt":"2013-11-15T14:29:42","guid":{"rendered":"https:\/\/fortiseyewear.co.uk\/?page_id=2015"},"modified":"2025-06-13T10:46:05","modified_gmt":"2025-06-13T10:46:05","slug":"returns-policy","status":"publish","type":"page","link":"https:\/\/fortiseyewear.co.uk\/de\/returns-policy\/","title":{"rendered":"R\u00fcckgabepolitik"},"content":{"rendered":"<h3>UNSERE R\u00dcCKGABEPOLITIK<\/h3>\n<p><b>BESTE M\u00d6GLICHKEITEN ZUR KONTAKTAUFNAHME F\u00dcR R\u00dcCKSENDUNGEN<\/b><\/p>\n<p><b><\/b>Sie erreichen uns telefonisch (0208 460 7597) von Montag bis Freitag zwischen 9 und 17 Uhr (samstags, sonntags und an Feiertagen geschlossen).<br \/>\nWenn Sie au\u00dferhalb der Gesch\u00e4ftszeiten Fragen haben oder es f\u00fcr Sie bequemer ist, eine E-Mail zu schreiben, erreichen Sie uns unter: info@test.fortiseyewear.co.uk<\/p>\n<p>Wir bem\u00fchen uns, alle E-Mails unserer Kunden innerhalb von 24 Stunden zu beantworten, und wir rufen Sie gerne w\u00e4hrend unserer B\u00fcrozeiten zu einem f\u00fcr Sie g\u00fcnstigeren Zeitpunkt zur\u00fcck. <b>Bevor wir eine R\u00fccksendung genehmigen, m\u00fcssen wir telefonisch mit Ihnen sprechen.<\/b> (siehe unten).<\/p>\n<p><b>DIE BEDINGUNGEN F\u00dcR DIE R\u00dcCKGABE (F\u00dcR BRITISCHE KUNDEN)<\/b><\/p>\n<p>Sie k\u00f6nnen Ihre Brille zur\u00fcckgeben, umtauschen oder eine R\u00fcckerstattung erhalten, wenn Sie aus irgendeinem Grund mit ihr unzufrieden sind, vorausgesetzt, die folgenden Bedingungen sind erf\u00fcllt:<\/p>\n<p>In der Regel m\u00fcssen Sie uns innerhalb von sieben Tagen nach Versand der Brille informieren. Die zur\u00fcckgesandte Brille muss innerhalb von 14 Tagen nach dem urspr\u00fcnglichen Versanddatum bei uns eintreffen.<br \/>\nLegen Sie Ihrem R\u00fccksendepaket das R\u00fccksendegenehmigungsformular bei (wir senden es Ihnen nach Ihrem Anruf per E-Mail zu).<br \/>\nR\u00fccksendungen m\u00fcssen im Originalzustand und mit allem im Paket enthaltenen Zubeh\u00f6r (z. B. Taschen und T\u00fccher) erfolgen.<br \/>\nSie wurden beim Kauf nicht darauf hingewiesen (durch unsere Optiker oder durch Informationen auf der Website), dass Ihre urspr\u00fcngliche Bestellung f\u00fcr Ihre Bed\u00fcrfnisse ungeeignet war.<\/p>\n<p>Wenn Sie ein Produkt zur\u00fcckschicken, empfehlen wir Ihnen, einen Nachweis \u00fcber den Versand von der Post zu erhalten, da <b>wir k\u00f6nnen keine Verantwortung f\u00fcr Pakete \u00fcbernehmen, die auf dem Postweg verloren gehen.<\/b> Ihre gesetzlichen Rechte in Bezug auf R\u00fcckgabe und R\u00fcckerstattung bleiben davon unber\u00fchrt.<\/p>\n<p><b>INTERNATIONALE R\u00dcCKSENDUNGEN<\/b><\/p>\n<p>F\u00fcr R\u00fccksendungen von <b>au\u00dferhalb des Vereinigten K\u00f6nigreichs<\/b> bieten wir die folgenden R\u00fcckgabebedingungen an:<\/p>\n<p>Wir sind uns bewusst, dass es bei Bestellungen an internationale Adressen etwas l\u00e4nger dauern kann, bis sie bei Ihnen ankommen, daher akzeptieren wir R\u00fccksendungen, vorausgesetzt Sie haben <b>uns innerhalb von 14 Tagen kontaktiert<\/b> nach Versand Ihrer Bestellung, um Sie \u00fcber die R\u00fcckgabe zu informieren. Ihre Brille sollte dann zur\u00fcckgeschickt werden an <b>sp\u00e4testens innerhalb von 10 Tagen bei uns eintreffen<\/b> uns nicht zu benachrichtigen.<\/p>\n<p>Sie m\u00fcssen das R\u00fccksendegenehmigungsformular (das wir Ihnen nach Ihrem Anruf per E-Mail zusenden) Ihrem R\u00fccksendepaket beilegen.<br \/>\nR\u00fccksendungen m\u00fcssen im Originalzustand und mit allem im Paket enthaltenen Zubeh\u00f6r (z. B. Taschen und T\u00fccher) erfolgen.<br \/>\nDie f\u00fcr die R\u00fccksendung der Brille an uns anfallenden Portokosten m\u00fcssen vom Absender getragen werden.<br \/>\nIhre R\u00fccksendung wird akzeptiert, sofern Sie beim Kauf nicht darauf hingewiesen wurden (durch unsere Optiker oder durch Informationen auf der Website), dass Ihre urspr\u00fcngliche Bestellung f\u00fcr Ihre Bed\u00fcrfnisse ungeeignet war.<\/p>\n<p>Wenn Sie eine Brille zur\u00fcckschicken, empfehlen wir Ihnen, sich einen Nachweis \u00fcber den Versand zu besorgen oder einen Kurierdienst zu beauftragen, da <b>wir k\u00f6nnen keine Verantwortung f\u00fcr Pakete \u00fcbernehmen, die auf dem Postweg verloren gehen.<\/b> Ihre gesetzlichen Rechte in Bezug auf R\u00fcckgabe und R\u00fcckerstattung bleiben davon unber\u00fchrt.<\/p>","protected":false},"excerpt":{"rendered":"<p>UNSERE R\u00dcCKSENDUNGSPOLITIK BESTE M\u00d6GLICHKEITEN, UNS F\u00dcR R\u00dcCKSENDUNGEN ZU KONTAKTIEREN Sie erreichen uns telefonisch (0208 460 7597) von Montag bis Freitag zwischen 9 und 17 Uhr (samstags, sonntags und an Feiertagen geschlossen). F\u00fcr Fragen au\u00dferhalb der Gesch\u00e4ftszeiten oder wenn es f\u00fcr Sie bequemer ist, uns eine E-Mail zu schreiben, k\u00f6nnen Sie uns unter info@test.fortiseyewear.co.uk erreichen. Wir bem\u00fchen uns<\/p>","protected":false},"author":11,"featured_media":0,"parent":0,"menu_order":0,"comment_status":"closed","ping_status":"open","template":"","meta":{"_acf_changed":false,"footnotes":""},"class_list":["post-2015","page","type-page","status-publish","hentry","prodpage-classic"],"acf":[],"yoast_head":"<!-- This site is optimized with the Yoast SEO Premium plugin v26.7 (Yoast SEO v26.7) - https:\/\/yoast.com\/wordpress\/plugins\/seo\/ -->\n<title>Returns Policy - Fortis Eyewear<\/title>\n<meta name=\"description\" content=\"Need to return your polarised fishing sunglasses by Fortis Eyewear? These glasses enable fisherman to find fish in the water, using our X Bloc lens technology to eliminate surface glare from the sun\" \/>\n<meta name=\"robots\" content=\"index, follow, max-snippet:-1, max-image-preview:large, max-video-preview:-1\" \/>\n<link rel=\"canonical\" href=\"https:\/\/fortiseyewear.co.uk\/de\/returns-policy\/\" \/>\n<meta property=\"og:locale\" content=\"de_DE\" \/>\n<meta property=\"og:type\" content=\"article\" \/>\n<meta property=\"og:title\" content=\"Returns Policy\" \/>\n<meta property=\"og:description\" content=\"Need to return your polarised fishing sunglasses by Fortis Eyewear? These glasses enable fisherman to find fish in the water, using our X Bloc lens technology to eliminate surface glare from the sun\" \/>\n<meta property=\"og:url\" content=\"https:\/\/fortiseyewear.co.uk\/de\/returns-policy\/\" \/>\n<meta property=\"og:site_name\" content=\"Fortis Eyewear\" \/>\n<meta property=\"article:publisher\" content=\"https:\/\/www.facebook.com\/FortisEyewear\" \/>\n<meta property=\"article:modified_time\" content=\"2025-06-13T10:46:05+00:00\" \/>\n<meta property=\"og:image\" content=\"https:\/\/fortiseyewear.co.uk\/wp-content\/uploads\/2023\/05\/Fallback-Image.jpg\" \/>\n\t<meta property=\"og:image:width\" content=\"1200\" \/>\n\t<meta property=\"og:image:height\" content=\"675\" \/>\n\t<meta property=\"og:image:type\" content=\"image\/jpeg\" \/>\n<meta name=\"twitter:card\" content=\"summary_large_image\" \/>\n<meta name=\"twitter:site\" content=\"@fortiseyewear\" \/>\n<meta name=\"twitter:label1\" content=\"Gesch\u00e4tzte Lesezeit\" \/>\n\t<meta name=\"twitter:data1\" content=\"2\u00a0Minuten\" \/>\n<!-- \/ Yoast SEO Premium plugin. -->","yoast_head_json":{"title":"R\u00fcckgabebedingungen - Fortis Eyewear","description":"Sie m\u00f6chten Ihre polarisierte Angelsonnenbrille von Fortis Eyewear zur\u00fcckgeben? Diese Gl\u00e4ser erm\u00f6glichen es Anglern, Fische im Wasser zu finden, indem sie unsere X Bloc-Glas-Technologie verwenden, um die Oberfl\u00e4chenblendung der Sonne zu eliminieren.","robots":{"index":"index","follow":"follow","max-snippet":"max-snippet:-1","max-image-preview":"max-image-preview:large","max-video-preview":"max-video-preview:-1"},"canonical":"https:\/\/fortiseyewear.co.uk\/de\/returns-policy\/","og_locale":"de_DE","og_type":"article","og_title":"Returns Policy","og_description":"Need to return your polarised fishing sunglasses by Fortis Eyewear? These glasses enable fisherman to find fish in the water, using our X Bloc lens technology to eliminate surface glare from the sun","og_url":"https:\/\/fortiseyewear.co.uk\/de\/returns-policy\/","og_site_name":"Fortis Eyewear","article_publisher":"https:\/\/www.facebook.com\/FortisEyewear","article_modified_time":"2025-06-13T10:46:05+00:00","og_image":[{"width":1200,"height":675,"url":"https:\/\/fortiseyewear.co.uk\/wp-content\/uploads\/2023\/05\/Fallback-Image.jpg","type":"image\/jpeg"}],"twitter_card":"summary_large_image","twitter_site":"@fortiseyewear","twitter_misc":{"Gesch\u00e4tzte Lesezeit":"2\u00a0Minuten"},"schema":{"@context":"https:\/\/schema.org","@graph":[{"@type":"WebPage","@id":"https:\/\/fortiseyewear.co.uk\/returns-policy\/","url":"https:\/\/fortiseyewear.co.uk\/returns-policy\/","name":"R\u00fcckgabebedingungen - Fortis Eyewear","isPartOf":{"@id":"https:\/\/fortiseyewear.co.uk\/#website"},"datePublished":"2013-11-15T14:29:42+00:00","dateModified":"2025-06-13T10:46:05+00:00","description":"Sie m\u00f6chten Ihre polarisierte Angelsonnenbrille von Fortis Eyewear zur\u00fcckgeben? Diese Gl\u00e4ser erm\u00f6glichen es Anglern, Fische im Wasser zu finden, indem sie unsere X Bloc-Glas-Technologie verwenden, um die Oberfl\u00e4chenblendung der Sonne zu eliminieren.","breadcrumb":{"@id":"https:\/\/fortiseyewear.co.uk\/returns-policy\/#breadcrumb"},"inLanguage":"de","potentialAction":[{"@type":"ReadAction","target":["https:\/\/fortiseyewear.co.uk\/returns-policy\/"]}]},{"@type":"BreadcrumbList","@id":"https:\/\/fortiseyewear.co.uk\/returns-policy\/#breadcrumb","itemListElement":[{"@type":"ListItem","position":1,"name":"Home","item":"https:\/\/fortiseyewear.co.uk\/"},{"@type":"ListItem","position":2,"name":"Returns Policy"}]},{"@type":"WebSite","@id":"https:\/\/fortiseyewear.co.uk\/#website","url":"https:\/\/fortiseyewear.co.uk\/","name":"Fortis Eyewear","description":"Polarisierende Angel-Sonnenbrille","publisher":{"@id":"https:\/\/fortiseyewear.co.uk\/#organization"},"alternateName":"Fortis","potentialAction":[{"@type":"SearchAction","target":{"@type":"EntryPoint","urlTemplate":"https:\/\/fortiseyewear.co.uk\/?s={search_term_string}"},"query-input":{"@type":"PropertyValueSpecification","valueRequired":true,"valueName":"search_term_string"}}],"inLanguage":"de"},{"@type":"Organization","@id":"https:\/\/fortiseyewear.co.uk\/#organization","name":"Fortis Eyewear","alternateName":"Fortis","url":"https:\/\/fortiseyewear.co.uk\/","logo":{"@type":"ImageObject","inLanguage":"de","@id":"https:\/\/fortiseyewear.co.uk\/#\/schema\/logo\/image\/","url":"https:\/\/fortiseyewear.co.uk\/wp-content\/uploads\/2019\/05\/1.FinalLogoMOBILE.jpg","contentUrl":"https:\/\/fortiseyewear.co.uk\/wp-content\/uploads\/2019\/05\/1.FinalLogoMOBILE.jpg","width":766,"height":541,"caption":"Fortis Eyewear"},"image":{"@id":"https:\/\/fortiseyewear.co.uk\/#\/schema\/logo\/image\/"},"sameAs":["https:\/\/www.facebook.com\/FortisEyewear","https:\/\/x.com\/fortiseyewear","https:\/\/www.instagram.com\/FortisEyewear","https:\/\/www.youtube.com\/channel\/UC5uI6lYx37ltUVATG5skJLw"]}]}},"_links":{"self":[{"href":"https:\/\/fortiseyewear.co.uk\/de\/wp-json\/wp\/v2\/pages\/2015","targetHints":{"allow":["GET"]}}],"collection":[{"href":"https:\/\/fortiseyewear.co.uk\/de\/wp-json\/wp\/v2\/pages"}],"about":[{"href":"https:\/\/fortiseyewear.co.uk\/de\/wp-json\/wp\/v2\/types\/page"}],"author":[{"embeddable":true,"href":"https:\/\/fortiseyewear.co.uk\/de\/wp-json\/wp\/v2\/users\/11"}],"replies":[{"embeddable":true,"href":"https:\/\/fortiseyewear.co.uk\/de\/wp-json\/wp\/v2\/comments?post=2015"}],"version-history":[{"count":5,"href":"https:\/\/fortiseyewear.co.uk\/de\/wp-json\/wp\/v2\/pages\/2015\/revisions"}],"predecessor-version":[{"id":54534,"href":"https:\/\/fortiseyewear.co.uk\/de\/wp-json\/wp\/v2\/pages\/2015\/revisions\/54534"}],"wp:attachment":[{"href":"https:\/\/fortiseyewear.co.uk\/de\/wp-json\/wp\/v2\/media?parent=2015"}],"curies":[{"name":"wp","href":"https:\/\/api.w.org\/{rel}","templated":true}]}}