{"id":2083,"date":"2014-01-15T13:37:34","date_gmt":"2014-01-15T13:37:34","guid":{"rendered":"https:\/\/fortiseyewear.co.uk\/?page_id=2083"},"modified":"2020-02-12T14:03:57","modified_gmt":"2020-02-12T14:03:57","slug":"etienne-gebel","status":"publish","type":"page","link":"https:\/\/fortiseyewear.co.uk\/de\/collective\/etienne-gebel\/","title":{"rendered":"Etienne Gebel"},"content":{"rendered":"<h3><img decoding=\"async\" class=\"alignnone size-full wp-image-4545\" src=\"https:\/\/fortiseyewear.co.uk\/wp-content\/uploads\/2014\/01\/EtienneGebelHeader.jpg\" alt=\"EtienneGebelHeader\" width=\"680\" height=\"226\" srcset=\"https:\/\/fortiseyewear.co.uk\/wp-content\/uploads\/2014\/01\/EtienneGebelHeader.jpg 680w, https:\/\/fortiseyewear.co.uk\/wp-content\/uploads\/2014\/01\/EtienneGebelHeader-300x100.jpg 300w, https:\/\/fortiseyewear.co.uk\/wp-content\/uploads\/2014\/01\/EtienneGebelHeader-600x199.jpg 600w, https:\/\/fortiseyewear.co.uk\/wp-content\/uploads\/2014\/01\/EtienneGebelHeader-640x213.jpg 640w, https:\/\/fortiseyewear.co.uk\/wp-content\/uploads\/2014\/01\/EtienneGebelHeader-150x50.jpg 150w, https:\/\/fortiseyewear.co.uk\/wp-content\/uploads\/2014\/01\/EtienneGebelHeader-280x93.jpg 280w, https:\/\/fortiseyewear.co.uk\/wp-content\/uploads\/2014\/01\/EtienneGebelHeader-160x53.jpg 160w, https:\/\/fortiseyewear.co.uk\/wp-content\/uploads\/2014\/01\/EtienneGebelHeader-320x106.jpg 320w, https:\/\/fortiseyewear.co.uk\/wp-content\/uploads\/2014\/01\/EtienneGebelHeader-480x160.jpg 480w\" sizes=\"(max-width: 680px) 100vw, 680px\" \/><\/h3>\n<h3>Im Blut...<\/h3>\n<p>Mit gro\u00dfer Freude begr\u00fc\u00dfen wir Etienne Gebel im Fortis-Kollektiv. Der aus Deutschland stammende Etienne zeigt eine enorme Leidenschaft f\u00fcr unsere geliebte Freizeitbesch\u00e4ftigung, die den Fortis-Ethos der Erkundung der freien Natur wirklich widerspiegelt. Etienne hat ein hervorragendes Wissen und Verst\u00e4ndnis daf\u00fcr, was es bedeutet, gro\u00dfe Fische zu jagen, und ist eine echte Bereicherung f\u00fcr das Kollektiv. Wir haben uns mit Etienne getroffen und er erz\u00e4hlt ein wenig \u00fcber sich selbst...<\/p>\n<p>Angeln ist mein Leben, drau\u00dfen zu sein, die Natur zu genie\u00dfen und das Abenteuer zu leben. Karpfenangeln ist f\u00fcr mich enorm wichtig, aber es gibt nur eine Sache, die mir noch mehr am Herzen liegt: meine Familie. Meine Frau Janine und mein Sohn Maximilian![toggle_basic title=\"Mehr lesen\"]\n<p>Ich habe 1981 als kleiner Junge mit dem Angeln begonnen. Ich sp\u00fcrte direkt die Beziehung zu Mutter Natur und den Lebewesen, die sie bewohnen. Sehr schnell stie\u00df ich auf einen ganz besonderen Fisch, den Karpfen! Ich begann, sie zu bewundern, und jagte sie von da an. Seitdem sind sie mir nicht mehr aus dem Kopf gegangen, bis zum heutigen Tag.<\/p>\n<p>In den letzten Jahren habe ich auf gr\u00f6\u00dfere Karpfen in den riesigen, klaren Seen mit niedrigem Bestand in der N\u00e4he des Rheins, wo ich wohne, geangelt. Das ist, und war, harte Arbeit. F\u00fcr diese scheuen Fische muss man alle Tricks aus der Trickkiste holen. Untersch\u00e4tzen Sie NIEMALS, was Fische sehen, h\u00f6ren und f\u00fchlen k\u00f6nnen!<\/p>\n<p>Ich habe gelernt, dass es darauf ankommt, sie zu beobachten und ein Teil der Umgebung zu sein! Ich wurde mit vielen gro\u00dfen und einzigartigen Fischen f\u00fcr all die Bem\u00fchungen belohnt, die ich aufbringen musste. Aber ich spreche selten \u00fcber das Gewicht der Fische. Ich spreche, schreibe und fotografiere lieber \u00fcber die Erfahrungen und Situationen, denen ich auf meiner Reise begegnet bin. Die Erfahrung z\u00e4hlt...<br \/>\nWir k\u00f6nnten nicht mehr zustimmen...[\/toggle_basic]\n[shareprints gallery_id=\"4543\u2033 gallery_type=\"masonry\" gallery_position=\"pos_center\" gallery_width=\"width_100\u2033 image_size=\"medium\" image_padding=\"5\u2033 theme=\"dark\" image_hover=\"colortosepia\" lightbox_type=\"slide\" titles=\"true\" captions=\"true\" descriptions=\"true\" comments=\"false\" sharing=\"true\"]","protected":false},"excerpt":{"rendered":"<p>In the Blood... Mit gro\u00dfer Freude begr\u00fc\u00dfen wir Etienne Gebel im Fortis-Kollektiv. Der aus Deutschland stammende Etienne zeigt eine enorme Leidenschaft f\u00fcr unsere geliebte Freizeitbesch\u00e4ftigung, die das Fortis-Ethos der Erkundung der freien Natur wirklich widerspiegelt. Etienne hat ein hervorragendes Wissen und Verst\u00e4ndnis daf\u00fcr, was es bedeutet, gro\u00dfe Fische zu jagen und<\/p>","protected":false},"author":11,"featured_media":0,"parent":67,"menu_order":0,"comment_status":"closed","ping_status":"open","template":"","meta":{"_acf_changed":false,"footnotes":""},"class_list":["post-2083","page","type-page","status-publish","hentry","prodpage-classic"],"acf":[],"yoast_head":"<!-- This site is optimized with the Yoast SEO Premium plugin v26.7 (Yoast SEO v26.7) - https:\/\/yoast.com\/wordpress\/plugins\/seo\/ -->\n<title>Fortis Eyewear Etienne Gebel Carp Angler Germany<\/title>\n<meta name=\"robots\" content=\"index, follow, max-snippet:-1, max-image-preview:large, max-video-preview:-1\" \/>\n<link rel=\"canonical\" href=\"https:\/\/fortiseyewear.co.uk\/de\/collective\/etienne-gebel\/\" \/>\n<meta property=\"og:locale\" content=\"de_DE\" \/>\n<meta property=\"og:type\" content=\"article\" \/>\n<meta property=\"og:title\" content=\"Etienne Gebel\" \/>\n<meta property=\"og:description\" content=\"In the Blood&#8230; It is with great pleasure that we welcome Etienne Gebel to the Fortis Collective. Hailing from Germany, Etienne displays enormous passion for our beloved pastime, which really reflects the Fortis ethos of exploring the great outdoors. Etienne has a superb knowledge and understanding of what it means to hunt large fish and\" \/>\n<meta property=\"og:url\" content=\"https:\/\/fortiseyewear.co.uk\/de\/collective\/etienne-gebel\/\" \/>\n<meta property=\"og:site_name\" content=\"Fortis Eyewear\" \/>\n<meta property=\"article:publisher\" content=\"https:\/\/www.facebook.com\/FortisEyewear\" \/>\n<meta property=\"article:modified_time\" content=\"2020-02-12T14:03:57+00:00\" \/>\n<meta property=\"og:image\" content=\"https:\/\/fortiseyewear.co.uk\/wp-content\/uploads\/2014\/01\/EtienneGebelHeader.jpg\" \/>\n<meta name=\"twitter:card\" content=\"summary_large_image\" \/>\n<meta name=\"twitter:site\" content=\"@fortiseyewear\" \/>\n<meta name=\"twitter:label1\" content=\"Gesch\u00e4tzte Lesezeit\" \/>\n\t<meta name=\"twitter:data1\" content=\"2\u00a0Minuten\" \/>\n<!-- \/ Yoast SEO Premium plugin. -->","yoast_head_json":{"title":"Fortis Eyewear Etienne Gebel Carp Angler Germany","robots":{"index":"index","follow":"follow","max-snippet":"max-snippet:-1","max-image-preview":"max-image-preview:large","max-video-preview":"max-video-preview:-1"},"canonical":"https:\/\/fortiseyewear.co.uk\/de\/collective\/etienne-gebel\/","og_locale":"de_DE","og_type":"article","og_title":"Etienne Gebel","og_description":"In the Blood&#8230; It is with great pleasure that we welcome Etienne Gebel to the Fortis Collective. Hailing from Germany, Etienne displays enormous passion for our beloved pastime, which really reflects the Fortis ethos of exploring the great outdoors. Etienne has a superb knowledge and understanding of what it means to hunt large fish and","og_url":"https:\/\/fortiseyewear.co.uk\/de\/collective\/etienne-gebel\/","og_site_name":"Fortis Eyewear","article_publisher":"https:\/\/www.facebook.com\/FortisEyewear","article_modified_time":"2020-02-12T14:03:57+00:00","og_image":[{"url":"https:\/\/fortiseyewear.co.uk\/wp-content\/uploads\/2014\/01\/EtienneGebelHeader.jpg","type":"","width":"","height":""}],"twitter_card":"summary_large_image","twitter_site":"@fortiseyewear","twitter_misc":{"Gesch\u00e4tzte Lesezeit":"2\u00a0Minuten"},"schema":{"@context":"https:\/\/schema.org","@graph":[{"@type":"WebPage","@id":"https:\/\/fortiseyewear.co.uk\/collective\/etienne-gebel\/","url":"https:\/\/fortiseyewear.co.uk\/collective\/etienne-gebel\/","name":"Fortis Eyewear Etienne Gebel Carp Angler Germany","isPartOf":{"@id":"https:\/\/fortiseyewear.co.uk\/#website"},"primaryImageOfPage":{"@id":"https:\/\/fortiseyewear.co.uk\/collective\/etienne-gebel\/#primaryimage"},"image":{"@id":"https:\/\/fortiseyewear.co.uk\/collective\/etienne-gebel\/#primaryimage"},"thumbnailUrl":"https:\/\/fortiseyewear.co.uk\/wp-content\/uploads\/2014\/01\/EtienneGebelHeader.jpg","datePublished":"2014-01-15T13:37:34+00:00","dateModified":"2020-02-12T14:03:57+00:00","breadcrumb":{"@id":"https:\/\/fortiseyewear.co.uk\/collective\/etienne-gebel\/#breadcrumb"},"inLanguage":"de","potentialAction":[{"@type":"ReadAction","target":["https:\/\/fortiseyewear.co.uk\/collective\/etienne-gebel\/"]}]},{"@type":"ImageObject","inLanguage":"de","@id":"https:\/\/fortiseyewear.co.uk\/collective\/etienne-gebel\/#primaryimage","url":"https:\/\/fortiseyewear.co.uk\/wp-content\/uploads\/2014\/01\/EtienneGebelHeader.jpg","contentUrl":"https:\/\/fortiseyewear.co.uk\/wp-content\/uploads\/2014\/01\/EtienneGebelHeader.jpg"},{"@type":"BreadcrumbList","@id":"https:\/\/fortiseyewear.co.uk\/collective\/etienne-gebel\/#breadcrumb","itemListElement":[{"@type":"ListItem","position":1,"name":"Home","item":"https:\/\/fortiseyewear.co.uk\/"},{"@type":"ListItem","position":2,"name":"The Collective","item":"https:\/\/fortiseyewear.co.uk\/collective\/"},{"@type":"ListItem","position":3,"name":"Etienne Gebel"}]},{"@type":"WebSite","@id":"https:\/\/fortiseyewear.co.uk\/#website","url":"https:\/\/fortiseyewear.co.uk\/","name":"Fortis Eyewear","description":"Polarisierende Angel-Sonnenbrille","publisher":{"@id":"https:\/\/fortiseyewear.co.uk\/#organization"},"alternateName":"Fortis","potentialAction":[{"@type":"SearchAction","target":{"@type":"EntryPoint","urlTemplate":"https:\/\/fortiseyewear.co.uk\/?s={search_term_string}"},"query-input":{"@type":"PropertyValueSpecification","valueRequired":true,"valueName":"search_term_string"}}],"inLanguage":"de"},{"@type":"Organization","@id":"https:\/\/fortiseyewear.co.uk\/#organization","name":"Fortis Eyewear","alternateName":"Fortis","url":"https:\/\/fortiseyewear.co.uk\/","logo":{"@type":"ImageObject","inLanguage":"de","@id":"https:\/\/fortiseyewear.co.uk\/#\/schema\/logo\/image\/","url":"https:\/\/fortiseyewear.co.uk\/wp-content\/uploads\/2019\/05\/1.FinalLogoMOBILE.jpg","contentUrl":"https:\/\/fortiseyewear.co.uk\/wp-content\/uploads\/2019\/05\/1.FinalLogoMOBILE.jpg","width":766,"height":541,"caption":"Fortis Eyewear"},"image":{"@id":"https:\/\/fortiseyewear.co.uk\/#\/schema\/logo\/image\/"},"sameAs":["https:\/\/www.facebook.com\/FortisEyewear","https:\/\/x.com\/fortiseyewear","https:\/\/www.instagram.com\/FortisEyewear","https:\/\/www.youtube.com\/channel\/UC5uI6lYx37ltUVATG5skJLw"]}]}},"_links":{"self":[{"href":"https:\/\/fortiseyewear.co.uk\/de\/wp-json\/wp\/v2\/pages\/2083","targetHints":{"allow":["GET"]}}],"collection":[{"href":"https:\/\/fortiseyewear.co.uk\/de\/wp-json\/wp\/v2\/pages"}],"about":[{"href":"https:\/\/fortiseyewear.co.uk\/de\/wp-json\/wp\/v2\/types\/page"}],"author":[{"embeddable":true,"href":"https:\/\/fortiseyewear.co.uk\/de\/wp-json\/wp\/v2\/users\/11"}],"replies":[{"embeddable":true,"href":"https:\/\/fortiseyewear.co.uk\/de\/wp-json\/wp\/v2\/comments?post=2083"}],"version-history":[{"count":0,"href":"https:\/\/fortiseyewear.co.uk\/de\/wp-json\/wp\/v2\/pages\/2083\/revisions"}],"up":[{"embeddable":true,"href":"https:\/\/fortiseyewear.co.uk\/de\/wp-json\/wp\/v2\/pages\/67"}],"wp:attachment":[{"href":"https:\/\/fortiseyewear.co.uk\/de\/wp-json\/wp\/v2\/media?parent=2083"}],"curies":[{"name":"wp","href":"https:\/\/api.w.org\/{rel}","templated":true}]}}