{"id":2385,"date":"2014-03-26T16:24:26","date_gmt":"2014-03-26T16:24:26","guid":{"rendered":"https:\/\/fortiseyewear.co.uk\/?page_id=2385"},"modified":"2020-02-12T14:02:42","modified_gmt":"2020-02-12T14:02:42","slug":"dennis-de-wilde","status":"publish","type":"page","link":"https:\/\/fortiseyewear.co.uk\/de\/collective\/dennis-de-wilde\/","title":{"rendered":"Dennis De Wilde"},"content":{"rendered":"<h3><img decoding=\"async\" class=\"alignnone size-full wp-image-4711\" src=\"https:\/\/fortiseyewear.co.uk\/wp-content\/uploads\/2014\/03\/DennisDeWildeHeader.jpg\" alt=\"DennisDeWildeHeader\" width=\"680\" height=\"226\" \/><\/h3>\n<h3>Eine Reise...<\/h3>\n<p>Das Angeln lag mir schon immer im Blut, ich habe es von meinem Gro\u00dfvater geerbt und war der einzige in der Familie, der seine Leidenschaft teilte.\u00a0<span style=\"line-height: 1.5em;\">In den Sommerferien verbrachte ich jeweils 2 Wochen bei meinen Gro\u00dfeltern und ging jeden Morgen mit meinem Gro\u00dfvater zum Angeln. Ich hatte dort ein kleines Fahrrad und eine Angelrute, und in der Abendd\u00e4mmerung fuhren wir zu den \u00f6rtlichen Teichen und Kan\u00e4len. Den Geruch der Morgenluft rieche ich heute noch und er wird mich immer begleiten, egal wo ich hingehe.[toggle_basic title=\"Weiterlesen\"]<\/span><\/p>\n<p>Seit diesen fr\u00fchen Tagen wurde das Angeln zu meinem gr\u00f6\u00dften Hobby, das sich nach der Entdeckung des Karpfens langsam zu einer Obsession entwickelte. Die Besessenheit hat sich etwas verlangsamt, nachdem ich meine Freundin kennengelernt habe, und noch mehr, als wir geheiratet und zwei wunderbare Kinder bekommen haben. Aber das ist meiner Meinung nach nur logisch, denn man muss sich einfach die Zeit nehmen, die man hat, und das ist nur fair gegen\u00fcber der Familie. Und als das Hobby zur Arbeit wurde, ging noch mehr Zeit zum Angeln verloren... Die kostbare Zeit, die ich zum Angeln habe, ist also immer noch genauso aufregend wie vor all den Jahren. Die Vorfreude und die Freude vor einer Session sind immer noch so aufregend f\u00fcr mich.<\/p>\n<p>Jemand hat einmal gesagt: \"Konzentriere dich auf die Reise, nicht auf das Ziel. Freude findet man nicht, wenn man eine T\u00e4tigkeit beendet, sondern wenn man sie ausf\u00fchrt.\" Und genau so sehe ich das auch. Ich kann mich wirklich auf eine Sitzung freuen, und das macht es viel einfacher, wenn ich nicht in der Lage bin, den Overnighter zu machen, den ich fr\u00fcher gemacht habe. Ich muss mein Jahr einfach weit im Voraus planen, um sicher zu sein, dass ich fischen gehe, sonst habe ich am Ende gar nicht geangelt. Ich wei\u00df also schon zu Beginn des Jahres ungef\u00e4hr, wann und wo ich fische, meistens bei Auslandsaufenthalten in Frankreich, Belgien oder dem Vereinigten K\u00f6nigreich. Und ich habe das gro\u00dfe Gl\u00fcck, an ganz besonderen Orten angeln zu k\u00f6nnen, was die fehlende Angelzeit ausgleicht.<\/p>\n<p>Denken Sie also daran: Der Weg ist viel wichtiger als das Ziel![\/toggle_basic]\n[shareprints gallery_id=\"4709\u2033 gallery_type=\"masonry\" gallery_position=\"pos_center\" gallery_width=\"width_100\u2033 image_size=\"medium\" image_padding=\"5\u2033 theme=\"dark\" image_hover=\"colortosepia\" lightbox_type=\"slide\" titles=\"true\" captions=\"true\" descriptions=\"true\" comments=\"false\" sharing=\"true\"]","protected":false},"excerpt":{"rendered":"<p>Eine Reise... Das Angeln lag mir schon immer im Blut, von meinem Gro\u00dfvater geerbt, war ich der einzige in der Familie, der seine Leidenschaft teilte. Jeden Sommerurlaub verbrachte ich 2 Wochen bei meinen Gro\u00dfeltern und ging jeden Morgen mit meinem Gro\u00dfvater angeln. Ich hatte dort ein kleines Fahrrad und eine Angelrute und<\/p>","protected":false},"author":11,"featured_media":0,"parent":67,"menu_order":0,"comment_status":"closed","ping_status":"open","template":"","meta":{"_acf_changed":false,"footnotes":""},"class_list":["post-2385","page","type-page","status-publish","hentry","prodpage-classic"],"acf":[],"yoast_head":"<!-- This site is optimized with the Yoast SEO Premium plugin v26.7 (Yoast SEO v26.7) - https:\/\/yoast.com\/wordpress\/plugins\/seo\/ -->\n<title>Fortis Eyewear Dennis De Wilde Carp Angler Netherlands<\/title>\n<meta name=\"description\" content=\"Angler\u2019s such as Dennis De Wilde use polarised fishing sunglasses by Fortis Eyewear to help catch more fish. Targeting Carp in deep water using our X Bloc lens technology to eliminate surface glare from the sun will put more fish on the bank\" \/>\n<meta name=\"robots\" content=\"index, follow, max-snippet:-1, max-image-preview:large, max-video-preview:-1\" \/>\n<link rel=\"canonical\" href=\"https:\/\/fortiseyewear.co.uk\/de\/collective\/dennis-de-wilde\/\" \/>\n<meta property=\"og:locale\" content=\"de_DE\" \/>\n<meta property=\"og:type\" content=\"article\" \/>\n<meta property=\"og:title\" content=\"Dennis De Wilde\" \/>\n<meta property=\"og:description\" content=\"Angler\u2019s such as Dennis De Wilde use polarised fishing sunglasses by Fortis Eyewear to help catch more fish. Targeting Carp in deep water using our X Bloc lens technology to eliminate surface glare from the sun will put more fish on the bank\" \/>\n<meta property=\"og:url\" content=\"https:\/\/fortiseyewear.co.uk\/de\/collective\/dennis-de-wilde\/\" \/>\n<meta property=\"og:site_name\" content=\"Fortis Eyewear\" \/>\n<meta property=\"article:publisher\" content=\"https:\/\/www.facebook.com\/FortisEyewear\" \/>\n<meta property=\"article:modified_time\" content=\"2020-02-12T14:02:42+00:00\" \/>\n<meta property=\"og:image\" content=\"https:\/\/fortiseyewear.co.uk\/wp-content\/uploads\/2014\/03\/DennisDeWildeHeader.jpg\" \/>\n<meta name=\"twitter:card\" content=\"summary_large_image\" \/>\n<meta name=\"twitter:site\" content=\"@fortiseyewear\" \/>\n<meta name=\"twitter:label1\" content=\"Gesch\u00e4tzte Lesezeit\" \/>\n\t<meta name=\"twitter:data1\" content=\"2\u00a0Minuten\" \/>\n<!-- \/ Yoast SEO Premium plugin. -->","yoast_head_json":{"title":"Fortis Eyewear Dennis De Wilde Karpfenangler Niederlande","description":"Angler wie Dennis De Wilde verwenden polarisierte Angelsonnenbrillen von Fortis Eyewear, um mehr Fische zu fangen. Wenn Sie Karpfen in tiefem Wasser angeln und unsere X-Bloc-Glas-Technologie verwenden, um die Blendung durch die Sonne an der Oberfl\u00e4che zu eliminieren, werden Sie mehr Fische ans Ufer locken.","robots":{"index":"index","follow":"follow","max-snippet":"max-snippet:-1","max-image-preview":"max-image-preview:large","max-video-preview":"max-video-preview:-1"},"canonical":"https:\/\/fortiseyewear.co.uk\/de\/collective\/dennis-de-wilde\/","og_locale":"de_DE","og_type":"article","og_title":"Dennis De Wilde","og_description":"Angler\u2019s such as Dennis De Wilde use polarised fishing sunglasses by Fortis Eyewear to help catch more fish. Targeting Carp in deep water using our X Bloc lens technology to eliminate surface glare from the sun will put more fish on the bank","og_url":"https:\/\/fortiseyewear.co.uk\/de\/collective\/dennis-de-wilde\/","og_site_name":"Fortis Eyewear","article_publisher":"https:\/\/www.facebook.com\/FortisEyewear","article_modified_time":"2020-02-12T14:02:42+00:00","og_image":[{"url":"https:\/\/fortiseyewear.co.uk\/wp-content\/uploads\/2014\/03\/DennisDeWildeHeader.jpg","type":"","width":"","height":""}],"twitter_card":"summary_large_image","twitter_site":"@fortiseyewear","twitter_misc":{"Gesch\u00e4tzte Lesezeit":"2\u00a0Minuten"},"schema":{"@context":"https:\/\/schema.org","@graph":[{"@type":"WebPage","@id":"https:\/\/fortiseyewear.co.uk\/collective\/dennis-de-wilde\/","url":"https:\/\/fortiseyewear.co.uk\/collective\/dennis-de-wilde\/","name":"Fortis Eyewear Dennis De Wilde Karpfenangler Niederlande","isPartOf":{"@id":"https:\/\/fortiseyewear.co.uk\/#website"},"primaryImageOfPage":{"@id":"https:\/\/fortiseyewear.co.uk\/collective\/dennis-de-wilde\/#primaryimage"},"image":{"@id":"https:\/\/fortiseyewear.co.uk\/collective\/dennis-de-wilde\/#primaryimage"},"thumbnailUrl":"https:\/\/fortiseyewear.co.uk\/wp-content\/uploads\/2014\/03\/DennisDeWildeHeader.jpg","datePublished":"2014-03-26T16:24:26+00:00","dateModified":"2020-02-12T14:02:42+00:00","description":"Angler wie Dennis De Wilde verwenden polarisierte Angelsonnenbrillen von Fortis Eyewear, um mehr Fische zu fangen. Wenn Sie Karpfen in tiefem Wasser angeln und unsere X-Bloc-Glas-Technologie verwenden, um die Blendung durch die Sonne an der Oberfl\u00e4che zu eliminieren, werden Sie mehr Fische ans Ufer locken.","breadcrumb":{"@id":"https:\/\/fortiseyewear.co.uk\/collective\/dennis-de-wilde\/#breadcrumb"},"inLanguage":"de","potentialAction":[{"@type":"ReadAction","target":["https:\/\/fortiseyewear.co.uk\/collective\/dennis-de-wilde\/"]}]},{"@type":"ImageObject","inLanguage":"de","@id":"https:\/\/fortiseyewear.co.uk\/collective\/dennis-de-wilde\/#primaryimage","url":"https:\/\/fortiseyewear.co.uk\/wp-content\/uploads\/2014\/03\/DennisDeWildeHeader.jpg","contentUrl":"https:\/\/fortiseyewear.co.uk\/wp-content\/uploads\/2014\/03\/DennisDeWildeHeader.jpg"},{"@type":"BreadcrumbList","@id":"https:\/\/fortiseyewear.co.uk\/collective\/dennis-de-wilde\/#breadcrumb","itemListElement":[{"@type":"ListItem","position":1,"name":"Home","item":"https:\/\/fortiseyewear.co.uk\/"},{"@type":"ListItem","position":2,"name":"The Collective","item":"https:\/\/fortiseyewear.co.uk\/collective\/"},{"@type":"ListItem","position":3,"name":"Dennis De Wilde"}]},{"@type":"WebSite","@id":"https:\/\/fortiseyewear.co.uk\/#website","url":"https:\/\/fortiseyewear.co.uk\/","name":"Fortis Eyewear","description":"Polarisierende Angel-Sonnenbrille","publisher":{"@id":"https:\/\/fortiseyewear.co.uk\/#organization"},"alternateName":"Fortis","potentialAction":[{"@type":"SearchAction","target":{"@type":"EntryPoint","urlTemplate":"https:\/\/fortiseyewear.co.uk\/?s={search_term_string}"},"query-input":{"@type":"PropertyValueSpecification","valueRequired":true,"valueName":"search_term_string"}}],"inLanguage":"de"},{"@type":"Organization","@id":"https:\/\/fortiseyewear.co.uk\/#organization","name":"Fortis Eyewear","alternateName":"Fortis","url":"https:\/\/fortiseyewear.co.uk\/","logo":{"@type":"ImageObject","inLanguage":"de","@id":"https:\/\/fortiseyewear.co.uk\/#\/schema\/logo\/image\/","url":"https:\/\/fortiseyewear.co.uk\/wp-content\/uploads\/2019\/05\/1.FinalLogoMOBILE.jpg","contentUrl":"https:\/\/fortiseyewear.co.uk\/wp-content\/uploads\/2019\/05\/1.FinalLogoMOBILE.jpg","width":766,"height":541,"caption":"Fortis Eyewear"},"image":{"@id":"https:\/\/fortiseyewear.co.uk\/#\/schema\/logo\/image\/"},"sameAs":["https:\/\/www.facebook.com\/FortisEyewear","https:\/\/x.com\/fortiseyewear","https:\/\/www.instagram.com\/FortisEyewear","https:\/\/www.youtube.com\/channel\/UC5uI6lYx37ltUVATG5skJLw"]}]}},"_links":{"self":[{"href":"https:\/\/fortiseyewear.co.uk\/de\/wp-json\/wp\/v2\/pages\/2385","targetHints":{"allow":["GET"]}}],"collection":[{"href":"https:\/\/fortiseyewear.co.uk\/de\/wp-json\/wp\/v2\/pages"}],"about":[{"href":"https:\/\/fortiseyewear.co.uk\/de\/wp-json\/wp\/v2\/types\/page"}],"author":[{"embeddable":true,"href":"https:\/\/fortiseyewear.co.uk\/de\/wp-json\/wp\/v2\/users\/11"}],"replies":[{"embeddable":true,"href":"https:\/\/fortiseyewear.co.uk\/de\/wp-json\/wp\/v2\/comments?post=2385"}],"version-history":[{"count":0,"href":"https:\/\/fortiseyewear.co.uk\/de\/wp-json\/wp\/v2\/pages\/2385\/revisions"}],"up":[{"embeddable":true,"href":"https:\/\/fortiseyewear.co.uk\/de\/wp-json\/wp\/v2\/pages\/67"}],"wp:attachment":[{"href":"https:\/\/fortiseyewear.co.uk\/de\/wp-json\/wp\/v2\/media?parent=2385"}],"curies":[{"name":"wp","href":"https:\/\/api.w.org\/{rel}","templated":true}]}}