{"id":611,"date":"2013-03-18T17:31:00","date_gmt":"2013-03-18T17:31:00","guid":{"rendered":"https:\/\/fortiseyewear.co.uk\/?page_id=611"},"modified":"2020-02-12T14:11:16","modified_gmt":"2020-02-12T14:11:16","slug":"giovanni-vanhooren","status":"publish","type":"page","link":"https:\/\/fortiseyewear.co.uk\/de\/collective\/giovanni-vanhooren\/","title":{"rendered":"Gio Vanhooren"},"content":{"rendered":"<h3><img decoding=\"async\" class=\"alignnone size-full wp-image-4699\" src=\"https:\/\/fortiseyewear.co.uk\/wp-content\/uploads\/2013\/03\/GioVanhoorenHeader.jpg\" alt=\"GioVanhoorenHeader\" width=\"680\" height=\"226\" \/><\/h3>\n<h3>Think Like a Monkey<\/h3>\n<p>We welcome Giovanni Vanhooren to the Fortis Collective. Hailing from Belgium, Gio is our European member who flies the &#8220;Fortis Flag&#8221; across the Channel. Gio shares the same enthusiam as us in good design &amp; style, which is represented in his cult carping publication, Monkey Climber. The Fortis team are looking forward to Belgian socials on the canals discussing new ideas but until then Gio tells us a little about his own angling&#8230;<\/p>\n<p>&#8220;Being the sole individual in the Collective hailing from the Continent, I thought it better to focus a bit on our angling over here. Before you think of rather easy commercial venues, \u00a0you\u2019d better think of quite hard Belgian canals, lakes and syndicates. And yes, we have our \u2018Meres\u2019 too where getting a bite a year is a proper result.[toggle_basic title=&#8221;Read More&#8221;]\n<p>Living at the Belgian coast, in Ostend, just one hundred metres from the beach, I am unfortunately not located in the best part of the country to target the Kempisch, Albert,&#8230; canal carp you\u2019ve probably all heard of. However, my home canal is quite exciting too, there\u2019s some smaller syndicates over here with really nice, old, English looking \u2013 or is the other way round: weren\u2019t a lot of the English ones originating from Belgium and Holland? \u2013 characters and one reserve where that one bite means more than everything. In the past, I took Nick and Gareth to a few of these places, and as they will tell you, they were absolutely gobsmacked. However, running my own magazine, Monkey Climber, means I have to travel a lot all over the country for interviews, features and so on. So I always end up fishing somewhere or having a nice guestie. There\u2019s always a fish to fish for, eh?<\/p>\n<p>As for our scene, there is really some great, clever and inspirational anglers around (certainly not only the ones that occassionaly feature in the international pages of your mags). Our syndicates don\u2019t differ too much I guess, but our river and canal systems are to most UK guys a whole new world. Miles long (my home canal is over 60 kilometres), often more than 100-200 yards wide and divided with sluices, fish moving in between and even moving to other canals which are connected. Highly pressured and heavily baited too. Being mobile is key, but usually you can\u2019t drive the public path that runs along so driving your bike, looking for fish with a minimum of tackle is paying off most.&#8221;[\/toggle_basic]\n[shareprints gallery_id=&#8221;4657&#8243; gallery_type=&#8221;masonry&#8221; gallery_position=&#8221;pos_center&#8221; gallery_width=&#8221;width_100&#8243; image_size=&#8221;medium&#8221; image_padding=&#8221;5&#8243; theme=&#8221;dark&#8221; image_hover=&#8221;colortosepia&#8221; lightbox_type=&#8221;slide&#8221; titles=&#8221;true&#8221; captions=&#8221;true&#8221; descriptions=&#8221;true&#8221; comments=&#8221;false&#8221; sharing=&#8221;true&#8221;]\n<p style=\"text-align: center;\"><a href=\"https:\/\/instagram.com\/monkeyclimbermagazine\"><img decoding=\"async\" class=\"wp-image-3901 size-full\" src=\"https:\/\/fortiseyewear.co.uk\/wp-content\/uploads\/2013\/04\/Instagram.png\" alt=\"Instagram\" width=\"20\" height=\"20\" \/><br \/>\n<\/a>Monkey Climber Magazine on Instagram<\/p>\n","protected":false},"excerpt":{"rendered":"<p>Think Like a Monkey Wir begr\u00fc\u00dfen Giovanni Vanhooren im Fortis-Kollektiv. Gio kommt aus Belgien und ist unser europ\u00e4isches Mitglied, das die \"Fortis-Flagge\" auf der anderen Seite des \u00c4rmelkanals weht. Gio teilt mit uns die gleiche Begeisterung f\u00fcr gutes Design und Stil, die sich in seiner kultigen Karpfenpublikation Monkey Climber widerspiegelt. Das Fortis-Team sucht<\/p>","protected":false},"author":11,"featured_media":0,"parent":67,"menu_order":0,"comment_status":"closed","ping_status":"open","template":"","meta":{"_acf_changed":false,"footnotes":""},"class_list":["post-611","page","type-page","status-publish","hentry","prodpage-classic"],"acf":[],"yoast_head":"<!-- This site is optimized with the Yoast SEO Premium plugin v27.5 (Yoast SEO v27.5) - https:\/\/yoast.com\/product\/yoast-seo-premium-wordpress\/ -->\n<title>Fortis Eyewear Polarised Fishing Sunglasses Giovanni Vanhooren Carp Angler Belgium<\/title>\n<meta name=\"description\" content=\"Angler\u2019s such as Giovanni Vanhooren from Monkey Climber use polarised fishing sunglasses by Fortis Eyewear to help catch more fish. Targeting Carp in deep water using our X Bloc lens technology to eliminate surface glare from the sun will put more fish on the bank\" \/>\n<meta name=\"robots\" content=\"index, follow, max-snippet:-1, max-image-preview:large, max-video-preview:-1\" \/>\n<link rel=\"canonical\" href=\"https:\/\/fortiseyewear.co.uk\/de\/collective\/giovanni-vanhooren\/\" \/>\n<meta property=\"og:locale\" content=\"de_DE\" \/>\n<meta property=\"og:type\" content=\"article\" \/>\n<meta property=\"og:title\" content=\"Gio Vanhooren\" \/>\n<meta property=\"og:description\" content=\"Angler\u2019s such as Giovanni Vanhooren from Monkey Climber use polarised fishing sunglasses by Fortis Eyewear to help catch more fish. Targeting Carp in deep water using our X Bloc lens technology to eliminate surface glare from the sun will put more fish on the bank\" \/>\n<meta property=\"og:url\" content=\"https:\/\/fortiseyewear.co.uk\/de\/collective\/giovanni-vanhooren\/\" \/>\n<meta property=\"og:site_name\" content=\"Fortis Eyewear\" \/>\n<meta property=\"article:publisher\" content=\"https:\/\/www.facebook.com\/FortisEyewear\" \/>\n<meta property=\"article:modified_time\" content=\"2020-02-12T14:11:16+00:00\" \/>\n<meta property=\"og:image\" content=\"https:\/\/fortiseyewear.co.uk\/wp-content\/uploads\/2013\/03\/GioVanhoorenHeader.jpg\" \/>\n<meta name=\"twitter:card\" content=\"summary_large_image\" \/>\n<meta name=\"twitter:site\" content=\"@fortiseyewear\" \/>\n<meta name=\"twitter:label1\" content=\"Gesch\u00e4tzte Lesezeit\" \/>\n\t<meta name=\"twitter:data1\" content=\"2\u00a0Minuten\" \/>\n<!-- \/ Yoast SEO Premium plugin. -->","yoast_head_json":{"title":"Fortis Eyewear Polarised Fishing Sunglasses Giovanni Vanhooren Carp Angler Belgium","description":"Angler\u2019s such as Giovanni Vanhooren from Monkey Climber use polarised fishing sunglasses by Fortis Eyewear to help catch more fish. Targeting Carp in deep water using our X Bloc lens technology to eliminate surface glare from the sun will put more fish on the bank","robots":{"index":"index","follow":"follow","max-snippet":"max-snippet:-1","max-image-preview":"max-image-preview:large","max-video-preview":"max-video-preview:-1"},"canonical":"https:\/\/fortiseyewear.co.uk\/de\/collective\/giovanni-vanhooren\/","og_locale":"de_DE","og_type":"article","og_title":"Gio Vanhooren","og_description":"Angler\u2019s such as Giovanni Vanhooren from Monkey Climber use polarised fishing sunglasses by Fortis Eyewear to help catch more fish. Targeting Carp in deep water using our X Bloc lens technology to eliminate surface glare from the sun will put more fish on the bank","og_url":"https:\/\/fortiseyewear.co.uk\/de\/collective\/giovanni-vanhooren\/","og_site_name":"Fortis Eyewear","article_publisher":"https:\/\/www.facebook.com\/FortisEyewear","article_modified_time":"2020-02-12T14:11:16+00:00","og_image":[{"url":"https:\/\/fortiseyewear.co.uk\/wp-content\/uploads\/2013\/03\/GioVanhoorenHeader.jpg","type":"","width":"","height":""}],"twitter_card":"summary_large_image","twitter_site":"@fortiseyewear","twitter_misc":{"Gesch\u00e4tzte Lesezeit":"2\u00a0Minuten"},"schema":{"@context":"https:\/\/schema.org","@graph":[{"@type":"WebPage","@id":"https:\/\/fortiseyewear.co.uk\/collective\/giovanni-vanhooren\/","url":"https:\/\/fortiseyewear.co.uk\/collective\/giovanni-vanhooren\/","name":"Fortis Eyewear Polarised Fishing Sunglasses Giovanni Vanhooren Carp Angler Belgium","isPartOf":{"@id":"https:\/\/fortiseyewear.co.uk\/#website"},"primaryImageOfPage":{"@id":"https:\/\/fortiseyewear.co.uk\/collective\/giovanni-vanhooren\/#primaryimage"},"image":{"@id":"https:\/\/fortiseyewear.co.uk\/collective\/giovanni-vanhooren\/#primaryimage"},"thumbnailUrl":"https:\/\/fortiseyewear.co.uk\/wp-content\/uploads\/2013\/03\/GioVanhoorenHeader.jpg","datePublished":"2013-03-18T17:31:00+00:00","dateModified":"2020-02-12T14:11:16+00:00","description":"Angler\u2019s such as Giovanni Vanhooren from Monkey Climber use polarised fishing sunglasses by Fortis Eyewear to help catch more fish. Targeting Carp in deep water using our X Bloc lens technology to eliminate surface glare from the sun will put more fish on the bank","breadcrumb":{"@id":"https:\/\/fortiseyewear.co.uk\/collective\/giovanni-vanhooren\/#breadcrumb"},"inLanguage":"de","potentialAction":[{"@type":"ReadAction","target":["https:\/\/fortiseyewear.co.uk\/collective\/giovanni-vanhooren\/"]}]},{"@type":"ImageObject","inLanguage":"de","@id":"https:\/\/fortiseyewear.co.uk\/collective\/giovanni-vanhooren\/#primaryimage","url":"https:\/\/fortiseyewear.co.uk\/wp-content\/uploads\/2013\/03\/GioVanhoorenHeader.jpg","contentUrl":"https:\/\/fortiseyewear.co.uk\/wp-content\/uploads\/2013\/03\/GioVanhoorenHeader.jpg"},{"@type":"BreadcrumbList","@id":"https:\/\/fortiseyewear.co.uk\/collective\/giovanni-vanhooren\/#breadcrumb","itemListElement":[{"@type":"ListItem","position":1,"name":"Home","item":"https:\/\/fortiseyewear.co.uk\/"},{"@type":"ListItem","position":2,"name":"The Collective","item":"https:\/\/fortiseyewear.co.uk\/collective\/"},{"@type":"ListItem","position":3,"name":"Gio Vanhooren"}]},{"@type":"WebSite","@id":"https:\/\/fortiseyewear.co.uk\/#website","url":"https:\/\/fortiseyewear.co.uk\/","name":"Fortis Eyewear","description":"Polarisierende Angel-Sonnenbrille","publisher":{"@id":"https:\/\/fortiseyewear.co.uk\/#organization"},"alternateName":"Fortis","potentialAction":[{"@type":"SearchAction","target":{"@type":"EntryPoint","urlTemplate":"https:\/\/fortiseyewear.co.uk\/?s={search_term_string}"},"query-input":{"@type":"PropertyValueSpecification","valueRequired":true,"valueName":"search_term_string"}}],"inLanguage":"de"},{"@type":"Organization","@id":"https:\/\/fortiseyewear.co.uk\/#organization","name":"Fortis Eyewear","alternateName":"Fortis","url":"https:\/\/fortiseyewear.co.uk\/","logo":{"@type":"ImageObject","inLanguage":"de","@id":"https:\/\/fortiseyewear.co.uk\/#\/schema\/logo\/image\/","url":"https:\/\/fortiseyewear.co.uk\/wp-content\/uploads\/2019\/05\/1.FinalLogoMOBILE.jpg","contentUrl":"https:\/\/fortiseyewear.co.uk\/wp-content\/uploads\/2019\/05\/1.FinalLogoMOBILE.jpg","width":766,"height":541,"caption":"Fortis Eyewear"},"image":{"@id":"https:\/\/fortiseyewear.co.uk\/#\/schema\/logo\/image\/"},"sameAs":["https:\/\/www.facebook.com\/FortisEyewear","https:\/\/x.com\/fortiseyewear","https:\/\/www.instagram.com\/FortisEyewear","https:\/\/www.youtube.com\/channel\/UC5uI6lYx37ltUVATG5skJLw"]}]}},"_links":{"self":[{"href":"https:\/\/fortiseyewear.co.uk\/de\/wp-json\/wp\/v2\/pages\/611","targetHints":{"allow":["GET"]}}],"collection":[{"href":"https:\/\/fortiseyewear.co.uk\/de\/wp-json\/wp\/v2\/pages"}],"about":[{"href":"https:\/\/fortiseyewear.co.uk\/de\/wp-json\/wp\/v2\/types\/page"}],"author":[{"embeddable":true,"href":"https:\/\/fortiseyewear.co.uk\/de\/wp-json\/wp\/v2\/users\/11"}],"replies":[{"embeddable":true,"href":"https:\/\/fortiseyewear.co.uk\/de\/wp-json\/wp\/v2\/comments?post=611"}],"version-history":[{"count":0,"href":"https:\/\/fortiseyewear.co.uk\/de\/wp-json\/wp\/v2\/pages\/611\/revisions"}],"up":[{"embeddable":true,"href":"https:\/\/fortiseyewear.co.uk\/de\/wp-json\/wp\/v2\/pages\/67"}],"wp:attachment":[{"href":"https:\/\/fortiseyewear.co.uk\/de\/wp-json\/wp\/v2\/media?parent=611"}],"curies":[{"name":"wp","href":"https:\/\/api.w.org\/{rel}","templated":true}]}}