{"id":927,"date":"2013-04-05T09:50:51","date_gmt":"2013-04-05T09:50:51","guid":{"rendered":"https:\/\/fortiseyewear.co.uk\/?page_id=927"},"modified":"2020-02-12T13:50:11","modified_gmt":"2020-02-12T13:50:11","slug":"stuart-court","status":"publish","type":"page","link":"https:\/\/fortiseyewear.co.uk\/de\/collective\/stuart-court\/","title":{"rendered":"Stuart Hof"},"content":{"rendered":"<h3><img decoding=\"async\" class=\"alignnone size-full wp-image-3857\" src=\"https:\/\/fortiseyewear.co.uk\/wp-content\/uploads\/2013\/04\/StuartHeader.jpg\" alt=\"StuartHeader\" width=\"680\" height=\"226\" srcset=\"https:\/\/fortiseyewear.co.uk\/wp-content\/uploads\/2013\/04\/StuartHeader.jpg 680w, https:\/\/fortiseyewear.co.uk\/wp-content\/uploads\/2013\/04\/StuartHeader-300x100.jpg 300w, https:\/\/fortiseyewear.co.uk\/wp-content\/uploads\/2013\/04\/StuartHeader-600x199.jpg 600w, https:\/\/fortiseyewear.co.uk\/wp-content\/uploads\/2013\/04\/StuartHeader-640x213.jpg 640w, https:\/\/fortiseyewear.co.uk\/wp-content\/uploads\/2013\/04\/StuartHeader-150x50.jpg 150w, https:\/\/fortiseyewear.co.uk\/wp-content\/uploads\/2013\/04\/StuartHeader-280x93.jpg 280w, https:\/\/fortiseyewear.co.uk\/wp-content\/uploads\/2013\/04\/StuartHeader-160x53.jpg 160w, https:\/\/fortiseyewear.co.uk\/wp-content\/uploads\/2013\/04\/StuartHeader-320x106.jpg 320w, https:\/\/fortiseyewear.co.uk\/wp-content\/uploads\/2013\/04\/StuartHeader-480x160.jpg 480w\" sizes=\"(max-width: 680px) 100vw, 680px\" \/><\/h3>\n<h3>Catching the Impossible<\/h3>\n<p>We welcome Stuart Court to the Fortis Collective. Watford Rod, Stuart, can lend his hand to both running and still water. Stuart fished Adams Mill on the River Great Ouse in its prime, and has since caught big Barbel from the Loddon and the Kennet too. When not chasing record shaking Barbel, you can find him nestled away on &#8220;Rota&#8221; on the hallowed banks of Savay in the Colne Valley.<\/p>\n<p>As an all round angler I have accumulated a mountain of fishing tackle over the years, different rods, reels, tackle boxes, landing nets and so on all designed specifically for certain styles of angling. There is however one extremely important tool which will help catch all species yet takes up no space in the tackle bag and is arguably the most important item that we possess&#8230;our eyes![toggle_basic title=&#8221;Read More&#8221;]\n<p>Whether it be stalking carp from the margins of a beautiful lake or watching barbel glide across the clean gravel of a summer river, virtually all aspects of watercraft revolve around what we can see.<\/p>\n<p>The importance of visually locating my target species before even thinking about actually fishing for them was made very obvious to me many years ago while targeting big barbel in the clear water of the Great Ouse. On arrival at the river, rather than just setting up in the nearest comfy swim, it become second nature to me to first walk the entire stretch scouring the riverbed for signs of fish. Once found, only then would I consider lacing up a rod and introducing a baited rig to them. Those of you that have ever watched barbel go about their business, even in very clear water, will know just how difficult they can be to spot at times as they blend in extremely well to their surroundings. On occasions all you get is the faintest glimpse of a coral pink pectoral fin silhouetted against the gravel below or maybe an inch of tail protruding from under some wafting streamer weed as a fish rests beneath. Locating your quarry, whatever it may be, is the biggest hurdle to overcome in all forms of angling. Once you know where they are, the hard part is done![\/toggle_basic]\n[shareprints gallery_id=&#8221;3775&#8243; gallery_type=&#8221;masonry&#8221; gallery_position=&#8221;pos_center&#8221; gallery_width=&#8221;width_100&#8243; image_size=&#8221;medium&#8221; image_padding=&#8221;10&#8243; theme=&#8221;dark&#8221; image_hover=&#8221;colortosepia&#8221; lightbox_type=&#8221;slide&#8221; titles=&#8221;true&#8221; captions=&#8221;true&#8221; descriptions=&#8221;true&#8221; comments=&#8221;false&#8221; sharing=&#8221;true&#8221;]\n<p style=\"text-align: center;\"><a href=\"https:\/\/instagram.com\/stuartcourt12\"><img decoding=\"async\" class=\"wp-image-3901 size-full\" src=\"https:\/\/fortiseyewear.co.uk\/wp-content\/uploads\/2013\/04\/Instagram.png\" alt=\"Instagram\" width=\"20\" height=\"20\" \/><br \/>\n<\/a>Stuart Court on Instagram<\/p>\n","protected":false},"excerpt":{"rendered":"<p>Das Unm\u00f6gliche fangen Wir begr\u00fc\u00dfen Stuart Court im Fortis-Kollektiv. Stuart, der aus Watford stammt, kann sowohl an flie\u00dfenden als auch an stehenden Gew\u00e4ssern fischen. Stuart fischte in seiner Bl\u00fctezeit in Adams Mill am Fluss Great Ouse und hat seitdem auch gro\u00dfe Barben im Loddon und im Kennet gefangen. Wenn er nicht gerade rekordverd\u00e4chtige Barben jagt,<\/p>","protected":false},"author":11,"featured_media":0,"parent":67,"menu_order":0,"comment_status":"closed","ping_status":"open","template":"","meta":{"_acf_changed":false,"footnotes":""},"class_list":["post-927","page","type-page","status-publish","hentry","prodpage-classic"],"acf":[],"yoast_head":"<!-- This site is optimized with the Yoast SEO Premium plugin v27.5 (Yoast SEO v27.5) - https:\/\/yoast.com\/product\/yoast-seo-premium-wordpress\/ -->\n<title>Polarised Fishing Sunglasses Fortis Eyewear Stuart Court Specimen Angler UK<\/title>\n<meta name=\"description\" content=\"Specimen angler\u2019s such as Stuart Court &amp; Darran Goulder use polarised fishing sunglasses by Fortis Eyewear to help catch more fish. Targeting big fish in deep water using our X Bloc lens technology to eliminate surface glare from the sun will put more fish on the bank\" \/>\n<meta name=\"robots\" content=\"index, follow, max-snippet:-1, max-image-preview:large, max-video-preview:-1\" \/>\n<link rel=\"canonical\" href=\"https:\/\/fortiseyewear.co.uk\/de\/collective\/stuart-court\/\" \/>\n<meta property=\"og:locale\" content=\"de_DE\" \/>\n<meta property=\"og:type\" content=\"article\" \/>\n<meta property=\"og:title\" content=\"Stuart Court\" \/>\n<meta property=\"og:description\" content=\"Specimen angler\u2019s such as Stuart Court &amp; Darran Goulder use polarised fishing sunglasses by Fortis Eyewear to help catch more fish. Targeting big fish in deep water using our X Bloc lens technology to eliminate surface glare from the sun will put more fish on the bank\" \/>\n<meta property=\"og:url\" content=\"https:\/\/fortiseyewear.co.uk\/de\/collective\/stuart-court\/\" \/>\n<meta property=\"og:site_name\" content=\"Fortis Eyewear\" \/>\n<meta property=\"article:publisher\" content=\"https:\/\/www.facebook.com\/FortisEyewear\" \/>\n<meta property=\"article:modified_time\" content=\"2020-02-12T13:50:11+00:00\" \/>\n<meta property=\"og:image\" content=\"https:\/\/fortiseyewear.co.uk\/wp-content\/uploads\/2013\/04\/StuartHeader.jpg\" \/>\n<meta name=\"twitter:card\" content=\"summary_large_image\" \/>\n<meta name=\"twitter:site\" content=\"@fortiseyewear\" \/>\n<meta name=\"twitter:label1\" content=\"Gesch\u00e4tzte Lesezeit\" \/>\n\t<meta name=\"twitter:data1\" content=\"2\u00a0Minuten\" \/>\n<!-- \/ Yoast SEO Premium plugin. -->","yoast_head_json":{"title":"Polarisierte Fischerei-Sonnenbrille Fortis Eyewear Stuart Court Specimen Angler UK","description":"Angler wie Stuart Court und Darran Goulder verwenden polarisierte Angelsonnenbrillen von Fortis Eyewear, um mehr Fische zu fangen. Wenn Sie gro\u00dfe Fische in tiefem Wasser angeln und unsere X Bloc-Glas-Technologie verwenden, um die Blendung durch die Sonne an der Oberfl\u00e4che zu eliminieren, werden mehr Fische am Ufer landen.","robots":{"index":"index","follow":"follow","max-snippet":"max-snippet:-1","max-image-preview":"max-image-preview:large","max-video-preview":"max-video-preview:-1"},"canonical":"https:\/\/fortiseyewear.co.uk\/de\/collective\/stuart-court\/","og_locale":"de_DE","og_type":"article","og_title":"Stuart Court","og_description":"Specimen angler\u2019s such as Stuart Court & Darran Goulder use polarised fishing sunglasses by Fortis Eyewear to help catch more fish. Targeting big fish in deep water using our X Bloc lens technology to eliminate surface glare from the sun will put more fish on the bank","og_url":"https:\/\/fortiseyewear.co.uk\/de\/collective\/stuart-court\/","og_site_name":"Fortis Eyewear","article_publisher":"https:\/\/www.facebook.com\/FortisEyewear","article_modified_time":"2020-02-12T13:50:11+00:00","og_image":[{"url":"https:\/\/fortiseyewear.co.uk\/wp-content\/uploads\/2013\/04\/StuartHeader.jpg","type":"","width":"","height":""}],"twitter_card":"summary_large_image","twitter_site":"@fortiseyewear","twitter_misc":{"Gesch\u00e4tzte Lesezeit":"2\u00a0Minuten"},"schema":{"@context":"https:\/\/schema.org","@graph":[{"@type":"WebPage","@id":"https:\/\/fortiseyewear.co.uk\/collective\/stuart-court\/","url":"https:\/\/fortiseyewear.co.uk\/collective\/stuart-court\/","name":"Polarisierte Fischerei-Sonnenbrille Fortis Eyewear Stuart Court Specimen Angler UK","isPartOf":{"@id":"https:\/\/fortiseyewear.co.uk\/#website"},"primaryImageOfPage":{"@id":"https:\/\/fortiseyewear.co.uk\/collective\/stuart-court\/#primaryimage"},"image":{"@id":"https:\/\/fortiseyewear.co.uk\/collective\/stuart-court\/#primaryimage"},"thumbnailUrl":"https:\/\/fortiseyewear.co.uk\/wp-content\/uploads\/2013\/04\/StuartHeader.jpg","datePublished":"2013-04-05T09:50:51+00:00","dateModified":"2020-02-12T13:50:11+00:00","description":"Angler wie Stuart Court und Darran Goulder verwenden polarisierte Angelsonnenbrillen von Fortis Eyewear, um mehr Fische zu fangen. Wenn Sie gro\u00dfe Fische in tiefem Wasser angeln und unsere X Bloc-Glas-Technologie verwenden, um die Blendung durch die Sonne an der Oberfl\u00e4che zu eliminieren, werden mehr Fische am Ufer landen.","breadcrumb":{"@id":"https:\/\/fortiseyewear.co.uk\/collective\/stuart-court\/#breadcrumb"},"inLanguage":"de","potentialAction":[{"@type":"ReadAction","target":["https:\/\/fortiseyewear.co.uk\/collective\/stuart-court\/"]}]},{"@type":"ImageObject","inLanguage":"de","@id":"https:\/\/fortiseyewear.co.uk\/collective\/stuart-court\/#primaryimage","url":"https:\/\/fortiseyewear.co.uk\/wp-content\/uploads\/2013\/04\/StuartHeader.jpg","contentUrl":"https:\/\/fortiseyewear.co.uk\/wp-content\/uploads\/2013\/04\/StuartHeader.jpg"},{"@type":"BreadcrumbList","@id":"https:\/\/fortiseyewear.co.uk\/collective\/stuart-court\/#breadcrumb","itemListElement":[{"@type":"ListItem","position":1,"name":"Home","item":"https:\/\/fortiseyewear.co.uk\/"},{"@type":"ListItem","position":2,"name":"The Collective","item":"https:\/\/fortiseyewear.co.uk\/collective\/"},{"@type":"ListItem","position":3,"name":"Stuart Court"}]},{"@type":"WebSite","@id":"https:\/\/fortiseyewear.co.uk\/#website","url":"https:\/\/fortiseyewear.co.uk\/","name":"Fortis Eyewear","description":"Polarisierende Angel-Sonnenbrille","publisher":{"@id":"https:\/\/fortiseyewear.co.uk\/#organization"},"alternateName":"Fortis","potentialAction":[{"@type":"SearchAction","target":{"@type":"EntryPoint","urlTemplate":"https:\/\/fortiseyewear.co.uk\/?s={search_term_string}"},"query-input":{"@type":"PropertyValueSpecification","valueRequired":true,"valueName":"search_term_string"}}],"inLanguage":"de"},{"@type":"Organization","@id":"https:\/\/fortiseyewear.co.uk\/#organization","name":"Fortis Eyewear","alternateName":"Fortis","url":"https:\/\/fortiseyewear.co.uk\/","logo":{"@type":"ImageObject","inLanguage":"de","@id":"https:\/\/fortiseyewear.co.uk\/#\/schema\/logo\/image\/","url":"https:\/\/fortiseyewear.co.uk\/wp-content\/uploads\/2019\/05\/1.FinalLogoMOBILE.jpg","contentUrl":"https:\/\/fortiseyewear.co.uk\/wp-content\/uploads\/2019\/05\/1.FinalLogoMOBILE.jpg","width":766,"height":541,"caption":"Fortis Eyewear"},"image":{"@id":"https:\/\/fortiseyewear.co.uk\/#\/schema\/logo\/image\/"},"sameAs":["https:\/\/www.facebook.com\/FortisEyewear","https:\/\/x.com\/fortiseyewear","https:\/\/www.instagram.com\/FortisEyewear","https:\/\/www.youtube.com\/channel\/UC5uI6lYx37ltUVATG5skJLw"]}]}},"_links":{"self":[{"href":"https:\/\/fortiseyewear.co.uk\/de\/wp-json\/wp\/v2\/pages\/927","targetHints":{"allow":["GET"]}}],"collection":[{"href":"https:\/\/fortiseyewear.co.uk\/de\/wp-json\/wp\/v2\/pages"}],"about":[{"href":"https:\/\/fortiseyewear.co.uk\/de\/wp-json\/wp\/v2\/types\/page"}],"author":[{"embeddable":true,"href":"https:\/\/fortiseyewear.co.uk\/de\/wp-json\/wp\/v2\/users\/11"}],"replies":[{"embeddable":true,"href":"https:\/\/fortiseyewear.co.uk\/de\/wp-json\/wp\/v2\/comments?post=927"}],"version-history":[{"count":0,"href":"https:\/\/fortiseyewear.co.uk\/de\/wp-json\/wp\/v2\/pages\/927\/revisions"}],"up":[{"embeddable":true,"href":"https:\/\/fortiseyewear.co.uk\/de\/wp-json\/wp\/v2\/pages\/67"}],"wp:attachment":[{"href":"https:\/\/fortiseyewear.co.uk\/de\/wp-json\/wp\/v2\/media?parent=927"}],"curies":[{"name":"wp","href":"https:\/\/api.w.org\/{rel}","templated":true}]}}