{"id":18547,"date":"2019-07-30T14:01:32","date_gmt":"2019-07-30T14:01:32","guid":{"rendered":"https:\/\/fortiseyewear.co.uk\/?post_type=product&#038;p=18547"},"modified":"2025-11-21T21:43:02","modified_gmt":"2025-11-21T21:43:02","slug":"trail-shorts","status":"publish","type":"product","link":"https:\/\/fortiseyewear.co.uk\/de\/produkt\/trail-shorts\/","title":{"rendered":"Trail Shorts"},"content":{"rendered":"<h3><strong>Trail Shorts \u2013 Lightweight, Durable Shorts Built for the Bank<\/strong><\/h3>\n<p>The Trail Shorts are designed for anglers who demand comfort, movement and practicality. With four secure zippered pockets and a tough ripstop construction, they\u2019re built for exploring, roaming and reacting fast when opportunity presents itself.<\/p>\n<hr \/>\n<h3><strong>Robust, Breathable &#038; Weather-Resistant<\/strong><\/h3>\n<p>Crafted from lightweight stretch ripstop fabric, the Trail Shorts balance toughness with comfort. Hard-wearing enough for brambles yet soft and breathable for long, hot days on the bank, they deliver dependable performance throughout the season.<\/p>\n<hr \/>\n<h3><strong>Engineered for Full Mobility<\/strong><\/h3>\n<p>Articulated patterning, a gusseted crotch and ergonomic shaping give you total freedom of movement \u2014 whether you\u2019re climbing, crouching, casting or creeping down the margins. Designed to move with you, not against you.<\/p>\n<hr \/>\n<h3><strong>Weather Protection You Can Rely On<\/strong><\/h3>\n<p>A durable water repellent finish shields you from unexpected showers, morning dew or wet undergrowth, keeping you comfortable and focused on the fishing.<\/p>\n<hr \/>\n<h3><strong>Wesentliche Merkmale<\/strong><\/h3>\n<ul>\n<li>210gm\/m\u00b2 stretch ripstop 100% polyester<\/li>\n<li>Articulated fit with crotch gusset<\/li>\n<li>Elasticated waist for comfort<\/li>\n<li>Integrated adjustable webbing belt<\/li>\n<li>DWR finish for weather protection<\/li>\n<\/ul>\n<p>Stay ahead of the trail in your pursuit of big carp. <strong>#StayCooler<\/strong><\/p>","protected":false},"excerpt":{"rendered":"<h2><em>Eine bequeme, strapazierf\u00e4hige Shorts mit 4 Rei\u00dfverschlusstaschen f\u00fcr Erkundungen<\/em><\/h2>\n<p>Diese robusten, atmungsaktiven Shorts kombinieren Leistung, Komfort und Wetterbest\u00e4ndigkeit. Unser leichtes Ripstop-Material ist widerstandsf\u00e4hig und langlebig, um Brombeerstr\u00e4ucher zu bek\u00e4mpfen, w\u00e4hrend es gleichzeitig dehnbar und weich ist, um eine entspannte Passform zu gew\u00e4hrleisten. Mit vorgeformten Knien und einem Zwickel im Schritt sorgen sie f\u00fcr mehr Bewegungsfreiheit, egal ob Sie einen Baum erklimmen, am See spazieren gehen oder sich mit Ihrer Beute hinhocken. Sie ist wasserabweisend und sch\u00fctzt so vor einem unerwarteten Regenschauer. In den vier Rei\u00dfverschlusstaschen sind Ihre wichtigsten Utensilien sicher verstaut.<\/p>\n[accordion title=\"Technische Daten\"]<br \/>\n- 210 g\/m2 Stretch Ripstop 100% Polyester<br \/>\n- Gelenkige Passform &amp; Zwickel im Schritt<br \/>\n- Gummizug in der Taille<br \/>\n- Integrierter verstellbarer Gurt<br \/>\n- DWR-Ausr\u00fcstung (dauerhaft wasserabweisend)<br \/>\n[\/akkordeon]\n<p><strong>W\u00e4rme:<\/strong> [rating stars=\"1.0\"]<br \/>\n<strong>Leichtes Gewicht:<\/strong> [rating stars=\"4.0\"]<br \/>\n<strong>Schutz des Wassers:<\/strong> [rating stars=\"3.0\"]<br \/>\n<strong>Atmungsaktivit\u00e4t:<\/strong> [rating stars=\"5.0\"]<\/p>\n<p>F\u00fcr weitere Informationen besuchen Sie unsere <a href=\"\/de\/clothing-guide\/\">Leitfaden f\u00fcr Kleidung<\/a>.<br \/>\nWaschanleitung auf dem Kleidungsst\u00fcck.<\/p>\n<p>Preis: \u00a344.99<\/p>\n<p><span style=\"color: #ff6600;\"><strong>*Nur bei den von uns empfohlenen Angelfachh\u00e4ndlern erh\u00e4ltlich.<br \/>\n<\/strong><span style=\"color: #000000;\">Besuchen Sie unser <a style=\"color: #000000;\" href=\"\/de\/stockists\/\">Lagerhalter<\/a> Seite.<\/span><\/span><\/p>","protected":false},"featured_media":36566,"template":"","meta":{"_acf_changed":false},"collection":[1425],"product_brand":[],"product_cat":[557],"product_tag":[],"class_list":{"0":"post-18547","1":"product","2":"type-product","3":"status-publish","4":"has-post-thumbnail","6":"collection-trail","7":"product_cat-carp-fishing-clothing","9":"first","10":"instock","11":"taxable","12":"shipping-taxable","13":"purchasable","14":"product-type-variable","15":"prodpage-classic"},"acf":[],"yoast_head":"<!-- This site is optimized with the Yoast SEO Premium plugin v26.7 (Yoast SEO v26.7) - https:\/\/yoast.com\/wordpress\/plugins\/seo\/ -->\n<title>Trail Shorts | Performance Fishing Clothing \u2013 Fortis Eyewear<\/title>\n<meta name=\"description\" content=\"Trail Shorts are lightweight quick-dry fishing shorts for the active angler. Comfortable waistband and YKK zippered pockets for essentials.\" \/>\n<meta name=\"robots\" content=\"index, follow, max-snippet:-1, max-image-preview:large, max-video-preview:-1\" \/>\n<link rel=\"canonical\" href=\"https:\/\/fortiseyewear.co.uk\/de\/produkt\/trail-shorts\/\" \/>\n<meta property=\"og:locale\" content=\"de_DE\" \/>\n<meta property=\"og:type\" content=\"article\" \/>\n<meta property=\"og:title\" content=\"Trail Shorts\" \/>\n<meta property=\"og:description\" content=\"Trail Shorts are lightweight quick-dry fishing shorts for the active angler. Comfortable waistband and YKK zippered pockets for essentials.\" \/>\n<meta property=\"og:url\" content=\"https:\/\/fortiseyewear.co.uk\/de\/produkt\/trail-shorts\/\" \/>\n<meta property=\"og:site_name\" content=\"Fortis Eyewear\" \/>\n<meta property=\"article:publisher\" content=\"https:\/\/www.facebook.com\/FortisEyewear\" \/>\n<meta property=\"article:modified_time\" content=\"2025-11-21T21:43:02+00:00\" \/>\n<meta property=\"og:image\" content=\"https:\/\/fortiseyewear.co.uk\/wp-content\/uploads\/2021\/05\/SHDPM01.jpg\" \/>\n\t<meta property=\"og:image:width\" content=\"600\" \/>\n\t<meta property=\"og:image:height\" content=\"800\" \/>\n\t<meta property=\"og:image:type\" content=\"image\/jpeg\" \/>\n<meta name=\"twitter:card\" content=\"summary_large_image\" \/>\n<meta name=\"twitter:site\" content=\"@fortiseyewear\" \/>\n<meta name=\"twitter:label1\" content=\"Gesch\u00e4tzte Lesezeit\" \/>\n\t<meta name=\"twitter:data1\" content=\"3\u00a0Minuten\" \/>\n<!-- \/ Yoast SEO Premium plugin. -->","yoast_head_json":{"title":"Trail Shorts | Performance Fishing Clothing \u2013 Fortis Eyewear","description":"Trail Shorts are lightweight quick-dry fishing shorts for the active angler. Comfortable waistband and YKK zippered pockets for essentials.","robots":{"index":"index","follow":"follow","max-snippet":"max-snippet:-1","max-image-preview":"max-image-preview:large","max-video-preview":"max-video-preview:-1"},"canonical":"https:\/\/fortiseyewear.co.uk\/de\/produkt\/trail-shorts\/","og_locale":"de_DE","og_type":"article","og_title":"Trail Shorts","og_description":"Trail Shorts are lightweight quick-dry fishing shorts for the active angler. Comfortable waistband and YKK zippered pockets for essentials.","og_url":"https:\/\/fortiseyewear.co.uk\/de\/produkt\/trail-shorts\/","og_site_name":"Fortis Eyewear","article_publisher":"https:\/\/www.facebook.com\/FortisEyewear","article_modified_time":"2025-11-21T21:43:02+00:00","og_image":[{"width":600,"height":800,"url":"https:\/\/fortiseyewear.co.uk\/wp-content\/uploads\/2021\/05\/SHDPM01.jpg","type":"image\/jpeg"}],"twitter_card":"summary_large_image","twitter_site":"@fortiseyewear","twitter_misc":{"Gesch\u00e4tzte Lesezeit":"3\u00a0Minuten"},"schema":{"@context":"https:\/\/schema.org","@graph":[{"@type":"WebPage","@id":"https:\/\/fortiseyewear.co.uk\/product\/trail-shorts\/","url":"https:\/\/fortiseyewear.co.uk\/product\/trail-shorts\/","name":"Trail Shorts | Performance Fishing Clothing \u2013 Fortis Eyewear","isPartOf":{"@id":"https:\/\/fortiseyewear.co.uk\/#website"},"primaryImageOfPage":{"@id":"https:\/\/fortiseyewear.co.uk\/product\/trail-shorts\/#primaryimage"},"image":{"@id":"https:\/\/fortiseyewear.co.uk\/product\/trail-shorts\/#primaryimage"},"thumbnailUrl":"https:\/\/fortiseyewear.co.uk\/wp-content\/uploads\/2021\/05\/SHDPM01.jpg","datePublished":"2019-07-30T14:01:32+00:00","dateModified":"2025-11-21T21:43:02+00:00","description":"Trail Shorts are lightweight quick-dry fishing shorts for the active angler. Comfortable waistband and YKK zippered pockets for essentials.","breadcrumb":{"@id":"https:\/\/fortiseyewear.co.uk\/product\/trail-shorts\/#breadcrumb"},"inLanguage":"de","potentialAction":[{"@type":"ReadAction","target":["https:\/\/fortiseyewear.co.uk\/product\/trail-shorts\/"]}]},{"@type":"ImageObject","inLanguage":"de","@id":"https:\/\/fortiseyewear.co.uk\/product\/trail-shorts\/#primaryimage","url":"https:\/\/fortiseyewear.co.uk\/wp-content\/uploads\/2021\/05\/SHDPM01.jpg","contentUrl":"https:\/\/fortiseyewear.co.uk\/wp-content\/uploads\/2021\/05\/SHDPM01.jpg","width":600,"height":800,"caption":"Fortis Elements Trail Shorts in DPM"},{"@type":"BreadcrumbList","@id":"https:\/\/fortiseyewear.co.uk\/product\/trail-shorts\/#breadcrumb","itemListElement":[{"@type":"ListItem","position":1,"name":"Home","item":"https:\/\/fortiseyewear.co.uk\/"},{"@type":"ListItem","position":2,"name":"Products","item":"https:\/\/fortiseyewear.co.uk\/products\/"},{"@type":"ListItem","position":3,"name":"Trail Shorts"}]},{"@type":"WebSite","@id":"https:\/\/fortiseyewear.co.uk\/#website","url":"https:\/\/fortiseyewear.co.uk\/","name":"Fortis Eyewear","description":"Polarisierende Angel-Sonnenbrille","publisher":{"@id":"https:\/\/fortiseyewear.co.uk\/#organization"},"alternateName":"Fortis","potentialAction":[{"@type":"SearchAction","target":{"@type":"EntryPoint","urlTemplate":"https:\/\/fortiseyewear.co.uk\/?s={search_term_string}"},"query-input":{"@type":"PropertyValueSpecification","valueRequired":true,"valueName":"search_term_string"}}],"inLanguage":"de"},{"@type":"Organization","@id":"https:\/\/fortiseyewear.co.uk\/#organization","name":"Fortis Eyewear","alternateName":"Fortis","url":"https:\/\/fortiseyewear.co.uk\/","logo":{"@type":"ImageObject","inLanguage":"de","@id":"https:\/\/fortiseyewear.co.uk\/#\/schema\/logo\/image\/","url":"https:\/\/fortiseyewear.co.uk\/wp-content\/uploads\/2019\/05\/1.FinalLogoMOBILE.jpg","contentUrl":"https:\/\/fortiseyewear.co.uk\/wp-content\/uploads\/2019\/05\/1.FinalLogoMOBILE.jpg","width":766,"height":541,"caption":"Fortis Eyewear"},"image":{"@id":"https:\/\/fortiseyewear.co.uk\/#\/schema\/logo\/image\/"},"sameAs":["https:\/\/www.facebook.com\/FortisEyewear","https:\/\/x.com\/fortiseyewear","https:\/\/www.instagram.com\/FortisEyewear","https:\/\/www.youtube.com\/channel\/UC5uI6lYx37ltUVATG5skJLw"]}]}},"_links":{"self":[{"href":"https:\/\/fortiseyewear.co.uk\/de\/wp-json\/wp\/v2\/product\/18547","targetHints":{"allow":["GET"]}}],"collection":[{"href":"https:\/\/fortiseyewear.co.uk\/de\/wp-json\/wp\/v2\/product"}],"about":[{"href":"https:\/\/fortiseyewear.co.uk\/de\/wp-json\/wp\/v2\/types\/product"}],"wp:featuredmedia":[{"embeddable":true,"href":"https:\/\/fortiseyewear.co.uk\/de\/wp-json\/wp\/v2\/media\/36566"}],"wp:attachment":[{"href":"https:\/\/fortiseyewear.co.uk\/de\/wp-json\/wp\/v2\/media?parent=18547"}],"wp:term":[{"taxonomy":"collection","embeddable":true,"href":"https:\/\/fortiseyewear.co.uk\/de\/wp-json\/wp\/v2\/collection?post=18547"},{"taxonomy":"product_brand","embeddable":true,"href":"https:\/\/fortiseyewear.co.uk\/de\/wp-json\/wp\/v2\/product_brand?post=18547"},{"taxonomy":"product_cat","embeddable":true,"href":"https:\/\/fortiseyewear.co.uk\/de\/wp-json\/wp\/v2\/product_cat?post=18547"},{"taxonomy":"product_tag","embeddable":true,"href":"https:\/\/fortiseyewear.co.uk\/de\/wp-json\/wp\/v2\/product_tag?post=18547"}],"curies":[{"name":"wp","href":"https:\/\/api.w.org\/{rel}","templated":true}]}}