{"id":38015,"date":"2022-07-21T14:45:32","date_gmt":"2022-07-21T14:45:32","guid":{"rendered":"https:\/\/fortiseyewear.co.uk\/?post_type=product&#038;p=38015"},"modified":"2025-12-29T19:37:55","modified_gmt":"2025-12-29T19:37:55","slug":"t-shirt-realtree-short-sleeve","status":"publish","type":"product","link":"https:\/\/fortiseyewear.co.uk\/de\/produkt\/t-shirt-realtree-short-sleeve\/","title":{"rendered":"T-Shirt Realtree Kurzarm"},"content":{"rendered":"<h3><strong>Realtree Short Sleeve T-Shirt \u2013 Premium Camo Fishing Tee<\/strong><\/h3>\n<p>\nThe Realtree Short Sleeve T-Shirt is a premium piece of angling apparel, built from 190gsm heavyweight 100% cotton jersey for dependable comfort throughout long sessions on the bank. Soft, breathable and durable, it\u2019s designed for everyday wear on and off the water.\n<\/p>\n<hr \/>\n<h3><strong>Practical Details for the Modern Angler<\/strong><\/h3>\n<p>\nA chest pocket finished with a classic woven Fortis label adds subtle detail and provides a practical spot for small essentials. Clean, understated and functional \u2014 true to the Fortis aesthetic.\n<\/p>\n<hr \/>\n<h3><strong>Oversized Fit for Easy Movement<\/strong><\/h3>\n<p>\nCut with a relaxed, oversized fit, this T-shirt allows unrestricted movement whether casting, climbing, walking the banks or setting up your camp for the session ahead.\n<\/p>\n<hr \/>\n<h3><strong>Official Realtree EDGE\u00ae Camouflage<\/strong><\/h3>\n<p>\nFeaturing the officially licensed Realtree EDGE\u00ae pattern, this tee brings an iconic piece of angling heritage into the modern era. Popularised in the late 90s and early 2000s, Realtree camo remains a favourite with today\u2019s anglers for its natural woodland blend and timeless look.\n<\/p>\n<hr \/>\n<h3><strong>Wesentliche Merkmale<\/strong><\/h3>\n<ul>\n<li><strong>190gsm 100% cotton jersey<\/strong> \u2013 Heavyweight, soft and durable.<\/li>\n<li><strong>Chest pocket with woven Fortis label<\/strong> \u2013 Practical and understated.<\/li>\n<li><strong>Oversized fit<\/strong> \u2013 Designed for comfort and freedom of movement.<\/li>\n<li><strong>Official Realtree EDGE\u00ae pattern<\/strong> \u2013 Authentic camo heritage.<\/li>\n<\/ul>","protected":false},"excerpt":{"rendered":"<h2><em>Ein hochwertiges kurz\u00e4rmeliges Realtree T-Shirt<\/em><\/h2>\n<p>Das S\/S Pocket T-Shirt ist aus 190 g schwerem 100%-Baumwolljersey gefertigt und verf\u00fcgt \u00fcber eine Brusttasche mit einem klassischen gewebten Fortis-Label. Dieses Teil hat eine \u00fcbergro\u00dfe Passform. Das Kleidungsst\u00fcck ist mit dem offiziell lizenzierten Realtree EDGE\u00ae-Muster versehen, das in den sp\u00e4ten 90er und fr\u00fchen 2000er Jahren bei den gro\u00dfen Anglern sehr beliebt war. Es ist auf dem besten Weg, ein Klassiker zu werden.<\/p>\n<p><strong>W\u00e4rme:<\/strong> [rating stars=\"1.0\"]<br \/>\n<strong>Leichtes Gewicht:<\/strong> [rating stars=\"4.0\"]<br \/>\n<strong>Schutz des Wassers:<\/strong> [rating stars=\"0.0\"]<br \/>\n<strong>Atmungsaktivit\u00e4t:<\/strong> [rating stars=\"3.0\"]<\/p>\n<p>F\u00fcr weitere Informationen besuchen Sie unsere <a href=\"\/de\/clothing-guide\/\">Leitfaden f\u00fcr Kleidung<\/a>.<br \/>\nWaschanleitung auf dem Kleidungsst\u00fcck.<\/p>\n<p><strong>Preis:<\/strong> \u00a329.99<\/p>\n<p><strong>*Nur bei den von uns empfohlenen Angelfachh\u00e4ndlern erh\u00e4ltlich.<\/strong><br \/>\nBesuchen Sie unser <a href=\"https:\/\/fortiseyewear.co.uk\/de\/stockists\/\">STOCKISTS<\/a> Seite.<\/p>","protected":false},"featured_media":38022,"template":"","meta":{"_acf_changed":false},"collection":[1451],"product_brand":[],"product_cat":[557],"product_tag":[],"class_list":{"0":"post-38015","1":"product","2":"type-product","3":"status-publish","4":"has-post-thumbnail","6":"collection-realtree","7":"product_cat-carp-fishing-clothing","9":"first","10":"instock","11":"taxable","12":"shipping-taxable","13":"purchasable","14":"product-type-variable","15":"prodpage-classic"},"acf":[],"yoast_head":"<!-- This site is optimized with the Yoast SEO Premium plugin v26.7 (Yoast SEO v26.7) - https:\/\/yoast.com\/wordpress\/plugins\/seo\/ -->\n<title>T-Shirt Realtree Short Sleeve | Performance Fishing Clothing \u2013 Fortis Eyewear<\/title>\n<meta name=\"description\" content=\"T-Shirt Realtree Short Sleeve is a 190gsm heavyweight, oversized pocket tee in licensed Realtree EDGE\u00ae camo. Soft 100% cotton and woven Fortis label.\" \/>\n<meta name=\"robots\" content=\"index, follow, max-snippet:-1, max-image-preview:large, max-video-preview:-1\" \/>\n<link rel=\"canonical\" href=\"https:\/\/fortiseyewear.co.uk\/de\/produkt\/t-shirt-realtree-short-sleeve\/\" \/>\n<meta property=\"og:locale\" content=\"de_DE\" \/>\n<meta property=\"og:type\" content=\"article\" \/>\n<meta property=\"og:title\" content=\"T-Shirt Realtree Short Sleeve\" \/>\n<meta property=\"og:description\" content=\"T-Shirt Realtree Short Sleeve is a 190gsm heavyweight, oversized pocket tee in licensed Realtree EDGE\u00ae camo. Soft 100% cotton and woven Fortis label.\" \/>\n<meta property=\"og:url\" content=\"https:\/\/fortiseyewear.co.uk\/de\/produkt\/t-shirt-realtree-short-sleeve\/\" \/>\n<meta property=\"og:site_name\" content=\"Fortis Eyewear\" \/>\n<meta property=\"article:publisher\" content=\"https:\/\/www.facebook.com\/FortisEyewear\" \/>\n<meta property=\"article:modified_time\" content=\"2025-12-29T19:37:55+00:00\" \/>\n<meta property=\"og:image\" content=\"https:\/\/fortiseyewear.co.uk\/wp-content\/uploads\/2022\/07\/TRTSS01-Front.jpg\" \/>\n\t<meta property=\"og:image:width\" content=\"600\" \/>\n\t<meta property=\"og:image:height\" content=\"800\" \/>\n\t<meta property=\"og:image:type\" content=\"image\/jpeg\" \/>\n<meta name=\"twitter:card\" content=\"summary_large_image\" \/>\n<meta name=\"twitter:site\" content=\"@fortiseyewear\" \/>\n<meta name=\"twitter:label1\" content=\"Gesch\u00e4tzte Lesezeit\" \/>\n\t<meta name=\"twitter:data1\" content=\"2\u00a0Minuten\" \/>\n<!-- \/ Yoast SEO Premium plugin. -->","yoast_head_json":{"title":"T-Shirt Realtree Short Sleeve | Performance Fishing Clothing \u2013 Fortis Eyewear","description":"T-Shirt Realtree Short Sleeve is a 190gsm heavyweight, oversized pocket tee in licensed Realtree EDGE\u00ae camo. Soft 100% cotton and woven Fortis label.","robots":{"index":"index","follow":"follow","max-snippet":"max-snippet:-1","max-image-preview":"max-image-preview:large","max-video-preview":"max-video-preview:-1"},"canonical":"https:\/\/fortiseyewear.co.uk\/de\/produkt\/t-shirt-realtree-short-sleeve\/","og_locale":"de_DE","og_type":"article","og_title":"T-Shirt Realtree Short Sleeve","og_description":"T-Shirt Realtree Short Sleeve is a 190gsm heavyweight, oversized pocket tee in licensed Realtree EDGE\u00ae camo. Soft 100% cotton and woven Fortis label.","og_url":"https:\/\/fortiseyewear.co.uk\/de\/produkt\/t-shirt-realtree-short-sleeve\/","og_site_name":"Fortis Eyewear","article_publisher":"https:\/\/www.facebook.com\/FortisEyewear","article_modified_time":"2025-12-29T19:37:55+00:00","og_image":[{"width":600,"height":800,"url":"https:\/\/fortiseyewear.co.uk\/wp-content\/uploads\/2022\/07\/TRTSS01-Front.jpg","type":"image\/jpeg"}],"twitter_card":"summary_large_image","twitter_site":"@fortiseyewear","twitter_misc":{"Gesch\u00e4tzte Lesezeit":"2\u00a0Minuten"},"schema":{"@context":"https:\/\/schema.org","@graph":[{"@type":"WebPage","@id":"https:\/\/fortiseyewear.co.uk\/product\/t-shirt-realtree-short-sleeve\/","url":"https:\/\/fortiseyewear.co.uk\/product\/t-shirt-realtree-short-sleeve\/","name":"T-Shirt Realtree Short Sleeve | Performance Fishing Clothing \u2013 Fortis Eyewear","isPartOf":{"@id":"https:\/\/fortiseyewear.co.uk\/#website"},"primaryImageOfPage":{"@id":"https:\/\/fortiseyewear.co.uk\/product\/t-shirt-realtree-short-sleeve\/#primaryimage"},"image":{"@id":"https:\/\/fortiseyewear.co.uk\/product\/t-shirt-realtree-short-sleeve\/#primaryimage"},"thumbnailUrl":"https:\/\/fortiseyewear.co.uk\/wp-content\/uploads\/2022\/07\/TRTSS01-Front.jpg","datePublished":"2022-07-21T14:45:32+00:00","dateModified":"2025-12-29T19:37:55+00:00","description":"T-Shirt Realtree Short Sleeve is a 190gsm heavyweight, oversized pocket tee in licensed Realtree EDGE\u00ae camo. Soft 100% cotton and woven Fortis label.","breadcrumb":{"@id":"https:\/\/fortiseyewear.co.uk\/product\/t-shirt-realtree-short-sleeve\/#breadcrumb"},"inLanguage":"de","potentialAction":[{"@type":"ReadAction","target":["https:\/\/fortiseyewear.co.uk\/product\/t-shirt-realtree-short-sleeve\/"]}]},{"@type":"ImageObject","inLanguage":"de","@id":"https:\/\/fortiseyewear.co.uk\/product\/t-shirt-realtree-short-sleeve\/#primaryimage","url":"https:\/\/fortiseyewear.co.uk\/wp-content\/uploads\/2022\/07\/TRTSS01-Front.jpg","contentUrl":"https:\/\/fortiseyewear.co.uk\/wp-content\/uploads\/2022\/07\/TRTSS01-Front.jpg","width":600,"height":800,"caption":"Fortis Realtree T-Shirt Short Sleeve"},{"@type":"BreadcrumbList","@id":"https:\/\/fortiseyewear.co.uk\/product\/t-shirt-realtree-short-sleeve\/#breadcrumb","itemListElement":[{"@type":"ListItem","position":1,"name":"Home","item":"https:\/\/fortiseyewear.co.uk\/"},{"@type":"ListItem","position":2,"name":"Products","item":"https:\/\/fortiseyewear.co.uk\/products\/"},{"@type":"ListItem","position":3,"name":"T-Shirt Realtree Short Sleeve"}]},{"@type":"WebSite","@id":"https:\/\/fortiseyewear.co.uk\/#website","url":"https:\/\/fortiseyewear.co.uk\/","name":"Fortis Eyewear","description":"Polarisierende Angel-Sonnenbrille","publisher":{"@id":"https:\/\/fortiseyewear.co.uk\/#organization"},"alternateName":"Fortis","potentialAction":[{"@type":"SearchAction","target":{"@type":"EntryPoint","urlTemplate":"https:\/\/fortiseyewear.co.uk\/?s={search_term_string}"},"query-input":{"@type":"PropertyValueSpecification","valueRequired":true,"valueName":"search_term_string"}}],"inLanguage":"de"},{"@type":"Organization","@id":"https:\/\/fortiseyewear.co.uk\/#organization","name":"Fortis Eyewear","alternateName":"Fortis","url":"https:\/\/fortiseyewear.co.uk\/","logo":{"@type":"ImageObject","inLanguage":"de","@id":"https:\/\/fortiseyewear.co.uk\/#\/schema\/logo\/image\/","url":"https:\/\/fortiseyewear.co.uk\/wp-content\/uploads\/2019\/05\/1.FinalLogoMOBILE.jpg","contentUrl":"https:\/\/fortiseyewear.co.uk\/wp-content\/uploads\/2019\/05\/1.FinalLogoMOBILE.jpg","width":766,"height":541,"caption":"Fortis Eyewear"},"image":{"@id":"https:\/\/fortiseyewear.co.uk\/#\/schema\/logo\/image\/"},"sameAs":["https:\/\/www.facebook.com\/FortisEyewear","https:\/\/x.com\/fortiseyewear","https:\/\/www.instagram.com\/FortisEyewear","https:\/\/www.youtube.com\/channel\/UC5uI6lYx37ltUVATG5skJLw"]}]}},"_links":{"self":[{"href":"https:\/\/fortiseyewear.co.uk\/de\/wp-json\/wp\/v2\/product\/38015","targetHints":{"allow":["GET"]}}],"collection":[{"href":"https:\/\/fortiseyewear.co.uk\/de\/wp-json\/wp\/v2\/product"}],"about":[{"href":"https:\/\/fortiseyewear.co.uk\/de\/wp-json\/wp\/v2\/types\/product"}],"wp:featuredmedia":[{"embeddable":true,"href":"https:\/\/fortiseyewear.co.uk\/de\/wp-json\/wp\/v2\/media\/38022"}],"wp:attachment":[{"href":"https:\/\/fortiseyewear.co.uk\/de\/wp-json\/wp\/v2\/media?parent=38015"}],"wp:term":[{"taxonomy":"collection","embeddable":true,"href":"https:\/\/fortiseyewear.co.uk\/de\/wp-json\/wp\/v2\/collection?post=38015"},{"taxonomy":"product_brand","embeddable":true,"href":"https:\/\/fortiseyewear.co.uk\/de\/wp-json\/wp\/v2\/product_brand?post=38015"},{"taxonomy":"product_cat","embeddable":true,"href":"https:\/\/fortiseyewear.co.uk\/de\/wp-json\/wp\/v2\/product_cat?post=38015"},{"taxonomy":"product_tag","embeddable":true,"href":"https:\/\/fortiseyewear.co.uk\/de\/wp-json\/wp\/v2\/product_tag?post=38015"}],"curies":[{"name":"wp","href":"https:\/\/api.w.org\/{rel}","templated":true}]}}