{"id":46263,"date":"2024-10-15T10:53:15","date_gmt":"2024-10-15T10:53:15","guid":{"rendered":"https:\/\/fortiseyewear.co.uk\/?post_type=product&#038;p=46263"},"modified":"2025-11-21T19:51:17","modified_gmt":"2025-11-21T19:51:17","slug":"recce-mini-milk","status":"publish","type":"product","link":"https:\/\/fortiseyewear.co.uk\/de\/produkt\/recce-mini-milk\/","title":{"rendered":"Recce Mini-Milch"},"content":{"rendered":"<h3><strong>Mini Milk Doppelwandige Edelstahl Isolierflasche - 354ml<\/strong><\/h3>\n<p>\nSay goodbye to spoilt milk, waste and unnecessary plastic. The <strong>Mini-Milch<\/strong> is the ideal solution for keeping milk fresh for your brews, whether at home or on the go. This <strong>354ml vakuumisolierte Flasche aus Edelstahl<\/strong> features a leak-proof lid and keeps liquids cold for up to 24 hours or hot for up to 12 hours.\n<\/p>\n<hr \/>\n<h3><strong>Frische Milch f\u00fcr unterwegs: 24 Stunden lang kalt halten<\/strong><\/h3>\n<p>\nDesigned to maintain temperature for extended periods, the Mini Milk ensures your milk stays fresh and ready to use throughout the day \u2014 perfect for anglers, commuters and anyone who wants reliable freshness wherever they are.\n<\/p>\n<hr \/>\n<h3><strong>M\u00fchelose Ausgie\u00dfbarkeit mit Weithals-Deckel<\/strong><\/h3>\n<p>\nThe wide-neck, easy-pour lid makes decanting simple and efficient. Ideal for preparing hot drinks quickly, whether you&#8217;re making coffee, tea or anything requiring fresh milk on demand.\n<\/p>\n<hr \/>\n<h3><strong>Nachhaltig und sicher<\/strong><\/h3>\n<p>\nConstructed from durable stainless steel, the bottle is <strong>ISO 9001 zertifiziert<\/strong>, <strong>BPA-frei<\/strong> und <strong>fully recyclable<\/strong>. It provides a long-lasting, environmentally responsible alternative to disposable plastic. Please note: hand wash only.\n<\/p>\n<hr \/>\n<h3><strong>Produktmerkmale<\/strong><\/h3>\n<ul>\n<li><strong>Capacity:<\/strong> 354ml<\/li>\n<li><strong>Temperature Retention:<\/strong> Keeps liquids cold for 24 hours or hot for 12 hours<\/li>\n<li><strong>Leak-Proof Design<\/strong> for reliable transport<\/li>\n<li><strong>Wide-Neck Lid<\/strong> for easy pouring<\/li>\n<li><strong>ISO 9001 Certified &#038; BPA-Free<\/strong><\/li>\n<li><strong>Recyclable Stainless Steel<\/strong><\/li>\n<li><strong>Hand Wash Only<\/strong><\/li>\n<\/ul>","protected":false},"excerpt":{"rendered":"<h2><em>Eine doppelwandige, isolierte Flasche aus Edelstahl<\/em><\/h2>\n<p>Keine verdorbene Milch mehr. Keine Verschwendung mehr. Kein Plastik mehr. Keine Hektik mehr an der Tankstelle!<\/p>\n<p>Die Mini Milk ist eine vakuumisolierte Edelstahlflasche mit 354 ml Fassungsverm\u00f6gen und auslaufsicherem Deckel, die sich perfekt f\u00fcr die Aufbewahrung von Milch f\u00fcr Ihr Getr\u00e4nk eignet. Diese Flasche h\u00e4lt Ihre Fl\u00fcssigkeiten 24 Stunden lang kalt, oder wenn Sie lieber hei\u00dfe Fl\u00fcssigkeiten f\u00fcr 12 Stunden. Mit dem leicht zu \u00f6ffnenden Weithalsdeckel k\u00f6nnen Sie Ihre Milch zu Hause m\u00fchelos umf\u00fcllen, um sich auf Ihre n\u00e4chste Session vorzubereiten. Zertifiziert nach ISO 9001, BPA-frei und recycelbar. Nur von Hand waschen.<\/p>\n<p><strong>Preis:<\/strong> \u00a314.99<\/p>\n<p><span style=\"color: #ff6600;\"><strong>*Nur bei den von uns empfohlenen Angelfachh\u00e4ndlern erh\u00e4ltlich<br \/>\n<\/strong><span style=\"color: #000000;\">Besuchen Sie unser <a style=\"color: #000000;\" href=\"\/de\/stockists\/\">Lagerhalter<\/a> Seite.<\/span><\/span><\/p>","protected":false},"featured_media":46266,"template":"","meta":{"_acf_changed":false},"collection":[1429],"product_brand":[],"product_cat":[575],"product_tag":[],"class_list":{"0":"post-46263","1":"product","2":"type-product","3":"status-publish","4":"has-post-thumbnail","6":"collection-recce","7":"product_cat-carp-fishing-luggage-accessories","9":"first","10":"instock","11":"taxable","12":"shipping-taxable","13":"purchasable","14":"product-type-simple","15":"prodpage-classic"},"acf":[],"yoast_head":"<!-- This site is optimized with the Yoast SEO Premium plugin v26.7 (Yoast SEO v26.7) - https:\/\/yoast.com\/wordpress\/plugins\/seo\/ -->\n<title>Recce Mini Milk | Carp Fishing Accessories \u2013 Fortis Eyewear<\/title>\n<meta name=\"description\" content=\"Recce Mini Milk is an insulated mini milk bottle for proper brews on the bank. Keeps milk fresh in your brew kit all session.\" \/>\n<meta name=\"robots\" content=\"index, follow, max-snippet:-1, max-image-preview:large, max-video-preview:-1\" \/>\n<link rel=\"canonical\" href=\"https:\/\/fortiseyewear.co.uk\/de\/produkt\/recce-mini-milk\/\" \/>\n<meta property=\"og:locale\" content=\"de_DE\" \/>\n<meta property=\"og:type\" content=\"article\" \/>\n<meta property=\"og:title\" content=\"Recce Mini Milk\" \/>\n<meta property=\"og:description\" content=\"Recce Mini Milk is an insulated mini milk bottle for proper brews on the bank. Keeps milk fresh in your brew kit all session.\" \/>\n<meta property=\"og:url\" content=\"https:\/\/fortiseyewear.co.uk\/de\/produkt\/recce-mini-milk\/\" \/>\n<meta property=\"og:site_name\" content=\"Fortis Eyewear\" \/>\n<meta property=\"article:publisher\" content=\"https:\/\/www.facebook.com\/FortisEyewear\" \/>\n<meta property=\"article:modified_time\" content=\"2025-11-21T19:51:17+00:00\" \/>\n<meta property=\"og:image\" content=\"https:\/\/fortiseyewear.co.uk\/wp-content\/uploads\/2024\/10\/RMM01.jpg\" \/>\n\t<meta property=\"og:image:width\" content=\"600\" \/>\n\t<meta property=\"og:image:height\" content=\"800\" \/>\n\t<meta property=\"og:image:type\" content=\"image\/jpeg\" \/>\n<meta name=\"twitter:card\" content=\"summary_large_image\" \/>\n<meta name=\"twitter:site\" content=\"@fortiseyewear\" \/>\n<meta name=\"twitter:label1\" content=\"Gesch\u00e4tzte Lesezeit\" \/>\n\t<meta name=\"twitter:data1\" content=\"1\u00a0Minute\" \/>\n<!-- \/ Yoast SEO Premium plugin. -->","yoast_head_json":{"title":"Recce Mini Milk | Carp Fishing Accessories \u2013 Fortis Eyewear","description":"Recce Mini Milk is an insulated mini milk bottle for proper brews on the bank. Keeps milk fresh in your brew kit all session.","robots":{"index":"index","follow":"follow","max-snippet":"max-snippet:-1","max-image-preview":"max-image-preview:large","max-video-preview":"max-video-preview:-1"},"canonical":"https:\/\/fortiseyewear.co.uk\/de\/produkt\/recce-mini-milk\/","og_locale":"de_DE","og_type":"article","og_title":"Recce Mini Milk","og_description":"Recce Mini Milk is an insulated mini milk bottle for proper brews on the bank. Keeps milk fresh in your brew kit all session.","og_url":"https:\/\/fortiseyewear.co.uk\/de\/produkt\/recce-mini-milk\/","og_site_name":"Fortis Eyewear","article_publisher":"https:\/\/www.facebook.com\/FortisEyewear","article_modified_time":"2025-11-21T19:51:17+00:00","og_image":[{"width":600,"height":800,"url":"https:\/\/fortiseyewear.co.uk\/wp-content\/uploads\/2024\/10\/RMM01.jpg","type":"image\/jpeg"}],"twitter_card":"summary_large_image","twitter_site":"@fortiseyewear","twitter_misc":{"Gesch\u00e4tzte Lesezeit":"1\u00a0Minute"},"schema":{"@context":"https:\/\/schema.org","@graph":[{"@type":"WebPage","@id":"https:\/\/fortiseyewear.co.uk\/product\/recce-mini-milk\/","url":"https:\/\/fortiseyewear.co.uk\/product\/recce-mini-milk\/","name":"Recce Mini Milk | Carp Fishing Accessories \u2013 Fortis Eyewear","isPartOf":{"@id":"https:\/\/fortiseyewear.co.uk\/#website"},"primaryImageOfPage":{"@id":"https:\/\/fortiseyewear.co.uk\/product\/recce-mini-milk\/#primaryimage"},"image":{"@id":"https:\/\/fortiseyewear.co.uk\/product\/recce-mini-milk\/#primaryimage"},"thumbnailUrl":"https:\/\/fortiseyewear.co.uk\/wp-content\/uploads\/2024\/10\/RMM01.jpg","datePublished":"2024-10-15T10:53:15+00:00","dateModified":"2025-11-21T19:51:17+00:00","description":"Recce Mini Milk is an insulated mini milk bottle for proper brews on the bank. Keeps milk fresh in your brew kit all session.","breadcrumb":{"@id":"https:\/\/fortiseyewear.co.uk\/product\/recce-mini-milk\/#breadcrumb"},"inLanguage":"de","potentialAction":[{"@type":"ReadAction","target":["https:\/\/fortiseyewear.co.uk\/product\/recce-mini-milk\/"]}]},{"@type":"ImageObject","inLanguage":"de","@id":"https:\/\/fortiseyewear.co.uk\/product\/recce-mini-milk\/#primaryimage","url":"https:\/\/fortiseyewear.co.uk\/wp-content\/uploads\/2024\/10\/RMM01.jpg","contentUrl":"https:\/\/fortiseyewear.co.uk\/wp-content\/uploads\/2024\/10\/RMM01.jpg","width":600,"height":800,"caption":"Fortis Recce Mini Milk Bottle"},{"@type":"BreadcrumbList","@id":"https:\/\/fortiseyewear.co.uk\/product\/recce-mini-milk\/#breadcrumb","itemListElement":[{"@type":"ListItem","position":1,"name":"Home","item":"https:\/\/fortiseyewear.co.uk\/"},{"@type":"ListItem","position":2,"name":"Products","item":"https:\/\/fortiseyewear.co.uk\/products\/"},{"@type":"ListItem","position":3,"name":"Recce Mini Milk"}]},{"@type":"WebSite","@id":"https:\/\/fortiseyewear.co.uk\/#website","url":"https:\/\/fortiseyewear.co.uk\/","name":"Fortis Eyewear","description":"Polarisierende Angel-Sonnenbrille","publisher":{"@id":"https:\/\/fortiseyewear.co.uk\/#organization"},"alternateName":"Fortis","potentialAction":[{"@type":"SearchAction","target":{"@type":"EntryPoint","urlTemplate":"https:\/\/fortiseyewear.co.uk\/?s={search_term_string}"},"query-input":{"@type":"PropertyValueSpecification","valueRequired":true,"valueName":"search_term_string"}}],"inLanguage":"de"},{"@type":"Organization","@id":"https:\/\/fortiseyewear.co.uk\/#organization","name":"Fortis Eyewear","alternateName":"Fortis","url":"https:\/\/fortiseyewear.co.uk\/","logo":{"@type":"ImageObject","inLanguage":"de","@id":"https:\/\/fortiseyewear.co.uk\/#\/schema\/logo\/image\/","url":"https:\/\/fortiseyewear.co.uk\/wp-content\/uploads\/2019\/05\/1.FinalLogoMOBILE.jpg","contentUrl":"https:\/\/fortiseyewear.co.uk\/wp-content\/uploads\/2019\/05\/1.FinalLogoMOBILE.jpg","width":766,"height":541,"caption":"Fortis Eyewear"},"image":{"@id":"https:\/\/fortiseyewear.co.uk\/#\/schema\/logo\/image\/"},"sameAs":["https:\/\/www.facebook.com\/FortisEyewear","https:\/\/x.com\/fortiseyewear","https:\/\/www.instagram.com\/FortisEyewear","https:\/\/www.youtube.com\/channel\/UC5uI6lYx37ltUVATG5skJLw"]}]}},"_links":{"self":[{"href":"https:\/\/fortiseyewear.co.uk\/de\/wp-json\/wp\/v2\/product\/46263","targetHints":{"allow":["GET"]}}],"collection":[{"href":"https:\/\/fortiseyewear.co.uk\/de\/wp-json\/wp\/v2\/product"}],"about":[{"href":"https:\/\/fortiseyewear.co.uk\/de\/wp-json\/wp\/v2\/types\/product"}],"wp:featuredmedia":[{"embeddable":true,"href":"https:\/\/fortiseyewear.co.uk\/de\/wp-json\/wp\/v2\/media\/46266"}],"wp:attachment":[{"href":"https:\/\/fortiseyewear.co.uk\/de\/wp-json\/wp\/v2\/media?parent=46263"}],"wp:term":[{"taxonomy":"collection","embeddable":true,"href":"https:\/\/fortiseyewear.co.uk\/de\/wp-json\/wp\/v2\/collection?post=46263"},{"taxonomy":"product_brand","embeddable":true,"href":"https:\/\/fortiseyewear.co.uk\/de\/wp-json\/wp\/v2\/product_brand?post=46263"},{"taxonomy":"product_cat","embeddable":true,"href":"https:\/\/fortiseyewear.co.uk\/de\/wp-json\/wp\/v2\/product_cat?post=46263"},{"taxonomy":"product_tag","embeddable":true,"href":"https:\/\/fortiseyewear.co.uk\/de\/wp-json\/wp\/v2\/product_tag?post=46263"}],"curies":[{"name":"wp","href":"https:\/\/api.w.org\/{rel}","templated":true}]}}