{"id":53662,"date":"2025-05-23T09:42:08","date_gmt":"2025-05-23T09:42:08","guid":{"rendered":"https:\/\/fortiseyewear.co.uk\/?post_type=product&#038;p=53662"},"modified":"2025-11-21T19:36:36","modified_gmt":"2025-11-21T19:36:36","slug":"trail-boonie","status":"publish","type":"product","link":"https:\/\/fortiseyewear.co.uk\/de\/produkt\/trail-boonie\/","title":{"rendered":"Trail Boonie"},"content":{"rendered":"<h3><strong>The Trail Boonie \u2013 Stay Cool, Covered &#038; Comfortable<\/strong><\/h3>\n<p>\nWhen the sun is beating down, don\u2019t compromise on comfort or style. The Trail Boonie is built for anglers who need dependable sun protection and rugged outdoor performance.\n<\/p>\n<hr \/>\n<h3><strong>Maximaler Schatten, minimaler Aufwand<\/strong><\/h3>\n<p>\nWith its wide, structured brim, the Trail Boonie keeps the sun off your face and neck so you can stay focused \u2014 whether you&#8217;re stalking carp on the bank or trekking summer trails on holiday. The flexible brim provides coverage without compromising visibility or movement.\n<\/p>\n<hr \/>\n<h3><strong>Tough, Lightweight &#038; Built to Last<\/strong><\/h3>\n<p>\nCrafted from durable polyester ripstop, the Trail Boonie is built to withstand whatever the outdoors throws your way. Lightweight and breathable, it\u2019s the hat that stays with you mile after mile, session after session.\n<\/p>\n<hr \/>\n<h3><strong>Ventilated Comfort &#038; Secure Fit<\/strong><\/h3>\n<p>\nStrategically placed vent holes enhance airflow to keep you cool in the heat. A fully adjustable chin strap provides a secure fit in windy conditions \u2014 simply stash it in the hidden flap when you prefer a cleaner silhouette.\n<\/p>\n<hr \/>\n<h3><strong>Funktionaler Stil mit taktischem Anspruch<\/strong><\/h3>\n<p>\nWebbing details around the crown add utility-inspired styling while allowing for additional attachments or customisation. Subtle branding keeps the look clean and confident.\n<\/p>\n<hr \/>\n<h3><strong>Wesentliche Merkmale<\/strong><\/h3>\n<ul>\n<li><strong>Strapazierf\u00e4higes Polyester-Ripstop<\/strong> \u2013 Engineered for rugged outdoor use.<\/li>\n<li><strong>Breite Krempe Design<\/strong> \u2013 Provides sun protection for face and neck.<\/li>\n<li><strong>Bel\u00fcftungs\u00f6ffnungen<\/strong> \u2013 Enhanced airflow for warm conditions.<\/li>\n<li><strong>Verstellbarer Kinnriemen<\/strong> \u2013 Secure fit with discreet stow-away option.<\/li>\n<li><strong>Taktisches Gurtband<\/strong> \u2013 Utility-inspired detailing for optional attachments.<\/li>\n<li><strong>Vielseitiger Outdoor-Stil<\/strong> \u2013 Suitable for fishing, hiking and travel.<\/li>\n<\/ul>\n<hr \/>\n<h3><strong>Bleib im Schatten, bleib schlau<\/strong><\/h3>\n<p>\nWhether you&#8217;re tracking target fish or tackling long trails, the Fortis Trail Boonie keeps you covered \u2014 a summer essential built for performance and comfort.<\/p>","protected":false},"excerpt":{"rendered":"<h2><em>Ein Sommer-Special... Der Trail Boonie<\/em><\/h2>\n<p>Mit dem Trail Boonie aus strapazierf\u00e4higem Polyester-Ripstop mit breiter Krempe und Bel\u00fcftungs\u00f6ffnungen bleiben Sie in der Sonne k\u00fchl und gesch\u00fctzt. Mit Gurtbanddetails, einem versteckten Kinnriemen und dezentem Fortis-Branding f\u00fcr funktionalen Outdoor-Stil.<\/p>\n<p><strong>W\u00e4rme:<\/strong> [rating stars=\"1.0\"]<br \/>\n<strong>Leichtes Gewicht:<\/strong> [rating stars=\"2.0\"]<br \/>\n<strong>Schutz des Wassers:<\/strong> [rating stars=\"2.0\"]<br \/>\n<strong>Sonnenschutz:<\/strong> [rating stars=\"5.0\"]<br \/>\n<strong>Atmungsaktivit\u00e4t:<\/strong> [rating stars=\"3.5\"]<\/p>\n<p>F\u00fcr weitere Informationen besuchen Sie unsere <a href=\"\/de\/clothing-guide\/\">Leitfaden f\u00fcr Kleidung<\/a>.<br \/>\nWaschanleitung auf dem Kleidungsst\u00fcck.<\/p>\n<p>Preis: \u00a319.99<\/p>\n<p><strong>*Nur bei den von uns empfohlenen Angelfachh\u00e4ndlern erh\u00e4ltlich.<\/strong><br \/>\nBesuchen Sie unser <a href=\"https:\/\/fortiseyewear.co.uk\/de\/stockists\/\">STOCKISTS<\/a> Seite.<\/p>","protected":false},"featured_media":53665,"template":"","meta":{"_acf_changed":false},"collection":[1425],"product_brand":[],"product_cat":[557],"product_tag":[],"class_list":{"0":"post-53662","1":"product","2":"type-product","3":"status-publish","4":"has-post-thumbnail","6":"collection-trail","7":"product_cat-carp-fishing-clothing","9":"first","10":"instock","11":"taxable","12":"shipping-taxable","13":"purchasable","14":"product-type-simple","15":"prodpage-classic"},"acf":[],"yoast_head":"<!-- This site is optimized with the Yoast SEO Premium plugin v26.7 (Yoast SEO v26.7) - https:\/\/yoast.com\/wordpress\/plugins\/seo\/ -->\n<title>Trail Boonie | Fishing Boonie Hat \u2013 Fortis Eyewear<\/title>\n<meta name=\"description\" content=\"Trail Boonie is a wide-brim fishing boonie hat for sun and showers. Quick-drying comfort and Fortis styling for long days on the bank.\" \/>\n<meta name=\"robots\" content=\"index, follow, max-snippet:-1, max-image-preview:large, max-video-preview:-1\" \/>\n<link rel=\"canonical\" href=\"https:\/\/fortiseyewear.co.uk\/de\/produkt\/trail-boonie\/\" \/>\n<meta property=\"og:locale\" content=\"de_DE\" \/>\n<meta property=\"og:type\" content=\"article\" \/>\n<meta property=\"og:title\" content=\"Trail Boonie\" \/>\n<meta property=\"og:description\" content=\"Trail Boonie is a wide-brim fishing boonie hat for sun and showers. Quick-drying comfort and Fortis styling for long days on the bank.\" \/>\n<meta property=\"og:url\" content=\"https:\/\/fortiseyewear.co.uk\/de\/produkt\/trail-boonie\/\" \/>\n<meta property=\"og:site_name\" content=\"Fortis Eyewear\" \/>\n<meta property=\"article:publisher\" content=\"https:\/\/www.facebook.com\/FortisEyewear\" \/>\n<meta property=\"article:modified_time\" content=\"2025-11-21T19:36:36+00:00\" \/>\n<meta property=\"og:image\" content=\"https:\/\/fortiseyewear.co.uk\/wp-content\/uploads\/2025\/05\/TRAILB01.jpg\" \/>\n\t<meta property=\"og:image:width\" content=\"600\" \/>\n\t<meta property=\"og:image:height\" content=\"800\" \/>\n\t<meta property=\"og:image:type\" content=\"image\/jpeg\" \/>\n<meta name=\"twitter:card\" content=\"summary_large_image\" \/>\n<meta name=\"twitter:site\" content=\"@fortiseyewear\" \/>\n<meta name=\"twitter:label1\" content=\"Gesch\u00e4tzte Lesezeit\" \/>\n\t<meta name=\"twitter:data1\" content=\"2\u00a0Minuten\" \/>\n<!-- \/ Yoast SEO Premium plugin. -->","yoast_head_json":{"title":"Trail Boonie | Fishing Boonie Hat \u2013 Fortis Eyewear","description":"Trail Boonie is a wide-brim fishing boonie hat for sun and showers. Quick-drying comfort and Fortis styling for long days on the bank.","robots":{"index":"index","follow":"follow","max-snippet":"max-snippet:-1","max-image-preview":"max-image-preview:large","max-video-preview":"max-video-preview:-1"},"canonical":"https:\/\/fortiseyewear.co.uk\/de\/produkt\/trail-boonie\/","og_locale":"de_DE","og_type":"article","og_title":"Trail Boonie","og_description":"Trail Boonie is a wide-brim fishing boonie hat for sun and showers. Quick-drying comfort and Fortis styling for long days on the bank.","og_url":"https:\/\/fortiseyewear.co.uk\/de\/produkt\/trail-boonie\/","og_site_name":"Fortis Eyewear","article_publisher":"https:\/\/www.facebook.com\/FortisEyewear","article_modified_time":"2025-11-21T19:36:36+00:00","og_image":[{"width":600,"height":800,"url":"https:\/\/fortiseyewear.co.uk\/wp-content\/uploads\/2025\/05\/TRAILB01.jpg","type":"image\/jpeg"}],"twitter_card":"summary_large_image","twitter_site":"@fortiseyewear","twitter_misc":{"Gesch\u00e4tzte Lesezeit":"2\u00a0Minuten"},"schema":{"@context":"https:\/\/schema.org","@graph":[{"@type":"WebPage","@id":"https:\/\/fortiseyewear.co.uk\/product\/trail-boonie\/","url":"https:\/\/fortiseyewear.co.uk\/product\/trail-boonie\/","name":"Trail Boonie | Fishing Boonie Hat \u2013 Fortis Eyewear","isPartOf":{"@id":"https:\/\/fortiseyewear.co.uk\/#website"},"primaryImageOfPage":{"@id":"https:\/\/fortiseyewear.co.uk\/product\/trail-boonie\/#primaryimage"},"image":{"@id":"https:\/\/fortiseyewear.co.uk\/product\/trail-boonie\/#primaryimage"},"thumbnailUrl":"https:\/\/fortiseyewear.co.uk\/wp-content\/uploads\/2025\/05\/TRAILB01.jpg","datePublished":"2025-05-23T09:42:08+00:00","dateModified":"2025-11-21T19:36:36+00:00","description":"Trail Boonie is a wide-brim fishing boonie hat for sun and showers. Quick-drying comfort and Fortis styling for long days on the bank.","breadcrumb":{"@id":"https:\/\/fortiseyewear.co.uk\/product\/trail-boonie\/#breadcrumb"},"inLanguage":"de","potentialAction":[{"@type":"ReadAction","target":["https:\/\/fortiseyewear.co.uk\/product\/trail-boonie\/"]}]},{"@type":"ImageObject","inLanguage":"de","@id":"https:\/\/fortiseyewear.co.uk\/product\/trail-boonie\/#primaryimage","url":"https:\/\/fortiseyewear.co.uk\/wp-content\/uploads\/2025\/05\/TRAILB01.jpg","contentUrl":"https:\/\/fortiseyewear.co.uk\/wp-content\/uploads\/2025\/05\/TRAILB01.jpg","width":600,"height":800,"caption":"Fortis Trail Boonie"},{"@type":"BreadcrumbList","@id":"https:\/\/fortiseyewear.co.uk\/product\/trail-boonie\/#breadcrumb","itemListElement":[{"@type":"ListItem","position":1,"name":"Home","item":"https:\/\/fortiseyewear.co.uk\/"},{"@type":"ListItem","position":2,"name":"Products","item":"https:\/\/fortiseyewear.co.uk\/products\/"},{"@type":"ListItem","position":3,"name":"Trail Boonie"}]},{"@type":"WebSite","@id":"https:\/\/fortiseyewear.co.uk\/#website","url":"https:\/\/fortiseyewear.co.uk\/","name":"Fortis Eyewear","description":"Polarisierende Angel-Sonnenbrille","publisher":{"@id":"https:\/\/fortiseyewear.co.uk\/#organization"},"alternateName":"Fortis","potentialAction":[{"@type":"SearchAction","target":{"@type":"EntryPoint","urlTemplate":"https:\/\/fortiseyewear.co.uk\/?s={search_term_string}"},"query-input":{"@type":"PropertyValueSpecification","valueRequired":true,"valueName":"search_term_string"}}],"inLanguage":"de"},{"@type":"Organization","@id":"https:\/\/fortiseyewear.co.uk\/#organization","name":"Fortis Eyewear","alternateName":"Fortis","url":"https:\/\/fortiseyewear.co.uk\/","logo":{"@type":"ImageObject","inLanguage":"de","@id":"https:\/\/fortiseyewear.co.uk\/#\/schema\/logo\/image\/","url":"https:\/\/fortiseyewear.co.uk\/wp-content\/uploads\/2019\/05\/1.FinalLogoMOBILE.jpg","contentUrl":"https:\/\/fortiseyewear.co.uk\/wp-content\/uploads\/2019\/05\/1.FinalLogoMOBILE.jpg","width":766,"height":541,"caption":"Fortis Eyewear"},"image":{"@id":"https:\/\/fortiseyewear.co.uk\/#\/schema\/logo\/image\/"},"sameAs":["https:\/\/www.facebook.com\/FortisEyewear","https:\/\/x.com\/fortiseyewear","https:\/\/www.instagram.com\/FortisEyewear","https:\/\/www.youtube.com\/channel\/UC5uI6lYx37ltUVATG5skJLw"]}]}},"_links":{"self":[{"href":"https:\/\/fortiseyewear.co.uk\/de\/wp-json\/wp\/v2\/product\/53662","targetHints":{"allow":["GET"]}}],"collection":[{"href":"https:\/\/fortiseyewear.co.uk\/de\/wp-json\/wp\/v2\/product"}],"about":[{"href":"https:\/\/fortiseyewear.co.uk\/de\/wp-json\/wp\/v2\/types\/product"}],"wp:featuredmedia":[{"embeddable":true,"href":"https:\/\/fortiseyewear.co.uk\/de\/wp-json\/wp\/v2\/media\/53665"}],"wp:attachment":[{"href":"https:\/\/fortiseyewear.co.uk\/de\/wp-json\/wp\/v2\/media?parent=53662"}],"wp:term":[{"taxonomy":"collection","embeddable":true,"href":"https:\/\/fortiseyewear.co.uk\/de\/wp-json\/wp\/v2\/collection?post=53662"},{"taxonomy":"product_brand","embeddable":true,"href":"https:\/\/fortiseyewear.co.uk\/de\/wp-json\/wp\/v2\/product_brand?post=53662"},{"taxonomy":"product_cat","embeddable":true,"href":"https:\/\/fortiseyewear.co.uk\/de\/wp-json\/wp\/v2\/product_cat?post=53662"},{"taxonomy":"product_tag","embeddable":true,"href":"https:\/\/fortiseyewear.co.uk\/de\/wp-json\/wp\/v2\/product_tag?post=53662"}],"curies":[{"name":"wp","href":"https:\/\/api.w.org\/{rel}","templated":true}]}}