{"id":53892,"date":"2025-06-05T10:15:15","date_gmt":"2025-06-05T10:15:15","guid":{"rendered":"https:\/\/fortiseyewear.co.uk\/?post_type=product&#038;p=53892"},"modified":"2025-11-21T19:33:32","modified_gmt":"2025-11-21T19:33:32","slug":"trail-zip-off-trouser","status":"publish","type":"product","link":"https:\/\/fortiseyewear.co.uk\/de\/produkt\/trail-zip-off-trouser\/","title":{"rendered":"Trail Utility Pant \/ Zip Off Trouser"},"content":{"rendered":"<h3><strong>Trail Utility Pant - Convertible Zip-Off Angelhose f\u00fcr Karpfenangler<\/strong><\/h3>\n<p>\nThe Trail Utility Pant is engineered for changeable conditions, making it a must-have for carp anglers who need versatility and comfort from their clothing. Designed to transition seamlessly from trousers to shorts, these zip-off pants adapt to whatever the weather \u2014 or the session \u2014 throws at you.\n<\/p>\n<hr \/>\n<h3><strong>Leicht und schnelltrocknend f\u00fcr Leistung bei warmem Wetter<\/strong><\/h3>\n<p>\nCrafted from breathable, fast-drying 100gsm nylon, these fishing trousers keep you cool and dry throughout the day. The lightweight construction makes them ideal for warmer weather, while the moisture-wicking performance ensures all-day comfort \u2014 even during intense activity or unexpected showers.\n<\/p>\n<hr \/>\n<h3><strong>Abzippbare Beine f\u00fcr totale Vielseitigkeit<\/strong><\/h3>\n<p>\nHidden knee zips allow for a quick transformation into shorts, making these the ideal companion for early starts, rising midday temperatures or sudden climate shifts. One pair, two functions \u2014 no need to pack additional gear.\n<\/p>\n<hr \/>\n<h3><strong>Sicherer Sitz und intelligente Lagerung<\/strong><\/h3>\n<p>\nWith an elasticated waistband, popper fastening and zip fly, the Trail Utility Pant offers a secure and comfortable fit. Five spacious cargo-style pockets provide ample room to store essentials \u2014 ideal for tackle, tools or small personal items when out on the bank.\n<\/p>\n<hr \/>\n<h3><strong>Bereit f\u00fcr den Lebensstil beim Karpfenangeln<\/strong><\/h3>\n<p>\nWhether you&#8217;re stalking carp in the margins or relaxing in the bivvy, these trousers deliver the flexibility and practicality serious anglers demand. Lightweight, durable and highly functional \u2014 the Trail Utility Pant is built to perform.\n<\/p>\n<p><strong>Die neue Trail-Reihe... Gebaut f\u00fcr Abenteuer<\/strong><\/p>","protected":false},"excerpt":{"rendered":"<h2><em><span style=\"font-weight: 400;\">Wechselnde Bedingungen, anpassungsf\u00e4hige G\u00e4rten<\/span><\/em><\/h2>\n<p data-start=\"228\" data-end=\"674\">Die Trail Utility Pant ist auf ultimative Vielseitigkeit, Komfort und Anpassungsf\u00e4higkeit bei wechselnden Bedingungen ausgelegt. Sie besteht aus leichtem, schnelltrocknendem 100 g\/m\u00b2-Nylon und l\u00e4sst sich durch versteckte Rei\u00dfverschl\u00fcsse m\u00fchelos von einer langen Hose in eine kurze Hose verwandeln. Ein elastischer Bund, ein sicherer Hosenschlitz und f\u00fcnf Taschen im Cargo-Stil bieten sowohl Komfort als auch praktischen Stauraum. Perfekt f\u00fcr lange Ausfl\u00fcge ans Ufer oder Abenteuer, bei denen das Wetter nicht mitspielt.<\/p>\n<p><strong>W\u00e4rme:<\/strong> [rating stars=\"1.0\"]<br \/>\n<strong>Leichtes Gewicht:<\/strong> [rating stars=\"5.0\"]<br \/>\n<strong>Schutz des Wassers:<\/strong> [rating stars=\"1.0\"]<br \/>\n<strong>Atmungsaktivit\u00e4t:<\/strong> [rating stars=\"5.0\"]<\/p>\n<p>F\u00fcr weitere Informationen besuchen Sie unsere <a href=\"\/de\/clothing-guide\/\">Leitfaden f\u00fcr Kleidung<\/a>.<br \/>\nWaschanleitung auf dem Kleidungsst\u00fcck.<\/p>\n<p>Preis: \u00a359.99<\/p>\n<p><strong>*Nur bei den von uns empfohlenen Angelfachh\u00e4ndlern erh\u00e4ltlich.<\/strong><br \/>\nBesuchen Sie unser <a href=\"https:\/\/fortiseyewear.co.uk\/de\/stockists\/\">STOCKISTS<\/a> Seite.<\/p>","protected":false},"featured_media":53911,"template":"","meta":{"_acf_changed":false},"collection":[1425],"product_brand":[],"product_cat":[557],"product_tag":[],"class_list":{"0":"post-53892","1":"product","2":"type-product","3":"status-publish","4":"has-post-thumbnail","6":"collection-trail","7":"product_cat-carp-fishing-clothing","9":"first","10":"instock","11":"taxable","12":"shipping-taxable","13":"purchasable","14":"product-type-variable","15":"prodpage-classic"},"acf":[],"yoast_head":"<!-- This site is optimized with the Yoast SEO Premium plugin v26.7 (Yoast SEO v26.7) - https:\/\/yoast.com\/wordpress\/plugins\/seo\/ -->\n<title>Trail Utility Pant \/ Zip Off Trouser | Waterproof Fishing Trousers \u2013 Fortis Eyewear<\/title>\n<meta name=\"description\" content=\"Trail Utility Pant are lightweight, quick-dry fishing trousers that zip off into shorts. 100gsm nylon with elasticated waistband and cargo pockets for comfort, storage and all-weather flexibility on the bank.\" \/>\n<meta name=\"robots\" content=\"index, follow, max-snippet:-1, max-image-preview:large, max-video-preview:-1\" \/>\n<link rel=\"canonical\" href=\"https:\/\/fortiseyewear.co.uk\/de\/produkt\/trail-zip-off-trouser\/\" \/>\n<meta property=\"og:locale\" content=\"de_DE\" \/>\n<meta property=\"og:type\" content=\"article\" \/>\n<meta property=\"og:title\" content=\"Trail Utility Pant \/ Zip Off Trouser\" \/>\n<meta property=\"og:description\" content=\"Trail Utility Pant are lightweight, quick-dry fishing trousers that zip off into shorts. 100gsm nylon with elasticated waistband and cargo pockets for comfort, storage and all-weather flexibility on the bank.\" \/>\n<meta property=\"og:url\" content=\"https:\/\/fortiseyewear.co.uk\/de\/produkt\/trail-zip-off-trouser\/\" \/>\n<meta property=\"og:site_name\" content=\"Fortis Eyewear\" \/>\n<meta property=\"article:publisher\" content=\"https:\/\/www.facebook.com\/FortisEyewear\" \/>\n<meta property=\"article:modified_time\" content=\"2025-11-21T19:33:32+00:00\" \/>\n<meta property=\"og:image\" content=\"https:\/\/fortiseyewear.co.uk\/wp-content\/uploads\/2025\/06\/833A4173.jpg\" \/>\n\t<meta property=\"og:image:width\" content=\"600\" \/>\n\t<meta property=\"og:image:height\" content=\"800\" \/>\n\t<meta property=\"og:image:type\" content=\"image\/jpeg\" \/>\n<meta name=\"twitter:card\" content=\"summary_large_image\" \/>\n<meta name=\"twitter:site\" content=\"@fortiseyewear\" \/>\n<meta name=\"twitter:label1\" content=\"Gesch\u00e4tzte Lesezeit\" \/>\n\t<meta name=\"twitter:data1\" content=\"2\u00a0Minuten\" \/>\n<!-- \/ Yoast SEO Premium plugin. -->","yoast_head_json":{"title":"Trail Utility Pant \/ Zip Off Trouser | Waterproof Fishing Trousers \u2013 Fortis Eyewear","description":"Trail Utility Pant are lightweight, quick-dry fishing trousers that zip off into shorts. 100gsm nylon with elasticated waistband and cargo pockets for comfort, storage and all-weather flexibility on the bank.","robots":{"index":"index","follow":"follow","max-snippet":"max-snippet:-1","max-image-preview":"max-image-preview:large","max-video-preview":"max-video-preview:-1"},"canonical":"https:\/\/fortiseyewear.co.uk\/de\/produkt\/trail-zip-off-trouser\/","og_locale":"de_DE","og_type":"article","og_title":"Trail Utility Pant \/ Zip Off Trouser","og_description":"Trail Utility Pant are lightweight, quick-dry fishing trousers that zip off into shorts. 100gsm nylon with elasticated waistband and cargo pockets for comfort, storage and all-weather flexibility on the bank.","og_url":"https:\/\/fortiseyewear.co.uk\/de\/produkt\/trail-zip-off-trouser\/","og_site_name":"Fortis Eyewear","article_publisher":"https:\/\/www.facebook.com\/FortisEyewear","article_modified_time":"2025-11-21T19:33:32+00:00","og_image":[{"width":600,"height":800,"url":"https:\/\/fortiseyewear.co.uk\/wp-content\/uploads\/2025\/06\/833A4173.jpg","type":"image\/jpeg"}],"twitter_card":"summary_large_image","twitter_site":"@fortiseyewear","twitter_misc":{"Gesch\u00e4tzte Lesezeit":"2\u00a0Minuten"},"schema":{"@context":"https:\/\/schema.org","@graph":[{"@type":"WebPage","@id":"https:\/\/fortiseyewear.co.uk\/product\/trail-zip-off-trouser\/","url":"https:\/\/fortiseyewear.co.uk\/product\/trail-zip-off-trouser\/","name":"Trail Utility Pant \/ Zip Off Trouser | Waterproof Fishing Trousers \u2013 Fortis Eyewear","isPartOf":{"@id":"https:\/\/fortiseyewear.co.uk\/#website"},"primaryImageOfPage":{"@id":"https:\/\/fortiseyewear.co.uk\/product\/trail-zip-off-trouser\/#primaryimage"},"image":{"@id":"https:\/\/fortiseyewear.co.uk\/product\/trail-zip-off-trouser\/#primaryimage"},"thumbnailUrl":"https:\/\/fortiseyewear.co.uk\/wp-content\/uploads\/2025\/06\/833A4173.jpg","datePublished":"2025-06-05T10:15:15+00:00","dateModified":"2025-11-21T19:33:32+00:00","description":"Trail Utility Pant are lightweight, quick-dry fishing trousers that zip off into shorts. 100gsm nylon with elasticated waistband and cargo pockets for comfort, storage and all-weather flexibility on the bank.","breadcrumb":{"@id":"https:\/\/fortiseyewear.co.uk\/product\/trail-zip-off-trouser\/#breadcrumb"},"inLanguage":"de","potentialAction":[{"@type":"ReadAction","target":["https:\/\/fortiseyewear.co.uk\/product\/trail-zip-off-trouser\/"]}]},{"@type":"ImageObject","inLanguage":"de","@id":"https:\/\/fortiseyewear.co.uk\/product\/trail-zip-off-trouser\/#primaryimage","url":"https:\/\/fortiseyewear.co.uk\/wp-content\/uploads\/2025\/06\/833A4173.jpg","contentUrl":"https:\/\/fortiseyewear.co.uk\/wp-content\/uploads\/2025\/06\/833A4173.jpg","width":600,"height":800,"caption":"Fortis Trail Zip Off Trouser in Grey"},{"@type":"BreadcrumbList","@id":"https:\/\/fortiseyewear.co.uk\/product\/trail-zip-off-trouser\/#breadcrumb","itemListElement":[{"@type":"ListItem","position":1,"name":"Home","item":"https:\/\/fortiseyewear.co.uk\/"},{"@type":"ListItem","position":2,"name":"Products","item":"https:\/\/fortiseyewear.co.uk\/products\/"},{"@type":"ListItem","position":3,"name":"Trail Utility Pant \/ Zip Off Trouser"}]},{"@type":"WebSite","@id":"https:\/\/fortiseyewear.co.uk\/#website","url":"https:\/\/fortiseyewear.co.uk\/","name":"Fortis Eyewear","description":"Polarisierende Angel-Sonnenbrille","publisher":{"@id":"https:\/\/fortiseyewear.co.uk\/#organization"},"alternateName":"Fortis","potentialAction":[{"@type":"SearchAction","target":{"@type":"EntryPoint","urlTemplate":"https:\/\/fortiseyewear.co.uk\/?s={search_term_string}"},"query-input":{"@type":"PropertyValueSpecification","valueRequired":true,"valueName":"search_term_string"}}],"inLanguage":"de"},{"@type":"Organization","@id":"https:\/\/fortiseyewear.co.uk\/#organization","name":"Fortis Eyewear","alternateName":"Fortis","url":"https:\/\/fortiseyewear.co.uk\/","logo":{"@type":"ImageObject","inLanguage":"de","@id":"https:\/\/fortiseyewear.co.uk\/#\/schema\/logo\/image\/","url":"https:\/\/fortiseyewear.co.uk\/wp-content\/uploads\/2019\/05\/1.FinalLogoMOBILE.jpg","contentUrl":"https:\/\/fortiseyewear.co.uk\/wp-content\/uploads\/2019\/05\/1.FinalLogoMOBILE.jpg","width":766,"height":541,"caption":"Fortis Eyewear"},"image":{"@id":"https:\/\/fortiseyewear.co.uk\/#\/schema\/logo\/image\/"},"sameAs":["https:\/\/www.facebook.com\/FortisEyewear","https:\/\/x.com\/fortiseyewear","https:\/\/www.instagram.com\/FortisEyewear","https:\/\/www.youtube.com\/channel\/UC5uI6lYx37ltUVATG5skJLw"]}]}},"_links":{"self":[{"href":"https:\/\/fortiseyewear.co.uk\/de\/wp-json\/wp\/v2\/product\/53892","targetHints":{"allow":["GET"]}}],"collection":[{"href":"https:\/\/fortiseyewear.co.uk\/de\/wp-json\/wp\/v2\/product"}],"about":[{"href":"https:\/\/fortiseyewear.co.uk\/de\/wp-json\/wp\/v2\/types\/product"}],"wp:featuredmedia":[{"embeddable":true,"href":"https:\/\/fortiseyewear.co.uk\/de\/wp-json\/wp\/v2\/media\/53911"}],"wp:attachment":[{"href":"https:\/\/fortiseyewear.co.uk\/de\/wp-json\/wp\/v2\/media?parent=53892"}],"wp:term":[{"taxonomy":"collection","embeddable":true,"href":"https:\/\/fortiseyewear.co.uk\/de\/wp-json\/wp\/v2\/collection?post=53892"},{"taxonomy":"product_brand","embeddable":true,"href":"https:\/\/fortiseyewear.co.uk\/de\/wp-json\/wp\/v2\/product_brand?post=53892"},{"taxonomy":"product_cat","embeddable":true,"href":"https:\/\/fortiseyewear.co.uk\/de\/wp-json\/wp\/v2\/product_cat?post=53892"},{"taxonomy":"product_tag","embeddable":true,"href":"https:\/\/fortiseyewear.co.uk\/de\/wp-json\/wp\/v2\/product_tag?post=53892"}],"curies":[{"name":"wp","href":"https:\/\/api.w.org\/{rel}","templated":true}]}}