{"id":55972,"date":"2025-07-28T11:59:55","date_gmt":"2025-07-28T11:59:55","guid":{"rendered":"https:\/\/fortiseyewear.co.uk\/?post_type=product&#038;p=55972"},"modified":"2025-10-27T11:43:50","modified_gmt":"2025-10-27T11:43:50","slug":"fortis-x-monkey-climber-strokes","status":"publish","type":"product","link":"https:\/\/fortiseyewear.co.uk\/de\/produkt\/fortis-x-monkey-climber-strokes\/","title":{"rendered":"Fortis x Monkey Climber Strokes Limitierte Auflage"},"content":{"rendered":"<h1><strong>Limitierte Auflage Fortis x Monkey Climber \"Strokes\" Sonnenbrille<\/strong><\/h1>\n<p>Ein einzigartiger Tropfen im Karpfenangeln - die limitierte Auflage der Fortis x Monkey Climber Sonnenbrille in transparentem Gr\u00fcn mit ge\u00e4tzten Gl\u00e4sern, doppeltem Tarnstoff und Metalldetails.<\/p>\n<hr \/>\n<h2><strong>\u00dcbersicht<\/strong><\/h2>\n<p>Von den belgischen Ufern bis zu den britischen Biwaks - zwei der bekanntesten Karpfenkulturmarken Europas vereinen sich.<\/p>\n<p>Die <strong>Fortis x Monkey Climber \"Striche\"<\/strong> Die Sonnenbrille ist in streng limitierter Auflage erh\u00e4ltlich und kombiniert <strong>technische polarisierende Brillen<\/strong> mit unverwechselbarem Underground-Stil. Gebaut f\u00fcr Angler, die ihre Ausr\u00fcstung kennen - und ihre Geschichte - diese Zusammenarbeit l\u00e4uft tiefer als ein Paar sehen tiefer \ud83d\ude09<\/p>\n<p>Untergebracht in einem k\u00fchnen <strong>transluzenter gr\u00fcner Rahmen<\/strong>die Strokes-Funktion <strong>gr\u00fcn polarisierte Gl\u00e4ser<\/strong>Pr\u00e4zision <strong>mit dem Fortis-Logo lasergraviert<\/strong>und endete mit <strong>Monkey Climber Abzeichen aus Metall<\/strong> auf jedem B\u00fcgel. Jedes Detail spricht von Absicht - und jedes Paar wird mit einer einzigartigen <strong>Dual-Camo-Reinigungstuch<\/strong>: Belgisches Jigsaw gegen britisches DPM. Eine Anspielung auf den grenz\u00fcberschreitenden Respekt, der diese Kollaboration antreibt.<\/p>\n<p>Nur ein <strong>begrenzte Serie<\/strong> verf\u00fcgbar. Um einen Klassiker zu zitieren: Wenn sie weg sind, sind sie weg.<\/p>\n<hr \/>\n<h2><strong>Wesentliche Merkmale<\/strong><\/h2>\n<ul>\n<li>\u2705 <strong>Exklusive Fortis x Monkey Climber Kollaboration<\/strong> - Ein seltener Tropfen im Karpfenangeln<\/li>\n<li>\u2705 <strong>Transluzenter gr\u00fcner Rahmen<\/strong> - K\u00fchn, leicht und auff\u00e4llig bei schwachem Licht oder Sonne<\/li>\n<li>\u2705 <strong>Gr\u00fcn polarisierte Linsen<\/strong> - Verbesserte Klarheit, Reduzierung von Blendeffekten, nat\u00fcrliche Sicht und Fishspotting-Leistung<\/li>\n<li>\u2705 <strong>Lasergraviertes Fortis Branding<\/strong> - Dezentes Logo auf dem Glas<\/li>\n<li>\u2705 <strong>Metall-Affen-Kletterb\u00fcgel<\/strong> - Hochwertiges Branding, das dieses Paar auszeichnet<\/li>\n<li>\u2705 <strong>Dual Camo Reinigungstuch<\/strong> - Eine H\u00e4lfte belgische Jigsaw, die andere britische DPM - ein Sammlerst\u00fcck an sich<\/li>\n<li>\u2705 <strong>Limitierte Auflage<\/strong> - Strenge Kleinserie. Keine Nachbestellungen.<\/li>\n<\/ul>\n<hr \/>\n<h2><strong>Warum diese ein Muss sind<\/strong><\/h2>\n<p>In einem Meer von Nachahmern ist diese Zusammenarbeit einzigartig. Die <strong>Anschl\u00e4ge<\/strong> sind mit der optischen Pr\u00e4zision von Fortis und dem subversiven Geist von Monkey Climber entwickelt worden.<\/p>\n<p>Die Verschmelzung von <strong>technische Leistung<\/strong> und <strong>kollektorgerechte Konstruktion<\/strong> macht ihn zu einem beliebten Begleiter in der Bank und dar\u00fcber hinaus.<\/p>\n<hr \/>\n<h2><strong>Leistung der polarisierenden Linsen<\/strong><\/h2>\n<p>Die <strong>gr\u00fcn polarisierte Gl\u00e4ser<\/strong> sind f\u00fcr Umgebungen mit hoher Blendwirkung optimiert und bieten eine nat\u00fcrliche Sicht.<\/p>\n<p>Mit <strong>Laserge\u00e4tztes Fortis-Branding<\/strong>Die Gl\u00e4ser sind sowohl funktional als auch exklusiv - ein haptisches Detail, das die echte von der nachgemachten Brille unterscheidet.<\/p>\n<hr \/>\n<h2><strong>Was ist inbegriffen?<\/strong><\/h2>\n<ul>\n<li>Fortis x Monkey Climber \"Strokes\" Sonnenbrille<\/li>\n<li>Doppeltarntuch (belgische Jigsaw + britische DPM)<\/li>\n<li>Fortis Hartschalenkoffer<\/li>\n<li>Einmalige Verpackung<\/li>\n<\/ul>\n<hr \/>\n<h2><strong>FAQs<\/strong><\/h2>\n<p><strong>F: Ist diese Sonnenbrille wirklich in limitierter Auflage erschienen?<\/strong><br \/>\nJa - dies ist eine einmalige Ausgabe. Sobald sie ausverkauft ist, werden keine weiteren Einheiten mehr produziert.<\/p>\n<p><strong>F: Sind sie f\u00fcr das t\u00e4gliche Tragen geeignet?<\/strong><br \/>\nAuf jeden Fall. Die Strokes sind leicht, strapazierf\u00e4hig und f\u00fcr Komfort auf und abseits des Ufers konzipiert.<\/p>\n<p><strong>F: Was macht sie zu einem Sammlerst\u00fcck?<\/strong><br \/>\nLimitiert auf 100 St\u00fcck. Wird nicht neu aufgelegt!<\/p>","protected":false},"excerpt":{"rendered":"<h2><em>Operation: Siehe Tiefer.<\/em><\/h2>\n<p>Willkommen, Agent. Sie haben sich Zugang zu einer geheimen Operation verschafft. Was folgt, ist nur f\u00fcr Sie bestimmt.<\/p>\n<p data-start=\"390\" data-end=\"452\">Eine verdeckte Allianz zwischen <strong data-start=\"416\" data-end=\"426\">Fortis<\/strong> und <strong data-start=\"431\" data-end=\"449\">Affen-Kletterer<\/strong>.<\/p>\n<p data-start=\"454\" data-end=\"743\">Von den nebligen Ufern des Vereinigten K\u00f6nigreichs, <strong data-start=\"486\" data-end=\"502\">Der Operator<\/strong> ist gelandet - ein Affe im scharfen Anzug, der nur ein Ziel hat: die \u00dcbernahme der britischen Inseln. Seine Strategie? Bananen zum Feilschen, Aufkauf von <em data-start=\"632\" data-end=\"649\">\"der gute Sch*tt\"<\/em> - Fortis-Sonnenbrillen - und die Umwandlung jedes Winkels der EU in erstklassiges Fortis-Gebiet.<\/p>\n<p data-start=\"745\" data-end=\"1031\">Jenseits des \u00c4rmelkanals, <strong data-start=\"765\" data-end=\"779\">Der Makler<\/strong> arbeitet auf dem Festland. Als Zigarre rauchende britische Bulldogge infiltriert er Europa mit dem Charme eines Diplomaten und der Gerissenheit eines Spions. Seine Mission ist einfach: Er muss die ausl\u00e4ndischen Affen f\u00fcr sich gewinnen und ihnen die sch\u00f6nsten Sonnenbrillen verkaufen, die je durch die feindlichen Linien geschmuggelt wurden.<\/p>\n<p data-start=\"1033\" data-end=\"1117\">Sie arbeiten allein. Sie handeln als Einheit.<br data-start=\"1067\" data-end=\"1070\" \/><strong data-start=\"1070\" data-end=\"1098\">Fortis x Monkey Climber.<\/strong><br data-start=\"1098\" data-end=\"1101\" \/><strong data-start=\"1101\" data-end=\"1143\">\"Wir alle stammen von Affen ab, um tiefer zu sehen\".<br \/>\n<\/strong><br \/>\n<strong>Preis:<\/strong> \u00a349.99<\/p>\n<p><strong>*Limitierte Auflage.<br \/>\nUK - Nur hier erh\u00e4ltlich.<br \/>\nEU - Erh\u00e4ltlich hier: <a href=\"https:\/\/monkeyclimbermagazine.com\/products\/monkey-climber-x-fortis-strokes-i-ltd-ed-shades?_pos=1&amp;_sid=a93fd430c&amp;_ss=r\">https:\/\/monkeyclimbermagazine.com\/<\/a><\/strong><\/p>","protected":false},"featured_media":55983,"template":"","meta":{"_acf_changed":false},"collection":[],"product_brand":[],"product_cat":[1410],"product_tag":[],"class_list":{"0":"post-55972","1":"product","2":"type-product","3":"status-publish","4":"has-post-thumbnail","6":"product_cat-limited-edition-fishing-clothing","7":"product_shipping_class-freeshipping","9":"first","10":"outofstock","11":"sold-individually","12":"taxable","13":"shipping-taxable","14":"purchasable","15":"product-type-simple","16":"prodpage-classic"},"acf":[],"yoast_head":"<!-- This site is optimized with the Yoast SEO Premium plugin v26.7 (Yoast SEO v26.7) - https:\/\/yoast.com\/wordpress\/plugins\/seo\/ -->\n<title>Fortis x Monkey Climber Strokes Limited Edition | Polarised Fishing Sunglasses \u2013 Fortis Eyewear<\/title>\n<meta name=\"description\" content=\"Fortis x Monkey Climber Strokes Limited Edition are polarised fishing sunglasses that cut surface glare so you can see carp and features under the water. Exclusive collab colourway in a rounded lifestyle frame.\" \/>\n<meta name=\"robots\" content=\"index, follow, max-snippet:-1, max-image-preview:large, max-video-preview:-1\" \/>\n<link rel=\"canonical\" href=\"https:\/\/fortiseyewear.co.uk\/de\/produkt\/fortis-x-monkey-climber-strokes\/\" \/>\n<meta property=\"og:locale\" content=\"de_DE\" \/>\n<meta property=\"og:type\" content=\"article\" \/>\n<meta property=\"og:title\" content=\"Fortis x Monkey Climber Strokes Limited Edition\" \/>\n<meta property=\"og:description\" content=\"Fortis x Monkey Climber Strokes Limited Edition are polarised fishing sunglasses that cut surface glare so you can see carp and features under the water. Exclusive collab colourway in a rounded lifestyle frame.\" \/>\n<meta property=\"og:url\" content=\"https:\/\/fortiseyewear.co.uk\/de\/produkt\/fortis-x-monkey-climber-strokes\/\" \/>\n<meta property=\"og:site_name\" content=\"Fortis Eyewear\" \/>\n<meta property=\"article:publisher\" content=\"https:\/\/www.facebook.com\/FortisEyewear\" \/>\n<meta property=\"article:modified_time\" content=\"2025-10-27T11:43:50+00:00\" \/>\n<meta property=\"og:image\" content=\"https:\/\/fortiseyewear.co.uk\/wp-content\/uploads\/2025\/07\/Studio-Photography-Cloth.jpg\" \/>\n\t<meta property=\"og:image:width\" content=\"1200\" \/>\n\t<meta property=\"og:image:height\" content=\"1600\" \/>\n\t<meta property=\"og:image:type\" content=\"image\/jpeg\" \/>\n<meta name=\"twitter:card\" content=\"summary_large_image\" \/>\n<meta name=\"twitter:site\" content=\"@fortiseyewear\" \/>\n<meta name=\"twitter:label1\" content=\"Gesch\u00e4tzte Lesezeit\" \/>\n\t<meta name=\"twitter:data1\" content=\"3\u00a0Minuten\" \/>\n<!-- \/ Yoast SEO Premium plugin. -->","yoast_head_json":{"title":"Fortis x Monkey Climber Strokes Limited Edition | Polarised Fishing Sunglasses \u2013 Fortis Eyewear","description":"Fortis x Monkey Climber Strokes Limited Edition are polarised fishing sunglasses that cut surface glare so you can see carp and features under the water. Exclusive collab colourway in a rounded lifestyle frame.","robots":{"index":"index","follow":"follow","max-snippet":"max-snippet:-1","max-image-preview":"max-image-preview:large","max-video-preview":"max-video-preview:-1"},"canonical":"https:\/\/fortiseyewear.co.uk\/de\/produkt\/fortis-x-monkey-climber-strokes\/","og_locale":"de_DE","og_type":"article","og_title":"Fortis x Monkey Climber Strokes Limited Edition","og_description":"Fortis x Monkey Climber Strokes Limited Edition are polarised fishing sunglasses that cut surface glare so you can see carp and features under the water. Exclusive collab colourway in a rounded lifestyle frame.","og_url":"https:\/\/fortiseyewear.co.uk\/de\/produkt\/fortis-x-monkey-climber-strokes\/","og_site_name":"Fortis Eyewear","article_publisher":"https:\/\/www.facebook.com\/FortisEyewear","article_modified_time":"2025-10-27T11:43:50+00:00","og_image":[{"width":1200,"height":1600,"url":"https:\/\/fortiseyewear.co.uk\/wp-content\/uploads\/2025\/07\/Studio-Photography-Cloth.jpg","type":"image\/jpeg"}],"twitter_card":"summary_large_image","twitter_site":"@fortiseyewear","twitter_misc":{"Gesch\u00e4tzte Lesezeit":"3\u00a0Minuten"},"schema":{"@context":"https:\/\/schema.org","@graph":[{"@type":"WebPage","@id":"https:\/\/fortiseyewear.co.uk\/product\/fortis-x-monkey-climber-strokes\/","url":"https:\/\/fortiseyewear.co.uk\/product\/fortis-x-monkey-climber-strokes\/","name":"Fortis x Monkey Climber Strokes Limited Edition | Polarised Fishing Sunglasses \u2013 Fortis Eyewear","isPartOf":{"@id":"https:\/\/fortiseyewear.co.uk\/#website"},"primaryImageOfPage":{"@id":"https:\/\/fortiseyewear.co.uk\/product\/fortis-x-monkey-climber-strokes\/#primaryimage"},"image":{"@id":"https:\/\/fortiseyewear.co.uk\/product\/fortis-x-monkey-climber-strokes\/#primaryimage"},"thumbnailUrl":"https:\/\/fortiseyewear.co.uk\/wp-content\/uploads\/2025\/07\/Studio-Photography-Cloth.jpg","datePublished":"2025-07-28T11:59:55+00:00","dateModified":"2025-10-27T11:43:50+00:00","description":"Fortis x Monkey Climber Strokes Limited Edition are polarised fishing sunglasses that cut surface glare so you can see carp and features under the water. Exclusive collab colourway in a rounded lifestyle frame.","breadcrumb":{"@id":"https:\/\/fortiseyewear.co.uk\/product\/fortis-x-monkey-climber-strokes\/#breadcrumb"},"inLanguage":"de","potentialAction":[{"@type":"ReadAction","target":["https:\/\/fortiseyewear.co.uk\/product\/fortis-x-monkey-climber-strokes\/"]}]},{"@type":"ImageObject","inLanguage":"de","@id":"https:\/\/fortiseyewear.co.uk\/product\/fortis-x-monkey-climber-strokes\/#primaryimage","url":"https:\/\/fortiseyewear.co.uk\/wp-content\/uploads\/2025\/07\/Studio-Photography-Cloth.jpg","contentUrl":"https:\/\/fortiseyewear.co.uk\/wp-content\/uploads\/2025\/07\/Studio-Photography-Cloth.jpg","width":1200,"height":1600,"caption":"Monkey Climber Sunglasses"},{"@type":"BreadcrumbList","@id":"https:\/\/fortiseyewear.co.uk\/product\/fortis-x-monkey-climber-strokes\/#breadcrumb","itemListElement":[{"@type":"ListItem","position":1,"name":"Home","item":"https:\/\/fortiseyewear.co.uk\/"},{"@type":"ListItem","position":2,"name":"Products","item":"https:\/\/fortiseyewear.co.uk\/products\/"},{"@type":"ListItem","position":3,"name":"Fortis x Monkey Climber Strokes Limited Edition"}]},{"@type":"WebSite","@id":"https:\/\/fortiseyewear.co.uk\/#website","url":"https:\/\/fortiseyewear.co.uk\/","name":"Fortis Eyewear","description":"Polarisierende Angel-Sonnenbrille","publisher":{"@id":"https:\/\/fortiseyewear.co.uk\/#organization"},"alternateName":"Fortis","potentialAction":[{"@type":"SearchAction","target":{"@type":"EntryPoint","urlTemplate":"https:\/\/fortiseyewear.co.uk\/?s={search_term_string}"},"query-input":{"@type":"PropertyValueSpecification","valueRequired":true,"valueName":"search_term_string"}}],"inLanguage":"de"},{"@type":"Organization","@id":"https:\/\/fortiseyewear.co.uk\/#organization","name":"Fortis Eyewear","alternateName":"Fortis","url":"https:\/\/fortiseyewear.co.uk\/","logo":{"@type":"ImageObject","inLanguage":"de","@id":"https:\/\/fortiseyewear.co.uk\/#\/schema\/logo\/image\/","url":"https:\/\/fortiseyewear.co.uk\/wp-content\/uploads\/2019\/05\/1.FinalLogoMOBILE.jpg","contentUrl":"https:\/\/fortiseyewear.co.uk\/wp-content\/uploads\/2019\/05\/1.FinalLogoMOBILE.jpg","width":766,"height":541,"caption":"Fortis Eyewear"},"image":{"@id":"https:\/\/fortiseyewear.co.uk\/#\/schema\/logo\/image\/"},"sameAs":["https:\/\/www.facebook.com\/FortisEyewear","https:\/\/x.com\/fortiseyewear","https:\/\/www.instagram.com\/FortisEyewear","https:\/\/www.youtube.com\/channel\/UC5uI6lYx37ltUVATG5skJLw"]}]}},"_links":{"self":[{"href":"https:\/\/fortiseyewear.co.uk\/de\/wp-json\/wp\/v2\/product\/55972","targetHints":{"allow":["GET"]}}],"collection":[{"href":"https:\/\/fortiseyewear.co.uk\/de\/wp-json\/wp\/v2\/product"}],"about":[{"href":"https:\/\/fortiseyewear.co.uk\/de\/wp-json\/wp\/v2\/types\/product"}],"wp:featuredmedia":[{"embeddable":true,"href":"https:\/\/fortiseyewear.co.uk\/de\/wp-json\/wp\/v2\/media\/55983"}],"wp:attachment":[{"href":"https:\/\/fortiseyewear.co.uk\/de\/wp-json\/wp\/v2\/media?parent=55972"}],"wp:term":[{"taxonomy":"collection","embeddable":true,"href":"https:\/\/fortiseyewear.co.uk\/de\/wp-json\/wp\/v2\/collection?post=55972"},{"taxonomy":"product_brand","embeddable":true,"href":"https:\/\/fortiseyewear.co.uk\/de\/wp-json\/wp\/v2\/product_brand?post=55972"},{"taxonomy":"product_cat","embeddable":true,"href":"https:\/\/fortiseyewear.co.uk\/de\/wp-json\/wp\/v2\/product_cat?post=55972"},{"taxonomy":"product_tag","embeddable":true,"href":"https:\/\/fortiseyewear.co.uk\/de\/wp-json\/wp\/v2\/product_tag?post=55972"}],"curies":[{"name":"wp","href":"https:\/\/api.w.org\/{rel}","templated":true}]}}