{"id":10426,"date":"2016-03-08T14:58:31","date_gmt":"2016-03-08T14:58:31","guid":{"rendered":"https:\/\/fortiseyewear.co.uk\/?page_id=10426"},"modified":"2020-02-12T14:08:51","modified_gmt":"2020-02-12T14:08:51","slug":"frederik-lorentzen","status":"publish","type":"page","link":"https:\/\/fortiseyewear.co.uk\/fr\/collective\/frederik-lorentzen\/","title":{"rendered":"Frederik Lorentzen"},"content":{"rendered":"<p><img decoding=\"async\" class=\"size-full wp-image-10034\" src=\"https:\/\/fortiseyewear.co.uk\/wp-content\/uploads\/2016\/03\/Header-Fred.jpg\" alt=\"Frederik Lorentzen\" width=\"680\" height=\"226\" \/><\/p>\n<h3>Au bord de la rivi\u00e8re<\/h3>\n<p>Ce n'est pas tous les jours que l'on rencontre un v\u00e9ritable activiste, qui prot\u00e8ge avec passion l'environnement dans lequel nous vivons, mais Frederik Lorentzen est l'un de ces hommes qui n'abandonnent pas facilement. Nous avons r\u00e9cemment rencontr\u00e9 Fred, qui nous a donn\u00e9 un aper\u00e7u de son univers...<\/p>\n<p>\"J'ai cr\u00e9\u00e9 un groupe Facebook en novembre dernier pour lutter contre le gouvernement qui tente d'aider les agriculteurs en d\u00e9truisant la nature danoise et en particulier l'environnement aquatique. Il compte aujourd'hui 14 000 membres et j'ai nomm\u00e9 5 administrateurs pour m'aider. Nous sommes invit\u00e9s \u00e0 des \u00e9missions de t\u00e9l\u00e9vision, nous sommes contact\u00e9s par des politiciens et la presse, il y a donc beaucoup de travail et de nouvelles choses qui arrivent en permanence. Nous avons remport\u00e9 quelques petites victoires, mais malheureusement nous n'allons pas gagner. C'est tr\u00e8s triste pour les poissons et l'environnement en g\u00e9n\u00e9ral, mais nous continuerons \u00e0 aller de l'avant.<\/p>\n<p>J'ai grandi au bord de l'eau, avec un p\u00e8re qui construisait des voiliers, il \u00e9tait donc naturel de prendre une canne \u00e0 p\u00eache et de commencer \u00e0 p\u00eacher. \u00c0 l'\u00e2ge de 11 ans, mon oncle m'a offert ma premi\u00e8re canne \u00e0 p\u00eache \u00e0 la mouche. J'ai p\u00each\u00e9 pratiquement toute ma vie, mais \u00e0 l'adolescence, un ami m'a offert un skateboard et le skateboard a vol\u00e9 18 ans de ma vie, j'ai travaill\u00e9 dans l'industrie du skateboard pendant plus de 10 ans. Un jour, le p\u00e8re de mon ex m'a emmen\u00e9 p\u00eacher la truite brune sur la c\u00f4te danoise, et j'ai \u00e9t\u00e9 \u00e0 nouveau accroch\u00e9. Peu \u00e0 peu, la p\u00eache a pris le pas sur le temps pass\u00e9 sur une planche et j'ai commenc\u00e9 \u00e0 la documenter comme j'en avais l'habitude avec le skateboard. En tr\u00e8s peu de temps, j'ai obtenu mon premier emploi en tournant un court-m\u00e9trage pour un magasin d'articles de p\u00eache. Aujourd'hui, je travaille en tant que photographe et directeur de la photographie ind\u00e9pendant dans le domaine de la p\u00eache \u00e0 la mouche, j'\u00e9cris des articles et je prends des photos pour des magazines de p\u00eache et je r\u00e9alise de nombreux projets cin\u00e9matographiques dans le monde entier.<\/p>\n<p>Consultez le site social de Fred ci-dessous pour sa soci\u00e9t\u00e9 InWadersMedia.<br \/>\nLes photos sont celles de Peter Christensen, prises par Frederik.<\/p>\n<p>Site web : <a href=\"https:\/\/www.inwadersmedia.com\">www.inwadersmedia.com<\/a><br \/>\nInstagram : Inwadersmedia<br \/>\nFacebook : <a href=\"https:\/\/www.facebook.com\/InwadersMedia\/\" target=\"_blank\" rel=\"noopener noreferrer\">https:\/\/www.facebook.com\/InwadersMedia\/<\/a><\/p>\n<p>D\u00e9couvrez quelques-uns de leurs travaux ici :\u00a0<a href=\"https:\/\/vimeo.com\/140532462\" target=\"_blank\" rel=\"noopener noreferrer\">https:\/\/vimeo.com\/140532462<\/a><\/p>\n[shareprints gallery_id=\"10442\u2033 gallery_type=\"masonry\" gallery_position=\"pos_center\" gallery_width=\"width_100\u2033 image_size=\"medium\" image_padding=\"10\u2033 theme=\"dark\" image_hover=\"colortosepia\" lightbox_type=\"slide\" titles=\"true\" captions=\"true\" descriptions=\"true\" comments=\"false\" sharing=\"false\"]","protected":false},"excerpt":{"rendered":"<p>Au bord de la rivi\u00e8re Ce n'est pas tous les jours que l'on rencontre un v\u00e9ritable activiste, qui prot\u00e8ge avec passion l'environnement dans lequel nous vivons, mais Frederik Lorentzen est l'un de ces hommes qui n'abandonnent pas facilement. Nous avons r\u00e9cemment rencontr\u00e9 Fred, qui nous a donn\u00e9 un petit aper\u00e7u de son univers... \"J'ai cr\u00e9\u00e9 un compte Facebook.<\/p>","protected":false},"author":11,"featured_media":0,"parent":67,"menu_order":0,"comment_status":"closed","ping_status":"open","template":"","meta":{"_acf_changed":false,"footnotes":""},"class_list":["post-10426","page","type-page","status-publish","hentry","prodpage-classic"],"acf":[],"yoast_head":"<!-- This site is optimized with the Yoast SEO Premium plugin v26.7 (Yoast SEO v26.7) - https:\/\/yoast.com\/wordpress\/plugins\/seo\/ -->\n<title>Frederik Lorentzen - Fortis Eyewear<\/title>\n<meta name=\"robots\" content=\"index, follow, max-snippet:-1, max-image-preview:large, max-video-preview:-1\" \/>\n<link rel=\"canonical\" href=\"https:\/\/fortiseyewear.co.uk\/fr\/collective\/frederik-lorentzen\/\" \/>\n<meta property=\"og:locale\" content=\"fr_FR\" \/>\n<meta property=\"og:type\" content=\"article\" \/>\n<meta property=\"og:title\" content=\"Frederik Lorentzen\" \/>\n<meta property=\"og:description\" content=\"Down by the River It&#8217;s not every day you meet a true activist, passionately protecting the environment in which we live and angle but Frederik Lorentzen is one of those guys who doesn&#8217;t give up easily. We caught up with Fred recently who gave us a little insight into his world&#8230; &#8220;I started a facebook\" \/>\n<meta property=\"og:url\" content=\"https:\/\/fortiseyewear.co.uk\/fr\/collective\/frederik-lorentzen\/\" \/>\n<meta property=\"og:site_name\" content=\"Fortis Eyewear\" \/>\n<meta property=\"article:publisher\" content=\"https:\/\/www.facebook.com\/FortisEyewear\" \/>\n<meta property=\"article:modified_time\" content=\"2020-02-12T14:08:51+00:00\" \/>\n<meta property=\"og:image\" content=\"https:\/\/fortiseyewear.co.uk\/wp-content\/uploads\/2016\/03\/Header-Fred.jpg\" \/>\n<meta name=\"twitter:card\" content=\"summary_large_image\" \/>\n<meta name=\"twitter:site\" content=\"@fortiseyewear\" \/>\n<meta name=\"twitter:label1\" content=\"Dur\u00e9e de lecture estim\u00e9e\" \/>\n\t<meta name=\"twitter:data1\" content=\"2 minutes\" \/>\n<!-- \/ Yoast SEO Premium plugin. -->","yoast_head_json":{"title":"Frederik Lorentzen - Fortis Eyewear","robots":{"index":"index","follow":"follow","max-snippet":"max-snippet:-1","max-image-preview":"max-image-preview:large","max-video-preview":"max-video-preview:-1"},"canonical":"https:\/\/fortiseyewear.co.uk\/fr\/collective\/frederik-lorentzen\/","og_locale":"fr_FR","og_type":"article","og_title":"Frederik Lorentzen","og_description":"Down by the River It&#8217;s not every day you meet a true activist, passionately protecting the environment in which we live and angle but Frederik Lorentzen is one of those guys who doesn&#8217;t give up easily. We caught up with Fred recently who gave us a little insight into his world&#8230; &#8220;I started a facebook","og_url":"https:\/\/fortiseyewear.co.uk\/fr\/collective\/frederik-lorentzen\/","og_site_name":"Fortis Eyewear","article_publisher":"https:\/\/www.facebook.com\/FortisEyewear","article_modified_time":"2020-02-12T14:08:51+00:00","og_image":[{"url":"https:\/\/fortiseyewear.co.uk\/wp-content\/uploads\/2016\/03\/Header-Fred.jpg","type":"","width":"","height":""}],"twitter_card":"summary_large_image","twitter_site":"@fortiseyewear","twitter_misc":{"Dur\u00e9e de lecture estim\u00e9e":"2 minutes"},"schema":{"@context":"https:\/\/schema.org","@graph":[{"@type":"WebPage","@id":"https:\/\/fortiseyewear.co.uk\/collective\/frederik-lorentzen\/","url":"https:\/\/fortiseyewear.co.uk\/collective\/frederik-lorentzen\/","name":"Frederik Lorentzen - Fortis Eyewear","isPartOf":{"@id":"https:\/\/fortiseyewear.co.uk\/#website"},"primaryImageOfPage":{"@id":"https:\/\/fortiseyewear.co.uk\/collective\/frederik-lorentzen\/#primaryimage"},"image":{"@id":"https:\/\/fortiseyewear.co.uk\/collective\/frederik-lorentzen\/#primaryimage"},"thumbnailUrl":"https:\/\/fortiseyewear.co.uk\/wp-content\/uploads\/2016\/03\/Header-Fred.jpg","datePublished":"2016-03-08T14:58:31+00:00","dateModified":"2020-02-12T14:08:51+00:00","breadcrumb":{"@id":"https:\/\/fortiseyewear.co.uk\/collective\/frederik-lorentzen\/#breadcrumb"},"inLanguage":"fr-FR","potentialAction":[{"@type":"ReadAction","target":["https:\/\/fortiseyewear.co.uk\/collective\/frederik-lorentzen\/"]}]},{"@type":"ImageObject","inLanguage":"fr-FR","@id":"https:\/\/fortiseyewear.co.uk\/collective\/frederik-lorentzen\/#primaryimage","url":"https:\/\/fortiseyewear.co.uk\/wp-content\/uploads\/2016\/03\/Header-Fred.jpg","contentUrl":"https:\/\/fortiseyewear.co.uk\/wp-content\/uploads\/2016\/03\/Header-Fred.jpg"},{"@type":"BreadcrumbList","@id":"https:\/\/fortiseyewear.co.uk\/collective\/frederik-lorentzen\/#breadcrumb","itemListElement":[{"@type":"ListItem","position":1,"name":"Home","item":"https:\/\/fortiseyewear.co.uk\/"},{"@type":"ListItem","position":2,"name":"The Collective","item":"https:\/\/fortiseyewear.co.uk\/collective\/"},{"@type":"ListItem","position":3,"name":"Frederik Lorentzen"}]},{"@type":"WebSite","@id":"https:\/\/fortiseyewear.co.uk\/#website","url":"https:\/\/fortiseyewear.co.uk\/","name":"Fortis Eyewear","description":"Lunettes de soleil polaris\u00e9es pour la p\u00eache","publisher":{"@id":"https:\/\/fortiseyewear.co.uk\/#organization"},"alternateName":"Fortis","potentialAction":[{"@type":"SearchAction","target":{"@type":"EntryPoint","urlTemplate":"https:\/\/fortiseyewear.co.uk\/?s={search_term_string}"},"query-input":{"@type":"PropertyValueSpecification","valueRequired":true,"valueName":"search_term_string"}}],"inLanguage":"fr-FR"},{"@type":"Organization","@id":"https:\/\/fortiseyewear.co.uk\/#organization","name":"Fortis Eyewear","alternateName":"Fortis","url":"https:\/\/fortiseyewear.co.uk\/","logo":{"@type":"ImageObject","inLanguage":"fr-FR","@id":"https:\/\/fortiseyewear.co.uk\/#\/schema\/logo\/image\/","url":"https:\/\/fortiseyewear.co.uk\/wp-content\/uploads\/2019\/05\/1.FinalLogoMOBILE.jpg","contentUrl":"https:\/\/fortiseyewear.co.uk\/wp-content\/uploads\/2019\/05\/1.FinalLogoMOBILE.jpg","width":766,"height":541,"caption":"Fortis Eyewear"},"image":{"@id":"https:\/\/fortiseyewear.co.uk\/#\/schema\/logo\/image\/"},"sameAs":["https:\/\/www.facebook.com\/FortisEyewear","https:\/\/x.com\/fortiseyewear","https:\/\/www.instagram.com\/FortisEyewear","https:\/\/www.youtube.com\/channel\/UC5uI6lYx37ltUVATG5skJLw"]}]}},"_links":{"self":[{"href":"https:\/\/fortiseyewear.co.uk\/fr\/wp-json\/wp\/v2\/pages\/10426","targetHints":{"allow":["GET"]}}],"collection":[{"href":"https:\/\/fortiseyewear.co.uk\/fr\/wp-json\/wp\/v2\/pages"}],"about":[{"href":"https:\/\/fortiseyewear.co.uk\/fr\/wp-json\/wp\/v2\/types\/page"}],"author":[{"embeddable":true,"href":"https:\/\/fortiseyewear.co.uk\/fr\/wp-json\/wp\/v2\/users\/11"}],"replies":[{"embeddable":true,"href":"https:\/\/fortiseyewear.co.uk\/fr\/wp-json\/wp\/v2\/comments?post=10426"}],"version-history":[{"count":0,"href":"https:\/\/fortiseyewear.co.uk\/fr\/wp-json\/wp\/v2\/pages\/10426\/revisions"}],"up":[{"embeddable":true,"href":"https:\/\/fortiseyewear.co.uk\/fr\/wp-json\/wp\/v2\/pages\/67"}],"wp:attachment":[{"href":"https:\/\/fortiseyewear.co.uk\/fr\/wp-json\/wp\/v2\/media?parent=10426"}],"curies":[{"name":"wp","href":"https:\/\/api.w.org\/{rel}","templated":true}]}}