{"id":1119,"date":"2013-05-01T11:30:50","date_gmt":"2013-05-01T11:30:50","guid":{"rendered":"https:\/\/fortiseyewear.co.uk\/?page_id=1119"},"modified":"2014-11-13T09:51:02","modified_gmt":"2014-11-13T09:51:02","slug":"stephan-dombaj","status":"publish","type":"page","link":"https:\/\/fortiseyewear.co.uk\/fr\/collective\/stephan-dombaj\/","title":{"rendered":"Stephan Dombaj"},"content":{"rendered":"<h3><img decoding=\"async\" class=\"alignnone size-full wp-image-4493\" src=\"https:\/\/fortiseyewear.co.uk\/wp-content\/uploads\/2013\/05\/StephanDombajHeader.jpg\" alt=\"StephanDombajHeader\" width=\"680\" height=\"226\" srcset=\"https:\/\/fortiseyewear.co.uk\/wp-content\/uploads\/2013\/05\/StephanDombajHeader.jpg 680w, https:\/\/fortiseyewear.co.uk\/wp-content\/uploads\/2013\/05\/StephanDombajHeader-300x100.jpg 300w, https:\/\/fortiseyewear.co.uk\/wp-content\/uploads\/2013\/05\/StephanDombajHeader-600x199.jpg 600w, https:\/\/fortiseyewear.co.uk\/wp-content\/uploads\/2013\/05\/StephanDombajHeader-640x213.jpg 640w, https:\/\/fortiseyewear.co.uk\/wp-content\/uploads\/2013\/05\/StephanDombajHeader-150x50.jpg 150w, https:\/\/fortiseyewear.co.uk\/wp-content\/uploads\/2013\/05\/StephanDombajHeader-280x93.jpg 280w, https:\/\/fortiseyewear.co.uk\/wp-content\/uploads\/2013\/05\/StephanDombajHeader-160x53.jpg 160w, https:\/\/fortiseyewear.co.uk\/wp-content\/uploads\/2013\/05\/StephanDombajHeader-320x106.jpg 320w, https:\/\/fortiseyewear.co.uk\/wp-content\/uploads\/2013\/05\/StephanDombajHeader-480x160.jpg 480w\" sizes=\"(max-width: 680px) 100vw, 680px\" \/><\/h3>\n<h3>Une recherche mondiale<\/h3>\n<p>Nous souhaitons la bienvenue \u00e0 Stephan Dombaj au sein du collectif Fortis. Membre du Pro Team Loop, photographe et globe-trotter, Stephan est un selfmade man, l'un des rares \u00e0 faire de sa passion son m\u00e9tier. Depuis qu'il a commenc\u00e9 \u00e0 manier une canne \u00e0 mouche \"\u00e0 l'\u00e9poque\", il r\u00eave de voyager \u00e0 travers le monde et d'attraper les poissons les plus gros et les plus forts. Aujourd'hui, Stephan en a ray\u00e9 plusieurs de sa liste. Toujours \u00e9quip\u00e9 d'un appareil photo autour du cou, il est capable de vous captiver avec des souvenirs inestimables du monde entier, qu'il s'agisse d'un saumon en Russie, d'une truite g\u00e9ante en Argentine ou d'un tarpon bondissant dans les eaux carib\u00e9ennes.[toggle_basic title=\"Read More\"]\n<p>Jusqu'\u00e0 pr\u00e9sent, ses destinations couvrent la Cor\u00e9e, la Russie, le Venezuela, Porto Rico, Cuba, l'Argentine, l'Islande, le Canada, la Norv\u00e8ge, la Slov\u00e9nie, la Su\u00e8de, la Croatie, la Bosnie, l'Autriche, le Danemark et bien d'autres encore, ce qui a permis \u00e0 Stephan de se forger une r\u00e9putation d'ambassadeur de la p\u00eache sportive hautement recommand\u00e9 et comp\u00e9tent en Europe centrale. En outre, il a accumul\u00e9 5 saisons d'exp\u00e9rience en tant que guide pour le Searun et la Browntrout r\u00e9sidente au Las Buitreras Lodge dans le sud de la Patagonie, en Argentine, o\u00f9 il a servi en tant que directeur de l'h\u00f4tel en 2011\/12, \u00e9tant le plus jeune dans l'histoire de Gallegos. Ses connaissances approfondies des aspects pratiques et th\u00e9oriques de la p\u00eache \u00e0 la mouche font de lui un membre irrempla\u00e7able de l'\u00e9quipe.<\/p>\n<p>Le large \u00e9ventail d'esp\u00e8ces et son approche professionnelle de la p\u00eache ne laissent aucune place aux missions de moindre qualit\u00e9. En cr\u00e9ant \"<a title=\"Fly Fishing Nation\" href=\"https:\/\/www.flyfishingnation.de\" target=\"_blank\">La nation de la p\u00eache \u00e0 la mouche<\/a>\"Avec le lancement de son site web en 2006 et de la version beta en 2010, il a port\u00e9 cette priorit\u00e9 \u00e0 un niveau sup\u00e9rieur et a cr\u00e9\u00e9 un r\u00e9seau de jeunes p\u00eacheurs \u00e0 la mouche ambitieux pour repr\u00e9senter leur passion dans les m\u00e9dias modernes.<\/p>\n<p>D'innombrables clients internationaux, magazines, applications graphiques, expositions et d\u00e9monstrations soulignent sa r\u00e9putation en tant que p\u00eacheur \u00e0 la mouche, lanceur et photographe.<\/p>\n<p>Ses images ont \u00e9t\u00e9 publi\u00e9es dans de nombreux magazines nationaux et internationaux, notamment :<br \/>\n- Le magazine Chasing Silver (international)<br \/>\n- Pohjolan Perho Kalastaia (Finlande)<br \/>\n- The Atlantic Salmon Journal (Canada)<br \/>\n- Allt Om Fiske (Norv\u00e8ge)<br \/>\n- Fisk og Fri (Danemark)<br \/>\n- Magazine H2o (Italie\/International)<br \/>\n- Sportski Ribolov (Croatie)<br \/>\n- Spin &amp; Fly (Balkan)<br \/>\n- Sportveidibladid (Islande)<br \/>\n- Fisch &amp; Fliege (Allemagne)<br \/>\n- Fly &amp; Tie (Allemagne\/International)<br \/>\n- Fliegenfischen (Allemagne)<br \/>\n- Saltwater Sportfishing Magazine (International\/USA)<br \/>\n- Blinker (Allemagne)<br \/>\n- Le Tarpon &amp; Bonefish Trust<\/p>\n<p>Publicit\u00e9 :<br \/>\n- Conception de l'hame\u00e7on \u00e0 boucle<br \/>\n- Aventures solides<br \/>\n- Produits Rio<br \/>\n- Culture de l'eau maigre<br \/>\n- Sports de plein air en Autriche<br \/>\n- Boucle NL\/DE\/A\/SE\/INT<br \/>\n- Guide Fly Fishing UK<br \/>\n- Fronti\u00e8res<br \/>\n- Eaux nerveuses<br \/>\n- Compagnie de la rivi\u00e8re Ponoi<br \/>\n- Atlantic Rivers Outfitting Company<br \/>\n- Compagnie du fleuve Rio Gallegos<\/p>\n<p>Le talent brut, la passion et le style de Steph sont des attributs qui incarnent ce qu'est notre collectif...[\/toggle_basic]\n[shareprints gallery_id=\"4415\u2033 gallery_type=\"masonry\" gallery_position=\"pos_center\" gallery_width=\"width_100\u2033 image_size=\"medium\" image_padding=\"5\u2033 theme=\"dark\" image_hover=\"colortosepia\" lightbox_type=\"slide\" titles=\"true\" captions=\"true\" descriptions=\"true\" comments=\"false\" sharing=\"true\"]","protected":false},"excerpt":{"rendered":"<p>Une recherche mondiale Nous souhaitons la bienvenue \u00e0 Stephan Dombaj au sein du collectif Fortis. Membre du Pro Team Loop, photographe et globe-trotter, Stephan est un selfmade man, l'un des rares \u00e0 faire de sa passion son m\u00e9tier. Depuis qu'il a commenc\u00e9 \u00e0 manier une canne \u00e0 mouche \"\u00e0 l'\u00e9poque\", des r\u00eaves ont \u00e9merg\u00e9, celui de voyager \u00e0 travers le monde, de...<\/p>","protected":false},"author":11,"featured_media":0,"parent":67,"menu_order":0,"comment_status":"closed","ping_status":"open","template":"","meta":{"_acf_changed":false,"footnotes":""},"class_list":["post-1119","page","type-page","status-publish","hentry","prodpage-classic"],"acf":[],"yoast_head":"<!-- This site is optimized with the Yoast SEO Premium plugin v26.7 (Yoast SEO v26.7) - https:\/\/yoast.com\/wordpress\/plugins\/seo\/ -->\n<title>Polarised Fishing Sunglasses Fortis Eyewear Stephan Dombaj Europe<\/title>\n<meta name=\"description\" content=\"International fly angler Stephan Dombaj wears Fortis Eyewear sunglasses to eliminate surface glare from the sun, our polarised fishing sunglasses are tested by the best anglers in the world\" \/>\n<meta name=\"robots\" content=\"index, follow, max-snippet:-1, max-image-preview:large, max-video-preview:-1\" \/>\n<link rel=\"canonical\" href=\"https:\/\/fortiseyewear.co.uk\/fr\/collective\/stephan-dombaj\/\" \/>\n<meta property=\"og:locale\" content=\"fr_FR\" \/>\n<meta property=\"og:type\" content=\"article\" \/>\n<meta property=\"og:title\" content=\"Stephan Dombaj\" \/>\n<meta property=\"og:description\" content=\"International fly angler Stephan Dombaj wears Fortis Eyewear sunglasses to eliminate surface glare from the sun, our polarised fishing sunglasses are tested by the best anglers in the world\" \/>\n<meta property=\"og:url\" content=\"https:\/\/fortiseyewear.co.uk\/fr\/collective\/stephan-dombaj\/\" \/>\n<meta property=\"og:site_name\" content=\"Fortis Eyewear\" \/>\n<meta property=\"article:publisher\" content=\"https:\/\/www.facebook.com\/FortisEyewear\" \/>\n<meta property=\"article:modified_time\" content=\"2014-11-13T09:51:02+00:00\" \/>\n<meta property=\"og:image\" content=\"https:\/\/fortiseyewear.co.uk\/wp-content\/uploads\/2013\/05\/StephanDombajHeader.jpg\" \/>\n<meta name=\"twitter:card\" content=\"summary_large_image\" \/>\n<meta name=\"twitter:site\" content=\"@fortiseyewear\" \/>\n<meta name=\"twitter:label1\" content=\"Dur\u00e9e de lecture estim\u00e9e\" \/>\n\t<meta name=\"twitter:data1\" content=\"2 minutes\" \/>\n<!-- \/ Yoast SEO Premium plugin. -->","yoast_head_json":{"title":"Polarised Fishing Sunglasses Fortis Eyewear Stephan Dombaj Europe","description":"International fly angler Stephan Dombaj wears Fortis Eyewear sunglasses to eliminate surface glare from the sun, our polarised fishing sunglasses are tested by the best anglers in the world","robots":{"index":"index","follow":"follow","max-snippet":"max-snippet:-1","max-image-preview":"max-image-preview:large","max-video-preview":"max-video-preview:-1"},"canonical":"https:\/\/fortiseyewear.co.uk\/fr\/collective\/stephan-dombaj\/","og_locale":"fr_FR","og_type":"article","og_title":"Stephan Dombaj","og_description":"International fly angler Stephan Dombaj wears Fortis Eyewear sunglasses to eliminate surface glare from the sun, our polarised fishing sunglasses are tested by the best anglers in the world","og_url":"https:\/\/fortiseyewear.co.uk\/fr\/collective\/stephan-dombaj\/","og_site_name":"Fortis Eyewear","article_publisher":"https:\/\/www.facebook.com\/FortisEyewear","article_modified_time":"2014-11-13T09:51:02+00:00","og_image":[{"url":"https:\/\/fortiseyewear.co.uk\/wp-content\/uploads\/2013\/05\/StephanDombajHeader.jpg","type":"","width":"","height":""}],"twitter_card":"summary_large_image","twitter_site":"@fortiseyewear","twitter_misc":{"Dur\u00e9e de lecture estim\u00e9e":"2 minutes"},"schema":{"@context":"https:\/\/schema.org","@graph":[{"@type":"WebPage","@id":"https:\/\/fortiseyewear.co.uk\/collective\/stephan-dombaj\/","url":"https:\/\/fortiseyewear.co.uk\/collective\/stephan-dombaj\/","name":"Polarised Fishing Sunglasses Fortis Eyewear Stephan Dombaj Europe","isPartOf":{"@id":"https:\/\/fortiseyewear.co.uk\/#website"},"primaryImageOfPage":{"@id":"https:\/\/fortiseyewear.co.uk\/collective\/stephan-dombaj\/#primaryimage"},"image":{"@id":"https:\/\/fortiseyewear.co.uk\/collective\/stephan-dombaj\/#primaryimage"},"thumbnailUrl":"https:\/\/fortiseyewear.co.uk\/wp-content\/uploads\/2013\/05\/StephanDombajHeader.jpg","datePublished":"2013-05-01T11:30:50+00:00","dateModified":"2014-11-13T09:51:02+00:00","description":"International fly angler Stephan Dombaj wears Fortis Eyewear sunglasses to eliminate surface glare from the sun, our polarised fishing sunglasses are tested by the best anglers in the world","breadcrumb":{"@id":"https:\/\/fortiseyewear.co.uk\/collective\/stephan-dombaj\/#breadcrumb"},"inLanguage":"fr-FR","potentialAction":[{"@type":"ReadAction","target":["https:\/\/fortiseyewear.co.uk\/collective\/stephan-dombaj\/"]}]},{"@type":"ImageObject","inLanguage":"fr-FR","@id":"https:\/\/fortiseyewear.co.uk\/collective\/stephan-dombaj\/#primaryimage","url":"https:\/\/fortiseyewear.co.uk\/wp-content\/uploads\/2013\/05\/StephanDombajHeader.jpg","contentUrl":"https:\/\/fortiseyewear.co.uk\/wp-content\/uploads\/2013\/05\/StephanDombajHeader.jpg"},{"@type":"BreadcrumbList","@id":"https:\/\/fortiseyewear.co.uk\/collective\/stephan-dombaj\/#breadcrumb","itemListElement":[{"@type":"ListItem","position":1,"name":"Home","item":"https:\/\/fortiseyewear.co.uk\/"},{"@type":"ListItem","position":2,"name":"The Collective","item":"https:\/\/fortiseyewear.co.uk\/collective\/"},{"@type":"ListItem","position":3,"name":"Stephan Dombaj"}]},{"@type":"WebSite","@id":"https:\/\/fortiseyewear.co.uk\/#website","url":"https:\/\/fortiseyewear.co.uk\/","name":"Fortis Eyewear","description":"Lunettes de soleil polaris\u00e9es pour la p\u00eache","publisher":{"@id":"https:\/\/fortiseyewear.co.uk\/#organization"},"alternateName":"Fortis","potentialAction":[{"@type":"SearchAction","target":{"@type":"EntryPoint","urlTemplate":"https:\/\/fortiseyewear.co.uk\/?s={search_term_string}"},"query-input":{"@type":"PropertyValueSpecification","valueRequired":true,"valueName":"search_term_string"}}],"inLanguage":"fr-FR"},{"@type":"Organization","@id":"https:\/\/fortiseyewear.co.uk\/#organization","name":"Fortis Eyewear","alternateName":"Fortis","url":"https:\/\/fortiseyewear.co.uk\/","logo":{"@type":"ImageObject","inLanguage":"fr-FR","@id":"https:\/\/fortiseyewear.co.uk\/#\/schema\/logo\/image\/","url":"https:\/\/fortiseyewear.co.uk\/wp-content\/uploads\/2019\/05\/1.FinalLogoMOBILE.jpg","contentUrl":"https:\/\/fortiseyewear.co.uk\/wp-content\/uploads\/2019\/05\/1.FinalLogoMOBILE.jpg","width":766,"height":541,"caption":"Fortis Eyewear"},"image":{"@id":"https:\/\/fortiseyewear.co.uk\/#\/schema\/logo\/image\/"},"sameAs":["https:\/\/www.facebook.com\/FortisEyewear","https:\/\/x.com\/fortiseyewear","https:\/\/www.instagram.com\/FortisEyewear","https:\/\/www.youtube.com\/channel\/UC5uI6lYx37ltUVATG5skJLw"]}]}},"_links":{"self":[{"href":"https:\/\/fortiseyewear.co.uk\/fr\/wp-json\/wp\/v2\/pages\/1119","targetHints":{"allow":["GET"]}}],"collection":[{"href":"https:\/\/fortiseyewear.co.uk\/fr\/wp-json\/wp\/v2\/pages"}],"about":[{"href":"https:\/\/fortiseyewear.co.uk\/fr\/wp-json\/wp\/v2\/types\/page"}],"author":[{"embeddable":true,"href":"https:\/\/fortiseyewear.co.uk\/fr\/wp-json\/wp\/v2\/users\/11"}],"replies":[{"embeddable":true,"href":"https:\/\/fortiseyewear.co.uk\/fr\/wp-json\/wp\/v2\/comments?post=1119"}],"version-history":[{"count":0,"href":"https:\/\/fortiseyewear.co.uk\/fr\/wp-json\/wp\/v2\/pages\/1119\/revisions"}],"up":[{"embeddable":true,"href":"https:\/\/fortiseyewear.co.uk\/fr\/wp-json\/wp\/v2\/pages\/67"}],"wp:attachment":[{"href":"https:\/\/fortiseyewear.co.uk\/fr\/wp-json\/wp\/v2\/media?parent=1119"}],"curies":[{"name":"wp","href":"https:\/\/api.w.org\/{rel}","templated":true}]}}