{"id":13031,"date":"2017-11-10T11:21:11","date_gmt":"2017-11-10T11:21:11","guid":{"rendered":"https:\/\/fortiseyewear.co.uk\/?page_id=13031"},"modified":"2020-02-12T13:57:32","modified_gmt":"2020-02-12T13:57:32","slug":"myles-gibson","status":"publish","type":"page","link":"https:\/\/fortiseyewear.co.uk\/fr\/collective\/myles-gibson\/","title":{"rendered":"Myles Gibson"},"content":{"rendered":"<p><img decoding=\"async\" class=\"size-full wp-image-10034\" src=\"https:\/\/fortiseyewear.co.uk\/wp-content\/uploads\/2015\/09\/AndreasTatzreiterHeader.jpg\" alt=\"Myles Gibson\" width=\"680\" height=\"226\" srcset=\"https:\/\/fortiseyewear.co.uk\/wp-content\/uploads\/2015\/09\/AndreasTatzreiterHeader.jpg 680w, https:\/\/fortiseyewear.co.uk\/wp-content\/uploads\/2015\/09\/AndreasTatzreiterHeader-300x100.jpg 300w, https:\/\/fortiseyewear.co.uk\/wp-content\/uploads\/2015\/09\/AndreasTatzreiterHeader-600x199.jpg 600w, https:\/\/fortiseyewear.co.uk\/wp-content\/uploads\/2015\/09\/AndreasTatzreiterHeader-640x213.jpg 640w, https:\/\/fortiseyewear.co.uk\/wp-content\/uploads\/2015\/09\/AndreasTatzreiterHeader-150x50.jpg 150w, https:\/\/fortiseyewear.co.uk\/wp-content\/uploads\/2015\/09\/AndreasTatzreiterHeader-280x93.jpg 280w, https:\/\/fortiseyewear.co.uk\/wp-content\/uploads\/2015\/09\/AndreasTatzreiterHeader-160x53.jpg 160w, https:\/\/fortiseyewear.co.uk\/wp-content\/uploads\/2015\/09\/AndreasTatzreiterHeader-320x106.jpg 320w, https:\/\/fortiseyewear.co.uk\/wp-content\/uploads\/2015\/09\/AndreasTatzreiterHeader-480x160.jpg 480w\" sizes=\"(max-width: 680px) 100vw, 680px\" \/><\/p>\n<h3>Le GURU connu sous le nom de Myles<\/h3>\n<p>Myles Gibson est l'un des p\u00eacheurs les plus r\u00e9guliers. Originaire du Nord-Ouest, il s'est fait les dents sur les meres, r\u00e9put\u00e9es difficiles, et n'a pas regard\u00e9 en arri\u00e8re depuis ! La d\u00e9termination et la r\u00e9silience de Myles font que, quelle que soit la difficult\u00e9 de l'eau, aucune carpe n'est \u00e0 l'abri. C'est lorsqu'il a commenc\u00e9 \u00e0 p\u00eacher \u00e0 Redesmere, o\u00f9 Myles a attrap\u00e9 son premier 30, un poisson du double de son \u00e2ge et connu sous le nom de \"Pretty One\", que le buzz a vraiment pris. Cependant, la plupart de ses activit\u00e9s de p\u00eache au cours des 8 derni\u00e8res ann\u00e9es ont \u00e9t\u00e9 marqu\u00e9es par de nombreux d\u00e9placements. Il a p\u00each\u00e9 dans les eaux des Midlands, des Cotswolds, d'Oxford, puis de Cambridge et, plus r\u00e9cemment, de Reading, le trajet le plus long de tous. Myles essaie de p\u00eacher trois nuits par semaine la plupart du temps et travaille dans un magasin d'articles de p\u00eache les quatre autres jours.<\/p>\n<p>\"C'est comme une drogue, chaque capture sp\u00e9ciale est un grand sentiment d'euphorie ! Mais quand il s'agit d'une capture qui a demand\u00e9 des ann\u00e9es de travail ou pour laquelle vous avez d\u00fb faire un effort suppl\u00e9mentaire, chaque gros poisson a sa propre histoire et c'est cette aventure que j'aime. J'ai rencontr\u00e9 des amis pour la vie tout au long de mon parcours\".<\/p>\n[shareprints gallery_id=\"13035\u2033 gallery_type=\"masonry\" gallery_position=\"pos_center\" gallery_width=\"width_100\u2033 image_size=\"medium\" image_padding=\"10\u2033 theme=\"dark\" image_hover=\"colortosepia\" lightbox_type=\"slide\" titles=\"true\" captions=\"true\" descriptions=\"true\" comments=\"false\" sharing=\"false\"]","protected":false},"excerpt":{"rendered":"<p>Le GURU connu sous le nom de Myles Myles Gibson est l'un des p\u00eacheurs de gros poissons les plus r\u00e9guliers. Originaire du Nord-Ouest, il s'est fait les dents sur les meres, r\u00e9put\u00e9es difficiles, et n'a jamais regard\u00e9 en arri\u00e8re depuis ! La d\u00e9termination et la r\u00e9silience de Myles font que, quelle que soit la difficult\u00e9 de l'eau, aucune carpe n'est \u00e0 l'abri. C'est \u00e0 ce moment-l\u00e0 que Myles a commenc\u00e9 \u00e0 p\u00eacher.<\/p>","protected":false},"author":11,"featured_media":0,"parent":67,"menu_order":0,"comment_status":"closed","ping_status":"open","template":"","meta":{"_acf_changed":false,"footnotes":""},"class_list":["post-13031","page","type-page","status-publish","hentry","prodpage-classic"],"acf":[],"yoast_head":"<!-- This site is optimized with the Yoast SEO Premium plugin v26.7 (Yoast SEO v26.7) - https:\/\/yoast.com\/wordpress\/plugins\/seo\/ -->\n<title>Myles Gibson - Fortis Eyewear<\/title>\n<meta name=\"robots\" content=\"index, follow, max-snippet:-1, max-image-preview:large, max-video-preview:-1\" \/>\n<link rel=\"canonical\" href=\"https:\/\/fortiseyewear.co.uk\/fr\/collective\/myles-gibson\/\" \/>\n<meta property=\"og:locale\" content=\"fr_FR\" \/>\n<meta property=\"og:type\" content=\"article\" \/>\n<meta property=\"og:title\" content=\"Myles Gibson\" \/>\n<meta property=\"og:description\" content=\"The GURU known as Myles Myles Gibson is one of the most consistent big fish catchers out there. Bred in the North West, he cut his teeth on the notoriously difficult meres and hasn\u2019t looked back since! Myles\u2019 determination and resilience mean no matter how tough the water, no Carp is safe. It was when\" \/>\n<meta property=\"og:url\" content=\"https:\/\/fortiseyewear.co.uk\/fr\/collective\/myles-gibson\/\" \/>\n<meta property=\"og:site_name\" content=\"Fortis Eyewear\" \/>\n<meta property=\"article:publisher\" content=\"https:\/\/www.facebook.com\/FortisEyewear\" \/>\n<meta property=\"article:modified_time\" content=\"2020-02-12T13:57:32+00:00\" \/>\n<meta property=\"og:image\" content=\"https:\/\/fortiseyewear.co.uk\/wp-content\/uploads\/2015\/09\/AndreasTatzreiterHeader.jpg\" \/>\n<meta name=\"twitter:card\" content=\"summary_large_image\" \/>\n<meta name=\"twitter:site\" content=\"@fortiseyewear\" \/>\n<meta name=\"twitter:label1\" content=\"Dur\u00e9e de lecture estim\u00e9e\" \/>\n\t<meta name=\"twitter:data1\" content=\"1 minute\" \/>\n<!-- \/ Yoast SEO Premium plugin. -->","yoast_head_json":{"title":"Myles Gibson - Fortis Eyewear","robots":{"index":"index","follow":"follow","max-snippet":"max-snippet:-1","max-image-preview":"max-image-preview:large","max-video-preview":"max-video-preview:-1"},"canonical":"https:\/\/fortiseyewear.co.uk\/fr\/collective\/myles-gibson\/","og_locale":"fr_FR","og_type":"article","og_title":"Myles Gibson","og_description":"The GURU known as Myles Myles Gibson is one of the most consistent big fish catchers out there. Bred in the North West, he cut his teeth on the notoriously difficult meres and hasn\u2019t looked back since! Myles\u2019 determination and resilience mean no matter how tough the water, no Carp is safe. It was when","og_url":"https:\/\/fortiseyewear.co.uk\/fr\/collective\/myles-gibson\/","og_site_name":"Fortis Eyewear","article_publisher":"https:\/\/www.facebook.com\/FortisEyewear","article_modified_time":"2020-02-12T13:57:32+00:00","og_image":[{"url":"https:\/\/fortiseyewear.co.uk\/wp-content\/uploads\/2015\/09\/AndreasTatzreiterHeader.jpg","type":"","width":"","height":""}],"twitter_card":"summary_large_image","twitter_site":"@fortiseyewear","twitter_misc":{"Dur\u00e9e de lecture estim\u00e9e":"1 minute"},"schema":{"@context":"https:\/\/schema.org","@graph":[{"@type":"WebPage","@id":"https:\/\/fortiseyewear.co.uk\/collective\/myles-gibson\/","url":"https:\/\/fortiseyewear.co.uk\/collective\/myles-gibson\/","name":"Myles Gibson - Fortis Eyewear","isPartOf":{"@id":"https:\/\/fortiseyewear.co.uk\/#website"},"primaryImageOfPage":{"@id":"https:\/\/fortiseyewear.co.uk\/collective\/myles-gibson\/#primaryimage"},"image":{"@id":"https:\/\/fortiseyewear.co.uk\/collective\/myles-gibson\/#primaryimage"},"thumbnailUrl":"https:\/\/fortiseyewear.co.uk\/wp-content\/uploads\/2015\/09\/AndreasTatzreiterHeader.jpg","datePublished":"2017-11-10T11:21:11+00:00","dateModified":"2020-02-12T13:57:32+00:00","breadcrumb":{"@id":"https:\/\/fortiseyewear.co.uk\/collective\/myles-gibson\/#breadcrumb"},"inLanguage":"fr-FR","potentialAction":[{"@type":"ReadAction","target":["https:\/\/fortiseyewear.co.uk\/collective\/myles-gibson\/"]}]},{"@type":"ImageObject","inLanguage":"fr-FR","@id":"https:\/\/fortiseyewear.co.uk\/collective\/myles-gibson\/#primaryimage","url":"https:\/\/fortiseyewear.co.uk\/wp-content\/uploads\/2015\/09\/AndreasTatzreiterHeader.jpg","contentUrl":"https:\/\/fortiseyewear.co.uk\/wp-content\/uploads\/2015\/09\/AndreasTatzreiterHeader.jpg"},{"@type":"BreadcrumbList","@id":"https:\/\/fortiseyewear.co.uk\/collective\/myles-gibson\/#breadcrumb","itemListElement":[{"@type":"ListItem","position":1,"name":"Home","item":"https:\/\/fortiseyewear.co.uk\/"},{"@type":"ListItem","position":2,"name":"The Collective","item":"https:\/\/fortiseyewear.co.uk\/collective\/"},{"@type":"ListItem","position":3,"name":"Myles Gibson"}]},{"@type":"WebSite","@id":"https:\/\/fortiseyewear.co.uk\/#website","url":"https:\/\/fortiseyewear.co.uk\/","name":"Fortis Eyewear","description":"Lunettes de soleil polaris\u00e9es pour la p\u00eache","publisher":{"@id":"https:\/\/fortiseyewear.co.uk\/#organization"},"alternateName":"Fortis","potentialAction":[{"@type":"SearchAction","target":{"@type":"EntryPoint","urlTemplate":"https:\/\/fortiseyewear.co.uk\/?s={search_term_string}"},"query-input":{"@type":"PropertyValueSpecification","valueRequired":true,"valueName":"search_term_string"}}],"inLanguage":"fr-FR"},{"@type":"Organization","@id":"https:\/\/fortiseyewear.co.uk\/#organization","name":"Fortis Eyewear","alternateName":"Fortis","url":"https:\/\/fortiseyewear.co.uk\/","logo":{"@type":"ImageObject","inLanguage":"fr-FR","@id":"https:\/\/fortiseyewear.co.uk\/#\/schema\/logo\/image\/","url":"https:\/\/fortiseyewear.co.uk\/wp-content\/uploads\/2019\/05\/1.FinalLogoMOBILE.jpg","contentUrl":"https:\/\/fortiseyewear.co.uk\/wp-content\/uploads\/2019\/05\/1.FinalLogoMOBILE.jpg","width":766,"height":541,"caption":"Fortis Eyewear"},"image":{"@id":"https:\/\/fortiseyewear.co.uk\/#\/schema\/logo\/image\/"},"sameAs":["https:\/\/www.facebook.com\/FortisEyewear","https:\/\/x.com\/fortiseyewear","https:\/\/www.instagram.com\/FortisEyewear","https:\/\/www.youtube.com\/channel\/UC5uI6lYx37ltUVATG5skJLw"]}]}},"_links":{"self":[{"href":"https:\/\/fortiseyewear.co.uk\/fr\/wp-json\/wp\/v2\/pages\/13031","targetHints":{"allow":["GET"]}}],"collection":[{"href":"https:\/\/fortiseyewear.co.uk\/fr\/wp-json\/wp\/v2\/pages"}],"about":[{"href":"https:\/\/fortiseyewear.co.uk\/fr\/wp-json\/wp\/v2\/types\/page"}],"author":[{"embeddable":true,"href":"https:\/\/fortiseyewear.co.uk\/fr\/wp-json\/wp\/v2\/users\/11"}],"replies":[{"embeddable":true,"href":"https:\/\/fortiseyewear.co.uk\/fr\/wp-json\/wp\/v2\/comments?post=13031"}],"version-history":[{"count":0,"href":"https:\/\/fortiseyewear.co.uk\/fr\/wp-json\/wp\/v2\/pages\/13031\/revisions"}],"up":[{"embeddable":true,"href":"https:\/\/fortiseyewear.co.uk\/fr\/wp-json\/wp\/v2\/pages\/67"}],"wp:attachment":[{"href":"https:\/\/fortiseyewear.co.uk\/fr\/wp-json\/wp\/v2\/media?parent=13031"}],"curies":[{"name":"wp","href":"https:\/\/api.w.org\/{rel}","templated":true}]}}