{"id":1599,"date":"2013-08-05T13:33:16","date_gmt":"2013-08-05T13:33:16","guid":{"rendered":"https:\/\/fortiseyewear.co.uk\/?page_id=1599"},"modified":"2020-02-12T14:04:58","modified_gmt":"2020-02-12T14:04:58","slug":"roderick-langeveld","status":"publish","type":"page","link":"https:\/\/fortiseyewear.co.uk\/fr\/collective\/roderick-langeveld\/","title":{"rendered":"Roderick Langeveld"},"content":{"rendered":"<h3><img decoding=\"async\" class=\"alignnone size-full wp-image-4579\" src=\"https:\/\/fortiseyewear.co.uk\/wp-content\/uploads\/2013\/08\/RoderickLangeveldHeader.jpg\" alt=\"RoderickLangeveldHeader\" width=\"680\" height=\"226\" srcset=\"https:\/\/fortiseyewear.co.uk\/wp-content\/uploads\/2013\/08\/RoderickLangeveldHeader.jpg 680w, https:\/\/fortiseyewear.co.uk\/wp-content\/uploads\/2013\/08\/RoderickLangeveldHeader-300x100.jpg 300w, https:\/\/fortiseyewear.co.uk\/wp-content\/uploads\/2013\/08\/RoderickLangeveldHeader-600x199.jpg 600w, https:\/\/fortiseyewear.co.uk\/wp-content\/uploads\/2013\/08\/RoderickLangeveldHeader-640x213.jpg 640w, https:\/\/fortiseyewear.co.uk\/wp-content\/uploads\/2013\/08\/RoderickLangeveldHeader-150x50.jpg 150w, https:\/\/fortiseyewear.co.uk\/wp-content\/uploads\/2013\/08\/RoderickLangeveldHeader-280x93.jpg 280w, https:\/\/fortiseyewear.co.uk\/wp-content\/uploads\/2013\/08\/RoderickLangeveldHeader-160x53.jpg 160w, https:\/\/fortiseyewear.co.uk\/wp-content\/uploads\/2013\/08\/RoderickLangeveldHeader-320x106.jpg 320w, https:\/\/fortiseyewear.co.uk\/wp-content\/uploads\/2013\/08\/RoderickLangeveldHeader-480x160.jpg 480w\" sizes=\"(max-width: 680px) 100vw, 680px\" \/><\/h3>\n<h3>Enter the Wild<\/h3>\n<p>Everyone involved with Fortis Eyewear shares the same enthusiasm for the great outdoors. It&#8217;s the spirit of adventure and diving into the unknown that keeps us freshly motivated. So, when Roderick Langeveld was brought to our attentions we couldn&#8217;t help but be sparked by his infectious energy for exploration. We&#8217;ll leave the words to Roderick as we couldn&#8217;t have put it better!<\/p>\n<p>For me fishing is one big adventure. It guides me through life and makes me travel all over the world. Fishing is something that\u2019s in my system the whole day, week, month and year. It\u2019s way beyond catching carp. Just being out there at so many different venues is something that\u2019s keeps me going. I prefer the unknown and like to find my own pad and discover new things and new secrets. It empties my head and recharges my batteries. Alone or with real friends, far away from my boring obligations that I still desperately need to finance new adventures. [toggle_basic title=&#8221;Read More&#8221;]\n<p>I can find indescribable happiness when I\u2019m in the woods at an insanely big lake in France and I feel more than alive when I travel to South Africa and face the brutal wildlife. I love to fill up my van with gear and just drive to nowhere without a real plan. Forget the date and time and let fishing thoughts take over my brain. Going further then other anglers to avoid crowds and experience total freedom when I fish abandoned spots. Being a angler is a wonderful thing and you control your own adventure. Create a wonderful story behind every catch.<\/p>\n<p>Get out there and Enjoy![\/toggle_basic]\n[shareprints gallery_id=&#8221;4557&#8243; gallery_type=&#8221;masonry&#8221; gallery_position=&#8221;pos_center&#8221; gallery_width=&#8221;width_100&#8243; image_size=&#8221;medium&#8221; image_padding=&#8221;5&#8243; theme=&#8221;dark&#8221; image_hover=&#8221;colortosepia&#8221; lightbox_type=&#8221;slide&#8221; titles=&#8221;true&#8221; captions=&#8221;true&#8221; descriptions=&#8221;true&#8221; comments=&#8221;false&#8221; sharing=&#8221;true&#8221;]\n","protected":false},"excerpt":{"rendered":"<p>Enter the Wild Tous les collaborateurs de Fortis Eyewear partagent le m\u00eame enthousiasme pour les grands espaces. C'est l'esprit d'aventure et la plong\u00e9e dans l'inconnu qui nous motivent constamment. Aussi, lorsque Roderick Langeveld a \u00e9t\u00e9 port\u00e9 \u00e0 notre attention, nous n'avons pu qu'\u00eatre s\u00e9duits par son \u00e9nergie contagieuse pour l'exploration. Nous laisserons le<\/p>","protected":false},"author":11,"featured_media":0,"parent":67,"menu_order":0,"comment_status":"closed","ping_status":"open","template":"","meta":{"_acf_changed":false,"footnotes":""},"class_list":["post-1599","page","type-page","status-publish","hentry","prodpage-classic"],"acf":[],"yoast_head":"<!-- This site is optimized with the Yoast SEO Premium plugin v27.5 (Yoast SEO v27.5) - https:\/\/yoast.com\/product\/yoast-seo-premium-wordpress\/ -->\n<title>Polarised Fishing Sunglasses Fortis Eyewear Roderick Langeveld Europe<\/title>\n<meta name=\"description\" content=\"Angler\u2019s such as Roderick Langeveld &amp; Roy Alofs use polarised fishing sunglasses by Fortis Eyewear will help you catch more fish. Targeting Carp in deep water using our X Bloc lens technology to eliminate surface glare from the sun will put more fish on the bank\" \/>\n<meta name=\"robots\" content=\"index, follow, max-snippet:-1, max-image-preview:large, max-video-preview:-1\" \/>\n<link rel=\"canonical\" href=\"https:\/\/fortiseyewear.co.uk\/fr\/collective\/roderick-langeveld\/\" \/>\n<meta property=\"og:locale\" content=\"fr_FR\" \/>\n<meta property=\"og:type\" content=\"article\" \/>\n<meta property=\"og:title\" content=\"Roderick Langeveld\" \/>\n<meta property=\"og:description\" content=\"Angler\u2019s such as Roderick Langeveld &amp; Roy Alofs use polarised fishing sunglasses by Fortis Eyewear will help you catch more fish. Targeting Carp in deep water using our X Bloc lens technology to eliminate surface glare from the sun will put more fish on the bank\" \/>\n<meta property=\"og:url\" content=\"https:\/\/fortiseyewear.co.uk\/fr\/collective\/roderick-langeveld\/\" \/>\n<meta property=\"og:site_name\" content=\"Fortis Eyewear\" \/>\n<meta property=\"article:publisher\" content=\"https:\/\/www.facebook.com\/FortisEyewear\" \/>\n<meta property=\"article:modified_time\" content=\"2020-02-12T14:04:58+00:00\" \/>\n<meta property=\"og:image\" content=\"https:\/\/fortiseyewear.co.uk\/wp-content\/uploads\/2013\/08\/RoderickLangeveldHeader.jpg\" \/>\n<meta name=\"twitter:card\" content=\"summary_large_image\" \/>\n<meta name=\"twitter:site\" content=\"@fortiseyewear\" \/>\n<meta name=\"twitter:label1\" content=\"Dur\u00e9e de lecture estim\u00e9e\" \/>\n\t<meta name=\"twitter:data1\" content=\"2 minutes\" \/>\n<!-- \/ Yoast SEO Premium plugin. -->","yoast_head_json":{"title":"Polarised Fishing Sunglasses Fortis Eyewear Roderick Langeveld Europe","description":"Angler\u2019s such as Roderick Langeveld & Roy Alofs use polarised fishing sunglasses by Fortis Eyewear will help you catch more fish. Targeting Carp in deep water using our X Bloc lens technology to eliminate surface glare from the sun will put more fish on the bank","robots":{"index":"index","follow":"follow","max-snippet":"max-snippet:-1","max-image-preview":"max-image-preview:large","max-video-preview":"max-video-preview:-1"},"canonical":"https:\/\/fortiseyewear.co.uk\/fr\/collective\/roderick-langeveld\/","og_locale":"fr_FR","og_type":"article","og_title":"Roderick Langeveld","og_description":"Angler\u2019s such as Roderick Langeveld & Roy Alofs use polarised fishing sunglasses by Fortis Eyewear will help you catch more fish. Targeting Carp in deep water using our X Bloc lens technology to eliminate surface glare from the sun will put more fish on the bank","og_url":"https:\/\/fortiseyewear.co.uk\/fr\/collective\/roderick-langeveld\/","og_site_name":"Fortis Eyewear","article_publisher":"https:\/\/www.facebook.com\/FortisEyewear","article_modified_time":"2020-02-12T14:04:58+00:00","og_image":[{"url":"https:\/\/fortiseyewear.co.uk\/wp-content\/uploads\/2013\/08\/RoderickLangeveldHeader.jpg","type":"","width":"","height":""}],"twitter_card":"summary_large_image","twitter_site":"@fortiseyewear","twitter_misc":{"Dur\u00e9e de lecture estim\u00e9e":"2 minutes"},"schema":{"@context":"https:\/\/schema.org","@graph":[{"@type":"WebPage","@id":"https:\/\/fortiseyewear.co.uk\/collective\/roderick-langeveld\/","url":"https:\/\/fortiseyewear.co.uk\/collective\/roderick-langeveld\/","name":"Polarised Fishing Sunglasses Fortis Eyewear Roderick Langeveld Europe","isPartOf":{"@id":"https:\/\/fortiseyewear.co.uk\/#website"},"primaryImageOfPage":{"@id":"https:\/\/fortiseyewear.co.uk\/collective\/roderick-langeveld\/#primaryimage"},"image":{"@id":"https:\/\/fortiseyewear.co.uk\/collective\/roderick-langeveld\/#primaryimage"},"thumbnailUrl":"https:\/\/fortiseyewear.co.uk\/wp-content\/uploads\/2013\/08\/RoderickLangeveldHeader.jpg","datePublished":"2013-08-05T13:33:16+00:00","dateModified":"2020-02-12T14:04:58+00:00","description":"Angler\u2019s such as Roderick Langeveld & Roy Alofs use polarised fishing sunglasses by Fortis Eyewear will help you catch more fish. Targeting Carp in deep water using our X Bloc lens technology to eliminate surface glare from the sun will put more fish on the bank","breadcrumb":{"@id":"https:\/\/fortiseyewear.co.uk\/collective\/roderick-langeveld\/#breadcrumb"},"inLanguage":"fr-FR","potentialAction":[{"@type":"ReadAction","target":["https:\/\/fortiseyewear.co.uk\/collective\/roderick-langeveld\/"]}]},{"@type":"ImageObject","inLanguage":"fr-FR","@id":"https:\/\/fortiseyewear.co.uk\/collective\/roderick-langeveld\/#primaryimage","url":"https:\/\/fortiseyewear.co.uk\/wp-content\/uploads\/2013\/08\/RoderickLangeveldHeader.jpg","contentUrl":"https:\/\/fortiseyewear.co.uk\/wp-content\/uploads\/2013\/08\/RoderickLangeveldHeader.jpg"},{"@type":"BreadcrumbList","@id":"https:\/\/fortiseyewear.co.uk\/collective\/roderick-langeveld\/#breadcrumb","itemListElement":[{"@type":"ListItem","position":1,"name":"Home","item":"https:\/\/fortiseyewear.co.uk\/"},{"@type":"ListItem","position":2,"name":"The Collective","item":"https:\/\/fortiseyewear.co.uk\/collective\/"},{"@type":"ListItem","position":3,"name":"Roderick Langeveld"}]},{"@type":"WebSite","@id":"https:\/\/fortiseyewear.co.uk\/#website","url":"https:\/\/fortiseyewear.co.uk\/","name":"Fortis Eyewear","description":"Lunettes de soleil polaris\u00e9es pour la p\u00eache","publisher":{"@id":"https:\/\/fortiseyewear.co.uk\/#organization"},"alternateName":"Fortis","potentialAction":[{"@type":"SearchAction","target":{"@type":"EntryPoint","urlTemplate":"https:\/\/fortiseyewear.co.uk\/?s={search_term_string}"},"query-input":{"@type":"PropertyValueSpecification","valueRequired":true,"valueName":"search_term_string"}}],"inLanguage":"fr-FR"},{"@type":"Organization","@id":"https:\/\/fortiseyewear.co.uk\/#organization","name":"Fortis Eyewear","alternateName":"Fortis","url":"https:\/\/fortiseyewear.co.uk\/","logo":{"@type":"ImageObject","inLanguage":"fr-FR","@id":"https:\/\/fortiseyewear.co.uk\/#\/schema\/logo\/image\/","url":"https:\/\/fortiseyewear.co.uk\/wp-content\/uploads\/2019\/05\/1.FinalLogoMOBILE.jpg","contentUrl":"https:\/\/fortiseyewear.co.uk\/wp-content\/uploads\/2019\/05\/1.FinalLogoMOBILE.jpg","width":766,"height":541,"caption":"Fortis Eyewear"},"image":{"@id":"https:\/\/fortiseyewear.co.uk\/#\/schema\/logo\/image\/"},"sameAs":["https:\/\/www.facebook.com\/FortisEyewear","https:\/\/x.com\/fortiseyewear","https:\/\/www.instagram.com\/FortisEyewear","https:\/\/www.youtube.com\/channel\/UC5uI6lYx37ltUVATG5skJLw"]}]}},"_links":{"self":[{"href":"https:\/\/fortiseyewear.co.uk\/fr\/wp-json\/wp\/v2\/pages\/1599","targetHints":{"allow":["GET"]}}],"collection":[{"href":"https:\/\/fortiseyewear.co.uk\/fr\/wp-json\/wp\/v2\/pages"}],"about":[{"href":"https:\/\/fortiseyewear.co.uk\/fr\/wp-json\/wp\/v2\/types\/page"}],"author":[{"embeddable":true,"href":"https:\/\/fortiseyewear.co.uk\/fr\/wp-json\/wp\/v2\/users\/11"}],"replies":[{"embeddable":true,"href":"https:\/\/fortiseyewear.co.uk\/fr\/wp-json\/wp\/v2\/comments?post=1599"}],"version-history":[{"count":0,"href":"https:\/\/fortiseyewear.co.uk\/fr\/wp-json\/wp\/v2\/pages\/1599\/revisions"}],"up":[{"embeddable":true,"href":"https:\/\/fortiseyewear.co.uk\/fr\/wp-json\/wp\/v2\/pages\/67"}],"wp:attachment":[{"href":"https:\/\/fortiseyewear.co.uk\/fr\/wp-json\/wp\/v2\/media?parent=1599"}],"curies":[{"name":"wp","href":"https:\/\/api.w.org\/{rel}","templated":true}]}}