{"id":2015,"date":"2013-11-15T14:29:42","date_gmt":"2013-11-15T14:29:42","guid":{"rendered":"https:\/\/fortiseyewear.co.uk\/?page_id=2015"},"modified":"2025-06-13T10:46:05","modified_gmt":"2025-06-13T10:46:05","slug":"returns-policy","status":"publish","type":"page","link":"https:\/\/fortiseyewear.co.uk\/fr\/returns-policy\/","title":{"rendered":"Politique de retour"},"content":{"rendered":"<h3>NOTRE POLITIQUE DE RETOUR<\/h3>\n<p><b>LES MEILLEURS MOYENS DE NOUS CONTACTER POUR LES RETOURS<\/b><\/p>\n<p><b><\/b>Vous pouvez nous joindre par t\u00e9l\u00e9phone (0208 460 7597) de 9h \u00e0 17h du lundi au vendredi (ferm\u00e9 les samedis, dimanches et jours f\u00e9ri\u00e9s).<br \/>\nEn dehors des heures d'ouverture, ou si vous pr\u00e9f\u00e9rez envoyer un courriel, vous pouvez nous contacter \u00e0 l'adresse suivante : info@test.fortiseyewear.co.uk<\/p>\n<p>Nous nous effor\u00e7ons de r\u00e9pondre \u00e0 tous les courriels de nos clients dans les 24 heures et nous sommes heureux de vous rappeler pendant les heures de bureau, \u00e0 l'heure qui vous convient le mieux. <b>Nous devrons nous entretenir par t\u00e9l\u00e9phone avant d'autoriser le retour.<\/b> (voir ci-dessous).<\/p>\n<p><b>LES CONDITIONS DE RETOUR (POUR LES CLIENTS DU ROYAUME-UNI)<\/b><\/p>\n<p>Vous pouvez retourner, \u00e9changer ou vous faire rembourser vos lunettes si vous n'en \u00eates pas satisfait pour quelque raison que ce soit, \u00e0 condition que les conditions suivantes soient remplies :<\/p>\n<p>Normalement, vous devez nous en informer dans les sept jours suivant l'exp\u00e9dition. Les lunettes retourn\u00e9es doivent nous parvenir dans les 14 jours suivant la date d'exp\u00e9dition initiale.<br \/>\nVous joignez le formulaire d'autorisation de retour (nous vous l'enverrons par courrier \u00e9lectronique apr\u00e8s votre appel) \u00e0 votre colis de retour.<br \/>\nLes retours doivent \u00eatre effectu\u00e9s dans leur \u00e9tat d'origine et avec tous les accessoires inclus dans le colis (par exemple, les \u00e9tuis et les chiffons).<br \/>\nVous n'avez pas \u00e9t\u00e9 inform\u00e9 au moment de l'achat (par nos opticiens ou par des informations sur le site web) que votre commande initiale ne correspondait pas \u00e0 vos besoins.<\/p>\n<p>Lorsque vous retournez un produit, nous vous recommandons d'obtenir une preuve d'affranchissement aupr\u00e8s du bureau de poste. <b>nous ne sommes pas en mesure d'assumer la responsabilit\u00e9 des colis perdus par la poste.<\/b> Vos droits statutaires en mati\u00e8re de retour et de remboursement ne sont pas affect\u00e9s.<\/p>\n<p><b>RETOURS INTERNATIONAUX<\/b><\/p>\n<p>Pour les retours de <b>en dehors du Royaume-Uni<\/b> nous offrons la politique de retour suivante :<\/p>\n<p>Nous sommes conscients que les commandes \u00e0 destination d'adresses internationales peuvent prendre un peu plus de temps pour vous parvenir, c'est pourquoi nous acceptons les retours \u00e0 condition que vous ayez <b>nous a contact\u00e9s dans les 14 jours<\/b> de l'exp\u00e9dition de votre commande pour vous informer de la notification de retour. Vos lunettes doivent alors \u00eatre renvoy\u00e9es \u00e0 <b>nous parvenir au plus tard dans un d\u00e9lai de 10 jours<\/b> de nous notifier.<\/p>\n<p>Vous devez joindre le formulaire d'autorisation de retour (nous vous l'enverrons par courriel apr\u00e8s votre appel) \u00e0 votre colis de retour.<br \/>\nLes retours doivent \u00eatre effectu\u00e9s dans leur \u00e9tat d'origine et avec tous les accessoires inclus dans le colis (par exemple, les \u00e9tuis et les chiffons).<br \/>\nLes frais d'envoi pour le retour des lunettes sont \u00e0 la charge de l'exp\u00e9diteur.<br \/>\nVotre retour sera accept\u00e9 \u00e0 condition que vous n'ayez pas \u00e9t\u00e9 inform\u00e9 au moment de l'achat (par nos opticiens ou par des informations sur le site web) que votre commande initiale ne correspondait pas \u00e0 vos besoins.<\/p>\n<p>Lorsque vous retournez des lunettes, nous vous recommandons d'obtenir une preuve d'envoi ou d'utiliser un service d'envoi recommand\u00e9 par une soci\u00e9t\u00e9 de messagerie, car <b>nous ne sommes pas en mesure d'assumer la responsabilit\u00e9 des colis perdus par la poste.<\/b> Vos droits statutaires en mati\u00e8re de retour et de remboursement ne sont pas affect\u00e9s.<\/p>","protected":false},"excerpt":{"rendered":"<p>NOTRE POLITIQUE DE RETOUR LES MEILLEURES FA\u00c7ONS DE NOUS CONTACTER POUR LES RETOURS Vous pouvez nous joindre par t\u00e9l\u00e9phone (0208 460 7597) de 9h \u00e0 17h du lundi au vendredi (ferm\u00e9 les samedis, dimanches et jours f\u00e9ri\u00e9s). En dehors des heures d'ouverture, ou si vous pr\u00e9f\u00e9rez nous envoyer un courriel, vous pouvez nous joindre \u00e0 l'adresse suivante : info@test.fortiseyewear.co.uk. Notre objectif est de<\/p>","protected":false},"author":11,"featured_media":0,"parent":0,"menu_order":0,"comment_status":"closed","ping_status":"open","template":"","meta":{"_acf_changed":false,"footnotes":""},"class_list":["post-2015","page","type-page","status-publish","hentry","prodpage-classic"],"acf":[],"yoast_head":"<!-- This site is optimized with the Yoast SEO Premium plugin v26.7 (Yoast SEO v26.7) - https:\/\/yoast.com\/wordpress\/plugins\/seo\/ -->\n<title>Returns Policy - Fortis Eyewear<\/title>\n<meta name=\"description\" content=\"Need to return your polarised fishing sunglasses by Fortis Eyewear? These glasses enable fisherman to find fish in the water, using our X Bloc lens technology to eliminate surface glare from the sun\" \/>\n<meta name=\"robots\" content=\"index, follow, max-snippet:-1, max-image-preview:large, max-video-preview:-1\" \/>\n<link rel=\"canonical\" href=\"https:\/\/fortiseyewear.co.uk\/fr\/returns-policy\/\" \/>\n<meta property=\"og:locale\" content=\"fr_FR\" \/>\n<meta property=\"og:type\" content=\"article\" \/>\n<meta property=\"og:title\" content=\"Returns Policy\" \/>\n<meta property=\"og:description\" content=\"Need to return your polarised fishing sunglasses by Fortis Eyewear? These glasses enable fisherman to find fish in the water, using our X Bloc lens technology to eliminate surface glare from the sun\" \/>\n<meta property=\"og:url\" content=\"https:\/\/fortiseyewear.co.uk\/fr\/returns-policy\/\" \/>\n<meta property=\"og:site_name\" content=\"Fortis Eyewear\" \/>\n<meta property=\"article:publisher\" content=\"https:\/\/www.facebook.com\/FortisEyewear\" \/>\n<meta property=\"article:modified_time\" content=\"2025-06-13T10:46:05+00:00\" \/>\n<meta property=\"og:image\" content=\"https:\/\/fortiseyewear.co.uk\/wp-content\/uploads\/2023\/05\/Fallback-Image.jpg\" \/>\n\t<meta property=\"og:image:width\" content=\"1200\" \/>\n\t<meta property=\"og:image:height\" content=\"675\" \/>\n\t<meta property=\"og:image:type\" content=\"image\/jpeg\" \/>\n<meta name=\"twitter:card\" content=\"summary_large_image\" \/>\n<meta name=\"twitter:site\" content=\"@fortiseyewear\" \/>\n<meta name=\"twitter:label1\" content=\"Dur\u00e9e de lecture estim\u00e9e\" \/>\n\t<meta name=\"twitter:data1\" content=\"2 minutes\" \/>\n<!-- \/ Yoast SEO Premium plugin. -->","yoast_head_json":{"title":"Politique de retour - Fortis Eyewear","description":"Besoin de retourner vos lunettes de soleil de p\u00eache polaris\u00e9es de Fortis Eyewear ? Ces lunettes permettent aux p\u00eacheurs de trouver les poissons dans l'eau, gr\u00e2ce \u00e0 notre technologie de verre X Bloc qui \u00e9limine les reflets du soleil.","robots":{"index":"index","follow":"follow","max-snippet":"max-snippet:-1","max-image-preview":"max-image-preview:large","max-video-preview":"max-video-preview:-1"},"canonical":"https:\/\/fortiseyewear.co.uk\/fr\/returns-policy\/","og_locale":"fr_FR","og_type":"article","og_title":"Returns Policy","og_description":"Need to return your polarised fishing sunglasses by Fortis Eyewear? These glasses enable fisherman to find fish in the water, using our X Bloc lens technology to eliminate surface glare from the sun","og_url":"https:\/\/fortiseyewear.co.uk\/fr\/returns-policy\/","og_site_name":"Fortis Eyewear","article_publisher":"https:\/\/www.facebook.com\/FortisEyewear","article_modified_time":"2025-06-13T10:46:05+00:00","og_image":[{"width":1200,"height":675,"url":"https:\/\/fortiseyewear.co.uk\/wp-content\/uploads\/2023\/05\/Fallback-Image.jpg","type":"image\/jpeg"}],"twitter_card":"summary_large_image","twitter_site":"@fortiseyewear","twitter_misc":{"Dur\u00e9e de lecture estim\u00e9e":"2 minutes"},"schema":{"@context":"https:\/\/schema.org","@graph":[{"@type":"WebPage","@id":"https:\/\/fortiseyewear.co.uk\/returns-policy\/","url":"https:\/\/fortiseyewear.co.uk\/returns-policy\/","name":"Politique de retour - Fortis Eyewear","isPartOf":{"@id":"https:\/\/fortiseyewear.co.uk\/#website"},"datePublished":"2013-11-15T14:29:42+00:00","dateModified":"2025-06-13T10:46:05+00:00","description":"Besoin de retourner vos lunettes de soleil de p\u00eache polaris\u00e9es de Fortis Eyewear ? Ces lunettes permettent aux p\u00eacheurs de trouver les poissons dans l'eau, gr\u00e2ce \u00e0 notre technologie de verre X Bloc qui \u00e9limine les reflets du soleil.","breadcrumb":{"@id":"https:\/\/fortiseyewear.co.uk\/returns-policy\/#breadcrumb"},"inLanguage":"fr-FR","potentialAction":[{"@type":"ReadAction","target":["https:\/\/fortiseyewear.co.uk\/returns-policy\/"]}]},{"@type":"BreadcrumbList","@id":"https:\/\/fortiseyewear.co.uk\/returns-policy\/#breadcrumb","itemListElement":[{"@type":"ListItem","position":1,"name":"Home","item":"https:\/\/fortiseyewear.co.uk\/"},{"@type":"ListItem","position":2,"name":"Returns Policy"}]},{"@type":"WebSite","@id":"https:\/\/fortiseyewear.co.uk\/#website","url":"https:\/\/fortiseyewear.co.uk\/","name":"Fortis Eyewear","description":"Lunettes de soleil polaris\u00e9es pour la p\u00eache","publisher":{"@id":"https:\/\/fortiseyewear.co.uk\/#organization"},"alternateName":"Fortis","potentialAction":[{"@type":"SearchAction","target":{"@type":"EntryPoint","urlTemplate":"https:\/\/fortiseyewear.co.uk\/?s={search_term_string}"},"query-input":{"@type":"PropertyValueSpecification","valueRequired":true,"valueName":"search_term_string"}}],"inLanguage":"fr-FR"},{"@type":"Organization","@id":"https:\/\/fortiseyewear.co.uk\/#organization","name":"Fortis Eyewear","alternateName":"Fortis","url":"https:\/\/fortiseyewear.co.uk\/","logo":{"@type":"ImageObject","inLanguage":"fr-FR","@id":"https:\/\/fortiseyewear.co.uk\/#\/schema\/logo\/image\/","url":"https:\/\/fortiseyewear.co.uk\/wp-content\/uploads\/2019\/05\/1.FinalLogoMOBILE.jpg","contentUrl":"https:\/\/fortiseyewear.co.uk\/wp-content\/uploads\/2019\/05\/1.FinalLogoMOBILE.jpg","width":766,"height":541,"caption":"Fortis Eyewear"},"image":{"@id":"https:\/\/fortiseyewear.co.uk\/#\/schema\/logo\/image\/"},"sameAs":["https:\/\/www.facebook.com\/FortisEyewear","https:\/\/x.com\/fortiseyewear","https:\/\/www.instagram.com\/FortisEyewear","https:\/\/www.youtube.com\/channel\/UC5uI6lYx37ltUVATG5skJLw"]}]}},"_links":{"self":[{"href":"https:\/\/fortiseyewear.co.uk\/fr\/wp-json\/wp\/v2\/pages\/2015","targetHints":{"allow":["GET"]}}],"collection":[{"href":"https:\/\/fortiseyewear.co.uk\/fr\/wp-json\/wp\/v2\/pages"}],"about":[{"href":"https:\/\/fortiseyewear.co.uk\/fr\/wp-json\/wp\/v2\/types\/page"}],"author":[{"embeddable":true,"href":"https:\/\/fortiseyewear.co.uk\/fr\/wp-json\/wp\/v2\/users\/11"}],"replies":[{"embeddable":true,"href":"https:\/\/fortiseyewear.co.uk\/fr\/wp-json\/wp\/v2\/comments?post=2015"}],"version-history":[{"count":5,"href":"https:\/\/fortiseyewear.co.uk\/fr\/wp-json\/wp\/v2\/pages\/2015\/revisions"}],"predecessor-version":[{"id":54534,"href":"https:\/\/fortiseyewear.co.uk\/fr\/wp-json\/wp\/v2\/pages\/2015\/revisions\/54534"}],"wp:attachment":[{"href":"https:\/\/fortiseyewear.co.uk\/fr\/wp-json\/wp\/v2\/media?parent=2015"}],"curies":[{"name":"wp","href":"https:\/\/api.w.org\/{rel}","templated":true}]}}