{"id":2083,"date":"2014-01-15T13:37:34","date_gmt":"2014-01-15T13:37:34","guid":{"rendered":"https:\/\/fortiseyewear.co.uk\/?page_id=2083"},"modified":"2020-02-12T14:03:57","modified_gmt":"2020-02-12T14:03:57","slug":"etienne-gebel","status":"publish","type":"page","link":"https:\/\/fortiseyewear.co.uk\/fr\/collective\/etienne-gebel\/","title":{"rendered":"Etienne Gebel"},"content":{"rendered":"<h3><img decoding=\"async\" class=\"alignnone size-full wp-image-4545\" src=\"https:\/\/fortiseyewear.co.uk\/wp-content\/uploads\/2014\/01\/EtienneGebelHeader.jpg\" alt=\"EtienneGebelHeader\" width=\"680\" height=\"226\" srcset=\"https:\/\/fortiseyewear.co.uk\/wp-content\/uploads\/2014\/01\/EtienneGebelHeader.jpg 680w, https:\/\/fortiseyewear.co.uk\/wp-content\/uploads\/2014\/01\/EtienneGebelHeader-300x100.jpg 300w, https:\/\/fortiseyewear.co.uk\/wp-content\/uploads\/2014\/01\/EtienneGebelHeader-600x199.jpg 600w, https:\/\/fortiseyewear.co.uk\/wp-content\/uploads\/2014\/01\/EtienneGebelHeader-640x213.jpg 640w, https:\/\/fortiseyewear.co.uk\/wp-content\/uploads\/2014\/01\/EtienneGebelHeader-150x50.jpg 150w, https:\/\/fortiseyewear.co.uk\/wp-content\/uploads\/2014\/01\/EtienneGebelHeader-280x93.jpg 280w, https:\/\/fortiseyewear.co.uk\/wp-content\/uploads\/2014\/01\/EtienneGebelHeader-160x53.jpg 160w, https:\/\/fortiseyewear.co.uk\/wp-content\/uploads\/2014\/01\/EtienneGebelHeader-320x106.jpg 320w, https:\/\/fortiseyewear.co.uk\/wp-content\/uploads\/2014\/01\/EtienneGebelHeader-480x160.jpg 480w\" sizes=\"(max-width: 680px) 100vw, 680px\" \/><\/h3>\n<h3>Dans le sang...<\/h3>\n<p>C'est avec grand plaisir que nous accueillons Etienne Gebel au sein du collectif Fortis. Originaire d'Allemagne, Etienne fait preuve d'une grande passion pour notre passe-temps favori, ce qui refl\u00e8te parfaitement l'\u00e9thique Fortis, qui consiste \u00e0 explorer les grands espaces. Etienne a une connaissance et une compr\u00e9hension exceptionnelles de ce que signifie la chasse aux gros poissons et est un v\u00e9ritable atout pour le collectif. Nous avons rencontr\u00e9 Etienne pour qu'il nous parle un peu de lui...<\/p>\n<p>La p\u00eache, c'est ma vie, c'est profiter de la nature et vivre l'aventure. La p\u00eache \u00e0 la carpe est, pour moi, extr\u00eamement importante, mais il n'y a qu'une seule chose qui me tient \u00e0 c\u0153ur, c'est ma famille. Ma femme Janine et mon fils Maximilien ![toggle_basic title=\"Read More\"]\n<p>J'ai commenc\u00e9 \u00e0 p\u00eacher quand j'\u00e9tais un petit gar\u00e7on, en 1981. J'ai directement ressenti la relation avec m\u00e8re nature et les cr\u00e9atures qui l'habitent. Tr\u00e8s vite, j'ai rencontr\u00e9 un poisson tr\u00e8s sp\u00e9cial, la carpe ! J'ai commenc\u00e9 \u00e0 les admirer et \u00e0 les chasser \u00e0 partir de ce moment-l\u00e0. Elles sont rest\u00e9es dans ma t\u00eate depuis lors, jusqu'\u00e0 aujourd'hui.<\/p>\n<p>Ces derni\u00e8res ann\u00e9es, j'ai cibl\u00e9 des carpes plus grosses dans les lacs massifs et limpides \u00e0 faible stock pr\u00e8s du Rhin o\u00f9 j'habite. C'est, et c'\u00e9tait, un travail difficile. Pour ces poissons timides, il faut sortir tous les artifices de la bo\u00eete. Ne sous-estimez jamais ce que les poissons peuvent voir, entendre et ressentir !<\/p>\n<p>J'ai appris \u00e0 les observer et \u00e0 faire partie de l'environnement, c'est la cl\u00e9 ! J'ai \u00e9t\u00e9 r\u00e9compens\u00e9 par de nombreux poissons \u00e9normes et uniques pour tous les efforts que j'ai d\u00fb d\u00e9ployer. Mais je parle rarement du poids des poissons. Je pr\u00e9f\u00e8re parler, \u00e9crire et photographier les exp\u00e9riences et les situations que j'ai rencontr\u00e9es au cours de mon voyage. L'exp\u00e9rience compte...<br \/>\nNous sommes tout \u00e0 fait d'accord...[\/toggle_basic]\n[shareprints gallery_id=\"4543\u2033 gallery_type=\"masonry\" gallery_position=\"pos_center\" gallery_width=\"width_100\u2033 image_size=\"medium\" image_padding=\"5\u2033 theme=\"dark\" image_hover=\"colortosepia\" lightbox_type=\"slide\" titles=\"true\" captions=\"true\" descriptions=\"true\" comments=\"false\" sharing=\"true\"]","protected":false},"excerpt":{"rendered":"<p>Dans le sang... C'est avec grand plaisir que nous accueillons Etienne Gebel au sein du collectif Fortis. Originaire d'Allemagne, Etienne fait preuve d'une grande passion pour notre passe-temps favori, qui refl\u00e8te parfaitement l'\u00e9thique Fortis, \u00e0 savoir l'exploration des grands espaces. Etienne a une connaissance et une compr\u00e9hension superbes de ce que signifie la chasse aux gros poissons et la chasse \u00e0 la baleine.<\/p>","protected":false},"author":11,"featured_media":0,"parent":67,"menu_order":0,"comment_status":"closed","ping_status":"open","template":"","meta":{"_acf_changed":false,"footnotes":""},"class_list":["post-2083","page","type-page","status-publish","hentry","prodpage-classic"],"acf":[],"yoast_head":"<!-- This site is optimized with the Yoast SEO Premium plugin v26.7 (Yoast SEO v26.7) - https:\/\/yoast.com\/wordpress\/plugins\/seo\/ -->\n<title>Fortis Eyewear Etienne Gebel Carp Angler Germany<\/title>\n<meta name=\"robots\" content=\"index, follow, max-snippet:-1, max-image-preview:large, max-video-preview:-1\" \/>\n<link rel=\"canonical\" href=\"https:\/\/fortiseyewear.co.uk\/fr\/collective\/etienne-gebel\/\" \/>\n<meta property=\"og:locale\" content=\"fr_FR\" \/>\n<meta property=\"og:type\" content=\"article\" \/>\n<meta property=\"og:title\" content=\"Etienne Gebel\" \/>\n<meta property=\"og:description\" content=\"In the Blood&#8230; It is with great pleasure that we welcome Etienne Gebel to the Fortis Collective. Hailing from Germany, Etienne displays enormous passion for our beloved pastime, which really reflects the Fortis ethos of exploring the great outdoors. Etienne has a superb knowledge and understanding of what it means to hunt large fish and\" \/>\n<meta property=\"og:url\" content=\"https:\/\/fortiseyewear.co.uk\/fr\/collective\/etienne-gebel\/\" \/>\n<meta property=\"og:site_name\" content=\"Fortis Eyewear\" \/>\n<meta property=\"article:publisher\" content=\"https:\/\/www.facebook.com\/FortisEyewear\" \/>\n<meta property=\"article:modified_time\" content=\"2020-02-12T14:03:57+00:00\" \/>\n<meta property=\"og:image\" content=\"https:\/\/fortiseyewear.co.uk\/wp-content\/uploads\/2014\/01\/EtienneGebelHeader.jpg\" \/>\n<meta name=\"twitter:card\" content=\"summary_large_image\" \/>\n<meta name=\"twitter:site\" content=\"@fortiseyewear\" \/>\n<meta name=\"twitter:label1\" content=\"Dur\u00e9e de lecture estim\u00e9e\" \/>\n\t<meta name=\"twitter:data1\" content=\"2 minutes\" \/>\n<!-- \/ Yoast SEO Premium plugin. -->","yoast_head_json":{"title":"Fortis Eyewear Etienne Gebel Carp Angler Germany","robots":{"index":"index","follow":"follow","max-snippet":"max-snippet:-1","max-image-preview":"max-image-preview:large","max-video-preview":"max-video-preview:-1"},"canonical":"https:\/\/fortiseyewear.co.uk\/fr\/collective\/etienne-gebel\/","og_locale":"fr_FR","og_type":"article","og_title":"Etienne Gebel","og_description":"In the Blood&#8230; It is with great pleasure that we welcome Etienne Gebel to the Fortis Collective. Hailing from Germany, Etienne displays enormous passion for our beloved pastime, which really reflects the Fortis ethos of exploring the great outdoors. Etienne has a superb knowledge and understanding of what it means to hunt large fish and","og_url":"https:\/\/fortiseyewear.co.uk\/fr\/collective\/etienne-gebel\/","og_site_name":"Fortis Eyewear","article_publisher":"https:\/\/www.facebook.com\/FortisEyewear","article_modified_time":"2020-02-12T14:03:57+00:00","og_image":[{"url":"https:\/\/fortiseyewear.co.uk\/wp-content\/uploads\/2014\/01\/EtienneGebelHeader.jpg","type":"","width":"","height":""}],"twitter_card":"summary_large_image","twitter_site":"@fortiseyewear","twitter_misc":{"Dur\u00e9e de lecture estim\u00e9e":"2 minutes"},"schema":{"@context":"https:\/\/schema.org","@graph":[{"@type":"WebPage","@id":"https:\/\/fortiseyewear.co.uk\/collective\/etienne-gebel\/","url":"https:\/\/fortiseyewear.co.uk\/collective\/etienne-gebel\/","name":"Fortis Eyewear Etienne Gebel Carp Angler Germany","isPartOf":{"@id":"https:\/\/fortiseyewear.co.uk\/#website"},"primaryImageOfPage":{"@id":"https:\/\/fortiseyewear.co.uk\/collective\/etienne-gebel\/#primaryimage"},"image":{"@id":"https:\/\/fortiseyewear.co.uk\/collective\/etienne-gebel\/#primaryimage"},"thumbnailUrl":"https:\/\/fortiseyewear.co.uk\/wp-content\/uploads\/2014\/01\/EtienneGebelHeader.jpg","datePublished":"2014-01-15T13:37:34+00:00","dateModified":"2020-02-12T14:03:57+00:00","breadcrumb":{"@id":"https:\/\/fortiseyewear.co.uk\/collective\/etienne-gebel\/#breadcrumb"},"inLanguage":"fr-FR","potentialAction":[{"@type":"ReadAction","target":["https:\/\/fortiseyewear.co.uk\/collective\/etienne-gebel\/"]}]},{"@type":"ImageObject","inLanguage":"fr-FR","@id":"https:\/\/fortiseyewear.co.uk\/collective\/etienne-gebel\/#primaryimage","url":"https:\/\/fortiseyewear.co.uk\/wp-content\/uploads\/2014\/01\/EtienneGebelHeader.jpg","contentUrl":"https:\/\/fortiseyewear.co.uk\/wp-content\/uploads\/2014\/01\/EtienneGebelHeader.jpg"},{"@type":"BreadcrumbList","@id":"https:\/\/fortiseyewear.co.uk\/collective\/etienne-gebel\/#breadcrumb","itemListElement":[{"@type":"ListItem","position":1,"name":"Home","item":"https:\/\/fortiseyewear.co.uk\/"},{"@type":"ListItem","position":2,"name":"The Collective","item":"https:\/\/fortiseyewear.co.uk\/collective\/"},{"@type":"ListItem","position":3,"name":"Etienne Gebel"}]},{"@type":"WebSite","@id":"https:\/\/fortiseyewear.co.uk\/#website","url":"https:\/\/fortiseyewear.co.uk\/","name":"Fortis Eyewear","description":"Lunettes de soleil polaris\u00e9es pour la p\u00eache","publisher":{"@id":"https:\/\/fortiseyewear.co.uk\/#organization"},"alternateName":"Fortis","potentialAction":[{"@type":"SearchAction","target":{"@type":"EntryPoint","urlTemplate":"https:\/\/fortiseyewear.co.uk\/?s={search_term_string}"},"query-input":{"@type":"PropertyValueSpecification","valueRequired":true,"valueName":"search_term_string"}}],"inLanguage":"fr-FR"},{"@type":"Organization","@id":"https:\/\/fortiseyewear.co.uk\/#organization","name":"Fortis Eyewear","alternateName":"Fortis","url":"https:\/\/fortiseyewear.co.uk\/","logo":{"@type":"ImageObject","inLanguage":"fr-FR","@id":"https:\/\/fortiseyewear.co.uk\/#\/schema\/logo\/image\/","url":"https:\/\/fortiseyewear.co.uk\/wp-content\/uploads\/2019\/05\/1.FinalLogoMOBILE.jpg","contentUrl":"https:\/\/fortiseyewear.co.uk\/wp-content\/uploads\/2019\/05\/1.FinalLogoMOBILE.jpg","width":766,"height":541,"caption":"Fortis Eyewear"},"image":{"@id":"https:\/\/fortiseyewear.co.uk\/#\/schema\/logo\/image\/"},"sameAs":["https:\/\/www.facebook.com\/FortisEyewear","https:\/\/x.com\/fortiseyewear","https:\/\/www.instagram.com\/FortisEyewear","https:\/\/www.youtube.com\/channel\/UC5uI6lYx37ltUVATG5skJLw"]}]}},"_links":{"self":[{"href":"https:\/\/fortiseyewear.co.uk\/fr\/wp-json\/wp\/v2\/pages\/2083","targetHints":{"allow":["GET"]}}],"collection":[{"href":"https:\/\/fortiseyewear.co.uk\/fr\/wp-json\/wp\/v2\/pages"}],"about":[{"href":"https:\/\/fortiseyewear.co.uk\/fr\/wp-json\/wp\/v2\/types\/page"}],"author":[{"embeddable":true,"href":"https:\/\/fortiseyewear.co.uk\/fr\/wp-json\/wp\/v2\/users\/11"}],"replies":[{"embeddable":true,"href":"https:\/\/fortiseyewear.co.uk\/fr\/wp-json\/wp\/v2\/comments?post=2083"}],"version-history":[{"count":0,"href":"https:\/\/fortiseyewear.co.uk\/fr\/wp-json\/wp\/v2\/pages\/2083\/revisions"}],"up":[{"embeddable":true,"href":"https:\/\/fortiseyewear.co.uk\/fr\/wp-json\/wp\/v2\/pages\/67"}],"wp:attachment":[{"href":"https:\/\/fortiseyewear.co.uk\/fr\/wp-json\/wp\/v2\/media?parent=2083"}],"curies":[{"name":"wp","href":"https:\/\/api.w.org\/{rel}","templated":true}]}}