{"id":2371,"date":"2014-03-26T12:07:00","date_gmt":"2014-03-26T12:07:00","guid":{"rendered":"https:\/\/fortiseyewear.co.uk\/?page_id=2371"},"modified":"2020-02-12T13:53:41","modified_gmt":"2020-02-12T13:53:41","slug":"terry-dempsey","status":"publish","type":"page","link":"https:\/\/fortiseyewear.co.uk\/fr\/collective\/terry-dempsey\/","title":{"rendered":"Terry Dempsey"},"content":{"rendered":"<h3><img decoding=\"async\" class=\"alignnone size-full wp-image-4107\" src=\"https:\/\/fortiseyewear.co.uk\/wp-content\/uploads\/2014\/03\/TerryDempseyHeader.jpg\" alt=\"TerryDempseyHeader\" width=\"680\" height=\"226\" srcset=\"https:\/\/fortiseyewear.co.uk\/wp-content\/uploads\/2014\/03\/TerryDempseyHeader.jpg 680w, https:\/\/fortiseyewear.co.uk\/wp-content\/uploads\/2014\/03\/TerryDempseyHeader-300x100.jpg 300w, https:\/\/fortiseyewear.co.uk\/wp-content\/uploads\/2014\/03\/TerryDempseyHeader-600x199.jpg 600w, https:\/\/fortiseyewear.co.uk\/wp-content\/uploads\/2014\/03\/TerryDempseyHeader-640x213.jpg 640w, https:\/\/fortiseyewear.co.uk\/wp-content\/uploads\/2014\/03\/TerryDempseyHeader-150x50.jpg 150w, https:\/\/fortiseyewear.co.uk\/wp-content\/uploads\/2014\/03\/TerryDempseyHeader-280x93.jpg 280w, https:\/\/fortiseyewear.co.uk\/wp-content\/uploads\/2014\/03\/TerryDempseyHeader-160x53.jpg 160w, https:\/\/fortiseyewear.co.uk\/wp-content\/uploads\/2014\/03\/TerryDempseyHeader-320x106.jpg 320w, https:\/\/fortiseyewear.co.uk\/wp-content\/uploads\/2014\/03\/TerryDempseyHeader-480x160.jpg 480w\" sizes=\"(max-width: 680px) 100vw, 680px\" \/><\/h3>\n<h3>The\u00a0Urban Myth<\/h3>\n<p>Terry is one of the most secretive and successful Carp Anglers to ever grace our pastime. His journey starts in an era, very different to today\u2019s Carp scene. It was a more innocent time, when Carp Angling was truly in its infancy. Even though Terry has been at the very forefront of big Carp Angling since The 80&#8217;s, he has always shunned publicity. His approach is active and mobile endlessly searching for his quarry, which is what makes him such a great asset to the collective.<br \/>\n[shareprints gallery_id=&#8221;4055&#8243; gallery_type=&#8221;masonry&#8221; gallery_position=&#8221;pos_center&#8221; gallery_width=&#8221;width_100&#8243; image_size=&#8221;medium&#8221; image_padding=&#8221;5&#8243; theme=&#8221;dark&#8221; image_hover=&#8221;colortosepia&#8221; lightbox_type=&#8221;slide&#8221; titles=&#8221;true&#8221; captions=&#8221;true&#8221; descriptions=&#8221;true&#8221; comments=&#8221;false&#8221; sharing=&#8221;true&#8221;]\n","protected":false},"excerpt":{"rendered":"<p>Le mythe urbain Terry est l'un des p\u00eacheurs de carpe les plus discrets et les plus performants de tous les temps. Son parcours commence \u00e0 une \u00e9poque tr\u00e8s diff\u00e9rente de la sc\u00e8ne actuelle de la p\u00eache \u00e0 la carpe. C'\u00e9tait une \u00e9poque plus innocente, o\u00f9 la p\u00eache \u00e0 la carpe n'en \u00e9tait qu'\u00e0 ses balbutiements. M\u00eame si Terry a \u00e9t\u00e9 \u00e0 l'avant-garde de la p\u00eache \u00e0 la carpe, il n'en est rien.<\/p>","protected":false},"author":11,"featured_media":0,"parent":67,"menu_order":0,"comment_status":"closed","ping_status":"open","template":"","meta":{"_acf_changed":false,"footnotes":""},"class_list":["post-2371","page","type-page","status-publish","hentry","prodpage-classic"],"acf":[],"yoast_head":"<!-- This site is optimized with the Yoast SEO Premium plugin v27.5 (Yoast SEO v27.5) - https:\/\/yoast.com\/product\/yoast-seo-premium-wordpress\/ -->\n<title>Polarised Fishing Sunglasses Fortis Eyewear Terry Dempsey Carp Fisherman UK<\/title>\n<meta name=\"description\" content=\"Angler\u2019s such as Terry Dempsey use polarised fishing sunglasses by Fortis Eyewear will help you catch more fish. Targeting Carp in deep water using our X Bloc lens technology to eliminate surface glare from the sun will put more fish on the bank\" \/>\n<meta name=\"robots\" content=\"index, follow, max-snippet:-1, max-image-preview:large, max-video-preview:-1\" \/>\n<link rel=\"canonical\" href=\"https:\/\/fortiseyewear.co.uk\/fr\/collective\/terry-dempsey\/\" \/>\n<meta property=\"og:locale\" content=\"fr_FR\" \/>\n<meta property=\"og:type\" content=\"article\" \/>\n<meta property=\"og:title\" content=\"Terry Dempsey\" \/>\n<meta property=\"og:description\" content=\"Angler\u2019s such as Terry Dempsey use polarised fishing sunglasses by Fortis Eyewear will help you catch more fish. Targeting Carp in deep water using our X Bloc lens technology to eliminate surface glare from the sun will put more fish on the bank\" \/>\n<meta property=\"og:url\" content=\"https:\/\/fortiseyewear.co.uk\/fr\/collective\/terry-dempsey\/\" \/>\n<meta property=\"og:site_name\" content=\"Fortis Eyewear\" \/>\n<meta property=\"article:publisher\" content=\"https:\/\/www.facebook.com\/FortisEyewear\" \/>\n<meta property=\"article:modified_time\" content=\"2020-02-12T13:53:41+00:00\" \/>\n<meta property=\"og:image\" content=\"https:\/\/fortiseyewear.co.uk\/wp-content\/uploads\/2014\/03\/TerryDempseyHeader.jpg\" \/>\n<meta name=\"twitter:card\" content=\"summary_large_image\" \/>\n<meta name=\"twitter:site\" content=\"@fortiseyewear\" \/>\n<meta name=\"twitter:label1\" content=\"Dur\u00e9e de lecture estim\u00e9e\" \/>\n\t<meta name=\"twitter:data1\" content=\"1 minute\" \/>\n<!-- \/ Yoast SEO Premium plugin. -->","yoast_head_json":{"title":"Lunettes de soleil polaris\u00e9es Fortis Eyewear Terry Dempsey Carp Fisherman UK","description":"Des p\u00eacheurs comme Terry Dempsey utilisent les lunettes de soleil polaris\u00e9es de Fortis Eyewear pour p\u00eacher plus de poissons. En ciblant les carpes en eaux profondes et en utilisant notre technologie de lentilles X Bloc pour \u00e9liminer les reflets du soleil en surface, vous aurez plus de poissons sur la berge.","robots":{"index":"index","follow":"follow","max-snippet":"max-snippet:-1","max-image-preview":"max-image-preview:large","max-video-preview":"max-video-preview:-1"},"canonical":"https:\/\/fortiseyewear.co.uk\/fr\/collective\/terry-dempsey\/","og_locale":"fr_FR","og_type":"article","og_title":"Terry Dempsey","og_description":"Angler\u2019s such as Terry Dempsey use polarised fishing sunglasses by Fortis Eyewear will help you catch more fish. Targeting Carp in deep water using our X Bloc lens technology to eliminate surface glare from the sun will put more fish on the bank","og_url":"https:\/\/fortiseyewear.co.uk\/fr\/collective\/terry-dempsey\/","og_site_name":"Fortis Eyewear","article_publisher":"https:\/\/www.facebook.com\/FortisEyewear","article_modified_time":"2020-02-12T13:53:41+00:00","og_image":[{"url":"https:\/\/fortiseyewear.co.uk\/wp-content\/uploads\/2014\/03\/TerryDempseyHeader.jpg","type":"","width":"","height":""}],"twitter_card":"summary_large_image","twitter_site":"@fortiseyewear","twitter_misc":{"Dur\u00e9e de lecture estim\u00e9e":"1 minute"},"schema":{"@context":"https:\/\/schema.org","@graph":[{"@type":"WebPage","@id":"https:\/\/fortiseyewear.co.uk\/collective\/terry-dempsey\/","url":"https:\/\/fortiseyewear.co.uk\/collective\/terry-dempsey\/","name":"Lunettes de soleil polaris\u00e9es Fortis Eyewear Terry Dempsey Carp Fisherman UK","isPartOf":{"@id":"https:\/\/fortiseyewear.co.uk\/#website"},"primaryImageOfPage":{"@id":"https:\/\/fortiseyewear.co.uk\/collective\/terry-dempsey\/#primaryimage"},"image":{"@id":"https:\/\/fortiseyewear.co.uk\/collective\/terry-dempsey\/#primaryimage"},"thumbnailUrl":"https:\/\/fortiseyewear.co.uk\/wp-content\/uploads\/2014\/03\/TerryDempseyHeader.jpg","datePublished":"2014-03-26T12:07:00+00:00","dateModified":"2020-02-12T13:53:41+00:00","description":"Des p\u00eacheurs comme Terry Dempsey utilisent les lunettes de soleil polaris\u00e9es de Fortis Eyewear pour p\u00eacher plus de poissons. En ciblant les carpes en eaux profondes et en utilisant notre technologie de lentilles X Bloc pour \u00e9liminer les reflets du soleil en surface, vous aurez plus de poissons sur la berge.","breadcrumb":{"@id":"https:\/\/fortiseyewear.co.uk\/collective\/terry-dempsey\/#breadcrumb"},"inLanguage":"fr-FR","potentialAction":[{"@type":"ReadAction","target":["https:\/\/fortiseyewear.co.uk\/collective\/terry-dempsey\/"]}]},{"@type":"ImageObject","inLanguage":"fr-FR","@id":"https:\/\/fortiseyewear.co.uk\/collective\/terry-dempsey\/#primaryimage","url":"https:\/\/fortiseyewear.co.uk\/wp-content\/uploads\/2014\/03\/TerryDempseyHeader.jpg","contentUrl":"https:\/\/fortiseyewear.co.uk\/wp-content\/uploads\/2014\/03\/TerryDempseyHeader.jpg"},{"@type":"BreadcrumbList","@id":"https:\/\/fortiseyewear.co.uk\/collective\/terry-dempsey\/#breadcrumb","itemListElement":[{"@type":"ListItem","position":1,"name":"Home","item":"https:\/\/fortiseyewear.co.uk\/"},{"@type":"ListItem","position":2,"name":"The Collective","item":"https:\/\/fortiseyewear.co.uk\/collective\/"},{"@type":"ListItem","position":3,"name":"Terry Dempsey"}]},{"@type":"WebSite","@id":"https:\/\/fortiseyewear.co.uk\/#website","url":"https:\/\/fortiseyewear.co.uk\/","name":"Fortis Eyewear","description":"Lunettes de soleil polaris\u00e9es pour la p\u00eache","publisher":{"@id":"https:\/\/fortiseyewear.co.uk\/#organization"},"alternateName":"Fortis","potentialAction":[{"@type":"SearchAction","target":{"@type":"EntryPoint","urlTemplate":"https:\/\/fortiseyewear.co.uk\/?s={search_term_string}"},"query-input":{"@type":"PropertyValueSpecification","valueRequired":true,"valueName":"search_term_string"}}],"inLanguage":"fr-FR"},{"@type":"Organization","@id":"https:\/\/fortiseyewear.co.uk\/#organization","name":"Fortis Eyewear","alternateName":"Fortis","url":"https:\/\/fortiseyewear.co.uk\/","logo":{"@type":"ImageObject","inLanguage":"fr-FR","@id":"https:\/\/fortiseyewear.co.uk\/#\/schema\/logo\/image\/","url":"https:\/\/fortiseyewear.co.uk\/wp-content\/uploads\/2019\/05\/1.FinalLogoMOBILE.jpg","contentUrl":"https:\/\/fortiseyewear.co.uk\/wp-content\/uploads\/2019\/05\/1.FinalLogoMOBILE.jpg","width":766,"height":541,"caption":"Fortis Eyewear"},"image":{"@id":"https:\/\/fortiseyewear.co.uk\/#\/schema\/logo\/image\/"},"sameAs":["https:\/\/www.facebook.com\/FortisEyewear","https:\/\/x.com\/fortiseyewear","https:\/\/www.instagram.com\/FortisEyewear","https:\/\/www.youtube.com\/channel\/UC5uI6lYx37ltUVATG5skJLw"]}]}},"_links":{"self":[{"href":"https:\/\/fortiseyewear.co.uk\/fr\/wp-json\/wp\/v2\/pages\/2371","targetHints":{"allow":["GET"]}}],"collection":[{"href":"https:\/\/fortiseyewear.co.uk\/fr\/wp-json\/wp\/v2\/pages"}],"about":[{"href":"https:\/\/fortiseyewear.co.uk\/fr\/wp-json\/wp\/v2\/types\/page"}],"author":[{"embeddable":true,"href":"https:\/\/fortiseyewear.co.uk\/fr\/wp-json\/wp\/v2\/users\/11"}],"replies":[{"embeddable":true,"href":"https:\/\/fortiseyewear.co.uk\/fr\/wp-json\/wp\/v2\/comments?post=2371"}],"version-history":[{"count":0,"href":"https:\/\/fortiseyewear.co.uk\/fr\/wp-json\/wp\/v2\/pages\/2371\/revisions"}],"up":[{"embeddable":true,"href":"https:\/\/fortiseyewear.co.uk\/fr\/wp-json\/wp\/v2\/pages\/67"}],"wp:attachment":[{"href":"https:\/\/fortiseyewear.co.uk\/fr\/wp-json\/wp\/v2\/media?parent=2371"}],"curies":[{"name":"wp","href":"https:\/\/api.w.org\/{rel}","templated":true}]}}